{"id":109325,"date":"2026-01-28T16:37:17","date_gmt":"2026-01-28T16:37:17","guid":{"rendered":"https:\/\/www.remap101.co.uk\/?post_type=product&#038;p=109325"},"modified":"2026-02-11T10:37:18","modified_gmt":"2026-02-11T10:37:18","slug":"evc-zertifizierte-winols","status":"publish","type":"product","link":"https:\/\/www.remap101.co.uk\/de\/produkt\/evc-zertifizierte-winols\/","title":{"rendered":"EVC-zertifizierte Einf\u00fchrung in WinOLS 3-Tages-Kurs (pers\u00f6nlich)"},"content":{"rendered":"<h2>EVC-zertifizierte Einf\u00fchrung in WinOLS 3-Tages-Kurs (pers\u00f6nlich)<\/h2>\n<p><strong data-start=\"82\" data-end=\"94\">Standort<\/strong>: VIEZU UK HQ, Warwickshire, Gro\u00dfbritannien<br \/>\n<strong data-start=\"113\" data-end=\"122\">Termine<\/strong>: 2026: Diesel &#8211; 24-26 M\u00e4rz; 1-3 Juli; 2-4 Sept. Benzin &#8211; 30 M\u00e4rz &#8211; 1 April; 6-8 Juli; 5-7 Okt. <br data-start=\"170\" data-end=\"173\" \/><strong data-start=\"173\" data-end=\"185\">Sprache<\/strong>: Der Kurs wird auf Englisch gehalten<br data-start=\"222\" data-end=\"225\" \/><strong data-start=\"225\" data-end=\"234\">Niveau<\/strong>: Anf\u00e4nger \/ Starter Level<br data-start=\"244\" data-end=\"247\" \/><strong data-start=\"247\" data-end=\"266\">Kraftstofftyp Fokus<\/strong>: Kurse f\u00fcr Benzin und f\u00fcr Diesel<br data-start=\"281\" data-end=\"284\" \/><strong data-start=\"284\" data-end=\"302\">Software-Fokus<\/strong>: EVC WinOLS5<\/p>\n<p>&nbsp;<\/p>\n<p>Lernen Sie in unseren offiziellen EVC-zertifizierten 3-t\u00e4gigen Pr\u00e4senzkursen Einf\u00fchrung in WinOLS5, wie Sie Dateien mit EVC WinOLS5 bearbeiten.<\/p>\n<p>&nbsp;<\/p>\n<p>Egal, ob Sie gerade erst mit dem Tuning beginnen oder bereit sind, Ihre WinOLS-Kenntnisse auf strukturierte Weise zu festigen, dieser Kurs bietet eine gr\u00fcndliche, organisierte und professionelle Schulung f\u00fcr Tuner, die mit Diesel oder Benzin arbeiten.<\/p>\n<p>&nbsp;<\/p>\n<p class=\"\" data-start=\"413\" data-end=\"751\">Der Trainer f\u00fcr diese Tuning-Schulungen ist der EVC-zertifizierte und <a href=\"https:\/\/www.remap101.co.uk\/de\/simon-white\/\">renommierte britische Tuner und Tuning-Trainer Simon White<\/a> &#8211; technischer Direktor und Gesch\u00e4ftsf\u00fchrer von Viezu Technologies. Dies ist ein praktisches Training von erfahrenen Tunern aus der Praxis.<\/p>\n<p class=\"\" data-start=\"1153\" data-end=\"1593\">Diese Kurse sind f\u00fcr Anf\u00e4nger gedacht. Sie geben Ihnen eine gr\u00fcndliche, strukturierte Einf\u00fchrung in das WinOLS-Konzept und die Benutzeroberfl\u00e4che und vermitteln Ihnen das Wissen und die Zuversicht, eine Reihe von praktischen Tuning-Projekten in Angriff zu nehmen. Diese Kurse bieten Ihnen eine solide Grundlage, um Ihre WinOLS-Tuning-Kenntnisse mit den WinOLS-Trainingskursen f\u00fcr Fortgeschrittene und Profis von Viezu weiter auszubauen.<\/p>\n<p data-start=\"1153\" data-end=\"1593\">Wenn Sie Fragen zur Schulung haben oder einen besonderen Schulungsbedarf, dann kontaktieren Sie uns unter <a href=\"mailto:info@viezu.com\">info@viezu.com<\/a> oder unter +44 (0)1789 774444 &#8211; wir k\u00f6nnen Ihre Anforderungen besprechen und Ihnen den Einstieg erleichtern.<\/p>\n<p data-start=\"1153\" data-end=\"1593\">Die Gruppengr\u00f6\u00dfe bei unseren Kursen ist klein, so dass wir die Inhalte auf Sie zuschneiden k\u00f6nnen. Wir empfehlen Ihnen, sich im Voraus mit dem leitenden Trainer Simon White in Verbindung zu setzen, um spezielle Themen zu besprechen, die Sie gerne behandeln m\u00f6chten. Wenn Sie zum Beispiel mit bestimmten Fahrzeugen oder Motoren arbeiten, k\u00f6nnen wir diese in unsere Beispielprojekte im Kurs einbeziehen.<\/p>\n<p>&nbsp;<\/p>\n<p>&nbsp;<\/p>\n<p><b><span data-contrast=\"auto\">Detaillierte Kurs\u00fcbersicht<\/span><\/b><\/p>\n<p>&nbsp;<\/p>\n<p><b><span data-contrast=\"auto\">Was ist abgedeckt:<\/span><\/b><\/p>\n<ul>\n<li>Eine gr\u00fcndliche, strukturierte Einf\u00fchrung in das WinOLS-Konzept und die Schnittstelle<\/li>\n<li><span data-contrast=\"auto\">Steuerger\u00e4telogik und -struktur auf den wichtigsten Plattformen <\/span><\/li>\n<li><span data-contrast=\"auto\">Wichtige Kartengruppen<\/span><\/li>\n<li><span data-contrast=\"auto\">Identifizieren und Gruppieren von Maps mit Hilfe von WinOLS-Mustern und -Strukturen<\/span><\/li>\n<li><span data-contrast=\"auto\">Lesen und Interpretieren wichtiger Pr\u00fcfstands- und Protokolldaten<\/span><\/li>\n<li><span data-contrast=\"auto\">Verstehen der Prinzipien der Verwendung vorhandener Dateien aus Ihrer WinOLS-Datenbank:<\/span>\n<ul>\n<li><span data-contrast=\"auto\">Vergleich zwischen originalen und getunten Dateien<\/span><\/li>\n<li><span data-contrast=\"auto\">Anpassen von Melodien f\u00fcr \u00e4hnliche Softwareversionen<\/span><\/li>\n<li><span data-contrast=\"auto\">Saubere Projektverwaltung mit Mappacks, Kommentaren und Versionierung<\/span><\/li>\n<\/ul>\n<\/li>\n<\/ul>\n<p><b><span data-contrast=\"auto\">Sie werden lernen:<\/span><\/b><\/p>\n<ul>\n<li>Wie man sich in WinOLS zurechtfindet und es effektiv nutzt<\/li>\n<li><span data-contrast=\"auto\">Wie ECUs Last, Kraftstoff und Timing berechnen<\/span><\/li>\n<li><span data-contrast=\"auto\">Wie Sie die wichtigsten Tuning Maps schnell identifizieren<\/span><\/li>\n<li><span data-contrast=\"auto\">Wie Sie wichtige Pr\u00fcfstands- und Protokolldaten lesen, interpretieren und anwenden<\/span><\/li>\n<li><span data-contrast=\"auto\">Wiederverwendung und Anpassung bestehender Kalibrierungen durch WinOLS Import-\/Vergleichsfunktionen<\/span><\/li>\n<li><span data-contrast=\"auto\">Wie Sie saubere, professionelle Projektstrukturen f\u00fcr die Kalibrierungsarbeit aufbauen<\/span><\/li>\n<\/ul>\n<p>&nbsp;<\/p>\n<p><b><span data-contrast=\"auto\">Lernergebnisse des Kurses<\/span><\/b><\/p>\n<p><strong>Am Ende der 3 Tage werden Sie in der Lage sein: <\/strong><\/p>\n<ul>\n<li>Sicheres Navigieren und effektive Nutzung von WinOLS<\/li>\n<li>Verwenden Sie WinOLS praktisch f\u00fcr eine Reihe von Tuning-Projekten<\/li>\n<li><span data-contrast=\"auto\">ECU-Kennfeldgruppen sicher identifizieren, verstehen und abstimmen<\/span><\/li>\n<li><span data-contrast=\"auto\">Erstellen und organisieren Sie WinOLS-Projekte auf saubere und professionelle Weise<\/span><\/li>\n<li><span data-contrast=\"auto\">Lesen, Interpretieren und Anwenden wichtiger Pr\u00fcfstands-\/Protokolldaten<\/span><\/li>\n<li><span data-contrast=\"auto\">Liefern Sie vollst\u00e4ndige, sichere und gut strukturierte Kalibrierungen<\/span><\/li>\n<\/ul>\n<p>&nbsp;<\/p>\n<p>&nbsp;<\/p>\n<p>&nbsp;<\/p>\n<p>&nbsp;<\/p>\n<h2>Warum einen WinOLS-Schulungskurs mit Remap 101 belegen?<\/h2>\n<ul>\n<li>Strukturierte Sitzungen im Klassenzimmer &#8211; Lernen Sie pers\u00f6nlich mit Unterst\u00fctzung eines Tutors<\/li>\n<li>Konzentrieren Sie sich auf die Abstimmung in der Praxis, nicht nur auf Software-Walkthroughs<\/li>\n<li>Ausgeliefert von professionellen Kalibratoren, nicht von Werkzeugvertretern<\/li>\n<li>Kleine Gruppengr\u00f6\u00dfen f\u00fcr 1-zu-1-Feedback und praktische Erfahrungen<\/li>\n<li>Lernen Sie, WinOLS richtig zu benutzen &#8211; als professionelles Werkzeug<\/li>\n<li>Offizielle EVC WinOLS Zertifizierung und Viezu Technical Academy Zertifikat nach erfolgreichem Kursabschluss<\/li>\n<\/ul>\n<h2><\/h2>\n<p>&nbsp;<\/p>\n<h2>Wie Sie Ihren EVC-zertifizierten WinOLS-Schulungsplatz buchen<\/h2>\n<h3>W\u00e4hlen Sie Ihren Kraftstofftyp<\/h3>\n<ul>\n<li>Diesel<\/li>\n<li>Benzin<\/li>\n<\/ul>\n<h3>W\u00e4hlen Sie Ihr Datum<\/h3>\n<p>Buchen Sie Ihren Schulungskurs online oder wenden Sie sich an das Schulungsteam, um sich beraten zu lassen.<\/p>\n<p>&nbsp;<\/p>\n<h2>Sie sind sich nicht sicher, welcher Tuning-Kurs zu Ihnen passt?<\/h2>\n<p>Wenn Sie sich nicht sicher sind, welcher Schulungskurs am besten zu Ihnen passt &#8211; wir helfen Ihnen gerne. Ganz gleich, ob Sie sich nicht sicher sind, welches Niveau Sie ben\u00f6tigen oder ob Sie bereit sind, sich weiterzuentwickeln, unser Team wird mit Ihnen sprechen und Ihnen helfen &#8211; kein Druck, nur direkte Antworten auf der Grundlage Ihrer aktuellen Erfahrung.<\/p>\n<p>Telefon: <a href=\"tel:+44%20(0)1789%20774444\">+44 (0)1789 774444<\/a> oder E-Mail: <a href=\"mailto:info@viezu.com\">info@viezu.com<\/a><\/p>\n","protected":false},"excerpt":{"rendered":"<div>\n<p>EVC-zertifizierte WinOLS5-Tuning-Schulung in Gro\u00dfbritannien vor Ort. Dauer des Kurses: 3 Tage. W\u00e4hlen Sie Ihren Kraftstofftyp und Ihr Kursdatum und buchen Sie Ihren Platz unten.<\/p>\n<\/div>\n<p>Sie k\u00f6nnen sich Ihren Platz mit einer Anzahlung von 500GBP sichern. [Vollst\u00e4ndige <a href=\"https:\/\/www.remap101.co.uk\/de\/terms\/\">Bedingungen &amp; Konditionen<\/a> anzeigen]<\/p>\n<p>&nbsp;<\/p>\n<p><strong>EINZIGARTIGE VIEZU TRAININGSVORTEILE:<\/strong> Nach dem Kurs helfen wir Ihnen weiterhin, Ihr Tuning-Gesch\u00e4ft auszubauen:<\/p>\n<ul>\n<li>laufende Unterst\u00fctzung durch das technische Team von Viezu<\/li>\n<li>Zugang zu aktualisiertem Schulungsmaterial und fortgeschrittenen Mappacks<\/li>\n<li>erm\u00e4\u00dfigte Unterst\u00fctzung f\u00fcr ma\u00dfgeschneiderte Projekte durch das Viezu-Netzwerk<\/li>\n<\/ul>\n<div>\n<div>\n<hr \/>\n<div>\n<div>\n<p><strong>Talk-Tuning: Werden Sie Mitglied unserer Online-Community<\/strong><\/p>\n<\/div>\n<p>Warten Sie nicht &#8211; Sie k\u00f6nnen jetzt anfangen, Ihr Wissen mit Kollegen zu teilen. Reden Sie \u00fcber Tuning, Remapping, Kalibrierung &#8211; treten Sie unserer Gemeinschaft gleichgesinnter professioneller Tuner in unserer Facebook-Gruppe bei &#8211; der<strong> <a href=\"https:\/\/www.facebook.com\/groups\/guildoftuners\">Gilde der Tuner<\/a><\/strong><\/p>\n<ul>\n<li>Kostenlose Webinare und Online-Masterclasses<\/li>\n<li>Neueste Erkenntnisse zur Tuning-Technologie<\/li>\n<li>Bleiben Sie auf dem Laufenden &#8211; neueste Updates von Tool- und Software-Experten<\/li>\n<\/ul>\n<\/div>\n<\/div>\n<\/div>\n","protected":false},"featured_media":109494,"comment_status":"closed","ping_status":"closed","template":"","meta":{"_acf_changed":false},"product_brand":[21146,19675],"product_cat":[24393,24526,24532,24528,24522,24531,24403,24405,24529,24404,24787,24527,24525,24523,24530,24524,24521],"product_tag":[22581,24534,22579,24533,22582,20504,15212,15483],"class_list":{"0":"post-109325","1":"product","2":"type-product","3":"status-publish","4":"has-post-thumbnail","6":"product_brand-evc","7":"product_brand-winols","8":"product_cat-alle-fahrzeug-tuning-schulungen","9":"product_cat-auto-tuning-schulung","10":"product_cat-benzin-tuning-training","11":"product_cat-bootstuning-training","12":"product_cat-brand-tuning-training-de","13":"product_cat-diesel-tuning-training","14":"product_cat-evc-winols-schulung","15":"product_cat-evc-schulung-zur-elektronischen-abstimmung","16":"product_cat-motorrad-tuning-training","17":"product_cat-personliche-tuning-schulungen","18":"product_cat-software-tuning-training-de","19":"product_cat-traktor-tuning-training","20":"product_cat-tuning-training-nach-fahrzeugtyp","21":"product_cat-tuning-training-nach-level","22":"product_cat-tuning-training-nach-motortyp","23":"product_cat-tuning-training-fur-anfanger","24":"product_cat-uk-tuning-schulungskurse","25":"product_tag-chiptuning-schulung","26":"product_tag-evc-offizielle-winols-schulung","27":"product_tag-evc-winols-klassenzimmer","28":"product_tag-evc-zertifizierte-schulung","29":"product_tag-klassenzimmer-tuning-training","30":"product_tag-winols-de","31":"product_tag-winols-5-tuning-software-evc-de","32":"product_tag-winols-schulung","33":"product_shipping_class-kein-versand-erforderlich","35":"first","36":"outofstock","37":"purchasable","38":"product-type-variable","39":"has-default-attributes"},"acf":[],"_links":{"self":[{"href":"https:\/\/www.remap101.co.uk\/de\/wp-json\/wp\/v2\/product\/109325","targetHints":{"allow":["GET"]}}],"collection":[{"href":"https:\/\/www.remap101.co.uk\/de\/wp-json\/wp\/v2\/product"}],"about":[{"href":"https:\/\/www.remap101.co.uk\/de\/wp-json\/wp\/v2\/types\/product"}],"replies":[{"embeddable":true,"href":"https:\/\/www.remap101.co.uk\/de\/wp-json\/wp\/v2\/comments?post=109325"}],"wp:featuredmedia":[{"embeddable":true,"href":"https:\/\/www.remap101.co.uk\/de\/wp-json\/wp\/v2\/media\/109494"}],"wp:attachment":[{"href":"https:\/\/www.remap101.co.uk\/de\/wp-json\/wp\/v2\/media?parent=109325"}],"wp:term":[{"taxonomy":"product_brand","embeddable":true,"href":"https:\/\/www.remap101.co.uk\/de\/wp-json\/wp\/v2\/product_brand?post=109325"},{"taxonomy":"product_cat","embeddable":true,"href":"https:\/\/www.remap101.co.uk\/de\/wp-json\/wp\/v2\/product_cat?post=109325"},{"taxonomy":"product_tag","embeddable":true,"href":"https:\/\/www.remap101.co.uk\/de\/wp-json\/wp\/v2\/product_tag?post=109325"}],"curies":[{"name":"wp","href":"https:\/\/api.w.org\/{rel}","templated":true}]}}