{"id":109863,"date":"2026-02-12T10:42:28","date_gmt":"2026-02-12T10:42:28","guid":{"rendered":"https:\/\/www.remap101.co.uk\/?post_type=product&#038;p=109863"},"modified":"2026-02-13T12:00:26","modified_gmt":"2026-02-13T12:00:26","slug":"dimsport-race-evo-klassenzimmer-training-copy","status":"publish","type":"product","link":"https:\/\/www.remap101.co.uk\/de\/produkt\/dimsport-race-evo-klassenzimmer-training-copy\/","title":{"rendered":"Dimsport Race Evo Klassenzimmer Training (Copy)"},"content":{"rendered":"<h2>Dimsport Race Evo Klassenzimmer-Trainingskurse &#8211; Diesel, Benzin &amp; Kombiniert<\/h2>\n<p>Beherrschen Sie die professionelle Bearbeitung von Dateien und die Neukalibrierung des Steuerger\u00e4ts mit Hilfe von Tuning-Software &#8211; Dimsport&#8217;s Race Evo Classroom Training Courses.<\/p>\n<p>Race Evo von Dimsport (in \u00e4lteren Inhalten manchmal noch als Race2000 bezeichnet) ist nach wie vor eine der vertrauensw\u00fcrdigsten und am besten strukturierten Tuning-Softwareplattformen auf dem Markt. Race Evo basiert auf einer \u00fcbersichtlichen grafischen Oberfl\u00e4che und einer Bibliothek unterst\u00fctzter Steuerger\u00e4te und hilft Tunern dabei, wichtige Kalibrierungskarten schnell zu identifizieren, zu bearbeiten und anzupassen &#8211; mit einer soliden technischen Grundlage und visueller Pr\u00e4zision. <\/p>\n<p>Aber wie bei jedem ernstzunehmenden Werkzeug macht die Art und Weise, wie Sie es verwenden, den Unterschied aus.<\/p>\n<p>Unsere Dimsport&#8217;s Race Evo Classroom Training Kurse werden in englischer Sprache abgehalten und sind f\u00fcr Tuner gedacht, die mit Diesel, Benzin oder beiden Kraftstoffarten arbeiten &#8211; egal, ob Sie gerade erst anfangen oder bereits mit Race Evo tunen und weiter gehen wollen. Es handelt sich um eine praktische, von einem Tutor geleitete Schulung, die Ihnen helfen soll, mit Klarheit, Selbstvertrauen und vollem kommerziellen Bewusstsein zu tunen. <\/p>\n<h2>Verf\u00fcgbare Kursniveaus<\/h2>\n<p>Jede Stufe des Dimsport Race Evo Classroom Training Kurses baut auf der vorherigen auf und stellt sicher, dass Sie Ihre technischen und kaufm\u00e4nnischen F\u00e4higkeiten gemeinsam weiterentwickeln:<\/p>\n<h3>Dimsport Race Evo Trainingskurse f\u00fcr Einsteiger<\/h3>\n<p>Ideal, wenn Sie neu im Tuning oder neu bei Race Evo sind. Sie werden lernen: <\/p>\n<ul>\n<li>So nutzen Sie die Race Evo Software-Schnittstelle sicher<\/li>\n<li>Dateistruktur, ECU-Erkennung und sichere Kennfeldanpassung<\/li>\n<li>Stufe 1 Tuning-Logik f\u00fcr Diesel- oder Benzinfahrzeuge<\/li>\n<li>Wie Sie mit der gef\u00fchrten Kartenstruktur von Race Evo arbeiten und die integrierten Unterst\u00fctzungsdateien verwenden<\/li>\n<\/ul>\n<h3>Dimsport Race Evo Klassenzimmer Training f\u00fcr Fortgeschrittene<\/h3>\n<p>Perfekt, wenn Sie bereits mit Race Evo getunt haben und die Dateikontrolle verbessern m\u00f6chten. Sie werden lernen: <\/p>\n<ul>\n<li>Kartenskalierung, Achsenausrichtung und manuelle Bearbeitung<\/li>\n<li>Funktionen wie Pops und Bangs oder Popcornbegrenzer<\/li>\n<li>Unterst\u00fctzung f\u00fcr geringf\u00fcgig modifizierte Fahrzeuge<\/li>\n<li>Fehlerbehebung in der Praxis und Verfeinerung der Logik \u00fcber mehrere Steuerger\u00e4te hinweg<\/li>\n<\/ul>\n<h3>Fortgeschrittenen-Kurs Dimsport Race Evo im Klassenzimmer<\/h3>\n<p>Entwickelt f\u00fcr erfahrene Benutzer, die modifizierte Fahrzeuge oder individuelle Strategien unterst\u00fctzen. Sie werden lernen: <\/p>\n<ul>\n<li>Erweiterte Bearbeitung von Drehmoment- und Luftstrommodellen<\/li>\n<li>Unterst\u00fctzung bei der Skalierung von Einspritzd\u00fcsen, Turbologik und Kraftstoffsystem<\/li>\n<li>Logische Umstrukturierung f\u00fcr nicht unterst\u00fctzte oder komplexe Steuerger\u00e4te<\/li>\n<li>Kommerzielle Tuning-Strategien und Umgang mit Off-Road-\/Motorsport-Emissionen<\/li>\n<\/ul>\n<h2>Warum mit Remap 101 auf Dimsport Race Evo trainieren?<\/h2>\n<ul>\n<li>Echte Tutoren. Echte Abstimmung. Lernen Sie von Profis, die jeden Tag Dateien erstellen  <\/li>\n<li>Lernen im Klassenzimmer in kleinen Gruppen f\u00fcr echtes Engagement und Feedback<\/li>\n<li>Praktischer Fokus: Erstellen und Testen von Dateien w\u00e4hrend des Trainings, nicht nur Theorie<\/li>\n<li>Diesel-, Benzin- und kombinierte Kurse verf\u00fcgbar<\/li>\n<li>Zertifikat f\u00fcr jedes abgeschlossene Level ausgestellt<\/li>\n<li>Unterst\u00fctzt von VIEZU Technologies &#8211; einer weltweiten Autorit\u00e4t auf dem Gebiet des ECU-Remappings und der Tuning-Ausbildung<\/li>\n<\/ul>\n<h2>So melden Sie sich zu unserem Dimsport Race Evo Classroom Training an:<\/h2>\n<h3>W\u00e4hlen Sie Ihre Kraftstoffart:<\/h3>\n<ul>\n<li>Diesel<\/li>\n<li>Benzin<\/li>\n<li>Kombiniert Diesel &amp; Benzin<\/li>\n<\/ul>\n<h3>W\u00e4hlen Sie Ihr Niveau:<\/h3>\n<ul>\n<li>Anf\u00e4nger<\/li>\n<li>Zwischenstufe<\/li>\n<li>Fortgeschrittene<\/li>\n<\/ul>\n<h3>W\u00e4hlen Sie Ihr Datum:<\/h3>\n<p>Finden Sie kommende  <a href=\"https:\/\/www.remap101.co.uk\/de\/event-software\/ethnie-evo\/\">Dimsport Race Evo Kurse<\/a><\/p>\n<p>Buchen Sie unser Dimsport Race Evo Classroom Training online, oder kontaktieren Sie uns, um zu besprechen, welcher Kurs f\u00fcr Sie der richtige ist.<\/p>\n<h2>Sie sind nicht sicher, welcher Tuning-Kurs der richtige f\u00fcr Sie ist?<\/h2>\n<p>Keine Sorge &#8211; wir haben schon Tausenden von Tunern beim Einstieg geholfen und wissen, wie leicht es ist, den eigenen Leistungsstand zu \u00fcber- oder untersch\u00e4tzen. Nehmen Sie einfach Kontakt mit uns auf und wir helfen Ihnen, den besten Ausgangspunkt f\u00fcr Ihre Ziele und Ihr Erfahrungsniveau zu finden. <\/p>\n<p><strong>Telefon:<\/strong> <a href=\"tel:+44%20(0)1789%20774444\">+44 (0)1789 774444<\/a><\/p>\n<p><strong>E-Mail:<\/strong> <a href=\"mailto:info@viezu.com\">info@viezu.com<\/a><\/p>\n","protected":false},"excerpt":{"rendered":"<p>Erstellen Sie Hochleistungs-Benzindateien mit Dimsport Race Evo. Starten Sie noch heute Ihren Dimsport Race Evo Classroom Training Kurs! <\/p>\n","protected":false},"featured_media":109951,"comment_status":"closed","ping_status":"closed","template":"","meta":{"_acf_changed":false},"product_brand":[21155],"product_cat":[24393,24526,24532,24528,24531,24529,24404,24527,24524,24521],"product_tag":[22773,22772],"class_list":{"0":"post-109863","1":"product","2":"type-product","3":"status-publish","4":"has-post-thumbnail","6":"product_brand-dimsport","7":"product_cat-alle-fahrzeug-tuning-schulungen","8":"product_cat-auto-tuning-schulung","9":"product_cat-benzin-tuning-training","10":"product_cat-bootstuning-training","11":"product_cat-diesel-tuning-training","12":"product_cat-motorrad-tuning-training","13":"product_cat-personliche-tuning-schulungen","14":"product_cat-traktor-tuning-training","15":"product_cat-tuning-training-fur-anfanger","16":"product_cat-uk-tuning-schulungskurse","17":"product_tag-dimsport-race-evo-klassenzimmer","18":"product_tag-dimsport-rennen-evo","19":"product_shipping_class-kein-versand-erforderlich","21":"first","22":"instock","23":"purchasable","24":"product-type-variable","25":"has-default-attributes"},"acf":[],"_links":{"self":[{"href":"https:\/\/www.remap101.co.uk\/de\/wp-json\/wp\/v2\/product\/109863","targetHints":{"allow":["GET"]}}],"collection":[{"href":"https:\/\/www.remap101.co.uk\/de\/wp-json\/wp\/v2\/product"}],"about":[{"href":"https:\/\/www.remap101.co.uk\/de\/wp-json\/wp\/v2\/types\/product"}],"replies":[{"embeddable":true,"href":"https:\/\/www.remap101.co.uk\/de\/wp-json\/wp\/v2\/comments?post=109863"}],"wp:featuredmedia":[{"embeddable":true,"href":"https:\/\/www.remap101.co.uk\/de\/wp-json\/wp\/v2\/media\/109951"}],"wp:attachment":[{"href":"https:\/\/www.remap101.co.uk\/de\/wp-json\/wp\/v2\/media?parent=109863"}],"wp:term":[{"taxonomy":"product_brand","embeddable":true,"href":"https:\/\/www.remap101.co.uk\/de\/wp-json\/wp\/v2\/product_brand?post=109863"},{"taxonomy":"product_cat","embeddable":true,"href":"https:\/\/www.remap101.co.uk\/de\/wp-json\/wp\/v2\/product_cat?post=109863"},{"taxonomy":"product_tag","embeddable":true,"href":"https:\/\/www.remap101.co.uk\/de\/wp-json\/wp\/v2\/product_tag?post=109863"}],"curies":[{"name":"wp","href":"https:\/\/api.w.org\/{rel}","templated":true}]}}