{"id":110180,"date":"2026-03-06T15:53:38","date_gmt":"2026-03-06T15:53:38","guid":{"rendered":"https:\/\/www.remap101.co.uk\/?post_type=product&#038;p=110180"},"modified":"2026-03-31T10:32:19","modified_gmt":"2026-03-31T09:32:19","slug":"vta1041-bosch-edc17-dpf-losungen-mit-evc-winols-copy","status":"publish","type":"product","link":"https:\/\/www.remap101.co.uk\/de\/produkt\/vta1041-bosch-edc17-dpf-losungen-mit-evc-winols-copy\/","title":{"rendered":"VTA1089: Pops und Bangs mit EVC WinOLS"},"content":{"rendered":"<h2>Erweitertes Tuning zum Erzielen von Pops, Bangs, Burbles und anderen Effekten, mit EVC WinOLS5<\/h2>\n<p>Fortgeschrittene L\u00f6sungen f\u00fcr Pops und Bangs mit der EVC WinOLS5 Software. Dies ist ein einzigartiger Online-Kurs, und Ihr fachkundiger Trainer ist der technische Direktor und Gesch\u00e4ftsf\u00fchrer von VIEZU, Simon White. <\/p>\n<p><strong>** Wenn Sie diesen Trainingskurs f\u00fcr \u00a3199+MwSt. kaufen, erhalten Sie Zugang zu Super Mappacks im Wert von \u00a3400 ! **<\/strong><\/p>\n<p>Dies ist ein fantastisches Paket &#8211; eine fortgeschrittene Fachschulung mit einem umfassenden Satz herunterladbarer Super Map Packs f\u00fcr ein komplettes Arbeitspaket f\u00fcr nur \u00a3199 + MwSt.<\/p>\n<h2 data-start=\"1018\" data-end=\"1040\"><\/h2>\n<h2 data-start=\"1018\" data-end=\"1040\">\u00dcberblick \u00fcber den Kurs<\/h2>\n<p data-start=\"1042\" data-end=\"1744\">Dieser intensive Online-Kurs entmystifiziert das Knalltuning anhand von zwei beliebten Benzinmotoren: dem MED 9.1.2 des Audi TTRS und dem MG1CS024 des BMW X3M. In WinOLS lernen Sie, wie Sie die Kernkennfelder f\u00fcr die Kraftstoffabschaltung, die Fahrmoduslogik und den Z\u00fcndzeitpunkt finden und analysieren k\u00f6nnen. Sie werden sehen, wie Sie die \u00dcberlaufverz\u00f6gerung anpassen, um den Kraftstofffluss f\u00fcr ein kontrolliertes Knistern aufrechtzuerhalten, und wie Sie die Basis-, Optimal- und Minimal-Z\u00fcndkennfelder anpassen, damit sich die Verbrennung sicher in den Auspuff verlagert. Der Kurs stellt auch MG1-spezifische Begrenzer f\u00fcr die Schalldauer und die Katalysatortemperatur vor, die Ihnen die Werkzeuge an die Hand geben, mit denen Sie eine sportliche Akustik im Schubbetrieb erzeugen k\u00f6nnen, ohne Kompromisse bei der Zuverl\u00e4ssigkeit oder der Einhaltung der Emissionsvorschriften einzugehen.   <\/p>\n<h4 data-start=\"1746\" data-end=\"1770\">Was Sie lernen werden<\/h4>\n<ul data-start=\"1772\" data-end=\"3169\">\n<li data-section-id=\"7012dd\" data-start=\"1772\" data-end=\"1997\">\n<p data-start=\"1774\" data-end=\"1997\"><strong data-start=\"1774\" data-end=\"1809\">Kennfeldidentifizierung und -analyse<\/strong> &#8211; Verwenden Sie die Mappacks und Suchfunktionen in WinOLS, um Tabellen zur Kraftstoffschnittverz\u00f6gerung, Kennfelder zum Z\u00fcndzeitpunkt (Basis, Optimum und Minimum) und MG1CS024-Kennfelder zur Soundabstimmung zu finden.<\/p>\n<\/li>\n<li data-section-id=\"1ovx0k6\" data-start=\"1998\" data-end=\"2242\">\n<p data-start=\"2000\" data-end=\"2242\"><strong data-start=\"2000\" data-end=\"2037\">Verl\u00e4ngerung der Verz\u00f6gerung f\u00fcr die Kraftstoffabschaltung bei \u00dcberschreitung der H\u00f6chstgeschwindigkeit<\/strong> &#8211; \u00c4ndern Sie die Verz\u00f6gerungszeiten im MED 9.1.2, um die Einspritzd\u00fcsen w\u00e4hrend der Verz\u00f6gerung aktiv zu halten und Knackger\u00e4usche zu erzeugen, und nehmen Sie \u00e4hnliche Anpassungen an den Verz\u00f6gerungskarten f\u00fcr den Fahrmodus MG1CS024 vor, um Knackger\u00e4usche nur im Sportmodus zu aktivieren.<\/p>\n<\/li>\n<li data-section-id=\"1h433cs\" data-start=\"2243\" data-end=\"2442\">\n<p data-start=\"2245\" data-end=\"2442\"><strong data-start=\"2245\" data-end=\"2281\">Aktivierungszonen und Fahrmodi<\/strong> &#8211; Definieren Sie bestimmte Drehzahl-\/Belastungsfenster f\u00fcr Pops und Bangs und nutzen Sie die Fahrmodus-Schaltpl\u00e4ne, um das Soundtuning je nach Wahl des Fahrers zu aktivieren oder zu deaktivieren.<\/p>\n<\/li>\n<li data-section-id=\"1sapvx7\" data-start=\"2443\" data-end=\"2642\">\n<p data-start=\"2445\" data-end=\"2642\"><strong data-start=\"2445\" data-end=\"2475\">Z\u00fcndzeitpunktstrategien<\/strong> &#8211; Verz\u00f6gern Sie den Z\u00fcndzeitpunkt konsistent \u00fcber die Basis-, Optimal- und Minimalkennfelder um 10-30 Grad, um die Verbrennung in den Auspuff zu verlagern und das Volumen und die H\u00e4ufigkeit von Knallger\u00e4uschen zu kontrollieren.<\/p>\n<\/li>\n<li data-section-id=\"1jzaiqb\" data-start=\"2643\" data-end=\"2959\">\n<p data-start=\"2645\" data-end=\"2959\"><strong data-start=\"2645\" data-end=\"2691\">Sicherheit und Schutz der Katalysatortemperatur<\/strong> &#8211; Verstehen Sie die Funktion der Katalysator-Temperaturbegrenzer des MG1CS024 und erfahren Sie, warum diese Grenzwerte unver\u00e4ndert bleiben m\u00fcssen. Sie werden auch erfahren, wie Sie die Wirkung auf sichere Drehzahlbereiche beschr\u00e4nken k\u00f6nnen, um eine \u00dcberlastung des Turboladers, der Auslassventile und der Katalysatoren zu vermeiden. <\/p>\n<\/li>\n<li data-section-id=\"1t3364o\" data-start=\"2960\" data-end=\"3169\">\n<p data-start=\"2962\" data-end=\"3169\"><strong data-start=\"2962\" data-end=\"2994\">Praktischer Arbeitsablauf in WinOLS<\/strong> &#8211; Folgen Sie den aufgezeichneten Demonstrationen f\u00fcr jeden Schritt, vom Laden der Originaldateien und dem Vergleich der Baselines bis hin zum Speichern der ge\u00e4nderten Projekte und dem \u00dcberpr\u00fcfen Ihrer \u00c4nderungen.<\/p>\n<\/li>\n<\/ul>\n<h4 data-start=\"3171\" data-end=\"3193\">Merkmale des Kurses<\/h4>\n<ul data-start=\"3195\" data-end=\"3778\">\n<li data-section-id=\"14n9ezt\" data-start=\"3195\" data-end=\"3305\">\n<p data-start=\"3197\" data-end=\"3305\"><strong data-start=\"3197\" data-end=\"3229\">Schritt-f\u00fcr-Schritt-Videotutorials<\/strong> mit klaren Erl\u00e4uterungen und Bildschirmmarkierungen, die zeigen, wie Sie jede Karte bearbeiten.<\/p>\n<\/li>\n<li data-section-id=\"v9bvqv\" data-start=\"3306\" data-end=\"3451\">\n<p data-start=\"3308\" data-end=\"3451\"><strong data-start=\"3308\" data-end=\"3334\">Strukturierte Progression<\/strong> \u00fcber vier Lektionen, beginnend mit der Entdeckung von Karten in MED 9.1.2 und gipfelnd in der fortgeschrittenen Arbeit an der Z\u00fcndung in MG1CS024.<\/p>\n<\/li>\n<li><strong>Super-Mappacks <\/strong>sind in den Kursunterlagen f\u00fcr beide in diesem Kurs behandelten Steuerger\u00e4te enthalten. Damit stehen Ihnen 2 komplette Super-Mappacks zur Verf\u00fcgung, mit denen Sie nicht nur diesem Kurs folgen k\u00f6nnen, sondern auch die tieferen Strategien und Map-Strukturen in diesen Steuerger\u00e4ten erforschen und verstehen k\u00f6nnen. <\/li>\n<li data-section-id=\"gg8bnx\" data-start=\"3452\" data-end=\"3554\">\n<p data-start=\"3454\" data-end=\"3554\"><strong data-start=\"3454\" data-end=\"3474\">Interaktives Quiz<\/strong> am Ende des Kurses, um die wichtigsten Konzepte zu vertiefen und Ihr Verst\u00e4ndnis zu testen.<\/p>\n<\/li>\n<li data-section-id=\"1roafd0\" data-start=\"3555\" data-end=\"3648\">\n<p data-start=\"3557\" data-end=\"3648\"><strong data-start=\"3557\" data-end=\"3586\">Ein Abschlusszertifikat<\/strong>, das Ihre neu erworbenen Tuning-F\u00e4higkeiten best\u00e4tigt.<\/p>\n<\/li>\n<li data-section-id=\"72jxye\" data-start=\"3649\" data-end=\"3778\">\n<p data-start=\"3651\" data-end=\"3778\"><strong data-start=\"3651\" data-end=\"3670\">Lebenslanger Zugang<\/strong> &#8211; lernen Sie in Ihrem eigenen Tempo, besuchen Sie die Demonstrationen, wann immer Sie sie brauchen, und bewahren Sie Ihren Kurs zum sp\u00e4teren Nachschlagen auf.<\/p>\n<\/li>\n<\/ul>\n<h4 data-start=\"3780\" data-end=\"3798\">Perfekt f\u00fcr<\/h4>\n<ul data-start=\"3800\" data-end=\"4248\">\n<li data-section-id=\"14rd4a5\" data-start=\"3800\" data-end=\"3882\">\n<p data-start=\"3802\" data-end=\"3882\">Erfahrene WinOLS-Benutzer, die ihre Werkzeugkiste um ein &#8222;Pops-and-Bangs&#8220;-Tuning erweitern m\u00f6chten.<\/p>\n<\/li>\n<li data-section-id=\"zbw7ex\" data-start=\"3883\" data-end=\"3991\">\n<p data-start=\"3885\" data-end=\"3991\">Professionelle ECU-Remapper und Kalibrierungsingenieure, die ma\u00dfgeschneiderte Overrun-Sound-Strategien entwickeln m\u00f6chten.<\/p>\n<\/li>\n<li data-section-id=\"s7aabw\" data-start=\"3992\" data-end=\"4124\">\n<p data-start=\"3994\" data-end=\"4124\">Dateischreiber, die mit modernen Benzinmotor-Steuerger\u00e4ten arbeiten und eine zuverl\u00e4ssige Methode f\u00fcr sichere Knister-, Knack-, Pop- und Knallmelodien ben\u00f6tigen.<\/p>\n<\/li>\n<li data-section-id=\"1005i0t\" data-start=\"4125\" data-end=\"4248\">\n<p data-start=\"4127\" data-end=\"4248\">Jeder, der sein Verst\u00e4ndnis f\u00fcr die Einstellung des Z\u00fcndzeitpunkts und die Logik des Sound-Tunings \u00fcber das Anf\u00e4ngerniveau hinaus erweitern m\u00f6chte.<\/p>\n<\/li>\n<\/ul>\n<p data-start=\"4250\" data-end=\"4393\" data-is-last-node=\"\" data-is-only-node=\"\">Fangen Sie noch heute an und gewinnen Sie das Vertrauen, kontrollierte Knallger\u00e4usche zu erzeugen, die Ihre Kunden beeindrucken und gleichzeitig die Integrit\u00e4t von Motor und Katalysator erhalten.<\/p>\n<h2><\/h2>\n<h2><strong>Pers\u00f6nliches Wachstum und <\/strong><span style=\"font-size: 26px;\"><b>Gesch\u00e4ftsm\u00f6glichkeiten<\/b><\/span><\/h2>\n<p>Es ist uns ein Vergn\u00fcgen, Sie auf Ihrem Weg der Wissenserweiterung und Fortbildung zu unterst\u00fctzen. Unsere Trainer haben es sich zur Aufgabe gemacht, die Standards in der Tuning-Branche anzuheben und einen Raum zu schaffen, in dem Sie lernen und wachsen k\u00f6nnen. Wir m\u00f6chten, dass Sie das Beste aus diesem EVC WinOLS Tuning Online-Training herausholen. Daher empfehlen wir Ihnen, auch unsere anderen Online-Tuning-Kurse und -Module zu besuchen.   <\/p>\n<p><strong>Aber halt, es wird noch besser&#8230;<\/strong><\/p>\n<p>Jede Trainingseinheit kann mehrmals angesehen werden. Das Tolle am Online-Training ist, dass Sie, wenn Sie etwas nicht ganz verstanden haben, es sich immer wieder ansehen k\u00f6nnen, bis Sie es beherrschen. Und Sie k\u00f6nnen auch pausieren und neu starten. So haben Sie Zeit, sich Notizen zu machen oder sogar zu \u00fcben, was Sie gerade gesehen haben.  <\/p>\n<h3><\/h3>\n<h3><strong>EVC WinOLS Abstimmungssoftware<\/strong><\/h3>\n<p>Sie m\u00fcssen die <a href=\"https:\/\/www.remap101.co.uk\/de\/?post_type=product&#038;p=85686\">EVC WinOLS Software<\/a> nicht besitzen, um diese Kurse zu absolvieren, aber es ist auch nicht ideal.<\/p>\n<p>Wir m\u00f6chten, dass Sie die beste Trainingserfahrung machen. Sie sollten in Erw\u00e4gung ziehen, sich die Software zu besorgen, um aktiv am Training teilzunehmen und in der Lage zu sein, das Gelernte zu \u00fcben, bevor Sie mit weiteren Sitzungen fortfahren. Wenn Sie noch keine Vollversion der EVC WinOLs Tuningsoftware besitzen, k\u00f6nnen Sie diese hier im Remap 101 Tuning Shop sehen <a href=\"https:\/\/www.remap101.co.uk\/de\/produkt-kategorie\/professionelle-tuning-tools-und-software\/\">Tuningsoftware <\/a>  <\/p>\n<p>&nbsp;<\/p>\n<h3><strong>Tuning-Dateien  <\/strong><\/h3>\n<p>W\u00e4hrend Sie mit EVC WinOLS Ihre Knalltechniken erlernen und weiterentwickeln, m\u00f6chten Sie vielleicht wissen, dass VIEZU auch gebrauchsfertige und ladbare Remap-Dateien und Software f\u00fcr die meisten Fahrzeuge anbietet. Wenn Sie einen schnellen und 7 Tage die Woche ge\u00f6ffneten Service f\u00fcr Tuningdateien ben\u00f6tigen, senden Sie eine E-Mail an das Support-Team unter <a href=\"mailto:info@viezu.com\">info@viezu.com<\/a> <\/p>\n<p>&nbsp;<\/p>\n","protected":false},"excerpt":{"rendered":"<h2>Erweitertes Tuning zum Erzielen von Pops, Bangs, Burbles und anderen Effekten, mit EVC WinOLS5<\/h2>\n<p>Verfeinern Sie Ihr Tuning-Know-how mit diesem Spezialkurs f\u00fcr EVC WinOLS. In vier Lektionen f\u00fcr Fortgeschrittene lernen Sie, wie Sie die wichtigsten Kennfelder, die die Verz\u00f6gerung der Kraftstoffabschaltung und den Z\u00fcndzeitpunkt steuern, auf zwei Plattformen identifizieren, modifizieren und synchronisieren: Bosch MED 9.1.2 (Audi TTRS) und Bosch MG1CS024 (BMW X3M). Anhand von Schritt-f\u00fcr-Schritt-Videotutorials erfahren Sie, wie Sie das Knistern bei Bedarf mit Hilfe der Fahrmodussteuerung aktivieren, die Verz\u00f6gerung des Kraftstoffabschneidens verl\u00e4ngern, ohne die AFR zu ver\u00e4ndern, und eine konsistente Verz\u00f6gerung der Z\u00fcndung anwenden, w\u00e4hrend Sie gleichzeitig die Grenzwerte f\u00fcr die Katalysatortemperatur beachten. Ein Quiz und ein Abschlusszertifikat sind enthalten, und Sie k\u00f6nnen jederzeit mit lebenslangem Zugang lernen.   <\/p>\n<p><strong>** Wenn Sie diesen Kurs f\u00fcr \u00a3199+MwSt. kaufen, erhalten Sie herunterladbare Super Mappacks im Wert von \u00a3400! **  <\/strong><\/p>\n<p>Dieser Kurs enth\u00e4lt Quizfragen, mit denen Sie Ihr Wissen testen k\u00f6nnen. Wenn Sie die Quizfragen bestehen, erhalten Sie ein VIEZU Abschlusszertifikat.<\/p>\n<p>Der Tutor, der den Kurs pr\u00e4sentiert, arbeitet seit mehr als 15 Jahren mit der EVC WinOLS-Software und hat weltweit Kurse und Schulungen zum Schreiben von Master-Tuning-Karten abgehalten, darunter in Gro\u00dfbritannien, den USA und China. Aber auch im Nahen Osten, in S\u00fcdafrika und an anderen internationalen Standorten mit gro\u00dfem Erfolg. Jetzt k\u00f6nnen Sie an diesen Tuning- und Remapping-Schulungen teilnehmen, wann immer Sie wollen. Und zwar in dem Tempo, das Ihnen passt, und von Ihrem eigenen Zuhause oder Ihrer Werkstatt aus. Lernen Sie aus erster Hand von den Experten und erweitern Sie Ihre Tuning-F\u00e4higkeiten, Ihre pers\u00f6nliche Entwicklung und Ihr Remapping-Wissen.    <\/p>\n<h2><\/h2>\n","protected":false},"featured_media":110192,"comment_status":"open","ping_status":"closed","template":"","meta":{"_acf_changed":false},"product_brand":[21146,19675],"product_cat":[24393,24526,24532,24522,24403,24405,24752,24692,24751,24525,24523,24787],"product_tag":[15268,15270,24759,24754,24756,24758,24757,24753,22584],"class_list":{"0":"post-110180","1":"product","2":"type-product","3":"status-publish","4":"has-post-thumbnail","6":"product_brand-evc","7":"product_brand-winols","8":"product_cat-alle-fahrzeug-tuning-schulungen","9":"product_cat-auto-tuning-schulung","10":"product_cat-benzin-tuning-training","11":"product_cat-brand-tuning-training-de","12":"product_cat-evc-winols-schulung","13":"product_cat-evc-schulung-zur-elektronischen-abstimmung","14":"product_cat-fortgeschrittene-tuning-schulung","15":"product_cat-online-tuning-schulungskurse","16":"product_cat-tuning-training-fur-fortgeschrittene","17":"product_cat-tuning-training-nach-fahrzeugtyp","18":"product_cat-tuning-training-nach-level","19":"product_cat-software-tuning-training-de","20":"product_tag-evc-de","21":"product_tag-evc-winols-de","22":"product_tag-klangabstimmung","23":"product_tag-knallt","24":"product_tag-knallt-de","25":"product_tag-knistert","26":"product_tag-platschert","27":"product_tag-pops-und-pony","28":"product_tag-winols5-de","30":"first","31":"instock","32":"taxable","33":"shipping-taxable","34":"purchasable","35":"product-type-simple"},"acf":[],"_links":{"self":[{"href":"https:\/\/www.remap101.co.uk\/de\/wp-json\/wp\/v2\/product\/110180","targetHints":{"allow":["GET"]}}],"collection":[{"href":"https:\/\/www.remap101.co.uk\/de\/wp-json\/wp\/v2\/product"}],"about":[{"href":"https:\/\/www.remap101.co.uk\/de\/wp-json\/wp\/v2\/types\/product"}],"replies":[{"embeddable":true,"href":"https:\/\/www.remap101.co.uk\/de\/wp-json\/wp\/v2\/comments?post=110180"}],"wp:featuredmedia":[{"embeddable":true,"href":"https:\/\/www.remap101.co.uk\/de\/wp-json\/wp\/v2\/media\/110192"}],"wp:attachment":[{"href":"https:\/\/www.remap101.co.uk\/de\/wp-json\/wp\/v2\/media?parent=110180"}],"wp:term":[{"taxonomy":"product_brand","embeddable":true,"href":"https:\/\/www.remap101.co.uk\/de\/wp-json\/wp\/v2\/product_brand?post=110180"},{"taxonomy":"product_cat","embeddable":true,"href":"https:\/\/www.remap101.co.uk\/de\/wp-json\/wp\/v2\/product_cat?post=110180"},{"taxonomy":"product_tag","embeddable":true,"href":"https:\/\/www.remap101.co.uk\/de\/wp-json\/wp\/v2\/product_tag?post=110180"}],"curies":[{"name":"wp","href":"https:\/\/api.w.org\/{rel}","templated":true}]}}