{"id":51041,"date":"2021-09-30T14:46:38","date_gmt":"2021-09-30T13:46:38","guid":{"rendered":"https:\/\/www.remap101.co.uk\/product\/alientech-ecm-titanium-3-0-software-credit-version\/"},"modified":"2026-01-28T09:18:39","modified_gmt":"2026-01-28T09:18:39","slug":"alientech-ecm-titanium-software-credit-version","status":"publish","type":"product","link":"https:\/\/www.remap101.co.uk\/de\/produkt\/alientech-ecm-titanium-software-credit-version\/","title":{"rendered":"Alientech ECM Titanium 3.0 Software-Credit-Version"},"content":{"rendered":"<p>Alientech ECM Titanium Software Kreditversion. Eine echte Credit-Version der Alientech ECM Titanium 3.0 ECU Remapping Software. ECM Credit ist oft die erste Software, mit der Tuner beginnen. Sie ist sch\u00f6n und einfach zu bedienen, aber als Credit-Version ist sie auch viel billiger. Sie ist also eine wirklich gute Einstiegssoftware.    <\/p>\n<h2>Alientech ECM Titanium 3.0 Software &#8211; Kredit<\/h2>\n<h3>Was ist der Unterschied zwischen der ECM Vollversion und der Alientech ECM Titanium 3.0 Software Credit Version der Software?<\/h3>\n<p data-start=\"395\" data-end=\"685\">Der entscheidende Unterschied liegt darin, wie Sie auf die Tuning-Ressourcen zugreifen. Die ECM Titanium Credit Version ist eine kostenpflichtige ECU-Tuning-Software, ideal f\u00fcr Anf\u00e4nger oder Tuner, die nicht h\u00e4ufig tunen. Die Anschaffungskosten sind geringer, aber Sie m\u00fcssen Treiber und Kartenpakete nach und nach erwerben.  <\/p>\n<p data-start=\"687\" data-end=\"882\">Im Gegensatz dazu wird die ECM Titanium Vollversion mit allen Treibern und Kartenpaketen ausgeliefert, so dass Sie nach der Aktivierung eine unbegrenzte Anzahl von Fahrzeugen ohne zus\u00e4tzliche Kosten tunen k\u00f6nnen.<\/p>\n<p data-start=\"884\" data-end=\"1082\">\ud83d\udc49 Sie <strong data-start=\"887\" data-end=\"932\">fangen gerade erst an oder tunen nur gelegentlich?<\/strong> Die Credit-Version k\u00f6nnte der perfekte Einstieg sein.<br data-start=\"985\" data-end=\"988\">\ud83d\udc49 <strong data-start=\"991\" data-end=\"1030\">Tunen Sie regelm\u00e4\u00dfig oder professionell?<\/strong> Entscheiden Sie sich f\u00fcr die Voll- oder Promo-Version f\u00fcr maximalen Nutzen.<\/p>\n<div id=\"attachment_15881\" style=\"width: 310px\" class=\"wp-caption aligncenter\"><img decoding=\"async\" aria-describedby=\"caption-attachment-15881\" class=\"wp-image-6027 size-medium\" src=\"https:\/\/www.remap101.co.uk\/wp-content\/uploads\/2021\/09\/alientech-ecm-software.jpg\" alt=\"Alientech ECM Titanium Software - Kredit\" width=\"300\" height=\"225\"><p id=\"caption-attachment-15881\" class=\"wp-caption-text\">Alientech ECM-Software-Dongle<\/p><\/div>\n<h2>Unterst\u00fctzung bei der Ausbildung<\/h2>\n<p>Die Schulungsakademie hat alle Versionen der ECM-Software auf Lager. Schulungen und Vorf\u00fchrungen sind m\u00f6glich. Wenn Sie Hilfe bei der Auswahl der richtigen Software ben\u00f6tigen, lassen Sie es uns wissen. Das Team des technischen Supports hilft Ihnen gerne bei Ihren Fragen.   <\/p>\n<p>Die ECM Titanium Tuning Software ist sehr einfach zu bedienen und zu erlernen. Und die Schulungsakademie bietet ein umfassendes Angebot an Alientech ECM-Schulungen. Sie decken sowohl das Tuning von Benzin- als auch von Dieselmotoren ab. Und alle Aspekte der Softwareanwendung f\u00fcr Tuning und Ecu-Remapping. Einschlie\u00dflich Getriebetuning, Klonen und Tuning von Leistung und Kraftstoffverbrauch.    <\/p>\n<h2>Warum die VIEZU Technical Academy w\u00e4hlen?<\/h2>\n<p><span style=\"font-size: 16px;\">Die VIEZU Technical Academy a hilft Ihnen bei allen Fragen rund um Fahrzeugtuning und Ecu-Remapping, Tuning-Tools und Software.<\/span><\/p>\n<p>Schauen Sie sich unsere kostenlosen <a href=\"https:\/\/www.remap101.co.uk\/ar\/?post_type=sfwd-courses&#038;p=24646\">ECM-Einf\u00fchrungsschulungen<\/a>, Online-Rundg\u00e4nge und Tour-Videos an &#8211; wir sind f\u00fcr Sie da.<\/p>\n<p>Und hier finden Sie die vollst\u00e4ndige Liste der Alientech-Schulungen, sowohl als Pr\u00e4senzkurse als auch online: <a href=\"https:\/\/www.remap101.co.uk\/alientech-training\/learn-ecm-titanum\/\">VIEZU ECM-Schulung<\/a><\/p>\n<div>\n<div>\n<h2>Werden Sie Mitglied unserer Gemeinschaft | <a href=\"https:\/\/www.facebook.com\/groups\/guildoftuners\" target=\"_blank\" rel=\"noopener\">Guild of Tuners<\/a><\/h2>\n<\/div>\n<ul>\n<li>Tolle kostenlose Webinare!<\/li>\n<li>Modernste Tuning-Technik Buzz<\/li>\n<li>Frische Nachrichten von Tool &amp; Software Wizards<\/li>\n<\/ul>\n<\/div>\n<p>&nbsp;<\/p>\n","protected":false},"excerpt":{"rendered":"<p>Alientech ECM Titanium Software Kreditversion. Eine echte Credit-Version der Alientech ECM Titanium 3.0 Software f\u00fcr das Remapping von Steuerger\u00e4ten. ECM Credit ist oft die erste Software, mit der Tuner beginnen. Sie ist sch\u00f6n und einfach zu bedienen, aber als Credit-Version ist sie auch viel billiger. Sie ist also eine wirklich gute Einstiegssoftware.     <span style=\"font-family: var(--global-body-font-family); font-size: 16px;\">Sehen Sie unten mehr.<\/span><\/p>\n","protected":false},"featured_media":54604,"comment_status":"open","ping_status":"closed","template":"","meta":{"_acf_changed":false},"product_brand":[],"product_cat":[15049,22089,15045,24625],"product_tag":[23172,15258,23171,23170],"class_list":{"0":"post-51041","1":"product","2":"type-product","3":"status-publish","4":"has-post-thumbnail","6":"product_cat-alientech-de-2","7":"product_cat-ecm-titan-de-2","8":"product_cat-professionelle-tuning-tools-und-software","9":"product_cat-shop-de","10":"product_tag-alientech-ecm-titanium-3-0-software-credit-version-de","11":"product_tag-alientech-ecm-titanium-software-de","12":"product_tag-ecm-kredit-version","13":"product_tag-kredit-version","15":"first","16":"instock","17":"taxable","18":"shipping-taxable","19":"purchasable","20":"product-type-simple"},"acf":[],"_links":{"self":[{"href":"https:\/\/www.remap101.co.uk\/de\/wp-json\/wp\/v2\/product\/51041","targetHints":{"allow":["GET"]}}],"collection":[{"href":"https:\/\/www.remap101.co.uk\/de\/wp-json\/wp\/v2\/product"}],"about":[{"href":"https:\/\/www.remap101.co.uk\/de\/wp-json\/wp\/v2\/types\/product"}],"replies":[{"embeddable":true,"href":"https:\/\/www.remap101.co.uk\/de\/wp-json\/wp\/v2\/comments?post=51041"}],"wp:featuredmedia":[{"embeddable":true,"href":"https:\/\/www.remap101.co.uk\/de\/wp-json\/wp\/v2\/media\/54604"}],"wp:attachment":[{"href":"https:\/\/www.remap101.co.uk\/de\/wp-json\/wp\/v2\/media?parent=51041"}],"wp:term":[{"taxonomy":"product_brand","embeddable":true,"href":"https:\/\/www.remap101.co.uk\/de\/wp-json\/wp\/v2\/product_brand?post=51041"},{"taxonomy":"product_cat","embeddable":true,"href":"https:\/\/www.remap101.co.uk\/de\/wp-json\/wp\/v2\/product_cat?post=51041"},{"taxonomy":"product_tag","embeddable":true,"href":"https:\/\/www.remap101.co.uk\/de\/wp-json\/wp\/v2\/product_tag?post=51041"}],"curies":[{"name":"wp","href":"https:\/\/api.w.org\/{rel}","templated":true}]}}