{"id":51058,"date":"2022-01-10T18:38:55","date_gmt":"2022-01-10T18:38:55","guid":{"rendered":"https:\/\/www.remap101.co.uk\/product\/evc-winols-diesel-tuning-modul-6-von-6a\/"},"modified":"2026-01-30T13:43:47","modified_gmt":"2026-01-30T13:43:47","slug":"evc-winols-diesel-tuning-module-6-of-6a","status":"publish","type":"product","link":"https:\/\/www.remap101.co.uk\/de\/produkt\/evc-winols-diesel-tuning-module-6-of-6a\/","title":{"rendered":"VTA1027: EVC WinOLS Diesel Tuning Modul 6 von 6a"},"content":{"rendered":"<h2>VTA1027: EVC WinOLS Dieselmotor Tuning Training Online Modul 6 von 6a<\/h2>\n<p>Dies ist der 6. Teil des Viezu Remap101 Online-Trainingskurses \u00fcber Diesel-Tuning und -Kalibrierung mit EVC WinOLS.<\/p>\n<p>Der 6. Abschnitt ist in 2 Module unterteilt &#8211; siehe unten:<\/p>\n<ul>\n<li><strong>EVC WinOLS Diesel Tuning Training Modul 6 von 6a (dieses Modul)<\/strong><\/li>\n<li>EVC WinOLS Diesel Tuning Training Modul 6 von 6b (das letzte Modul in diesem Online-Kurs)<\/li>\n<\/ul>\n<p>WinOLS ist eine komplexe Software, die f\u00fcr neue Benutzer schwierig zu erlernen sein kann. Daher umfassen die Viezu Remap101 Online-Kurse in WinOLS mehr Module als unsere Kurse in anderen Softwareplattformen.<\/p>\n<p>Dieser Online-Kurs \u00fcber Dieseltuning mit WinOLS besteht aus insgesamt 8 Modulen.<\/p>\n<p>Um den vollen Nutzen und den vollen Wert dieses Online-Kurses zu erhalten, sollten Sie die Module in der richtigen Reihenfolge absolvieren. So k\u00f6nnen Sie Ihr Wissen und Ihre F\u00e4higkeiten auf strukturierte Weise aufbauen.<\/p>\n<p>Daher ist es von Vorteil, wenn Sie die vorherigen Module dieses Kurses bearbeiten, bevor Sie dieses Modul in Angriff nehmen.<\/p>\n<h3><strong>Was wird im EVC WinOLS Diesel Tuning Modul 6 von 6a behandelt:<\/strong><\/h3>\n<ol>\n<li>So nehmen Sie \u00c4nderungen an der Originaldatei vor<\/li>\n<li>So machen Sie \u00c4nderungen r\u00fcckg\u00e4ngig oder setzen sie in den urspr\u00fcnglichen Dateizustand zur\u00fcck<\/li>\n<li>Die <strong>ABC-<\/strong> Methode zur Ver\u00e4nderung<\/li>\n<li>Spitzendrehmoment&#8216; vs. &#8218;Optimales Drehmoment&#8216;<\/li>\n<li>Modifizierung von Drehmomentbegrenzern<\/li>\n<li>Speichern einer Version mit Notizen<\/li>\n<\/ol>\n<p>Der Trainer f\u00fcr dieses Trainingsmodul arbeitet seit \u00fcber 15 Jahren mit WinOLs und hat in den USA, China, dem Nahen Osten, S\u00fcdafrika und anderen L\u00e4ndern weltweit Kurse und Schulungen zum Schreiben von Master-Tuning-Karten abgehalten. Jetzt k\u00f6nnen auch Sie zu Hause oder in Ihrem Unternehmen das Insiderwissen \u00fcber Master-Tuning aus erster Hand erfahren.<\/p>\n<h3><strong>Lebenslanger Zugang zu jedem Modul<\/strong><\/h3>\n<p>Wenn Sie ein Modul kaufen, haben Sie lebenslangen Zugriff darauf. Sie k\u00f6nnen es so oft ansehen und durcharbeiten, wie Sie m\u00f6chten.<\/p>\n<p>Sie k\u00f6nnen die Schulungsvideos unterbrechen und wieder starten. Wenn Sie eine Pause brauchen oder unterbrochen werden, kein Problem &#8211; halten Sie das Video an und starten Sie es erneut, wenn Sie bereit sind. Das ist auch gut, um sich Notizen zu machen und das gerade Gesehene selbst zu \u00fcben.<\/p>\n<h3><strong>Die WinOLS-Software<\/strong><\/h3>\n<p>Sie m\u00fcssen die EVC WinOLS-Software nicht besitzen, um diese Online-WinOLS-Schulungen zu absolvieren, aber es ist besser, wenn Sie die Software auf Ihrem eigenen Computer haben. So k\u00f6nnen Sie dem Trainer im Video folgen und die gezeigten Techniken und Verfahren selbst \u00fcben.<\/p>\n<p>Wenn Sie noch keine Vollversion der EVC WinOLS Tuningsoftware besitzen, k\u00f6nnen Sie diese hier im Remap 101 Tuning Shop &#8211; <a href=\"https:\/\/www.remap101.co.uk\/de\/produkt-kategorie\/professionelle-tuning-tools-und-software\/\">Tuningsoftware ansehen und kaufen .<\/a><\/p>\n","protected":false},"excerpt":{"rendered":"<p>VTA1027: EVC WinOLS Dieselmotor Tuning Training Online Modul 6 von 6a Dies ist der 6. Teil des Viezu Remap101 Online-Trainingskurses \u00fcber Diesel-Tuning und -Kalibrierung mit EVC WinOLS. Der 6. Abschnitt ist in 2 Module unterteilt &#8211; siehe unten: EVC WinOLS Diesel Tuning Training Modul 6 von 6a (dieses Modul) EVC WinOLS Diesel Tuning Training Modul [&hellip;]<\/p>\n","protected":false},"featured_media":56806,"comment_status":"open","ping_status":"closed","template":"","meta":{"_acf_changed":false},"product_brand":[21146,19675],"product_cat":[24393,24531,24403,24405,24692,24525,24523,24787],"product_tag":[15268,15270,15272],"class_list":{"0":"post-51058","1":"product","2":"type-product","3":"status-publish","4":"has-post-thumbnail","6":"product_brand-evc","7":"product_brand-winols","8":"product_cat-alle-fahrzeug-tuning-schulungen","9":"product_cat-diesel-tuning-training","10":"product_cat-evc-winols-schulung","11":"product_cat-evc-schulung-zur-elektronischen-abstimmung","12":"product_cat-online-tuning-schulungskurse","13":"product_cat-tuning-training-nach-fahrzeugtyp","14":"product_cat-tuning-training-nach-level","15":"product_cat-software-tuning-training-de","16":"product_tag-evc-de","17":"product_tag-evc-winols-de","18":"product_tag-evc-winols-diesel-de","20":"first","21":"instock","22":"taxable","23":"shipping-taxable","24":"purchasable","25":"product-type-simple"},"acf":[],"_links":{"self":[{"href":"https:\/\/www.remap101.co.uk\/de\/wp-json\/wp\/v2\/product\/51058","targetHints":{"allow":["GET"]}}],"collection":[{"href":"https:\/\/www.remap101.co.uk\/de\/wp-json\/wp\/v2\/product"}],"about":[{"href":"https:\/\/www.remap101.co.uk\/de\/wp-json\/wp\/v2\/types\/product"}],"replies":[{"embeddable":true,"href":"https:\/\/www.remap101.co.uk\/de\/wp-json\/wp\/v2\/comments?post=51058"}],"wp:featuredmedia":[{"embeddable":true,"href":"https:\/\/www.remap101.co.uk\/de\/wp-json\/wp\/v2\/media\/56806"}],"wp:attachment":[{"href":"https:\/\/www.remap101.co.uk\/de\/wp-json\/wp\/v2\/media?parent=51058"}],"wp:term":[{"taxonomy":"product_brand","embeddable":true,"href":"https:\/\/www.remap101.co.uk\/de\/wp-json\/wp\/v2\/product_brand?post=51058"},{"taxonomy":"product_cat","embeddable":true,"href":"https:\/\/www.remap101.co.uk\/de\/wp-json\/wp\/v2\/product_cat?post=51058"},{"taxonomy":"product_tag","embeddable":true,"href":"https:\/\/www.remap101.co.uk\/de\/wp-json\/wp\/v2\/product_tag?post=51058"}],"curies":[{"name":"wp","href":"https:\/\/api.w.org\/{rel}","templated":true}]}}