{"id":51067,"date":"2022-01-06T15:07:08","date_gmt":"2022-01-06T15:07:08","guid":{"rendered":"https:\/\/www.remap101.co.uk\/product\/ecm-titan-benzin-tuning-modul-4-von-6\/"},"modified":"2026-01-07T12:27:25","modified_gmt":"2026-01-07T12:27:25","slug":"ecm-titanium-gasoline-tuning-module-4-of-6","status":"publish","type":"product","link":"https:\/\/www.remap101.co.uk\/de\/produkt\/ecm-titanium-gasoline-tuning-module-4-of-6\/","title":{"rendered":"VTA1026: ECM Titanium Gasoline Schulungsmodul 4 von 6"},"content":{"rendered":"<h2>ECM Titan Benzin | Benzin Training Online Modul 4 von 6<\/h2>\n<p>ECM Titan Benzin | Benzinschulung Online-Schulung Was wird abgedeckt:<\/p>\n<ul>\n<li>Erfahren Sie mehr \u00fcber Lambda im Zusammenhang mit dem Steuerger\u00e4te-Remapping und wie Sie \u00c4nderungen vornehmen k\u00f6nnen\n<ul>\n<li>Was ist und wie kann man \u00c4nderungen am Wastegate vornehmen?\n<ul>\n<li>Erfahren Sie, warum und wie das Wastegate ge\u00e4ndert werden muss<\/li>\n<\/ul>\n<\/li>\n<li>So passen Sie Spark-Maps in einem Benzin-Turbomotor an\n<ul>\n<li>Erkunden Sie also Spark-Karten, erfahren Sie, wie Sie sie richtig \u00e4ndern<\/li>\n<\/ul>\n<\/li>\n<li>Dies f\u00fchrt zu einer Untertreibung der verf\u00fcgbaren Karten f\u00fcr Modifikationen an Benzinfahrzeugen. Erlernen der Logik und Strategie, warum wir sie \u00e4ndern w\u00fcrden <\/li>\n<\/ul>\n<\/li>\n<\/ul>\n<p>Dieses ECM Titanium Petrol | Gasoline Training Online Modul ist die 4. Sitzung in einer Serie von 6 Online Alientech ECM Titanium Gasoline Tuning Training Sessions. Es wird daher empfohlen, diese Kurse nacheinander zu besuchen, damit Sie den gr\u00f6\u00dften Nutzen aus dem umfangreichen Wissenstransfer ziehen k\u00f6nnen. <\/p>\n<p>Der Trainer ist so konzipiert, dass er von einem Modul zum n\u00e4chsten auf Ihrem Wissen aufbaut. Aus diesem Grund f\u00fchren Sie die praktischen \u00dcbungen, die Sie im vorangegangenen Kurs durchgef\u00fchrt haben, durch die wichtigsten Schritte auf dem Weg zum kompetenten Tuner. Selbst wenn Sie bereits mit der Alientech ECM Titanium Software arbeiten, sollten Sie daher mit der Einf\u00fchrungslektion beginnen. So stellen Sie sicher, dass Sie der Logik und dem Aufbau der Lektionen bequem Schritt f\u00fcr Schritt folgen k\u00f6nnen.   <\/p>\n<h3><strong>Alientech ECM-Tuning-Software  <\/strong><\/h3>\n<p>Theoretisch m\u00fcssen Sie die Alientech ECM-Tuning-Software noch nicht gekauft haben, um an diesem Kurs teilnehmen zu k\u00f6nnen. Um jedoch die bestm\u00f6gliche Lernerfahrung zu erzielen und um sicherzustellen, dass Sie den gr\u00f6\u00dftm\u00f6glichen Nutzen aus den Remap 101 Trainingskursen ziehen. Wir raten Ihnen wirklich, die Schulung mit der Software zu besuchen.  <\/p>\n<p>Wenn Sie \u00fcber die ECM-Software verf\u00fcgen, k\u00f6nnen Sie die Schulung aktiv verfolgen. So k\u00f6nnen Sie w\u00e4hrend und nach der Schulung an den \u00dcbungen teilnehmen. Wir wissen, dass Sie viel mehr von der Schulung haben, wenn Sie den Kurs mit der Software absolvieren. Daher wird es Sie interessieren, dass Remap 101 so ziemlich alle Tuning-Tools und -Software vorr\u00e4tig hat, liefert und schult. Den Shop f\u00fcr Tuning-Tools und Software finden Sie hier: <a href=\"https:\/\/www.remap101.co.uk\/de\/produkt-kategorie\/professionelle-tuning-tools-und-software\/\">Shop<\/a>    <\/p>\n","protected":false},"excerpt":{"rendered":"<h2>ECM Titan Benzin\/Benzin Tuning Online Schulung Modul 4 von 6<\/h2>\n","protected":false},"featured_media":56736,"comment_status":"open","ping_status":"closed","template":"","meta":{"_acf_changed":false},"product_brand":[19674,19679],"product_cat":[24393,24532,24522,24414,24692,14856,24787],"product_tag":[15304,15305,15301,15303],"class_list":{"0":"post-51067","1":"product","2":"type-product","3":"status-publish","4":"has-post-thumbnail","6":"product_brand-alientech","7":"product_brand-ecm-titanium","8":"product_cat-alle-fahrzeug-tuning-schulungen","9":"product_cat-benzin-tuning-training","10":"product_cat-brand-tuning-training-de","11":"product_cat-ecm-titanium-schulung","12":"product_cat-online-tuning-schulungskurse","13":"product_cat-alientech-de","14":"product_cat-software-tuning-training-de","15":"product_tag-benzin","16":"product_tag-benzin-de","17":"product_tag-ecm-de","18":"product_tag-ecm-titan","20":"first","21":"instock","22":"taxable","23":"shipping-taxable","24":"purchasable","25":"product-type-simple"},"acf":[],"_links":{"self":[{"href":"https:\/\/www.remap101.co.uk\/de\/wp-json\/wp\/v2\/product\/51067","targetHints":{"allow":["GET"]}}],"collection":[{"href":"https:\/\/www.remap101.co.uk\/de\/wp-json\/wp\/v2\/product"}],"about":[{"href":"https:\/\/www.remap101.co.uk\/de\/wp-json\/wp\/v2\/types\/product"}],"replies":[{"embeddable":true,"href":"https:\/\/www.remap101.co.uk\/de\/wp-json\/wp\/v2\/comments?post=51067"}],"wp:featuredmedia":[{"embeddable":true,"href":"https:\/\/www.remap101.co.uk\/de\/wp-json\/wp\/v2\/media\/56736"}],"wp:attachment":[{"href":"https:\/\/www.remap101.co.uk\/de\/wp-json\/wp\/v2\/media?parent=51067"}],"wp:term":[{"taxonomy":"product_brand","embeddable":true,"href":"https:\/\/www.remap101.co.uk\/de\/wp-json\/wp\/v2\/product_brand?post=51067"},{"taxonomy":"product_cat","embeddable":true,"href":"https:\/\/www.remap101.co.uk\/de\/wp-json\/wp\/v2\/product_cat?post=51067"},{"taxonomy":"product_tag","embeddable":true,"href":"https:\/\/www.remap101.co.uk\/de\/wp-json\/wp\/v2\/product_tag?post=51067"}],"curies":[{"name":"wp","href":"https:\/\/api.w.org\/{rel}","templated":true}]}}