{"id":51071,"date":"2022-01-11T14:37:58","date_gmt":"2022-01-11T14:37:58","guid":{"rendered":"https:\/\/www.remap101.co.uk\/product\/evc-winols-diesel-tuning-modul-6-von-6b\/"},"modified":"2026-01-30T13:55:18","modified_gmt":"2026-01-30T13:55:18","slug":"evc-winols-diesel-tuning-module-6-of-6b","status":"publish","type":"product","link":"https:\/\/www.remap101.co.uk\/de\/produkt\/evc-winols-diesel-tuning-module-6-of-6b\/","title":{"rendered":"VTA1028: EVC WinOLS Diesel Tuning Modul 6 von 6b"},"content":{"rendered":"<h2>VTA1028: EVC WinOLS Diesel Tuning Schulung Online-Kurs &#8211; Modul 6 von 6b<\/h2>\n<p>Dies ist das letzte Modul des Online-Kurses Viezu Remap101 WinOLS Diesel Engine Tuning.<\/p>\n<p>Der 6. Abschnitt des Kurses ist in 2 Teile unterteilt &#8211; a und b:<\/p>\n<ul>\n<li>EVC WinOLS Diesel Tuning Training Online Modul 6 von 6a<\/li>\n<li><strong>EVC WinOLS Diesel Tuning Training Online Modul 6 von 6b (dieses Modul)<\/strong><\/li>\n<\/ul>\n<h3><strong>Was ist im EVC WinOLS Diesel Tuning Modul 6 von 6b enthalten:<\/strong><\/h3>\n<ol>\n<li>Erfahren Sie, wie wichtig es ist, \u00c4nderungen auf \u00e4hnlichen Karten zu kontrollieren<\/li>\n<li>Lernen Sie die Kunst und F\u00e4higkeit der &#8218;Konsistenz&#8216; im Zusammenhang mit \u00c4nderungen auf verschiedenen Karten.<\/li>\n<li>Entdecken Sie den Turbodruck und den Ansatz f\u00fcr Modifikationen<\/li>\n<li>Beginn des Einspritzwinkels und die Herangehensweise an die Modifikation<\/li>\n<li>Entdecken Sie die verschiedenen Ans\u00e4tze zur Abstimmung des Schienendrucks<\/li>\n<li>Verstehen Sie die Drehmomentanforderung und den Ansatz zur \u00c4nderung<\/li>\n<li>Die Kunst und Kunstfertigkeit der &#8218;Konsistenz&#8216; in Bezug auf die Einstellung des Getriebebegrenzers neu betrachtet<\/li>\n<li>Eins-zu-Eins-Neuzuordnung &#8211; So exportieren Sie eine Datei<\/li>\n<\/ol>\n<p>Der Trainer und Referent dieses Kurses arbeitet seit \u00fcber 15 Jahren mit WinOLs f\u00fcr Fahrzeugtuning und Remapping. Er hat auf der ganzen Welt Kurse und Schulungen zum Schreiben von Master-Tuning-Karten abgehalten. Jetzt k\u00f6nnen Sie an diesen Kursen ganz bequem von zu Hause oder Ihrem Unternehmen aus teilnehmen. Lernen Sie direkt von den Experten. Entwickeln Sie Ihre F\u00e4higkeiten, Ihr Wissen und Ihre pers\u00f6nliche Entwicklung.<\/p>\n<h3><strong>Pers\u00f6nliches Wachstum<\/strong><\/h3>\n<p>Viezu Training Academy und Remap101 haben es sich zur Aufgabe gemacht, die Standards in der Tuning-Branche anzuheben und Ihnen die M\u00f6glichkeit zu geben, Ihr Wissen und Ihre F\u00e4higkeiten zu entwickeln und Ihr Tuning-Gesch\u00e4ft auszubauen.<\/p>\n<p>Um die Vorteile und den vollen Nutzen aus diesem Online-Schulungskurs zu ziehen, ist es am besten, die Module in der richtigen Reihenfolge zu absolvieren, und zwar nacheinander. So k\u00f6nnen Sie am Anfang beginnen, die richtige Einrichtung und Konfiguration erlernen, grundlegende Konzepte kennenlernen und dann darauf aufbauen.<\/p>\n<p>Dies ist das letzte Modul dieses Online-Kurses, daher werden Sie von der Teilnahme an den vorherigen Modulen des Kurses profitieren.<\/p>\n<h3><strong>Lebenslanger Zugang<\/strong><\/h3>\n<p>Nach dem Kauf haben Sie lebenslangen Zugang zu jedem Modul. Sie k\u00f6nnen es so oft ansehen, wie Sie m\u00f6chten. Schauen Sie es sich an und besuchen Sie es erneut, wenn Sie m\u00f6chten.<\/p>\n<p>Sie k\u00f6nnen die Trainingsvideos unterbrechen und neu starten. Sie k\u00f6nnen dies so oft tun, wie Sie m\u00f6chten. Das hei\u00dft, Sie k\u00f6nnen eine Pause machen, wenn Sie m\u00f6chten. Auch wenn Sie unterbrochen werden, k\u00f6nnen Sie das Video anhalten und sp\u00e4ter wieder aufnehmen, wenn Sie bereit sind.<\/p>\n<h3><strong>Die EVC WinOLS Tuning Software<\/strong><\/h3>\n<p>Sie m\u00fcssen nicht unbedingt \u00fcber Ihre eigene EVC WinOLS-Software verf\u00fcgen, um diese Online-Schulungsmodule zu absolvieren. Allerdings wird Ihr Lernerfolg wesentlich besser sein, wenn Sie die Software auf Ihrem Computer installiert haben und ausf\u00fchren, w\u00e4hrend Sie die Schulungsvideos verfolgen.<\/p>\n<p>Das bedeutet, dass Sie die Prozesse und Techniken, die Sie im Video gelernt haben, selbst \u00fcben k\u00f6nnen. Das festigt Ihr Lernen.<\/p>\n<p>Wenn Sie noch keine Vollversion der EVC WinOLS Tuningsoftware besitzen, k\u00f6nnen Sie diese im Remap 101 Tuning Shop &#8211; <a href=\"https:\/\/www.remap101.co.uk\/de\/produkt-kategorie\/professionelle-tuning-tools-und-software\/\">Tuningsoftware ansehen und kaufen .<\/a><\/p>\n","protected":false},"excerpt":{"rendered":"<p>VTA1028: EVC WinOLS Diesel Tuning Schulung Online-Kurs &#8211; Modul 6 von 6b Dies ist das letzte Modul des Online-Kurses Viezu Remap101 WinOLS Diesel Engine Tuning. Der 6. Abschnitt des Kurses ist in 2 Teile unterteilt &#8211; a und b: EVC WinOLS Diesel Tuning Training Online Modul 6 von 6a EVC WinOLS Diesel Tuning Training Online [&hellip;]<\/p>\n","protected":false},"featured_media":56856,"comment_status":"open","ping_status":"closed","template":"","meta":{"_acf_changed":false},"product_brand":[21146,19675],"product_cat":[24393,24531,24403,24405,24692,24525,24523,24787],"product_tag":[15268,15270,15272],"class_list":{"0":"post-51071","1":"product","2":"type-product","3":"status-publish","4":"has-post-thumbnail","6":"product_brand-evc","7":"product_brand-winols","8":"product_cat-alle-fahrzeug-tuning-schulungen","9":"product_cat-diesel-tuning-training","10":"product_cat-evc-winols-schulung","11":"product_cat-evc-schulung-zur-elektronischen-abstimmung","12":"product_cat-online-tuning-schulungskurse","13":"product_cat-tuning-training-nach-fahrzeugtyp","14":"product_cat-tuning-training-nach-level","15":"product_cat-software-tuning-training-de","16":"product_tag-evc-de","17":"product_tag-evc-winols-de","18":"product_tag-evc-winols-diesel-de","20":"first","21":"instock","22":"taxable","23":"shipping-taxable","24":"purchasable","25":"product-type-simple"},"acf":[],"_links":{"self":[{"href":"https:\/\/www.remap101.co.uk\/de\/wp-json\/wp\/v2\/product\/51071","targetHints":{"allow":["GET"]}}],"collection":[{"href":"https:\/\/www.remap101.co.uk\/de\/wp-json\/wp\/v2\/product"}],"about":[{"href":"https:\/\/www.remap101.co.uk\/de\/wp-json\/wp\/v2\/types\/product"}],"replies":[{"embeddable":true,"href":"https:\/\/www.remap101.co.uk\/de\/wp-json\/wp\/v2\/comments?post=51071"}],"wp:featuredmedia":[{"embeddable":true,"href":"https:\/\/www.remap101.co.uk\/de\/wp-json\/wp\/v2\/media\/56856"}],"wp:attachment":[{"href":"https:\/\/www.remap101.co.uk\/de\/wp-json\/wp\/v2\/media?parent=51071"}],"wp:term":[{"taxonomy":"product_brand","embeddable":true,"href":"https:\/\/www.remap101.co.uk\/de\/wp-json\/wp\/v2\/product_brand?post=51071"},{"taxonomy":"product_cat","embeddable":true,"href":"https:\/\/www.remap101.co.uk\/de\/wp-json\/wp\/v2\/product_cat?post=51071"},{"taxonomy":"product_tag","embeddable":true,"href":"https:\/\/www.remap101.co.uk\/de\/wp-json\/wp\/v2\/product_tag?post=51071"}],"curies":[{"name":"wp","href":"https:\/\/api.w.org\/{rel}","templated":true}]}}