{"id":51084,"date":"2022-01-05T13:49:41","date_gmt":"2022-01-05T13:49:41","guid":{"rendered":"https:\/\/www.remap101.co.uk\/product\/ecm-titan-benzin-tuning-training-modul-3-von-6\/"},"modified":"2026-01-07T12:37:36","modified_gmt":"2026-01-07T12:37:36","slug":"ecm-titanium-gasoline-tuning-training-module-3-of-6","status":"publish","type":"product","link":"https:\/\/www.remap101.co.uk\/de\/produkt\/ecm-titanium-gasoline-tuning-training-module-3-of-6\/","title":{"rendered":"VTA1025: Alientech ECM Titanium Gasoline &#8211; Modul 3 von 6"},"content":{"rendered":"<h2>Alientech ECM Titanium Gasoline &#8211; Modul 3 von 6<\/h2>\n<p>ECM Titan Benzin Tuning Training Was ist abgedeckt:<\/p>\n<ul>\n<li><span style=\"font-family: var(--global-body-font-family);\">Wie Sie das Benzintuning bei verschiedenen Fahrzeugtypen angehen und wie Sie die Logik aus vorherigen Lektionen \u00fcbertragen und auf diese Lektion anwenden.<\/span><\/li>\n<li style=\"list-style-type: none;\">\n<ul>\n<li>\n<ul>\n<li>Welches Setup setzt der Fahrzeughersteller f\u00fcr das Benzinfahrzeug ein<\/li>\n<\/ul>\n<\/li>\n<li>Aktenuntersuchung\n<ul>\n<li>Welche Tastenzuordnungen zu pr\u00fcfen sind<\/li>\n<li>Was bewirken diese Kennfelder und welche Auswirkungen haben sie auf das Fahrzeug<\/li>\n<li>Die Vorteile des Verst\u00e4ndnisses dieser Schl\u00fcsselkarten und<\/li>\n<li>Die potenziellen Verbesserungen<\/li>\n<li>So erkennen Sie eine sichere und zuverl\u00e4ssige Leistungssteigerung bei Benzin-Turbofahrzeugen<\/li>\n<\/ul>\n<\/li>\n<li>Und so haben wir im Anschluss an die Untersuchung die \u00c4nderungen an den Anforderungs- und Turbo-Limitern vorgenommen, um den zus\u00e4tzlichen Boost freizuschalten, den das Fahrzeug sicher ausf\u00fchren kann.<\/li>\n<\/ul>\n<\/li>\n<\/ul>\n<p>Dieses Modul ist die 3. Sitzung einer Reihe von 6 Online-Schulungen zum Alientech ECM Titan-Benzin-Tuning. Aus diesem Grund sollten die 6 Module in aufeinanderfolgender Reihenfolge belegt werden, damit Sie den gr\u00f6\u00dftm\u00f6glichen Nutzen und das gr\u00f6\u00dftm\u00f6gliche Wissen erlangen k\u00f6nnen. Daher baut jede Trainingseinheit auf Ihrem Wissen aus dem vorherigen Kurs auf. Dies gilt auch dann, wenn Sie bereits die Alientech ECM Titanium Software verwenden. Wir empfehlen, mit einer Einf\u00fchrungsstunde zu beginnen, um sicherzustellen, dass Sie dort der Logik und Struktur der Lektionen bequem folgen k\u00f6nnen.    <\/p>\n<h3><strong>Alientech ECM-Tuning-Software  <\/strong><\/h3>\n<p>Theoretisch m\u00fcssen Sie die Alientech ECM-Tuning-Software noch nicht gekauft haben, um an diesem Kurs teilnehmen zu k\u00f6nnen. Um jedoch die bestm\u00f6gliche Lernerfahrung zu erzielen und um sicherzustellen, dass Sie den gr\u00f6\u00dftm\u00f6glichen Nutzen aus den Remap 101 Trainingskursen ziehen. Wir raten Ihnen wirklich, die Schulung mit der Software zu besuchen.  <\/p>\n<p>Wenn Sie die ECM-Software haben, k\u00f6nnen Sie das Training aktiv verfolgen. Und nehmen Sie deshalb w\u00e4hrend und nach der Schulung an den \u00dcbungen teil. Wir haben die Erfahrung gemacht, dass die Schulung das Wissen \u00fcber die Software, die in Verbindung mit dem Kurs verwendet wird, st\u00e4rkt und eine viel bessere Wissensbasis schafft. <\/p>\n<p>Remap 101 hat so ziemlich alle Tuning-Tools und Software auf Lager, liefert sie und schult sie. Sie k\u00f6nnen das Tuning-Tool und den Software-Shop hier sehen : <a href=\"https:\/\/www.remap101.co.uk\/de\/produkt-kategorie\/professionelle-tuning-tools-und-software\/\">Shop<\/a><\/p>\n","protected":false},"excerpt":{"rendered":"<h2>Alientech ECM Titanium Gasoline &#8211; Modul 3 von 6<\/h2>\n","protected":false},"featured_media":56666,"comment_status":"open","ping_status":"closed","template":"","meta":{"_acf_changed":false},"product_brand":[19674,19679],"product_cat":[24393,24532,24522,24414,24692,14856,24787],"product_tag":[15304,15305,15301,15303],"class_list":{"0":"post-51084","1":"product","2":"type-product","3":"status-publish","4":"has-post-thumbnail","6":"product_brand-alientech","7":"product_brand-ecm-titanium","8":"product_cat-alle-fahrzeug-tuning-schulungen","9":"product_cat-benzin-tuning-training","10":"product_cat-brand-tuning-training-de","11":"product_cat-ecm-titanium-schulung","12":"product_cat-online-tuning-schulungskurse","13":"product_cat-alientech-de","14":"product_cat-software-tuning-training-de","15":"product_tag-benzin","16":"product_tag-benzin-de","17":"product_tag-ecm-de","18":"product_tag-ecm-titan","20":"first","21":"instock","22":"taxable","23":"shipping-taxable","24":"product-type-simple"},"acf":[],"_links":{"self":[{"href":"https:\/\/www.remap101.co.uk\/de\/wp-json\/wp\/v2\/product\/51084","targetHints":{"allow":["GET"]}}],"collection":[{"href":"https:\/\/www.remap101.co.uk\/de\/wp-json\/wp\/v2\/product"}],"about":[{"href":"https:\/\/www.remap101.co.uk\/de\/wp-json\/wp\/v2\/types\/product"}],"replies":[{"embeddable":true,"href":"https:\/\/www.remap101.co.uk\/de\/wp-json\/wp\/v2\/comments?post=51084"}],"wp:featuredmedia":[{"embeddable":true,"href":"https:\/\/www.remap101.co.uk\/de\/wp-json\/wp\/v2\/media\/56666"}],"wp:attachment":[{"href":"https:\/\/www.remap101.co.uk\/de\/wp-json\/wp\/v2\/media?parent=51084"}],"wp:term":[{"taxonomy":"product_brand","embeddable":true,"href":"https:\/\/www.remap101.co.uk\/de\/wp-json\/wp\/v2\/product_brand?post=51084"},{"taxonomy":"product_cat","embeddable":true,"href":"https:\/\/www.remap101.co.uk\/de\/wp-json\/wp\/v2\/product_cat?post=51084"},{"taxonomy":"product_tag","embeddable":true,"href":"https:\/\/www.remap101.co.uk\/de\/wp-json\/wp\/v2\/product_tag?post=51084"}],"curies":[{"name":"wp","href":"https:\/\/api.w.org\/{rel}","templated":true}]}}