{"id":51093,"date":"2021-12-24T11:44:37","date_gmt":"2021-12-24T11:44:37","guid":{"rendered":"https:\/\/www.remap101.co.uk\/product\/ecm-titan-benzin-tuning-training-modul-2-von-6\/"},"modified":"2025-12-08T06:41:20","modified_gmt":"2025-12-08T06:41:20","slug":"ecm-titanium-gasoline-tuning-module-2-of-6","status":"publish","type":"product","link":"https:\/\/www.remap101.co.uk\/de\/produkt\/ecm-titanium-gasoline-tuning-module-2-of-6\/","title":{"rendered":"VTA1024: ECM Titanium Benzin-Tuning-Modul 2 von 6"},"content":{"rendered":"<h2>ECM Titan Benzin Tuning Online Schulung Modul 2 von 6<\/h2>\n<p>ECM Titan Benzin Tuning Online Schulung Was ist abgedeckt:<\/p>\n<ul>\n<li>Im Anschluss an die Untersuchung, indem Sie die \u00c4nderungen an der Anforderung und den Turbo-Limitern vornehmen, um den zus\u00e4tzlichen Ladedruck freizuschalten<\/li>\n<li>Was ist Lambda und wie kann man \u00c4nderungen vornehmen und den Lambda-Wert in AFR umwandeln?<\/li>\n<li>Was ist Wastegate und wie kann man \u00c4nderungen daran vornehmen?<\/li>\n<li>Anpassen der Z\u00fcndkennfelder in einem Benzin-Turbo<\/li>\n<\/ul>\n<p>Dieses Modul ist die 2. Sitzung einer Reihe von 6 Online-Alientech ECM Titan Benzin Tuning Trainings. Dieses Set von 6 Einf\u00fchrungskursen sollte wirklich in der vom Trainer vorgesehenen Reihenfolge absolviert werden, d.h. 1 bis 6. Da jede Schulungssitzung auf den Schulungen und Themen des vorherigen Kurses aufbaut; als solche, auch wenn Sie bereits die Alientech ECM-Software verwenden. Wir w\u00fcrden vorschlagen, mit einer Einf\u00fchrungsstunde zu beginnen. Auf diese Weise gibt es keine L\u00fccken in Ihrem Wissen und so flie\u00dfen die folgenden Kurse zusammen und machen Sinn.    <\/p>\n<h3><strong>Alientech ECM-Tuning-Software  <\/strong><\/h3>\n<p>Sie m\u00fcssen die Alientech ECM-Tuning-Software nicht besitzen, um an den Kursen teilzunehmen. Um jedoch die bestm\u00f6gliche Lernerfahrung zu erzielen und um sicherzustellen, dass Sie den gr\u00f6\u00dftm\u00f6glichen Nutzen aus den Remap 101 Trainingskursen ziehen. Wir raten Ihnen wirklich, die Schulung mit der ECM-Software zu absolvieren.  <\/p>\n<p>Wenn Sie \u00fcber die ECM-Software verf\u00fcgen, k\u00f6nnen Sie die Schulung aktiv verfolgen und w\u00e4hrend und nach der Schulung an den \u00dcbungen teilnehmen. Unserer Erfahrung nach wird das Training verst\u00e4rkt und schafft eine viel bessere Wissensbasis, wenn die Software in Verbindung mit dem Trainingskurs verwendet wird. <\/p>\n<p>Remap 101 f\u00fchrt, liefert und schult so ziemlich alle Tuning-Tools und Software &#8211; Sie k\u00f6nnen den Shop f\u00fcr Tuning-Tools und Software hier einsehen : <a href=\"https:\/\/www.remap101.co.uk\/de\/produkt-kategorie\/professionelle-tuning-tools-und-software\/\">Shop <\/a> <\/p>\n<p>Und wenn Sie sich nicht sicher sind, welche Tools oder Software Sie ben\u00f6tigen, ber\u00e4t Sie das technische Support-Team gerne.<\/p>\n","protected":false},"excerpt":{"rendered":"<h2>ECM Titanium Benzin\/Benzin Tuning Online Training Modul 2 von 6<\/h2>\n<p>ECM Titan Benzin Tuning Training Was ist abgedeckt:<\/p>\n<ul>\n<li>Im Anschluss an die Untersuchung werden \u00c4nderungen an der Anforderung und den Turbobegrenzern vorgenommen, um den zus\u00e4tzlichen Schub freizugeben, den das Fahrzeug sicher ausf\u00fchren kann.<\/li>\n<li>Was ist Lambda und wie kann man \u00c4nderungen vornehmen und den Lambda-Wert in AFR umwandeln?<\/li>\n<li>Was ist Wastegate und wie kann man \u00c4nderungen daran vornehmen?<\/li>\n<li>Anpassen der Z\u00fcndkennfelder in einem Benzin-Turbo<\/li>\n<\/ul>\n","protected":false},"featured_media":16331,"comment_status":"open","ping_status":"closed","template":"","meta":{"_acf_changed":false},"product_brand":[19674,19679],"product_cat":[24393,24532,24522,24414,24692,14856,24787],"product_tag":[15304,15305,15301,15303],"class_list":{"0":"post-51093","1":"product","2":"type-product","3":"status-publish","4":"has-post-thumbnail","6":"product_brand-alientech","7":"product_brand-ecm-titanium","8":"product_cat-alle-fahrzeug-tuning-schulungen","9":"product_cat-benzin-tuning-training","10":"product_cat-brand-tuning-training-de","11":"product_cat-ecm-titanium-schulung","12":"product_cat-online-tuning-schulungskurse","13":"product_cat-alientech-de","14":"product_cat-software-tuning-training-de","15":"product_tag-benzin","16":"product_tag-benzin-de","17":"product_tag-ecm-de","18":"product_tag-ecm-titan","20":"first","21":"instock","22":"taxable","23":"shipping-taxable","24":"purchasable","25":"product-type-simple"},"acf":[],"_links":{"self":[{"href":"https:\/\/www.remap101.co.uk\/de\/wp-json\/wp\/v2\/product\/51093","targetHints":{"allow":["GET"]}}],"collection":[{"href":"https:\/\/www.remap101.co.uk\/de\/wp-json\/wp\/v2\/product"}],"about":[{"href":"https:\/\/www.remap101.co.uk\/de\/wp-json\/wp\/v2\/types\/product"}],"replies":[{"embeddable":true,"href":"https:\/\/www.remap101.co.uk\/de\/wp-json\/wp\/v2\/comments?post=51093"}],"wp:featuredmedia":[{"embeddable":true,"href":"https:\/\/www.remap101.co.uk\/de\/wp-json\/wp\/v2\/media\/16331"}],"wp:attachment":[{"href":"https:\/\/www.remap101.co.uk\/de\/wp-json\/wp\/v2\/media?parent=51093"}],"wp:term":[{"taxonomy":"product_brand","embeddable":true,"href":"https:\/\/www.remap101.co.uk\/de\/wp-json\/wp\/v2\/product_brand?post=51093"},{"taxonomy":"product_cat","embeddable":true,"href":"https:\/\/www.remap101.co.uk\/de\/wp-json\/wp\/v2\/product_cat?post=51093"},{"taxonomy":"product_tag","embeddable":true,"href":"https:\/\/www.remap101.co.uk\/de\/wp-json\/wp\/v2\/product_tag?post=51093"}],"curies":[{"name":"wp","href":"https:\/\/api.w.org\/{rel}","templated":true}]}}