{"id":51101,"date":"2021-12-22T13:30:09","date_gmt":"2021-12-22T13:30:09","guid":{"rendered":"https:\/\/www.remap101.co.uk\/product\/ecm-titan-benzin-tuning-training-modul-1-von-6\/"},"modified":"2025-12-08T06:40:58","modified_gmt":"2025-12-08T06:40:58","slug":"ecm-titanium-gasoline-tuning-training-module-1-of-6","status":"publish","type":"product","link":"https:\/\/www.remap101.co.uk\/de\/produkt\/ecm-titanium-gasoline-tuning-training-module-1-of-6\/","title":{"rendered":"VTA1023: Alientech ECM Titanium Gasoline &#8211; Modul 1 von 6"},"content":{"rendered":"<h3><strong>Alientech ECM Titanium Benzin Tuning Online Modul 1 von 6<\/strong><\/h3>\n<p>ECM Titanium Benzin Tuning Training, dies ist der erste von sechs Online Alientech ECM Trainingskursen. In dieser Schulung f\u00fchren wir Sie in die ECM-Software f\u00fcr Benzin- und Diesel-Tuning ein. <\/p>\n<p>Die Tutoren dieses Alientech ECM Titanium Gasoline Tuning Online-Kurses sind seit vielen Jahren im Tuning t\u00e4tig. Sie bieten Tunern auf der ganzen Welt mit gro\u00dfen H\u00e4ndler- und Installationsnetzwerken Unterst\u00fctzung an. Au\u00dferdem bieten sie pers\u00f6nliche Tuning-Seminare auf der ganzen Welt an. Lernen Sie von diesen sehr erfahrenen Tunern, die Ihnen Tipps geben, die nur die Experten kennen und die nur wenige teilen.   <\/p>\n<p>Dies ist ein vollst\u00e4ndiges Schulungsmodul. Bitte planen Sie 1 Stunde f\u00fcr diesen Kurs und den dazugeh\u00f6rigen Test ein.<\/p>\n<p>In der Serie von 6 Online-Tuning-Kursen lernen Sie, wie Sie Original-Softwaredateien laden, die Maps identifizieren. Und wie Sie \u00c4nderungen an der Softwaredatei vornehmen, um hervorragende Ergebnisse beim Tuning zu erzielen. Liefern Sie Kraft, Leistung und individuelle Tuningdateien.  <\/p>\n<p>Die Online-Trainingseinheiten von Alientech ECM Titanium Gasoline Tuning werden am besten in der Reihenfolge von 1 bis 6 besucht. Jedes Trainingsmodul baut auf dem Wissen des letzten Kurses auf. Auch wenn Sie die ECM-Tuning-Software bereits in der Vergangenheit verwendet haben. Es ist ratsam, mit dem ersten Kurs zu beginnen, damit Sie keine L\u00fccken in Ihrer Ausbildung haben. Und jeder Kurs ist sinnvoll, wenn er sich auf Informationen aus den fr\u00fcheren Kursen bezieht.    <\/p>\n<h3><strong>Aber halt, es wird noch besser&#8230;<\/strong><\/h3>\n<p>Jede Trainingseinheit kann mehrmals angeschaut werden. Daher ist eines der gro\u00dfartigen Dinge an der Online-Schulung, wenn Sie etwas nicht ganz verstanden haben. Du kannst es dir immer wieder ansehen, und wieder und wieder, bis du es beherrschst. Und Sie k\u00f6nnen auch pausieren und neu starten. So haben Sie Zeit, sich Notizen zu machen oder sogar zu \u00fcben, was Sie gerade gesehen haben    <\/p>\n<h3><strong>Alientech ECM-Tuning-Software  <\/strong><\/h3>\n<p>Sie m\u00fcssen die Alientech ECM-Tuningsoftware weder bedienen noch besitzen, um an diesen Online-ECM-Schulungen teilnehmen zu k\u00f6nnen. Wir m\u00f6chten jedoch, dass Sie die bestm\u00f6gliche Lernerfahrung machen. Und auch das Beste aus dem Training herausholen. Dazu sollten Sie die Software ge\u00f6ffnet und installiert haben. Damit stellen Sie nicht nur sicher, dass Sie dem Kurs folgen k\u00f6nnen, sondern auch, was sehr wichtig ist, dass Sie das Gesehene und Gelernte in der Praxis anwenden k\u00f6nnen. So k\u00f6nnen Sie das Gelernte festigen, solange es noch frisch ist.     <\/p>\n<p>Remap 101 f\u00fchrt, liefert und schult so ziemlich alle Tuning-Tools und Software &#8211; Sie k\u00f6nnen den Tool- und Software-Shop hier sehen : <a href=\"https:\/\/www.remap101.co.uk\/de\/produkt-kategorie\/professionelle-tuning-tools-und-software\/\">Shop<\/a><\/p>\n","protected":false},"excerpt":{"rendered":"<h3><strong>Alientech ECM Titanium Benzin Tuning Online Modul 1 von 6<\/strong><\/h3>\n<p>ECM Titanium Benzin Tuning Training, dies ist der erste von sechs Online Alientech ECM Trainingskursen. In dieser Schulung f\u00fchren wir Sie in die ECM-Software f\u00fcr Benzin- und Diesel-Tuning ein. <\/p>\n<p>In der Serie von 6 Online-Tuning-Kursen lernen Sie, wie Sie Original-Softwaredateien laden, die Maps identifizieren. Und wie Sie \u00c4nderungen an der Softwaredatei vornehmen, um hervorragende Ergebnisse beim Tuning zu erzielen. Liefern Sie Kraft, Leistung und individuelle Tuningdateien.  <\/p>\n","protected":false},"featured_media":56606,"comment_status":"open","ping_status":"closed","template":"","meta":{"_acf_changed":false},"product_brand":[19674,19679],"product_cat":[24393,24532,24522,24414,24692,14856,24787],"product_tag":[15339,15258,15301,15303,15340],"class_list":{"0":"post-51101","1":"product","2":"type-product","3":"status-publish","4":"has-post-thumbnail","6":"product_brand-alientech","7":"product_brand-ecm-titanium","8":"product_cat-alle-fahrzeug-tuning-schulungen","9":"product_cat-benzin-tuning-training","10":"product_cat-brand-tuning-training-de","11":"product_cat-ecm-titanium-schulung","12":"product_cat-online-tuning-schulungskurse","13":"product_cat-alientech-de","14":"product_cat-software-tuning-training-de","15":"product_tag-alientech-ecm-titanium-schulung","16":"product_tag-alientech-ecm-titanium-software-de","17":"product_tag-ecm-de","18":"product_tag-ecm-titan","19":"product_tag-hervorstechend","21":"first","22":"instock","23":"taxable","24":"shipping-taxable","25":"purchasable","26":"product-type-simple"},"acf":[],"_links":{"self":[{"href":"https:\/\/www.remap101.co.uk\/de\/wp-json\/wp\/v2\/product\/51101","targetHints":{"allow":["GET"]}}],"collection":[{"href":"https:\/\/www.remap101.co.uk\/de\/wp-json\/wp\/v2\/product"}],"about":[{"href":"https:\/\/www.remap101.co.uk\/de\/wp-json\/wp\/v2\/types\/product"}],"replies":[{"embeddable":true,"href":"https:\/\/www.remap101.co.uk\/de\/wp-json\/wp\/v2\/comments?post=51101"}],"wp:featuredmedia":[{"embeddable":true,"href":"https:\/\/www.remap101.co.uk\/de\/wp-json\/wp\/v2\/media\/56606"}],"wp:attachment":[{"href":"https:\/\/www.remap101.co.uk\/de\/wp-json\/wp\/v2\/media?parent=51101"}],"wp:term":[{"taxonomy":"product_brand","embeddable":true,"href":"https:\/\/www.remap101.co.uk\/de\/wp-json\/wp\/v2\/product_brand?post=51101"},{"taxonomy":"product_cat","embeddable":true,"href":"https:\/\/www.remap101.co.uk\/de\/wp-json\/wp\/v2\/product_cat?post=51101"},{"taxonomy":"product_tag","embeddable":true,"href":"https:\/\/www.remap101.co.uk\/de\/wp-json\/wp\/v2\/product_tag?post=51101"}],"curies":[{"name":"wp","href":"https:\/\/api.w.org\/{rel}","templated":true}]}}