{"id":51108,"date":"2021-12-17T13:29:59","date_gmt":"2021-12-17T13:29:59","guid":{"rendered":"https:\/\/www.remap101.co.uk\/product\/evc-winols-diesel-tuning-training-modul-5-von-6\/"},"modified":"2026-01-30T13:31:06","modified_gmt":"2026-01-30T13:31:06","slug":"evc-winols-diesel-tuning-module-5-of-6","status":"publish","type":"product","link":"https:\/\/www.remap101.co.uk\/de\/produkt\/evc-winols-diesel-tuning-module-5-of-6\/","title":{"rendered":"VTA1022: EVC WinOLS Diesel Tuning Schulungsmodul 5 von 6"},"content":{"rendered":"<h2>VTA1022: EVC WinOLS Diesel Tuning Training Online Modul 5 von 6<\/h2>\n<p>WinOLS Diesel Tuning Training Online Modul 5 von 6. In diesem Online-Training lernen Sie:<\/p>\n<ul>\n<li>Verstehen der Datenbeziehungen zwischen verschiedenen Kartentypen in der ECU<\/li>\n<li>So erhalten Sie ein Verst\u00e4ndnis f\u00fcr die aktuellen Bestandswerte und Einschr\u00e4nkungen in der ECU<\/li>\n<li>Entdecken Sie versteckte Hinweise in den Tabellen und Achsen, um mehr Macht freizusetzen<\/li>\n<li>Sowie die Auswahl gemeinsamer Bezugspunkte in Karten<\/li>\n<li>Steigerung des Drehmoments \u00fcber die Serienwerte hinaus<\/li>\n<\/ul>\n<p>Der Tutor dieses Kurses arbeitet seit \u00fcber 15 Jahren mit der ECV WinOLs Software. Er hat an Kursen zum Schreiben von Master-Tuning-Karten und an Schulungen auf der ganzen Welt teilgenommen. Jetzt k\u00f6nnen auch Sie das Insiderwissen \u00fcber Master-Tuning aus erster Hand erfahren, ganz bequem von zu Hause aus.<\/p>\n<p>Es ist wichtig, dass Sie den gr\u00f6\u00dftm\u00f6glichen Nutzen aus dieser Online-Schulung zum EVC WinOLS Diesel Tuning ziehen. Daher empfehlen wir Ihnen, die vorherigen Module der Reihe zu besuchen. So k\u00f6nnen Sie sicherstellen, dass Sie die Logik und den Ablauf der Kurse vollst\u00e4ndig verstehen. Diese Online-Schulung ist die 5. in der Reihe der WinOls-Dieseltuning-Schulungen.<\/p>\n<h3>Die EVC WinOLS Tuning Software<\/h3>\n<p>Theoretisch k\u00f6nnen Sie sich diesen Online-WinOls-Schulungskurs ansehen, ohne die EVC WinOls-Software zu besitzen. Das ist jedoch nicht ideal. Wir m\u00f6chten, dass Sie das beste Schulungserlebnis erhalten. Und auch das beste Preis-Leistungs-Verh\u00e4ltnis. Daher sollten Sie die Software unbedingt dabei haben, damit Sie aktiv an der Schulung teilnehmen k\u00f6nnen. Und das, was Sie gesehen haben, in der Praxis anwenden k\u00f6nnen. Bevor Sie mit der n\u00e4chsten Sitzung fortfahren. Wenn Sie noch keine Vollversion der EVC WinOls Tuningsoftware besitzen, k\u00f6nnen Sie diese hier im Remap 101 Tuning Shop sehen <a href=\"https:\/\/www.remap101.co.uk\/de\/produkt-kategorie\/professionelle-tuning-tools-und-software\/\">Tuningsoftware <\/a><\/p>\n","protected":false},"excerpt":{"rendered":"<p>VTA1022: EVC WinOLS Diesel Tuning Training Online Modul 5 von 6 WinOLS Diesel Tuning Training Online Modul 5 von 6. In diesem Online-Training lernen Sie: Verstehen der Datenbeziehungen zwischen verschiedenen Kartentypen in der ECU So erhalten Sie ein Verst\u00e4ndnis f\u00fcr die aktuellen Bestandswerte und Einschr\u00e4nkungen in der ECU Entdecken Sie versteckte Hinweise in den Tabellen [&hellip;]<\/p>\n","protected":false},"featured_media":56556,"comment_status":"open","ping_status":"closed","template":"","meta":{"_acf_changed":false},"product_brand":[21146,19675],"product_cat":[24393,24531,24403,24405,24692,24525,24523,24787],"product_tag":[15268,15270,15272],"class_list":{"0":"post-51108","1":"product","2":"type-product","3":"status-publish","4":"has-post-thumbnail","6":"product_brand-evc","7":"product_brand-winols","8":"product_cat-alle-fahrzeug-tuning-schulungen","9":"product_cat-diesel-tuning-training","10":"product_cat-evc-winols-schulung","11":"product_cat-evc-schulung-zur-elektronischen-abstimmung","12":"product_cat-online-tuning-schulungskurse","13":"product_cat-tuning-training-nach-fahrzeugtyp","14":"product_cat-tuning-training-nach-level","15":"product_cat-software-tuning-training-de","16":"product_tag-evc-de","17":"product_tag-evc-winols-de","18":"product_tag-evc-winols-diesel-de","20":"first","21":"instock","22":"taxable","23":"shipping-taxable","24":"purchasable","25":"product-type-simple"},"acf":[],"_links":{"self":[{"href":"https:\/\/www.remap101.co.uk\/de\/wp-json\/wp\/v2\/product\/51108","targetHints":{"allow":["GET"]}}],"collection":[{"href":"https:\/\/www.remap101.co.uk\/de\/wp-json\/wp\/v2\/product"}],"about":[{"href":"https:\/\/www.remap101.co.uk\/de\/wp-json\/wp\/v2\/types\/product"}],"replies":[{"embeddable":true,"href":"https:\/\/www.remap101.co.uk\/de\/wp-json\/wp\/v2\/comments?post=51108"}],"wp:featuredmedia":[{"embeddable":true,"href":"https:\/\/www.remap101.co.uk\/de\/wp-json\/wp\/v2\/media\/56556"}],"wp:attachment":[{"href":"https:\/\/www.remap101.co.uk\/de\/wp-json\/wp\/v2\/media?parent=51108"}],"wp:term":[{"taxonomy":"product_brand","embeddable":true,"href":"https:\/\/www.remap101.co.uk\/de\/wp-json\/wp\/v2\/product_brand?post=51108"},{"taxonomy":"product_cat","embeddable":true,"href":"https:\/\/www.remap101.co.uk\/de\/wp-json\/wp\/v2\/product_cat?post=51108"},{"taxonomy":"product_tag","embeddable":true,"href":"https:\/\/www.remap101.co.uk\/de\/wp-json\/wp\/v2\/product_tag?post=51108"}],"curies":[{"name":"wp","href":"https:\/\/api.w.org\/{rel}","templated":true}]}}