{"id":51151,"date":"2021-12-13T14:39:42","date_gmt":"2021-12-13T14:39:42","guid":{"rendered":"https:\/\/www.remap101.co.uk\/product\/alientech-ecm-titanium-diesel-schulung-modul-1-von-4\/"},"modified":"2025-12-08T06:40:07","modified_gmt":"2025-12-08T06:40:07","slug":"alientech-ecm-titanium-diesel-training-module-1-of-4","status":"publish","type":"product","link":"https:\/\/www.remap101.co.uk\/de\/produkt\/alientech-ecm-titanium-diesel-training-module-1-of-4\/","title":{"rendered":"VTA1018: Alientech E CM Titanium Diesel &#8211; Modul 1 von 4"},"content":{"rendered":"<h3><strong>Alientech ECM Titanium Diesel Trainings-Modul 1 von 4<\/strong><\/h3>\n<p>Alientech ECM Titanium Diesel Training Teil 1 von 4 ECM Titanium Software Kursen, die sich auf das Tuning von Dieselmotoren konzentrieren. Dies ist der erste von 4 Diesel-Tuning-Kursen. Sie werden Schritt f\u00fcr Schritt durch die Verwendung der ECM-Software gef\u00fchrt, um individuelle und ma\u00dfgeschneiderte Remap-Tuningdateien zu erstellen. Sie lernen, wie Sie Tuning-Kennfelder finden und identifizieren, wie Sie selbst erstellte Tuning-Dateien verwenden und wiederverwenden. Was und wie viel Sie in der Software \u00e4ndern m\u00fcssen, um Tuningdateien und Software zu entwickeln, die starke und zuverl\u00e4ssige Tuningdateien liefern.    <\/p>\n<p>Dies ist ein vollst\u00e4ndiges Schulungsmodul. Bitte planen Sie 1 Stunde f\u00fcr diesen Kurs und den dazugeh\u00f6rigen Test ein.<\/p>\n<p>Zu den wichtigsten Themen geh\u00f6ren die Herangehensweise an das Tuning von Dieselmotoren, die Ermittlung von Drehmomentkennfeldern und Begrenzern. Sie werden auch erfahren, wie wichtig diese sind und wie Sie Ihr Tuning-Projekt angehen. <\/p>\n<p>Dieser Kurs enth\u00e4lt 4 Lektionen, zus\u00e4tzliches Kursmaterial und ein Quiz zum Testen Ihres Wissens am Ende jeder Lektion. Wenn Sie den Test bestanden haben, k\u00f6nnen Sie Ihr Zertifikat \u00fcber den erfolgreichen Abschluss des Kurses herunterladen. <\/p>\n<p>Lernen Sie direkt von einem Tuning-Profi, der 15 Jahre lang mit der ECM-Software gearbeitet hat. Er hat viele Hunderte von H\u00e4ndlerkunden auf der ganzen Welt betreut und selbst Autos getunt. Viezu h\u00e4lt internationale Schulungs- und Tuningseminare an wichtigen Orten auf der ganzen Welt ab. Und jetzt k\u00f6nnen Sie zum ersten Mal ganz bequem von zu Hause aus auf dieses Insiderwissen zugreifen.   <\/p>\n<p>Informieren Sie sich \u00fcber die ECM Titanium-Versionen und erfahren Sie, welche Version f\u00fcr Sie und Ihre gesch\u00e4ftlichen Anforderungen am besten geeignet ist. Sie erfahren, wie Sie Ihre Alientech ECM Titanium Software installieren und registrieren k\u00f6nnen. Au\u00dferdem erfahren Sie mehr \u00fcber Alientech IDs und wie Sie mit Ihrer ECM Titanium Software auf die Alientech Datenbank zugreifen k\u00f6nnen.  <\/p>\n<h3><strong>Aber halt, es wird noch besser&#8230;<\/strong><\/h3>\n<p>Jede Trainingseinheit kann mehrmals angeschaut werden. Daher ist eines der gro\u00dfartigen Dinge an der Online-Schulung, wenn Sie etwas nicht ganz verstanden haben. Du kannst es dir immer wieder ansehen, und wieder und wieder, bis du es beherrschst. Und Sie k\u00f6nnen auch pausieren und neu starten. So haben Sie Zeit, sich Notizen zu machen oder sogar zu \u00fcben, was Sie gerade gesehen haben    <\/p>\n<h3><strong>Alientech ECM Titanium Software<\/strong><\/h3>\n<p>Diese Schulung wird am besten mit der Alientech ECM-Software absolviert, die auf Ihrem PC installiert ist. Wenn Sie die Software bereits haben, k\u00f6nnen Sie nicht nur an der Schulung teilnehmen. Machen Sie aber auch aktiv mit und \u00fcben Sie, was Sie w\u00e4hrend und nach der Schulung gelernt haben. Aus diesem Grund finden Sie, wenn Sie Ihre Alientech ECM Software noch nicht besitzen, die 3 verschiedenen Versionen und Optionen hier in unserem Shop: <a href=\"https:\/\/www.remap101.co.uk\/de\/produkt-kategorie\/professionelle-tuning-tools-und-software\/\">Alientech ECM<\/a>   <\/p>\n","protected":false},"excerpt":{"rendered":"<p>Dies ist die erste von 4 Diesel Tuning Schulungen. Wir f\u00fchren Sie Schritt f\u00fcr Schritt durch die Verwendung der ECM-Software, um benutzerdefinierte und ma\u00dfgeschneiderte Remap-Tuning-Dateien zu erstellen. Erfahren Sie, wie Sie Optimierungskarten finden und identifizieren, Optimierungsdateien verwenden und wiederverwenden, die Sie erstellt haben. Was und um wie viel innerhalb der Software ge\u00e4ndert werden muss, um Optimierungsdateien und Software zu entwickeln, die starke und zuverl\u00e4ssige Optimierungsdateien liefern.   <\/p>\n","protected":false},"featured_media":56416,"comment_status":"open","ping_status":"closed","template":"","meta":{"_acf_changed":false},"product_brand":[19674],"product_cat":[24393,24522,24531,24414,24692,14856,24787],"product_tag":[15339,15365,15361],"class_list":{"0":"post-51151","1":"product","2":"type-product","3":"status-publish","4":"has-post-thumbnail","6":"product_brand-alientech","7":"product_cat-alle-fahrzeug-tuning-schulungen","8":"product_cat-brand-tuning-training-de","9":"product_cat-diesel-tuning-training","10":"product_cat-ecm-titanium-schulung","11":"product_cat-online-tuning-schulungskurse","12":"product_cat-alientech-de","13":"product_cat-software-tuning-training-de","14":"product_tag-alientech-ecm-titanium-schulung","15":"product_tag-diesel-de","16":"product_tag-ecm-diesel-de","18":"first","19":"instock","20":"taxable","21":"shipping-taxable","22":"purchasable","23":"product-type-course"},"acf":[],"_links":{"self":[{"href":"https:\/\/www.remap101.co.uk\/de\/wp-json\/wp\/v2\/product\/51151","targetHints":{"allow":["GET"]}}],"collection":[{"href":"https:\/\/www.remap101.co.uk\/de\/wp-json\/wp\/v2\/product"}],"about":[{"href":"https:\/\/www.remap101.co.uk\/de\/wp-json\/wp\/v2\/types\/product"}],"replies":[{"embeddable":true,"href":"https:\/\/www.remap101.co.uk\/de\/wp-json\/wp\/v2\/comments?post=51151"}],"wp:featuredmedia":[{"embeddable":true,"href":"https:\/\/www.remap101.co.uk\/de\/wp-json\/wp\/v2\/media\/56416"}],"wp:attachment":[{"href":"https:\/\/www.remap101.co.uk\/de\/wp-json\/wp\/v2\/media?parent=51151"}],"wp:term":[{"taxonomy":"product_brand","embeddable":true,"href":"https:\/\/www.remap101.co.uk\/de\/wp-json\/wp\/v2\/product_brand?post=51151"},{"taxonomy":"product_cat","embeddable":true,"href":"https:\/\/www.remap101.co.uk\/de\/wp-json\/wp\/v2\/product_cat?post=51151"},{"taxonomy":"product_tag","embeddable":true,"href":"https:\/\/www.remap101.co.uk\/de\/wp-json\/wp\/v2\/product_tag?post=51151"}],"curies":[{"name":"wp","href":"https:\/\/api.w.org\/{rel}","templated":true}]}}