{"id":51161,"date":"2022-03-15T14:54:25","date_gmt":"2022-03-15T14:54:25","guid":{"rendered":"https:\/\/www.remap101.co.uk\/product\/evc-winols-benzin-online-training-modul-4-von-6c\/"},"modified":"2026-01-16T11:27:49","modified_gmt":"2026-01-16T11:27:49","slug":"evc-winols-gasoline-online-training-module-4-of-6c","status":"publish","type":"product","link":"https:\/\/www.remap101.co.uk\/de\/produkt\/evc-winols-gasoline-online-training-module-4-of-6c\/","title":{"rendered":"VTA1036: EVC WinOLS Benzin-Schulung Modul 4 von 6c"},"content":{"rendered":"<h2>EVC WinOLS Benzinmotor Tuning Kurs Online<\/h2>\n<h3>EVC WinOLS Tuning-Schulung f\u00fcr Benzinfahrzeuge: Modul 4 von 6c<\/h3>\n<p>Dieses WinOLS Benzin-Tuning-Trainingsmodul ist Teil des 4. Abschnitts des Viezu Remap101 Online-Kurses, der sich mit dem Tuning von Benzinmotoren und dem ECU-Remapping mit WinOLS besch\u00e4ftigt.<\/p>\n<p>Jedes Modul baut auf dem vorhergehenden auf und f\u00fchrt Sie auf einen Pfad der Kompetenzentwicklung mit der WinOls Tuning-Software. Zu den behandelten Themen geh\u00f6ren das Format der Tuningdateien und Maps, die zum Abstimmen und Kalibrieren der ECU-Software verwendet werden, sowie deren Konfiguration und Funktionen.<\/p>\n<p>In diesem Abschnitt des WinOLS Benzin-Schulungskurses befassen wir uns eingehender mit Map Packs, der Identifizierung und Kennzeichnung von Daten, dem Verst\u00e4ndnis der Datengr\u00f6\u00dfe und vielem mehr.<\/p>\n<p>WinOLS ist eine leistungsstarke Software, aber sie ist eine &#8218;leere Leinwand&#8216;, mit wenigen Hinweisen und Anleitungen f\u00fcr den Benutzer. Daher umfasst der Viezu Remap101 WinOLS Kurs mehr Module als einige unserer anderen Kurse f\u00fcr andere Softwareplattformen.<\/p>\n<p>Dieser 4. Teil unseres WinOLS-Kurses ist in 4 Module unterteilt, um den Lernstoff besser verdaulich zu machen. Die Module sind unten aufgef\u00fchrt. Versuchen Sie, die Module in der richtigen Reihenfolge zu bearbeiten &#8211; das wird Ihnen beim Lernen und Verstehen helfen.<\/p>\n<ol>\n<li><a href=\"https:\/\/www.remap101.co.uk\/de\/produkt\/evc-winols-gasoline-tuning-training-online-module-4-of-6a\/?preview_id=9492&amp;preview_nonce=dd2e67b2f7&amp;_thumbnail_id=9185&amp;preview=true\">EVC WinOLS Benzin Training Online: Modul 4 von 6a &#8211; Klicken Sie hier, um diese Lektion zu kaufen<\/a><\/li>\n<li><a href=\"https:\/\/www.remap101.co.uk\/de\/produkt\/evc-winols-gasoline-tuning-training-online-module-4-of-6b\/\">EVC WinOLS Benzin Training Online: Modul 4 von 6b \u2013 Klicken Sie hier, um diese Lektion zu kaufen<\/a><\/li>\n<li><strong>WinOLS Benzin-Schulung Online: Modul 4 von 6c &#8211; dieses Modul<\/strong><\/li>\n<li><a href=\"https:\/\/www.remap101.co.uk\/de\/produkt\/evc-winols-gasoline-tuning-training-online-module-4-of-6d\/?preview_id=9496&amp;preview_nonce=86e4c91d22&amp;_thumbnail_id=9185&amp;preview=true\">EVC WinOLS Benzin Training Online: Modul 4 von 6d \u2013 Klicken Sie hier, um diese Lektion zu kaufen<\/a><\/li>\n<\/ol>\n<h3>Die Vorteile von Online-Schulungen mit Viezu<\/h3>\n<p>Nach dem Kauf kann jede dieser Schulungen mehrmals angesehen werden &#8211; es gibt keine Begrenzung &#8211; Sie haben lebenslangen Zugang. Sie k\u00f6nnen die Videos zu einem sp\u00e4teren Zeitpunkt ansehen und wiederholen, wann immer Sie m\u00f6chten. Wenn Sie bestimmte Punkte nicht ganz verstehen, k\u00f6nnen Sie sie nach Belieben noch einmal durchgehen. Das ist Lernen in Ihrem eigenen Tempo.<\/p>\n<p>Sie haben die M\u00f6glichkeit, Videos anzuhalten und neu zu starten. Das ist gut, um sich Notizen zu machen. Sie k\u00f6nnen den Kurs verfolgen, w\u00e4hrend Sie praktisch \u00fcben &#8211; wir stellen eine Originaldatei zum \u00dcben zur Verf\u00fcgung. Sie k\u00f6nnen genau verfolgen, was der Trainer macht.<\/p>\n<h3>EVC WinOLs Tuning-Software<\/h3>\n<p>Sie ben\u00f6tigen die EVC WinOLS Software nicht unbedingt, um diesen WinOLS Gasoline Online-Kurs zu absolvieren, aber wir empfehlen sie sehr. Wenn Sie die WinOLS-Software besitzen, wird Ihr Lernerlebnis verbessert &#8211; Sie k\u00f6nnen die Software \u00f6ffnen und arbeiten, w\u00e4hrend Sie den Kurs verfolgen.<\/p>\n<p>Wenn Sie die EVC WinOls Tuning- und Mapping-Software kaufen m\u00f6chten, finden Sie sie hier in unserem Online-Shop &#8211; <a href=\"https:\/\/www.remap101.co.uk\/product\/winols-5-tuning-software-evc\/\">WinOls Software<\/a>.<\/p>\n<p>ECU Remapping und Remap-Training von der Viezu Training Academy und Remap101.<\/p>\n","protected":false},"excerpt":{"rendered":"<p>EVC WinOLS Benzin-Tuning-Schulung: Modul 4 von 6c; In dieser Lektion erfahren Sie<span style=\"font-family: var(--global-body-font-family);\">, wie Sie ein &#8222;Map Pack&#8220; importieren, <\/span>wie Sie ein Profil f\u00fcr den Steuerger\u00e4tetyp erstellen und vieles mehr.<\/p>\n","protected":false},"featured_media":57526,"comment_status":"open","ping_status":"closed","template":"","meta":{"_acf_changed":false},"product_brand":[21146,19675],"product_cat":[24393,24532,24522,24403,24405,24692,24787],"product_tag":[15268,23016,23017],"class_list":{"0":"post-51161","1":"product","2":"type-product","3":"status-publish","4":"has-post-thumbnail","6":"product_brand-evc","7":"product_brand-winols","8":"product_cat-alle-fahrzeug-tuning-schulungen","9":"product_cat-benzin-tuning-training","10":"product_cat-brand-tuning-training-de","11":"product_cat-evc-winols-schulung","12":"product_cat-evc-schulung-zur-elektronischen-abstimmung","13":"product_cat-online-tuning-schulungskurse","14":"product_cat-software-tuning-training-de","15":"product_tag-evc-de","16":"product_tag-gasolina-de","17":"product_tag-software-zum-einstellen-von-winols-5-evc","19":"first","20":"instock","21":"taxable","22":"shipping-taxable","23":"purchasable","24":"product-type-simple"},"acf":[],"_links":{"self":[{"href":"https:\/\/www.remap101.co.uk\/de\/wp-json\/wp\/v2\/product\/51161","targetHints":{"allow":["GET"]}}],"collection":[{"href":"https:\/\/www.remap101.co.uk\/de\/wp-json\/wp\/v2\/product"}],"about":[{"href":"https:\/\/www.remap101.co.uk\/de\/wp-json\/wp\/v2\/types\/product"}],"replies":[{"embeddable":true,"href":"https:\/\/www.remap101.co.uk\/de\/wp-json\/wp\/v2\/comments?post=51161"}],"wp:featuredmedia":[{"embeddable":true,"href":"https:\/\/www.remap101.co.uk\/de\/wp-json\/wp\/v2\/media\/57526"}],"wp:attachment":[{"href":"https:\/\/www.remap101.co.uk\/de\/wp-json\/wp\/v2\/media?parent=51161"}],"wp:term":[{"taxonomy":"product_brand","embeddable":true,"href":"https:\/\/www.remap101.co.uk\/de\/wp-json\/wp\/v2\/product_brand?post=51161"},{"taxonomy":"product_cat","embeddable":true,"href":"https:\/\/www.remap101.co.uk\/de\/wp-json\/wp\/v2\/product_cat?post=51161"},{"taxonomy":"product_tag","embeddable":true,"href":"https:\/\/www.remap101.co.uk\/de\/wp-json\/wp\/v2\/product_tag?post=51161"}],"curies":[{"name":"wp","href":"https:\/\/api.w.org\/{rel}","templated":true}]}}