{"id":51169,"date":"2022-03-10T15:52:25","date_gmt":"2022-03-10T15:52:25","guid":{"rendered":"https:\/\/www.remap101.co.uk\/product\/evc-winols-benzin-tuning-training-online-modul-4-von-6b\/"},"modified":"2026-01-16T11:13:05","modified_gmt":"2026-01-16T11:13:05","slug":"evc-winols-gasoline-tuning-training-online-module-4-of-6b","status":"publish","type":"product","link":"https:\/\/www.remap101.co.uk\/de\/produkt\/evc-winols-gasoline-tuning-training-online-module-4-of-6b\/","title":{"rendered":"VTA1035: EVC WinOLS Benzin-Tuning-Modul 4 von 6b"},"content":{"rendered":"<h2><strong>EVC WinOLS Benzinfahrzeug-Tuning Training Online<\/strong><\/h2>\n<h3>EVC WinOLS Online-Schulung Benzin-Motoren: Modul 4 von 6b<\/h3>\n<p>Dieses WinOLS Benzin-Tuning Online-Modul ist Teil des 4. Abschnitts des Viezu Remap101 Online-Kurses \u00fcber das Tuning von Benzinmotoren und ECU-Remapping mit WinOLS.<\/p>\n<p>Jedes Modul baut auf dem vorhergehenden auf. Entwickeln Sie Ihre WinOLS Kenntnisse und F\u00e4higkeiten Modul f\u00fcr Modul auf strukturierte Weise. Sie lernen das Format von Tuningdateien und die Kennfelder kennen, die zum Abstimmen und Kalibrieren der ECU von Benzinmotoren verwendet werden.<\/p>\n<p>In diesem Modul befassen wir uns mit Kartenpaketen, der Identifizierung und Kennzeichnung von Daten, dem Verst\u00e4ndnis der Datengr\u00f6\u00dfe und vielem mehr.<\/p>\n<p>WinOLS ist eine leistungsstarke Software, die aber schwer zu erlernen ist. WinOLS gibt dem Benutzer nicht viel Anleitung. Der Benutzer muss in der Lage sein, mit Daten in Rohform zu arbeiten. Deshalb bestehen die Viezu Remap101 Online-Schulungen f\u00fcr WinOLS aus mehr Modulen als unsere anderen Online-Kurse f\u00fcr andere Software.<\/p>\n<p>Dieser 4. Teil unseres WinOLS-Benzinkurses umfasst 4 Module &#8211; a, b, c, d. Die Module sind unten aufgef\u00fchrt.<\/p>\n<p>Diese 4 Module umfassen zusammen etwa 5 Stunden Lernzeit. Jedes Modul umfasst etwa eine Stunde Lernzeit.<\/p>\n<p>In jedem Modul gibt es Quizfragen &#8211; so k\u00f6nnen Sie Ihr Wissen testen.<\/p>\n<ol>\n<li><a href=\"https:\/\/www.remap101.co.uk\/de\/produkt\/evc-winols-gasoline-tuning-training-online-module-4-of-6a\/?preview_id=9492&amp;preview_nonce=dd2e67b2f7&amp;_thumbnail_id=9185&amp;preview=true\">EVC WinOLS Benzin Training Online: Modul 4 von 6a &#8211; Klicken Sie hier, um diese Lektion zu kaufen<\/a><\/li>\n<li><strong>EVC WinOLS Benzin-Schulung Online: Modul 4 von 6b &#8211; diese Lektion<\/strong><\/li>\n<li><a href=\"https:\/\/www.remap101.co.uk\/pt-br\/?post_type=sfwd-courses&amp;p=64436\">EVC WinOLS Benzin Training Online: Modul 4 von 6c \u2013 Klicken Sie hier, um diese Lektion zu kaufen<\/a><\/li>\n<li><a href=\"https:\/\/www.remap101.co.uk\/de\/produkt\/evc-winols-gasoline-tuning-training-online-module-4-of-6d\/?preview_id=9496&amp;preview_nonce=86e4c91d22&amp;_thumbnail_id=9185&amp;preview=true\">EVC WinOLS Benzin Training Online: Modul 4 von 6d \u2013 Klicken Sie hier, um diese Lektion zu kaufen<\/a><\/li>\n<\/ol>\n<h3>Die Vorteile von Online-Schulungen mit Viezu<\/h3>\n<p>Nach dem Kauf k\u00f6nnen Sie jede dieser Schulungen mehrmals ansehen &#8211; Sie haben lebenslangen Zugang. Sehen Sie sich die Videos immer wieder an, wenn Sie m\u00f6chten. Wiederholen Sie bestimmte Themen und vertiefen Sie Ihr Wissen.<\/p>\n<p>Ein wesentlicher Vorteil des Viezu Remap101 EVC WinOLS Online-Lernens ist, dass Sie in Ihrem eigenen Tempo lernen k\u00f6nnen.<\/p>\n<p>Sie haben die M\u00f6glichkeit, Videos anzuhalten und neu zu starten. Das bedeutet, dass es nichts ausmacht, wenn Sie unterbrochen werden &#8211; halten Sie einfach an und starten Sie sp\u00e4ter erneut, wenn Sie bereit sind.<\/p>\n<p>Wir liefern eine Originaldatei, die Sie zum \u00dcben verwenden k\u00f6nnen. Sie k\u00f6nnen genau verfolgen, was der Trainer tut, und zwar in Echtzeit.<\/p>\n<h3>EVC WinOLs Tuning-Software<\/h3>\n<p>Die EVC WinOLS-Software ist f\u00fcr diesen WinOLS-Schulungskurs nicht unbedingt erforderlich, wir empfehlen sie jedoch dringend. Wenn die WinOLS-Software ge\u00f6ffnet ist und funktioniert, wird Ihr Lernerfolg noch gr\u00f6\u00dfer sein. Sie k\u00f6nnen das, was Sie lernen, w\u00e4hrend des Kurses \u00fcben.<\/p>\n<p>Wenn Sie echte EVC WinOls Software kaufen m\u00f6chten, k\u00f6nnen Sie diese in unserem Shop sehen und kaufen: <a href=\"https:\/\/www.remap101.co.uk\/product\/winols-5-tuning-software-evc\/\">WinOls Software<\/a>.<\/p>\n","protected":false},"excerpt":{"rendered":"<p>EVC WinOLS Benzin Online-Schulung : Modul 4 von 6b.<\/p>\n","protected":false},"featured_media":57466,"comment_status":"open","ping_status":"closed","template":"","meta":{"_acf_changed":false},"product_brand":[21146,19675],"product_cat":[24393,24532,24522,24403,24405,24692,24787],"product_tag":[15304,15305,15268,15212],"class_list":{"0":"post-51169","1":"product","2":"type-product","3":"status-publish","4":"has-post-thumbnail","6":"product_brand-evc","7":"product_brand-winols","8":"product_cat-alle-fahrzeug-tuning-schulungen","9":"product_cat-benzin-tuning-training","10":"product_cat-brand-tuning-training-de","11":"product_cat-evc-winols-schulung","12":"product_cat-evc-schulung-zur-elektronischen-abstimmung","13":"product_cat-online-tuning-schulungskurse","14":"product_cat-software-tuning-training-de","15":"product_tag-benzin","16":"product_tag-benzin-de","17":"product_tag-evc-de","18":"product_tag-winols-5-tuning-software-evc-de","20":"first","21":"instock","22":"taxable","23":"shipping-taxable","24":"purchasable","25":"product-type-simple"},"acf":[],"_links":{"self":[{"href":"https:\/\/www.remap101.co.uk\/de\/wp-json\/wp\/v2\/product\/51169","targetHints":{"allow":["GET"]}}],"collection":[{"href":"https:\/\/www.remap101.co.uk\/de\/wp-json\/wp\/v2\/product"}],"about":[{"href":"https:\/\/www.remap101.co.uk\/de\/wp-json\/wp\/v2\/types\/product"}],"replies":[{"embeddable":true,"href":"https:\/\/www.remap101.co.uk\/de\/wp-json\/wp\/v2\/comments?post=51169"}],"wp:featuredmedia":[{"embeddable":true,"href":"https:\/\/www.remap101.co.uk\/de\/wp-json\/wp\/v2\/media\/57466"}],"wp:attachment":[{"href":"https:\/\/www.remap101.co.uk\/de\/wp-json\/wp\/v2\/media?parent=51169"}],"wp:term":[{"taxonomy":"product_brand","embeddable":true,"href":"https:\/\/www.remap101.co.uk\/de\/wp-json\/wp\/v2\/product_brand?post=51169"},{"taxonomy":"product_cat","embeddable":true,"href":"https:\/\/www.remap101.co.uk\/de\/wp-json\/wp\/v2\/product_cat?post=51169"},{"taxonomy":"product_tag","embeddable":true,"href":"https:\/\/www.remap101.co.uk\/de\/wp-json\/wp\/v2\/product_tag?post=51169"}],"curies":[{"name":"wp","href":"https:\/\/api.w.org\/{rel}","templated":true}]}}