{"id":51185,"date":"2022-02-23T16:48:18","date_gmt":"2022-02-23T16:48:18","guid":{"rendered":"https:\/\/www.remap101.co.uk\/product\/evc-winols-benzin-tuning-training-online-modul-3-von-6\/"},"modified":"2026-01-16T13:36:17","modified_gmt":"2026-01-16T13:36:17","slug":"evc-winols-gasoline-tuning-training-online-module-3-of-6","status":"publish","type":"product","link":"https:\/\/www.remap101.co.uk\/de\/produkt\/evc-winols-gasoline-tuning-training-online-module-3-of-6\/","title":{"rendered":"VTA1033: EVC WinOLS Benzin-Tuning-Modul 3 von 6"},"content":{"rendered":"<h2>EVC WinOLS Online-Kurs Tuning von Benzinmotoren<\/h2>\n<h3>EVC WinOLS Online-Schulung f\u00fcr Benzin-Steuerger\u00e4te: Modul 3 von 6 &#8211; dieses Modul behandelt die notwendigen Schritte zum Starten und Verwalten eines neuen Projekts.<\/h3>\n<p>Dieses EVC WinOLS Tuning- und Remapping-Trainingsmodul ist der dritte Teil des Viezu Remap101 WinOLS Online-Trainingskurses f\u00fcr Benzinfahrzeug-Tuning.<\/p>\n<p>Die Viezu Remap101 Online-Schulungen sind modular aufgebaut. Jedes Modul baut auf dem vorangegangenen Modul auf. Die Module zusammengenommen ergeben ein strukturiertes Lernprogramm. Bauen Sie Ihr Wissen und Ihre F\u00e4higkeiten Schritt f\u00fcr Schritt auf.<\/p>\n<p>Der Inhalt des WinOLS Benzin-Tuning-Kurses umfasst das Format der Tuningdateien und Maps, die zum Tunen und Kalibrieren von Benzin-Steuerger\u00e4ten verwendet werden, sowie die Konfiguration und Funktionen.<\/p>\n<h3>Die Vorteile von Online-Schulungen mit Viezu<\/h3>\n<p>Nach dem Kauf haben Sie lebenslangen Zugang zu diesen Viezu Remap101 Schulungsmodulen. Sie k\u00f6nnen die Schulungsvideos unbegrenzt oft ansehen.<\/p>\n<p>Ein wesentlicher Vorteil des Viezu Remap101 Online-Lernens besteht darin, dass Sie, wenn Sie ein Konzept oder eine Technik nicht auf Anhieb verstehen, diese noch einmal durchgehen und \u00fcberpr\u00fcfen k\u00f6nnen. Sie k\u00f6nnen dies so oft tun, wie Sie m\u00f6chten. Lernen Sie in einem Tempo, das zu Ihnen passt.<\/p>\n<p>Sie k\u00f6nnen die Videos beliebig oft unterbrechen und wieder starten. So k\u00f6nnen Sie mit Unterbrechungen umgehen oder eine Pause einlegen. Au\u00dferdem haben Sie so Zeit, eine Technik oder einen Prozess auszuprobieren, bevor Sie mit dem n\u00e4chsten Teil des Videos fortfahren.<\/p>\n<h3>WinOLs Tuning-Software<\/h3>\n<p>Sie k\u00f6nnen jedes unserer WinOls-Schulungsmodule ohne die Software absolvieren. Ihre Lernerfahrung wird jedoch viel besser sein, wenn Sie die Software auf Ihrem eigenen Computer ge\u00f6ffnet haben und mit ihr arbeiten.<\/p>\n<p>Mit Ihrer eigenen Software k\u00f6nnen Sie das Gelernte \u00fcben, bevor Sie zum n\u00e4chsten Teil des Kurses \u00fcbergehen. Vertiefen Sie Ihr Wissen und gewinnen Sie Sicherheit im Umgang mit der Software.<\/p>\n<p>Wenn Sie Ihre WinOls-Originalsoftware noch nicht gekauft haben, k\u00f6nnen Sie sie in unserem Online-Shop sehen und kaufen &#8211; <a href=\"https:\/\/www.remap101.co.uk\/product\/winols-5-tuning-software-evc\/\">WinOls Software<\/a>.<\/p>\n<p>&nbsp;<\/p>\n<p>Steuerger\u00e4te-Remapping und Remap-Training von der Viezu Training Academy und Remap101.<\/p>\n","protected":false},"excerpt":{"rendered":"<p>EVC WinOLS Benzin-Tuning-Schulung : Modul 3 von 6; In dieser Lektion werden die notwendigen Schritte zum Starten eines neuen Projekts und zum \u00d6ffnen eines Projekts behandelt.<\/p>\n<p>ECU-Remapping und Remapping-Training von der VIEZU Training Academy<\/p>\n","protected":false},"featured_media":57366,"comment_status":"open","ping_status":"closed","template":"","meta":{"_acf_changed":false},"product_brand":[21146,19675],"product_cat":[24393,24532,24522,24403,24405,24692,24787],"product_tag":[15304,15305,15268,15212],"class_list":{"0":"post-51185","1":"product","2":"type-product","3":"status-publish","4":"has-post-thumbnail","6":"product_brand-evc","7":"product_brand-winols","8":"product_cat-alle-fahrzeug-tuning-schulungen","9":"product_cat-benzin-tuning-training","10":"product_cat-brand-tuning-training-de","11":"product_cat-evc-winols-schulung","12":"product_cat-evc-schulung-zur-elektronischen-abstimmung","13":"product_cat-online-tuning-schulungskurse","14":"product_cat-software-tuning-training-de","15":"product_tag-benzin","16":"product_tag-benzin-de","17":"product_tag-evc-de","18":"product_tag-winols-5-tuning-software-evc-de","20":"first","21":"instock","22":"taxable","23":"shipping-taxable","24":"purchasable","25":"product-type-simple"},"acf":[],"_links":{"self":[{"href":"https:\/\/www.remap101.co.uk\/de\/wp-json\/wp\/v2\/product\/51185","targetHints":{"allow":["GET"]}}],"collection":[{"href":"https:\/\/www.remap101.co.uk\/de\/wp-json\/wp\/v2\/product"}],"about":[{"href":"https:\/\/www.remap101.co.uk\/de\/wp-json\/wp\/v2\/types\/product"}],"replies":[{"embeddable":true,"href":"https:\/\/www.remap101.co.uk\/de\/wp-json\/wp\/v2\/comments?post=51185"}],"wp:featuredmedia":[{"embeddable":true,"href":"https:\/\/www.remap101.co.uk\/de\/wp-json\/wp\/v2\/media\/57366"}],"wp:attachment":[{"href":"https:\/\/www.remap101.co.uk\/de\/wp-json\/wp\/v2\/media?parent=51185"}],"wp:term":[{"taxonomy":"product_brand","embeddable":true,"href":"https:\/\/www.remap101.co.uk\/de\/wp-json\/wp\/v2\/product_brand?post=51185"},{"taxonomy":"product_cat","embeddable":true,"href":"https:\/\/www.remap101.co.uk\/de\/wp-json\/wp\/v2\/product_cat?post=51185"},{"taxonomy":"product_tag","embeddable":true,"href":"https:\/\/www.remap101.co.uk\/de\/wp-json\/wp\/v2\/product_tag?post=51185"}],"curies":[{"name":"wp","href":"https:\/\/api.w.org\/{rel}","templated":true}]}}