{"id":51235,"date":"2022-01-21T11:44:19","date_gmt":"2022-01-21T11:44:19","guid":{"rendered":"https:\/\/www.remap101.co.uk\/product\/evc-winols-benzin-tuning-training-online-modul-2-von-6\/"},"modified":"2026-01-06T14:01:12","modified_gmt":"2026-01-06T14:01:12","slug":"evc-winols-gasoline-tuning-module-2-of-6","status":"publish","type":"product","link":"https:\/\/www.remap101.co.uk\/de\/produkt\/evc-winols-gasoline-tuning-module-2-of-6\/","title":{"rendered":"VTA1032: EVC WinOLS Benzin-Tuning-Modul 2 von 6"},"content":{"rendered":"<h2>EVC WinOLS Benzin-Steuerger\u00e4te-Tuning Online-Kurs<\/h2>\n<h3>EVC WinOLS-Schulung f\u00fcr Benzin \/ Petrol: Modul 2 von 6 &#8211; dieses Modul behandelt den Start und die Verwaltung eines neuen Projekts in WinOLS.<\/h3>\n<p>Dieses EVC WinOLS Benzin-Tuning Online-Schulungsmodul ist das 2. Modul des Viezu Remap101 Online-Schulungskurses f\u00fcr Benzin-Steuerger\u00e4te-Tuning und -Kalibrierung mit WinOLS.<\/p>\n<p>Jedes Schulungsmodul in unseren Online-Kursen baut auf dem vorherigen Modul auf. Die Module werden miteinander kombiniert, um Ihnen ein strukturiertes Lernprogramm zu bieten, das Ihr Verst\u00e4ndnis, Ihr Wissen und Ihre praktischen F\u00e4higkeiten f\u00f6rdert.<\/p>\n<p>Die Viezu Remap101 Online-Schulung f\u00fcr WinOLS behandelt die Konfiguration und die Funktionen der Software sowie die Erstellung von Tuningdateien und Kennfeldern zur Abstimmung und Aufr\u00fcstung von Steuerger\u00e4ten f\u00fcr Benzinmotoren.<\/p>\n<p>In diesem Modul wird eine Basis-Original-Softwaredatei eines BMW-Fahrzeugs als Schulungsbeispiel verwendet. Die behandelten Tuning-Prinzipien und die Schulung zu den Funktionen und der Verwendung der WinOls-Software sind auf die meisten Tuning-Anwendungen f\u00fcr Benzinmotoren \u00fcbertragbar.<\/p>\n<h3>Die Vorteile von Online-Schulungen<\/h3>\n<p>Nach dem Kauf haben Sie lebenslangen Zugriff auf Ihr Modul &#8211; Sie k\u00f6nnen es so oft ansehen und wiederholen, wie Sie m\u00f6chten &#8211; es gibt keine Einschr\u00e4nkungen.<\/p>\n<p>Sie k\u00f6nnen das Trainingsvideo auch unterbrechen und neu starten &#8211; so oft Sie wollen. So k\u00f6nnen Sie wichtige Punkte noch einmal durchgehen. Auch wenn Sie unterbrochen werden oder eine Pause machen wollen &#8211; kein Problem &#8211; halten Sie einfach an und starten Sie das Video sp\u00e4ter wieder, wenn Sie bereit sind. Dies gibt Ihnen auch die M\u00f6glichkeit, die Techniken und Abl\u00e4ufe im Video selbst zu \u00fcben. Sie bestimmen das Tempo Ihres Lernens selbst.<\/p>\n<h3>WinOLs Tuning-Software<\/h3>\n<p>Obwohl Sie jedes der VTA WinOls-Schulungsmodule auch ohne die Software absolvieren k\u00f6nnen, wird Ihr Lernerfolg wesentlich gr\u00f6\u00dfer sein, wenn Sie die Software ge\u00f6ffnet und bei sich haben, w\u00e4hrend Sie das Schulungsvideo durchgehen. Au\u00dferdem k\u00f6nnen Sie das soeben Gelernte gleich in der Praxis anwenden.<\/p>\n<p>Wenn Sie Ihre eigene WinOls-Originalsoftware kaufen m\u00f6chten, k\u00f6nnen Sie dies in unserem Online-Shop tun &#8211; <a href=\"https:\/\/www.remap101.co.uk\/product\/winols-5-tuning-software-evc\/\">WinOls Software<\/a>.<\/p>\n<p>&nbsp;<\/p>\n<p>&nbsp;<\/p>\n<p>Steuerger\u00e4te-Remapping und Remap-Training von Viezu Training Academy und Remap101.<\/p>\n","protected":false},"excerpt":{"rendered":"<p>EVC WinOLS Benzin-Tuning-Schulung : Modul 2 von 6; In dieser Lektion werden die notwendigen Schritte zum Starten eines neuen Projekts und zum \u00d6ffnen eines Projekts behandelt.<\/p>\n","protected":false},"featured_media":57066,"comment_status":"open","ping_status":"closed","template":"","meta":{"_acf_changed":false},"product_brand":[21146,19675],"product_cat":[24393,24532,24522,24403,24405,24692,24787],"product_tag":[15268,23016,23017],"class_list":{"0":"post-51235","1":"product","2":"type-product","3":"status-publish","4":"has-post-thumbnail","6":"product_brand-evc","7":"product_brand-winols","8":"product_cat-alle-fahrzeug-tuning-schulungen","9":"product_cat-benzin-tuning-training","10":"product_cat-brand-tuning-training-de","11":"product_cat-evc-winols-schulung","12":"product_cat-evc-schulung-zur-elektronischen-abstimmung","13":"product_cat-online-tuning-schulungskurse","14":"product_cat-software-tuning-training-de","15":"product_tag-evc-de","16":"product_tag-gasolina-de","17":"product_tag-software-zum-einstellen-von-winols-5-evc","19":"first","20":"instock","21":"taxable","22":"shipping-taxable","23":"purchasable","24":"product-type-simple"},"acf":[],"_links":{"self":[{"href":"https:\/\/www.remap101.co.uk\/de\/wp-json\/wp\/v2\/product\/51235","targetHints":{"allow":["GET"]}}],"collection":[{"href":"https:\/\/www.remap101.co.uk\/de\/wp-json\/wp\/v2\/product"}],"about":[{"href":"https:\/\/www.remap101.co.uk\/de\/wp-json\/wp\/v2\/types\/product"}],"replies":[{"embeddable":true,"href":"https:\/\/www.remap101.co.uk\/de\/wp-json\/wp\/v2\/comments?post=51235"}],"wp:featuredmedia":[{"embeddable":true,"href":"https:\/\/www.remap101.co.uk\/de\/wp-json\/wp\/v2\/media\/57066"}],"wp:attachment":[{"href":"https:\/\/www.remap101.co.uk\/de\/wp-json\/wp\/v2\/media?parent=51235"}],"wp:term":[{"taxonomy":"product_brand","embeddable":true,"href":"https:\/\/www.remap101.co.uk\/de\/wp-json\/wp\/v2\/product_brand?post=51235"},{"taxonomy":"product_cat","embeddable":true,"href":"https:\/\/www.remap101.co.uk\/de\/wp-json\/wp\/v2\/product_cat?post=51235"},{"taxonomy":"product_tag","embeddable":true,"href":"https:\/\/www.remap101.co.uk\/de\/wp-json\/wp\/v2\/product_tag?post=51235"}],"curies":[{"name":"wp","href":"https:\/\/api.w.org\/{rel}","templated":true}]}}