{"id":51254,"date":"2022-01-17T16:07:21","date_gmt":"2022-01-17T16:07:21","guid":{"rendered":"https:\/\/www.remap101.co.uk\/product\/evc-winols-benzin-tuning-training-modul-1-von-6\/"},"modified":"2026-01-05T17:33:18","modified_gmt":"2026-01-05T17:33:18","slug":"evc-winols-gasoline-tuning-training-module-1-of-6","status":"publish","type":"product","link":"https:\/\/www.remap101.co.uk\/de\/produkt\/evc-winols-gasoline-tuning-training-module-1-of-6\/","title":{"rendered":"VTA1031: EVC WinOLS Benzin-Tuning-Modul 1 von 6"},"content":{"rendered":"<h2>EVC WinOLS Benzintuning-Schulungskurs<\/h2>\n<h3>EVC WinOLS Benzinmotor Tuning Online Training: Modul 1 von 6 &#8211; Beginn der Arbeit an Download, Installation und Konfiguration von EVC WinOLS 5.<\/h3>\n<p>Dies ist das erste Modul des Viezu Training Academy Remap101 Online-Trainingskurses zum Thema Tuning von Benzinmotoren und ECU-Remapping mit EVC WinOLS.<\/p>\n<p>Unsere Online-Schulungen sind modular aufgebaut. Jedes Modul baut auf dem letzten auf. Zusammen bilden die Module eines Kurses ein strukturiertes Lernprogramm.<\/p>\n<p>Sie werden maximalen Nutzen aus dem Kurs ziehen, wenn Sie die Module in der richtigen Reihenfolge absolvieren.<\/p>\n<p>EVC WinOLS ist eine leistungsstarke Tuning- und Mapping-Software. F\u00fcr neue Benutzer ist sie jedoch schwer zu erlernen. Mit WinOLS arbeiten Sie mit Rohdaten. Dadurch haben Sie viel manuelle Kontrolle, aber WinOLS bietet Ihnen keine benutzerfreundlichen Startpunkte oder Anleitungen als Teil seiner Benutzeroberfl\u00e4che.<\/p>\n<p>Der Viezu Remap101 Online-Kurs f\u00fcr WinOLS f\u00fchrt Sie Schritt f\u00fcr Schritt durch die Einrichtung, Konfiguration und Nutzung der Software &#8211; auf strukturierte Weise. Da WinOLS komplex ist, gibt es in unseren WinOLS-Kursen mehr Module als in unseren Kursen f\u00fcr andere Softwareplattformen.<\/p>\n<p>Wenn Sie alle Module dieses Online-Trainingskurses absolvieren, werden Sie WinOLS gut verstehen und wissen, wie Sie es f\u00fcr praktische Anwendungen im Bereich des Steuerger\u00e4te-Tunings, des Remappings und der Kalibrierung von Benzinmotoren einsetzen k\u00f6nnen.<\/p>\n<p>Was dieses erste Modul umfasst:<\/p>\n<ol>\n<li>So richten Sie sich f\u00fcr das erfolgreiche Schreiben von Karten ein<\/li>\n<li>Was Sie tun sollten, bevor Sie mit der Verwendung der Software beginnen<\/li>\n<li>Organisieren und Festlegen von Einstellungen<\/li>\n<li>Empfehlungen f\u00fcr Einstellungen<\/li>\n<li>Optimierung von Ansichten und Layouts<\/li>\n<li>Wie Sie die Software verwenden und was Sie vermeiden sollten<\/li>\n<\/ol>\n<p>Nehmen Sie sich bitte 1 Stunde Zeit, um dieses Modul und den Test \/ das Quiz durchzuarbeiten.<\/p>\n<p>In diesem ersten EVC WinOLS Gasoline Modul lernen Sie, wie Sie EVC WinOLS 5 herunterladen und installieren. Sie werden lernen, wie Sie die Software konfigurieren und Ihre Einstellungen vornehmen, bevor Sie Ihr erstes Projekt und Ihre erste Tuning-Datei erstellen.<\/p>\n<p>In diesem Modul dient eine Basis-Original-Softwaredatei eines BMW-Fahrzeugs als \u00dcbungsbeispiel. Die behandelten Tuning-Prinzipien und die Techniken zur Verwendung der WinOls-Software sind auf die meisten Tuning-Anwendungen f\u00fcr Benzinmotoren \u00fcbertragbar.<\/p>\n<p>Es ist nicht unbedingt erforderlich, dass Sie Ihre eigene WinOLS-Software besitzen, um an diesem Kurs teilzunehmen. Ihre Lernerfahrung wird jedoch viel besser sein, wenn Sie die Software auf Ihrem eigenen Computer ge\u00f6ffnet und dabei haben, w\u00e4hrend Sie die Module durcharbeiten. So haben Sie die M\u00f6glichkeit, mit der Software zu \u00fcben und die Prozesse und Techniken, die Sie im Video gelernt haben, selbst auszuprobieren. Dadurch wird das Gelernte gefestigt.<\/p>\n<p>Wenn Sie Ihre WinOLS-Originalsoftware noch nicht gekauft haben, k\u00f6nnen Sie sie in unserem Online-Shop ansehen und kaufen &#8211; <a href=\"https:\/\/www.remap101.co.uk\/product\/winols-5-tuning-software-evc\/\">WinOls Software<\/a>.<\/p>\n","protected":false},"excerpt":{"rendered":"<p>EVC WinOLS Benzin Tuning Modul 1 von 6; zwei Lektionen zum Download, zur Installation und zur Konfiguration von EVC WinOLS5.<\/p>\n<p>Dies ist ein vollst\u00e4ndiges Schulungsmodul, bitte erlauben Sie 1 Stunde, um diesen Kurs und den damit verbundenen Test zu absolvieren<\/p>\n","protected":false},"featured_media":57046,"comment_status":"open","ping_status":"closed","template":"","meta":{"_acf_changed":false},"product_brand":[21146,19675],"product_cat":[24393,24526,24532,24522,24403,24405,24692,24524,24787],"product_tag":[15304,15305,15268,15212],"class_list":{"0":"post-51254","1":"product","2":"type-product","3":"status-publish","4":"has-post-thumbnail","6":"product_brand-evc","7":"product_brand-winols","8":"product_cat-alle-fahrzeug-tuning-schulungen","9":"product_cat-auto-tuning-schulung","10":"product_cat-benzin-tuning-training","11":"product_cat-brand-tuning-training-de","12":"product_cat-evc-winols-schulung","13":"product_cat-evc-schulung-zur-elektronischen-abstimmung","14":"product_cat-online-tuning-schulungskurse","15":"product_cat-tuning-training-fur-anfanger","16":"product_cat-software-tuning-training-de","17":"product_tag-benzin","18":"product_tag-benzin-de","19":"product_tag-evc-de","20":"product_tag-winols-5-tuning-software-evc-de","22":"first","23":"instock","24":"taxable","25":"shipping-taxable","26":"purchasable","27":"product-type-simple"},"acf":[],"_links":{"self":[{"href":"https:\/\/www.remap101.co.uk\/de\/wp-json\/wp\/v2\/product\/51254","targetHints":{"allow":["GET"]}}],"collection":[{"href":"https:\/\/www.remap101.co.uk\/de\/wp-json\/wp\/v2\/product"}],"about":[{"href":"https:\/\/www.remap101.co.uk\/de\/wp-json\/wp\/v2\/types\/product"}],"replies":[{"embeddable":true,"href":"https:\/\/www.remap101.co.uk\/de\/wp-json\/wp\/v2\/comments?post=51254"}],"wp:featuredmedia":[{"embeddable":true,"href":"https:\/\/www.remap101.co.uk\/de\/wp-json\/wp\/v2\/media\/57046"}],"wp:attachment":[{"href":"https:\/\/www.remap101.co.uk\/de\/wp-json\/wp\/v2\/media?parent=51254"}],"wp:term":[{"taxonomy":"product_brand","embeddable":true,"href":"https:\/\/www.remap101.co.uk\/de\/wp-json\/wp\/v2\/product_brand?post=51254"},{"taxonomy":"product_cat","embeddable":true,"href":"https:\/\/www.remap101.co.uk\/de\/wp-json\/wp\/v2\/product_cat?post=51254"},{"taxonomy":"product_tag","embeddable":true,"href":"https:\/\/www.remap101.co.uk\/de\/wp-json\/wp\/v2\/product_tag?post=51254"}],"curies":[{"name":"wp","href":"https:\/\/api.w.org\/{rel}","templated":true}]}}