{"id":51262,"date":"2022-01-14T16:47:28","date_gmt":"2022-01-14T16:47:28","guid":{"rendered":"https:\/\/www.remap101.co.uk\/product\/ecm-titanium-benzin-tuning-modul-6-von-6\/"},"modified":"2026-01-07T12:29:59","modified_gmt":"2026-01-07T12:29:59","slug":"ecm-titanium-gasoline-tuning-module-6-of-6","status":"publish","type":"product","link":"https:\/\/www.remap101.co.uk\/de\/produkt\/ecm-titanium-gasoline-tuning-module-6-of-6\/","title":{"rendered":"VTA1030: ECM Titanium Benzin-Tuning-Modul 6 von 6"},"content":{"rendered":"<h2>ECM Titanium Benzin-Tuning-Modul Online 6 von 6<\/h2>\n<p>ECM Titanium Petrol I Gasoline Training : Dieser Kurs ist eine direkte Fortsetzung des ECM Titanium Gasoline Tuning Modul 5 von 6: Lektion Eins. Bitte gehen Sie zur\u00fcck und schlie\u00dfen Sie ECM Titanium Gasoline Tuning Module 5 of 6: Lesson One ab, falls Sie dies noch nicht getan haben. In diesem Kurs geht es weiter mit dem Vergleich verschiedener Kartentypen von Benzinfahrzeugen. Bitte beachten Sie, dass die vier Fahrzeugdateien in dieser Lektion enthalten sind, damit Sie die Logik in Ihrer eigenen Zeit und in Ihrem bevorzugten Lerntempo erkunden k\u00f6nnen.   <\/p>\n<h3><strong>In diesem Kurs konzentrieren wir uns auf folgende Themen:<\/strong><\/h3>\n<ol>\n<li>Spark Advance-Basiskarten-Tuning<\/li>\n<li>Was ist die Z\u00fcndverstellung bei Volllast und wie werden die erforderlichen \u00c4nderungen vorgenommen?<\/li>\n<li>Untersuchung erg\u00e4nzender Modifikationen bei Fahrzeugen mit Saugmotor<\/li>\n<li>Vergleichen Sie verschiedene NA-Fahrzeuge und ihre Bestandsdateien, um die Logik der vorgenommenen Modifikationen besser zu verstehen.<\/li>\n<\/ol>\n<p>Dieses Online-Modul der ECM Titanium Benzin I Benzin-Schulung ist das 6. Modul in einer Reihe von 6 Online-Schulungen zum Alientech ECM Titanium Benzin-Tuning. Wir empfehlen Ihnen, alle Kurse in der richtigen Reihenfolge zu besuchen, um den maximalen Nutzen aus Ihrer Investition in die Entwicklung Ihrer F\u00e4higkeiten zu ziehen. Wenn Sie alle Kurse der Serie besuchen, werden Sie sehen, dass Ihr Wissen und Ihre F\u00e4higkeiten von einem Modul zum n\u00e4chsten ausgebaut werden.  <\/p>\n<p>Mit der F\u00e4higkeit, den praktischen \u00dcbungen zu folgen, werden Sie die besten Ergebnisse beim Remap erzielen. Wir f\u00fchren Sie durch die wichtigsten Schritte, um ein kompetenter Tuner zu werden, und selbst wenn Sie bereits die Alientech ECM Titanium Software verwenden, beginnen Sie mit der Einf\u00fchrungslektion und folgen Sie bequem Schritt f\u00fcr Schritt der Logik und der Struktur der Lektionen, eins zu eins.<\/p>\n<p><strong>Aber halt, es wird noch besser&#8230;<\/strong><\/p>\n<p>Jedes Training kann mehrmals absolviert werden. Daher ist eines der gro\u00dfartigen Dinge an der Online-Schulung, wenn Sie etwas nicht ganz verstanden haben. Du kannst es dir immer wieder ansehen, und wieder und wieder, bis du es beherrschst. Und Sie k\u00f6nnen auch pausieren und neu starten. So haben Sie Zeit, sich Notizen zu machen oder sogar zu \u00fcben, was Sie gerade gesehen haben    <\/p>\n<h3><strong>Alientech ECM-Tuning-Software  <\/strong><\/h3>\n<p>Theoretisch m\u00fcssen Sie die Alientech ECM-Tuning-Software noch nicht gekauft haben, um an diesem Kurs teilnehmen zu k\u00f6nnen. Um jedoch die beste Lernerfahrung zu machen. Und um sicherzustellen, dass Sie den gr\u00f6\u00dftm\u00f6glichen Nutzen aus den Remap 101 Schulungen ziehen. Wir raten Ihnen wirklich, die Schulung mit der Software zu besuchen.   <\/p>\n<p>Wenn Sie die ECM-Software haben, k\u00f6nnen Sie das Training aktiv verfolgen. Daher k\u00f6nnen Sie w\u00e4hrend und nach dem Training an den \u00dcbungen teilnehmen. Wir wissen, dass Sie viel mehr von der Schulung haben, wenn Sie den Kurs mit der Software absolvieren. Deshalb m\u00f6chten Sie vielleicht wissen, was Remap 101 auf Lager hat und liefert. Au\u00dferdem schulen wir Sie in so ziemlich allen Tuning-Tools und Software. Sie k\u00f6nnen das Tuning-Tool und den Software-Shop hier sehen : <a href=\"https:\/\/www.remap101.co.uk\/de\/produkt-kategorie\/professionelle-tuning-tools-und-software\/\">Shop<\/a><\/p>\n","protected":false},"excerpt":{"rendered":"<h2>ECM Titan Benzin | Benzin Tuning Online Training Modul 6 von 6<\/h2>\n","protected":false},"featured_media":56976,"comment_status":"open","ping_status":"closed","template":"","meta":{"_acf_changed":false},"product_brand":[19674,19679],"product_cat":[24393,24532,24522,24414,24692,14856,24787],"product_tag":[15339,15304,15305,15301,15303],"class_list":{"0":"post-51262","1":"product","2":"type-product","3":"status-publish","4":"has-post-thumbnail","6":"product_brand-alientech","7":"product_brand-ecm-titanium","8":"product_cat-alle-fahrzeug-tuning-schulungen","9":"product_cat-benzin-tuning-training","10":"product_cat-brand-tuning-training-de","11":"product_cat-ecm-titanium-schulung","12":"product_cat-online-tuning-schulungskurse","13":"product_cat-alientech-de","14":"product_cat-software-tuning-training-de","15":"product_tag-alientech-ecm-titanium-schulung","16":"product_tag-benzin","17":"product_tag-benzin-de","18":"product_tag-ecm-de","19":"product_tag-ecm-titan","21":"first","22":"instock","23":"taxable","24":"shipping-taxable","25":"purchasable","26":"product-type-simple"},"acf":[],"_links":{"self":[{"href":"https:\/\/www.remap101.co.uk\/de\/wp-json\/wp\/v2\/product\/51262","targetHints":{"allow":["GET"]}}],"collection":[{"href":"https:\/\/www.remap101.co.uk\/de\/wp-json\/wp\/v2\/product"}],"about":[{"href":"https:\/\/www.remap101.co.uk\/de\/wp-json\/wp\/v2\/types\/product"}],"replies":[{"embeddable":true,"href":"https:\/\/www.remap101.co.uk\/de\/wp-json\/wp\/v2\/comments?post=51262"}],"wp:featuredmedia":[{"embeddable":true,"href":"https:\/\/www.remap101.co.uk\/de\/wp-json\/wp\/v2\/media\/56976"}],"wp:attachment":[{"href":"https:\/\/www.remap101.co.uk\/de\/wp-json\/wp\/v2\/media?parent=51262"}],"wp:term":[{"taxonomy":"product_brand","embeddable":true,"href":"https:\/\/www.remap101.co.uk\/de\/wp-json\/wp\/v2\/product_brand?post=51262"},{"taxonomy":"product_cat","embeddable":true,"href":"https:\/\/www.remap101.co.uk\/de\/wp-json\/wp\/v2\/product_cat?post=51262"},{"taxonomy":"product_tag","embeddable":true,"href":"https:\/\/www.remap101.co.uk\/de\/wp-json\/wp\/v2\/product_tag?post=51262"}],"curies":[{"name":"wp","href":"https:\/\/api.w.org\/{rel}","templated":true}]}}