{"id":51269,"date":"2022-01-14T16:43:03","date_gmt":"2022-01-14T16:43:03","guid":{"rendered":"https:\/\/www.remap101.co.uk\/product\/ecm-titanium-benzin-tuning-modul-5-von-6\/"},"modified":"2026-01-07T12:52:46","modified_gmt":"2026-01-07T12:52:46","slug":"ecm-titanium-gasoline-tuning-module-5-of-6","status":"publish","type":"product","link":"https:\/\/www.remap101.co.uk\/de\/produkt\/ecm-titanium-gasoline-tuning-module-5-of-6\/","title":{"rendered":"VTA1029: ECM Titanium Benzin-Tuning-Modul 5 von 6"},"content":{"rendered":"<h2>ECM Titan Benzin | Benzin Training Online Modul 5 von 6<\/h2>\n<p>ECM Titan Benzin | Benzinschulung Online-Schulung Was wird abgedeckt:<\/p>\n<ul>\n<li>Verstehen Sie die Prinzipien des Tunings von Saugfahrzeugen (NA) und<\/li>\n<li>wie man das Tuning mit der Alientech ECM Titanium Software angeht<\/li>\n<li>Der Trainer f\u00fchrt Sie durch verschiedene Fahrzeugtypen, um Sie beim Vergleich der Daten auf den Karten zu unterst\u00fctzen.<\/li>\n<li>Um Ihre Wissensentwicklung zu unterst\u00fctzen und den Kurs f\u00fcr Sie so interaktiv wie m\u00f6glich zu gestalten; Der Kurs enth\u00e4lt die Originaldateien, die Sie ben\u00f6tigen, um dem Kurs zusammen mit dem Trainer folgen zu k\u00f6nnen.<\/li>\n<li>Der Trainer behandelt die wichtigsten Vorteile des Tunings von Saugfahrzeugen und zeigt Ihnen die wichtigsten Karten, die angepasst werden k\u00f6nnen, um die Leistungssteigerungen in diesen Fahrzeugen freizuschalten<\/li>\n<\/ul>\n<p>Dieses ECM Titanium Petrol | Gasoline Training Online Modul ist der 5. Kurs in einer Serie von 6 Online Alientech ECM Titanium Gasoline Tuning Training Sessions. Wir empfehlen Ihnen, alle Kurse in der richtigen Reihenfolge zu besuchen, um den maximalen Nutzen aus Ihrer Investition in die Entwicklung Ihrer F\u00e4higkeiten zu ziehen. <\/p>\n<p>Wenn Sie alle Kurse der Serie besuchen, werden Sie sehen, dass Ihr Wissen und Ihre F\u00e4higkeiten von einem Modul zum n\u00e4chsten wachsen.<\/p>\n<p>Mit der F\u00e4higkeit, den praktischen \u00dcbungen zu folgen, werden Sie die besten Ergebnisse beim Remap erzielen. Wir f\u00fchren Sie durch die wichtigsten Schritte, um ein kompetenter Tuner zu werden, und selbst wenn Sie bereits die Alientech ECM Titanium Software verwenden, beginnen Sie mit der Einf\u00fchrungslektion und folgen Sie bequem Schritt f\u00fcr Schritt der Logik und der Struktur der Lektionen, eins zu eins.<\/p>\n<p><strong>Aber halt, es wird noch besser&#8230;<\/strong><\/p>\n<p>Jede Trainingseinheit ist so oft verf\u00fcgbar, wie Sie m\u00f6chten. Daher ist eines der gro\u00dfartigen Dinge an der Online-Schulung, wenn Sie etwas nicht ganz verstanden haben. Du kannst es dir immer wieder ansehen, und wieder und wieder, bis du es beherrschst. Und Sie k\u00f6nnen auch pausieren und neu starten. So haben Sie Zeit, sich Notizen zu machen oder sogar zu \u00fcben, was Sie gerade gesehen haben    <\/p>\n<h3><strong>Alientech ECM-Tuning-Software  <\/strong><\/h3>\n<p>Theoretisch m\u00fcssen Sie die Alientech ECM-Tuning-Software noch nicht gekauft haben, um an diesem Kurs teilnehmen zu k\u00f6nnen. Um jedoch die beste Lernerfahrung zu machen. Und um sicherzustellen, dass Sie den gr\u00f6\u00dftm\u00f6glichen Nutzen aus den Remap 101 Schulungen ziehen. Wir raten Ihnen wirklich, die Schulung mit der Software zu besuchen.   <\/p>\n<p>Wenn Sie die ECM-Software haben, k\u00f6nnen Sie das Training aktiv verfolgen. Daher k\u00f6nnen Sie w\u00e4hrend und nach dem Training an den \u00dcbungen teilnehmen. Wir wissen, dass Sie viel mehr von der Schulung haben, wenn Sie den Kurs mit der Software absolvieren. Vielleicht interessiert es Sie, dass Remap 101 so gut wie alle Tuning-Tools und -Software auf Lager hat, liefert und schult. Sie k\u00f6nnen das Tuning-Tool und den Software-Shop hier sehen : <a href=\"https:\/\/www.remap101.co.uk\/de\/produkt-kategorie\/professionelle-tuning-tools-und-software\/\">Shop<\/a><\/p>\n","protected":false},"excerpt":{"rendered":"<h2>ECM Titan Benzin\/Benzin Tuning Online Schulung Modul 5 von 6<\/h2>\n","protected":false},"featured_media":56906,"comment_status":"open","ping_status":"closed","template":"","meta":{"_acf_changed":false},"product_brand":[19674,19679],"product_cat":[24393,24532,24522,24414,24692,14856,24787],"product_tag":[15304,15305,15301,15303],"class_list":{"0":"post-51269","1":"product","2":"type-product","3":"status-publish","4":"has-post-thumbnail","6":"product_brand-alientech","7":"product_brand-ecm-titanium","8":"product_cat-alle-fahrzeug-tuning-schulungen","9":"product_cat-benzin-tuning-training","10":"product_cat-brand-tuning-training-de","11":"product_cat-ecm-titanium-schulung","12":"product_cat-online-tuning-schulungskurse","13":"product_cat-alientech-de","14":"product_cat-software-tuning-training-de","15":"product_tag-benzin","16":"product_tag-benzin-de","17":"product_tag-ecm-de","18":"product_tag-ecm-titan","20":"first","21":"instock","22":"taxable","23":"shipping-taxable","24":"purchasable","25":"product-type-simple"},"acf":[],"_links":{"self":[{"href":"https:\/\/www.remap101.co.uk\/de\/wp-json\/wp\/v2\/product\/51269","targetHints":{"allow":["GET"]}}],"collection":[{"href":"https:\/\/www.remap101.co.uk\/de\/wp-json\/wp\/v2\/product"}],"about":[{"href":"https:\/\/www.remap101.co.uk\/de\/wp-json\/wp\/v2\/types\/product"}],"replies":[{"embeddable":true,"href":"https:\/\/www.remap101.co.uk\/de\/wp-json\/wp\/v2\/comments?post=51269"}],"wp:featuredmedia":[{"embeddable":true,"href":"https:\/\/www.remap101.co.uk\/de\/wp-json\/wp\/v2\/media\/56906"}],"wp:attachment":[{"href":"https:\/\/www.remap101.co.uk\/de\/wp-json\/wp\/v2\/media?parent=51269"}],"wp:term":[{"taxonomy":"product_brand","embeddable":true,"href":"https:\/\/www.remap101.co.uk\/de\/wp-json\/wp\/v2\/product_brand?post=51269"},{"taxonomy":"product_cat","embeddable":true,"href":"https:\/\/www.remap101.co.uk\/de\/wp-json\/wp\/v2\/product_cat?post=51269"},{"taxonomy":"product_tag","embeddable":true,"href":"https:\/\/www.remap101.co.uk\/de\/wp-json\/wp\/v2\/product_tag?post=51269"}],"curies":[{"name":"wp","href":"https:\/\/api.w.org\/{rel}","templated":true}]}}