{"id":51291,"date":"2021-11-04T14:05:46","date_gmt":"2021-11-04T14:05:46","guid":{"rendered":"https:\/\/www.remap101.co.uk\/product\/evc-winols-diesel-tuning-modul-3-von-6\/"},"modified":"2026-01-20T13:25:20","modified_gmt":"2026-01-20T13:25:20","slug":"evc-winols-diesel-tuning-module-3-of-6","status":"publish","type":"product","link":"https:\/\/www.remap101.co.uk\/de\/produkt\/evc-winols-diesel-tuning-module-3-of-6\/","title":{"rendered":"VTA1015: EVC WinOLS Diesel Tuning Modul 3 von 6"},"content":{"rendered":"<h2>VTA1015: EVC WinOLS Diesel Tuning Training Online-Kurs: Modul 3 von 6<\/h2>\n<p>Dieses WinOLS Diesel Tuning Online Modul ist das 3. Trainingsmodul in unserem Viezu Remap101 WinOLS Diesel Tuning Online Training Kurs.<\/p>\n<p>Um den vollen Nutzen und den vollen Wert unserer Online-Kurse zu erhalten, sollten Sie die Module in der richtigen Reihenfolge absolvieren. So k\u00f6nnen Sie Ihr Wissen und Ihre F\u00e4higkeiten auf strukturierte Weise aufbauen. Sie beginnen mit dem Erlernen der Grundlagen und bauen dann logisch darauf auf. Jedes Modul baut auf dem Wissen des vorhergehenden auf.<\/p>\n<p>Dieser Viezu Remap101 Online-Kurs umfasst insgesamt 8 Module zur Verwendung von WinOLS f\u00fcr das Tuning und die Kalibrierung von Dieselfahrzeugen.<\/p>\n<p>WinOLS ist eine leistungsstarke Software, die aber schwer zu erlernen ist &#8211; die Benutzeroberfl\u00e4che ist eine &#8218;leere Leinwand&#8216;. Daher umfassen unsere WinOLS-Schulungen eine h\u00f6here Anzahl von Modulen als unsere Schulungen f\u00fcr andere Softwarepakete.<\/p>\n<p>In diesem Modul werden Sie tiefer in die praktische Anwendung und Nutzung von EVC WinOLS 5 eingef\u00fchrt. Sie lernen die g\u00e4ngigsten Kennfeldtypen f\u00fcr Dieselmotoren und ihre typischen Kennfeldgr\u00f6\u00dfen kennen.<\/p>\n<p>Sie werden mindestens 1 Stunde brauchen, um den Kursinhalt zu sehen.<\/p>\n<p>Wenn Sie die Online-Module von Viezu Remap101 kaufen, erhalten Sie lebenslangen Zugang &#8211; Sie k\u00f6nnen so viel ansehen und wiederholen, wie Sie wollen. Das bedeutet, dass Sie sich bestimmte Themen, die Sie interessieren, noch einmal ansehen und Ihre Kenntnisse vertiefen k\u00f6nnen.<\/p>\n<p>&nbsp;<\/p>\n<p>&nbsp;<\/p>\n<h3>EVC WinOLS 5 Software<\/h3>\n<p>Sie werden mit diesem Online-Kurs eine bessere Lernerfahrung machen, wenn Sie die WinOLS-Software auf Ihrem eigenen Laptop oder PC laufen lassen, w\u00e4hrend Sie den Kurs besuchen.<\/p>\n<p>Auf diese Weise k\u00f6nnen Sie \u00fcben, was Sie gerade im Video gelernt haben. Sie k\u00f6nnen verfolgen, was der Trainer Ihnen zeigt, w\u00e4hrend Sie mitmachen. Das ist praktisches Lernen, das Ihnen mehr Selbstvertrauen gibt, wenn Sie Ihr eigenes Dieseltuning und die Kalibrierung mit WinOLS durchf\u00fchren.<\/p>\n<p>Wenn Sie noch keine Vollversion der EVC WinOLS Tuningsoftware besitzen, k\u00f6nnen Sie diese hier in unserem Online-Tuning-Shop ansehen und kaufen &#8211; <a href=\"https:\/\/www.remap101.co.uk\/de\/produkt-kategorie\/professionelle-tuning-tools-und-software\/\">Tuningsoftware<\/a><\/p>\n","protected":false},"excerpt":{"rendered":"<p>EVC WinOLS Diesel Tuning Training Online: Modul 3 von 6; Diese WinOLS 5 Diesel Tuning Training Online Session ist das dritte Trainingsmodul f\u00fcr WinOlS 5 Diesel. Es ist wichtig, dass Sie die vorherigen Module bereits besucht haben, um die in diesem Schulungskurs behandelten Themen zu verstehen.<\/p>\n","protected":false},"featured_media":56306,"comment_status":"open","ping_status":"closed","template":"","meta":{"_acf_changed":false},"product_brand":[21146,19675],"product_cat":[24393,24531,24403,24405,24692,24525,24523,24787],"product_tag":[],"class_list":{"0":"post-51291","1":"product","2":"type-product","3":"status-publish","4":"has-post-thumbnail","6":"product_brand-evc","7":"product_brand-winols","8":"product_cat-alle-fahrzeug-tuning-schulungen","9":"product_cat-diesel-tuning-training","10":"product_cat-evc-winols-schulung","11":"product_cat-evc-schulung-zur-elektronischen-abstimmung","12":"product_cat-online-tuning-schulungskurse","13":"product_cat-tuning-training-nach-fahrzeugtyp","14":"product_cat-tuning-training-nach-level","15":"product_cat-software-tuning-training-de","17":"first","18":"instock","19":"taxable","20":"shipping-taxable","21":"purchasable","22":"product-type-simple"},"acf":[],"_links":{"self":[{"href":"https:\/\/www.remap101.co.uk\/de\/wp-json\/wp\/v2\/product\/51291","targetHints":{"allow":["GET"]}}],"collection":[{"href":"https:\/\/www.remap101.co.uk\/de\/wp-json\/wp\/v2\/product"}],"about":[{"href":"https:\/\/www.remap101.co.uk\/de\/wp-json\/wp\/v2\/types\/product"}],"replies":[{"embeddable":true,"href":"https:\/\/www.remap101.co.uk\/de\/wp-json\/wp\/v2\/comments?post=51291"}],"wp:featuredmedia":[{"embeddable":true,"href":"https:\/\/www.remap101.co.uk\/de\/wp-json\/wp\/v2\/media\/56306"}],"wp:attachment":[{"href":"https:\/\/www.remap101.co.uk\/de\/wp-json\/wp\/v2\/media?parent=51291"}],"wp:term":[{"taxonomy":"product_brand","embeddable":true,"href":"https:\/\/www.remap101.co.uk\/de\/wp-json\/wp\/v2\/product_brand?post=51291"},{"taxonomy":"product_cat","embeddable":true,"href":"https:\/\/www.remap101.co.uk\/de\/wp-json\/wp\/v2\/product_cat?post=51291"},{"taxonomy":"product_tag","embeddable":true,"href":"https:\/\/www.remap101.co.uk\/de\/wp-json\/wp\/v2\/product_tag?post=51291"}],"curies":[{"name":"wp","href":"https:\/\/api.w.org\/{rel}","templated":true}]}}