{"id":51299,"date":"2021-10-29T10:30:51","date_gmt":"2021-10-29T09:30:51","guid":{"rendered":"https:\/\/www.remap101.co.uk\/product\/evc-winols-diesel-tuning-modul-2-von-6\/"},"modified":"2026-01-20T13:00:23","modified_gmt":"2026-01-20T13:00:23","slug":"evc-winols-diesel-tuning-module-2-of-6","status":"publish","type":"product","link":"https:\/\/www.remap101.co.uk\/de\/produkt\/evc-winols-diesel-tuning-module-2-of-6\/","title":{"rendered":"VTA1014: EVC WinOLS Diesel Tuning Modul 2 von 6"},"content":{"rendered":"<h2>VTA1014: EVC WinOLS Diesel-Tuning-Schulungskurs: Modul 2 von 6<\/h2>\n<p>Dieses WinOLS Diesel Tuning Trainingsmodul ist das 2. Trainingsmodul in unserem Viezu Remap101 WinOLS Diesel Tuning Online-Kurs.<\/p>\n<p>Um den vollen Nutzen aus unseren Online-Kursen zu ziehen, ist es am besten, die Module in der richtigen Reihenfolge zu absolvieren. So k\u00f6nnen Sie Ihr Wissen auf logische Weise aufbauen. Sie beginnen mit den Grundlagen und bauen dann von dort aus auf. Jedes Modul baut auf dem Wissen des vorhergehenden auf.<\/p>\n<p>Dieser Viezu Remap101 Online-Trainingskurs zur Verwendung von WinOLS f\u00fcr das Tuning und die Kalibrierung von Dieselfahrzeugen besteht aus insgesamt 8 Modulen (einige der Module bestehen aus 2 Teilen &#8211; einem Teil A-Modul und einem Teil B-Modul).<\/p>\n<p>Die WinOLS-Software ist leistungsstark, aber schwierig zu erlernen &#8211; die Benutzeroberfl\u00e4che ist eine &#8222;leere Leinwand&#8220;. Daher umfassen unsere WinOLS-Schulungen eine h\u00f6here Anzahl von Modulen als unsere Schulungen f\u00fcr andere Softwarepakete.<\/p>\n<p>In diesem Modul lernen Sie, wie Sie ein Projekt in EVC WinOLS 5 richtig \u00f6ffnen. Sie lernen die in der Software verwendete Terminologie kennen. Sie lernen, wie Sie durch Ihre Dateientwicklungs- und Tuning-Projekte in WinOLS navigieren k\u00f6nnen.<\/p>\n<p>Sie erfahren auch, wie Sie ein bestehendes Projekt \u00f6ffnen und was Sie beim \u00d6ffnen eines laufenden Projekts vermeiden sollten.<\/p>\n<p>Dieses WinOLS-Tuningtraining f\u00fcr Diesel beinhaltet auch eine Originaldatei f\u00fcr das Trainingsfahrzeug, einen BMW E9 320d. Damit Sie den Kurs gemeinsam mit dem Trainer verfolgen und aktiv mitgestalten k\u00f6nnen, steht Ihnen die Originaldatei zum kostenlosen Download zur Verf\u00fcgung.<\/p>\n<p>Sie werden mindestens 1 Stunde brauchen, um den Kursinhalt zu sehen. Danach sind Sie bereit, mit dem n\u00e4chsten Modul des Kurses fortzufahren.<\/p>\n<p>Wenn Sie die Online-Schulungsmodule von Viezu Remap101 kaufen, erhalten Sie lebenslangen Zugang zu den Modulen &#8211; Sie k\u00f6nnen sie so oft ansehen, wiederholen und \u00fcberpr\u00fcfen, wie Sie m\u00f6chten. Das bedeutet, dass Sie bestimmte Themen, die Sie interessieren, noch einmal durchgehen und Ihre Kenntnisse vertiefen k\u00f6nnen.<\/p>\n<p>&nbsp;<\/p>\n<p>&nbsp;<\/p>\n<h3>EVC WinOLS 5 Software<\/h3>\n<p>Sie werden mit diesem Online-Kurs eine bessere Lernerfahrung machen, wenn Sie die WinOLS-Software auf Ihrem eigenen Laptop oder PC laufen lassen, w\u00e4hrend Sie den Kurs besuchen.<\/p>\n<p>Auf diese Weise k\u00f6nnen Sie \u00fcben, was Sie gerade im Video gelernt haben. Sie k\u00f6nnen verfolgen, was der Trainer Ihnen zeigt, w\u00e4hrend Sie mitmachen. Das ist praktisches Lernen, das Ihnen mehr Selbstvertrauen gibt, wenn Sie Ihr eigenes Dieseltuning und die Kalibrierung mit WinOLS durchf\u00fchren.<\/p>\n<p>Wenn Sie noch keine Vollversion der EVC WinOLS Tuningsoftware besitzen, k\u00f6nnen Sie diese hier in unserem Online-Tuning-Shop ansehen und kaufen &#8211; <a href=\"https:\/\/www.remap101.co.uk\/de\/produkt-kategorie\/professionelle-tuning-tools-und-software\/\">Tuningsoftware<\/a><\/p>\n","protected":false},"excerpt":{"rendered":"<p>Dies ist die zweite Installation des EVC WinOLS Diesel Tuning Moduls. Es gibt sechs Module innerhalb dieser Serie &#8211; die Module unterst\u00fctzen den Lernenden, indem sie detaillierte Anweisungen zur Verwendung von EVC WinOLS von Anfang an bis hin zu fortgeschrittenen Tuning-L\u00f6sungen geben. In diesem Modul liegt der Schwerpunkt auf Projekten und der Terminologie, die in der Software verwendet wird, so dass der Lernende ein sicheres Verst\u00e4ndnis f\u00fcr die Funktionen, Schl\u00fcssel und Merkmale in der \u00e4u\u00dferst hervorragenden Software EVC WinOLS entwickelt.<\/p>\n","protected":false},"featured_media":56276,"comment_status":"open","ping_status":"closed","template":"","meta":{"_acf_changed":false},"product_brand":[21146,19675],"product_cat":[24393,24531,24403,24405,24692,24525,24523,24787],"product_tag":[15270,15272,15484,23017,15483],"class_list":{"0":"post-51299","1":"product","2":"type-product","3":"status-publish","4":"has-post-thumbnail","6":"product_brand-evc","7":"product_brand-winols","8":"product_cat-alle-fahrzeug-tuning-schulungen","9":"product_cat-diesel-tuning-training","10":"product_cat-evc-winols-schulung","11":"product_cat-evc-schulung-zur-elektronischen-abstimmung","12":"product_cat-online-tuning-schulungskurse","13":"product_cat-tuning-training-nach-fahrzeugtyp","14":"product_cat-tuning-training-nach-level","15":"product_cat-software-tuning-training-de","16":"product_tag-evc-winols-de","17":"product_tag-evc-winols-diesel-de","18":"product_tag-evc-winols-diesel-tuning-modul-2-von-6","19":"product_tag-software-zum-einstellen-von-winols-5-evc","20":"product_tag-winols-schulung","22":"first","23":"instock","24":"taxable","25":"shipping-taxable","26":"purchasable","27":"product-type-simple"},"acf":[],"_links":{"self":[{"href":"https:\/\/www.remap101.co.uk\/de\/wp-json\/wp\/v2\/product\/51299","targetHints":{"allow":["GET"]}}],"collection":[{"href":"https:\/\/www.remap101.co.uk\/de\/wp-json\/wp\/v2\/product"}],"about":[{"href":"https:\/\/www.remap101.co.uk\/de\/wp-json\/wp\/v2\/types\/product"}],"replies":[{"embeddable":true,"href":"https:\/\/www.remap101.co.uk\/de\/wp-json\/wp\/v2\/comments?post=51299"}],"wp:featuredmedia":[{"embeddable":true,"href":"https:\/\/www.remap101.co.uk\/de\/wp-json\/wp\/v2\/media\/56276"}],"wp:attachment":[{"href":"https:\/\/www.remap101.co.uk\/de\/wp-json\/wp\/v2\/media?parent=51299"}],"wp:term":[{"taxonomy":"product_brand","embeddable":true,"href":"https:\/\/www.remap101.co.uk\/de\/wp-json\/wp\/v2\/product_brand?post=51299"},{"taxonomy":"product_cat","embeddable":true,"href":"https:\/\/www.remap101.co.uk\/de\/wp-json\/wp\/v2\/product_cat?post=51299"},{"taxonomy":"product_tag","embeddable":true,"href":"https:\/\/www.remap101.co.uk\/de\/wp-json\/wp\/v2\/product_tag?post=51299"}],"curies":[{"name":"wp","href":"https:\/\/api.w.org\/{rel}","templated":true}]}}