{"id":51308,"date":"2021-10-28T12:17:09","date_gmt":"2021-10-28T11:17:09","guid":{"rendered":"https:\/\/www.remap101.co.uk\/product\/evc-winols-diesel-tuning-training-modul-1-von-6\/"},"modified":"2026-01-07T14:48:03","modified_gmt":"2026-01-07T14:48:03","slug":"evc-winols-diesel-tuning-module-1-of-6","status":"publish","type":"product","link":"https:\/\/www.remap101.co.uk\/de\/produkt\/evc-winols-diesel-tuning-module-1-of-6\/","title":{"rendered":"VTA1013: EVC WinOLS Diesel Tuning Training Modul 1 von 6"},"content":{"rendered":"<h2>VTA1013: EVC WinOLS Dieselfahrzeug-Tuning-Schulungskurs: Modul 1 von 6<\/h2>\n<p>Sind Sie bereit, Ihre Reise ins professionelle Dieseltuning anzutreten?<\/p>\n<p><strong>Der Viezu Remap101 Online-Kurs in EVC WinOLS Diesel Tuning<\/strong> wird Ihnen helfen, Ihre Tuning- und Gesch\u00e4ftsziele zu erreichen. Dieses 1. Modul des Kurses ist Ihr erster wichtiger Schritt.<\/p>\n<p>Dieses Modul bietet zwei ausf\u00fchrliche Lektionen, die Sie durch das Herunterladen, die Installation und die korrekte Konfiguration der branchenf\u00fchrenden <strong>Software WinOLS 5<\/strong> f\u00fchren und so eine solide Grundlage f\u00fcr das weitere Lernen \u00fcber diese Software und ihre Verwendung f\u00fcr das Remapping und Tuning von Dieselsteuerger\u00e4ten schaffen. Sie lernen die WinOLS-Benutzeroberfl\u00e4che und die wichtigsten Funktionalit\u00e4ten kennen.<\/p>\n<p>Dieser Online-Kurs zur Verwendung von WinOLS f\u00fcr das Dieseltuning besteht aus insgesamt 8 Modulen (einige der Module bestehen aus 2 Teilen &#8211; einem Teil A-Modul und einem Teil B-Modul).<\/p>\n<p>Die WinOLS-Software ist anspruchsvoll zu erlernen, daher umfassen unsere WinOLS-Schulungen eine h\u00f6here Anzahl von Modulen als unsere Kurse f\u00fcr andere Softwareplattformen.<\/p>\n<p>Um den vollen Nutzen aus unseren Online-Kursen zu ziehen, ist es am besten, die Module in der richtigen Reihenfolge zu absolvieren. So k\u00f6nnen Sie Ihr Wissen auf strukturierte Weise aufbauen. Jedes Modul baut auf dem Wissen des vorhergehenden auf.<\/p>\n<h2>Lernen Sie in Ihrem eigenen Tempo &#8211; 100% online<\/h2>\n<p>Verabschieden Sie sich von starren Zeitpl\u00e4nen und teuren Reisen zu Kursen im Klassenzimmer. Mit unseren Online-Kursen k\u00f6nnen Sie jederzeit und \u00fcberall lernen. Egal, ob Sie sp\u00e4tabends oder fr\u00fchmorgens lernen, Sie k\u00f6nnen jeden Abschnitt anhalten, zur\u00fcckspulen und wiederholen, bis Sie sicher und bereit sind, weiterzumachen. Machen Sie sich Notizen, folgen Sie dem Lernstoff mit Ihrer eigenen Software und genie\u00dfen Sie die volle Kontrolle \u00fcber Ihr Lernen.<\/p>\n<p>Wenn Sie die Online-Schulungsmodule von Viezu Remap101 kaufen, erhalten Sie lebenslangen Zugang &#8211; Sie k\u00f6nnen so viel anschauen, wiederholen und \u00fcberpr\u00fcfen, wie Sie wollen &#8211; es gibt keine Grenzen.<\/p>\n<h2>Praxisnahe Anwendung mit BMW ECU Software<\/h2>\n<p>In diesem Kurs geht es nicht nur um die Theorie &#8211; Sie<strong>arbeiten praktisch mit einer echten BMW Steuerger\u00e4tedatei<\/strong>, so dass Sie praktische F\u00e4higkeiten erwerben, die sich direkt auf das Tuning in der Praxis \u00fcbertragen lassen. Die vermittelten Techniken lassen sich auf eine breite Palette von Dieselfahrzeugen anwenden, so dass Sie Ihr Wissen \u00fcbertragen und Ihr Know-how vermarkten k\u00f6nnen.<\/p>\n<h2>Verbessern Sie Ihre Referenzen mit einem Kurszertifikat<\/h2>\n<p>Schlie\u00dfen Sie das Modul und die Pr\u00fcfung erfolgreich ab, um ein <strong>anerkanntes Kurszertifikat<\/strong>zu erhalten <strong>&#8211; eine<\/strong>wertvolle Erg\u00e4nzung Ihres beruflichen Profils. Zeigen Sie Kunden, Arbeitgebern oder Tuning-Netzwerken, dass Sie es mit Dieseltuning und technischer Entwicklung ernst meinen.<\/p>\n<h2>Erschwinglicher Einstieg in das professionelle ECU-Remapping<\/h2>\n<p>Dieses erste Modul ist ein kosteng\u00fcnstiger Einstieg in die Welt der Dieselsteuerger\u00e4te-Kalibrierung. Erwerben Sie in diesem Online-Kurs die F\u00e4higkeiten und das Selbstvertrauen, die Sie brauchen, um voranzukommen &#8211; ohne die hohen Kosten f\u00fcr pers\u00f6nliche Workshops.<\/p>\n<h2>Wichtige Merkmale:<\/h2>\n<ul>\n<li>2 von Experten geleitete Online-Videolektionen in diesem Modul<\/li>\n<li>\u2705 Selbstgesteuertes Lernen &#8211; Zugang jederzeit und \u00fcberall<\/li>\n<li>\u2705 Echte BMW Diesel ECU Datei enthalten<\/li>\n<li>\u2705 Geeignet f\u00fcr Anf\u00e4nger ohne Vorkenntnisse<\/li>\n<li>\u2705 Kurszertifikat nach Abschluss<\/li>\n<li>\u2705 Perfekte Einf\u00fchrung in die WinOLS 5 Tuning Software<\/li>\n<\/ul>\n<h2>F\u00fcr wen ist dieser Kurs gedacht?<\/h2>\n<p>Dieser Kurs ist ideal f\u00fcr:<\/p>\n<ul>\n<li>Aufstrebende Dieseltuner mit wenig bis gar keinen Vorkenntnissen<\/li>\n<li>Garagenbesitzer, die ECU-Tuning ins Haus holen wollen<\/li>\n<li>Techniker, die von generischen Tuning-Tools auf professionelle Entwicklungsplattformen umsteigen<\/li>\n<li>M\u00f6chte jemand ernsthaft das Diesel-Remapping mit EVC WinOLS meistern?<\/li>\n<\/ul>\n<p>Melden Sie sich noch heute f\u00fcr <strong>Modul 1<\/strong> an und \u00f6ffnen Sie die T\u00fcr zu einer leistungsstarken Karriere im Diesel-Steuerger\u00e4tetuning. Hier beginnt Ihre Reise.<\/p>\n<p><strong>\u27a1\ufe0f Starten Sie jetzt und steigern Sie Ihr Potenzial.<\/strong><\/p>\n<p>&nbsp;<\/p>\n<p>&nbsp;<\/p>\n<h3>EVC WinOLS 5 Software<\/h3>\n<p>Sie werden eine bessere Lernerfahrung haben, wenn Sie die WinOLS-Software auf Ihrem eigenen Laptop laufen lassen, w\u00e4hrend Sie den Kurs besuchen.<\/p>\n<p>Das bedeutet, dass Sie \u00fcben k\u00f6nnen, was Sie gerade gelernt haben. Sie k\u00f6nnen verfolgen, was der Trainer Ihnen zeigt, w\u00e4hrend Sie mitmachen. Das gibt Ihnen mehr Selbstvertrauen, wenn Sie Ihr eigenes Tuning mit WinOLS in der Praxis durchf\u00fchren.<\/p>\n<p>Wenn Sie noch keine Vollversion der EVC WinOLS Tuningsoftware besitzen, k\u00f6nnen Sie diese hier in unserem Online-Tuning-Shop kaufen &#8211; <a href=\"https:\/\/www.remap101.co.uk\/de\/produkt-kategorie\/professionelle-tuning-tools-und-software\/\">Tuningsoftware<\/a><\/p>\n","protected":false},"excerpt":{"rendered":"<p>EVC WinOLS Diesel Tuning Modul 1 von 6; zwei Lektionen zum Download, zur Installation und zur Konfiguration von EVC WinOLS5.<\/p>\n<p>Jede Trainingseinheit kann mehrmals angeschaut werden. Daher ist eines der gro\u00dfartigen Dinge an der Online-Schulung, wenn Sie etwas nicht ganz verstanden haben. Du kannst es dir immer wieder ansehen, und wieder und wieder, bis du es beherrschst. Und Sie k\u00f6nnen auch pausieren und neu starten. So haben Sie Zeit, sich Notizen zu machen oder sogar zu \u00fcben, was Sie gerade gesehen haben<\/p>\n<p>Dies ist ein vollst\u00e4ndiges Schulungsmodul. Bitte planen Sie 1 Stunde f\u00fcr diesen Kurs und den dazugeh\u00f6rigen Test ein.<\/p>\n","protected":false},"featured_media":77363,"comment_status":"open","ping_status":"closed","template":"","meta":{"_acf_changed":false},"product_brand":[21146,19675],"product_cat":[24393,24531,24403,24405,24692,24525,24523,24787],"product_tag":[15268,15212],"class_list":{"0":"post-51308","1":"product","2":"type-product","3":"status-publish","4":"has-post-thumbnail","6":"product_brand-evc","7":"product_brand-winols","8":"product_cat-alle-fahrzeug-tuning-schulungen","9":"product_cat-diesel-tuning-training","10":"product_cat-evc-winols-schulung","11":"product_cat-evc-schulung-zur-elektronischen-abstimmung","12":"product_cat-online-tuning-schulungskurse","13":"product_cat-tuning-training-nach-fahrzeugtyp","14":"product_cat-tuning-training-nach-level","15":"product_cat-software-tuning-training-de","16":"product_tag-evc-de","17":"product_tag-winols-5-tuning-software-evc-de","19":"first","20":"instock","21":"taxable","22":"shipping-taxable","23":"purchasable","24":"product-type-simple"},"acf":[],"_links":{"self":[{"href":"https:\/\/www.remap101.co.uk\/de\/wp-json\/wp\/v2\/product\/51308","targetHints":{"allow":["GET"]}}],"collection":[{"href":"https:\/\/www.remap101.co.uk\/de\/wp-json\/wp\/v2\/product"}],"about":[{"href":"https:\/\/www.remap101.co.uk\/de\/wp-json\/wp\/v2\/types\/product"}],"replies":[{"embeddable":true,"href":"https:\/\/www.remap101.co.uk\/de\/wp-json\/wp\/v2\/comments?post=51308"}],"wp:featuredmedia":[{"embeddable":true,"href":"https:\/\/www.remap101.co.uk\/de\/wp-json\/wp\/v2\/media\/77363"}],"wp:attachment":[{"href":"https:\/\/www.remap101.co.uk\/de\/wp-json\/wp\/v2\/media?parent=51308"}],"wp:term":[{"taxonomy":"product_brand","embeddable":true,"href":"https:\/\/www.remap101.co.uk\/de\/wp-json\/wp\/v2\/product_brand?post=51308"},{"taxonomy":"product_cat","embeddable":true,"href":"https:\/\/www.remap101.co.uk\/de\/wp-json\/wp\/v2\/product_cat?post=51308"},{"taxonomy":"product_tag","embeddable":true,"href":"https:\/\/www.remap101.co.uk\/de\/wp-json\/wp\/v2\/product_tag?post=51308"}],"curies":[{"name":"wp","href":"https:\/\/api.w.org\/{rel}","templated":true}]}}