{"id":52582,"date":"2022-06-30T17:41:39","date_gmt":"2022-06-30T16:41:39","guid":{"rendered":"https:\/\/www.remap101.co.uk\/product\/kess3-training-fuer-die-imi-tuning-remap-akkreditierung\/"},"modified":"2025-12-08T06:32:18","modified_gmt":"2025-12-08T06:32:18","slug":"how-to-read-and-write-an-ecu-kess3-training-for-imi-accreditation","status":"publish","type":"product","link":"https:\/\/www.remap101.co.uk\/de\/produkt\/how-to-read-and-write-an-ecu-kess3-training-for-imi-accreditation\/","title":{"rendered":"VTA074: Lesen und Schreiben eines Steuerger\u00e4ts &#8211; KESS3 f\u00fcr IMI-Akkreditierung"},"content":{"rendered":"<h2><strong>IMI-akkreditiertes Zertifikat f\u00fcr berufliche Errungenschaften<\/strong><\/h2>\n<h4><strong>KESS3 Training f\u00fcr die IMI Tuning Remap Akkreditierung &#8211; Was ist das f\u00fcr ein Kurs?<\/strong><\/h4>\n<p>Lernen Sie nicht nur, wie Sie ein Steuerger\u00e4t lesen und beschreiben, sondern auch die richtigen und sicheren Methoden und Best Practices daf\u00fcr. Au\u00dferdem erhalten Sie ein formelles IMI &#8211; Institute Of Motor Industry Zertifikat f\u00fcr Tuning und ECU-Remapping. <\/p>\n<h4><strong>So lesen und schreiben Sie das Steuerger\u00e4t eines Fahrzeugs mit dem Programm &#8222;Vehicle Tuning Equipment&#8220;<\/strong><\/h4>\n<p>Viezu stellt Ihnen diesen Kurs online zur Verf\u00fcgung, um alle Lernenden zu unterst\u00fctzen, die am Berufsverband f\u00fcr Menschen in der Automobilindustrie teilnehmen m\u00f6chten &#8211; <a href=\"https:\/\/tide.theimi.org.uk\/\" target=\"_blank\" rel=\"noopener\">dem Institute of the Motor Industry<\/a> (IMI).<\/p>\n<p>Dieser Kurs bietet einen au\u00dfergew\u00f6hnlichen Wert f\u00fcr diejenigen, die ihre Gesch\u00e4fts- und Karrierechancen erweitern m\u00f6chten. Warum heben Sie sich also nicht von der Masse ab? <\/p>\n<h4><strong>Warum bietet VIEZU diesen Kurs an?<\/strong><\/h4>\n<p>VIEZU ist ein zugelassenes Schulungszentrum, das \u00fcber 600 Zentren umfasst, die Qualifizierungen, IMI-Lern- und Entwicklungsl\u00f6sungen f\u00fcr Automobilfachleute anbieten.<\/p>\n<h4><strong>Erwerben Sie berufliche Qualifikationen \u00fcber VIEZU, ein von IMI zugelassenes Schulungszentrum<\/strong><\/h4>\n<p>Erweitern Sie Ihr Wissen, indem Sie unsere technischen Informationen vertrauensvoll nutzen. Das IMI gew\u00e4hrleistet die h\u00f6chsten Standards f\u00fcr Lernen und Entwicklung.<\/p>\n<p>Die IMI-Kurse werden von zugelassenen Zentren und spezialisierten Partnern auf der ganzen Welt angeboten. So bietet VIEZU diesen Service seit 2014 auch f\u00fcr professionelle Fahrzeugtuner an. <\/p>\n<p>Indem wir diesen Kurs online erstellen, bieten wir Ihnen die M\u00f6glichkeit, Webinare anzusehen und in Ihrer eigenen Zeit zu lernen.<\/p>\n<h4><strong>F\u00fcr wen ist das?<\/strong><\/h4>\n<p>Dieser Kurs KESS3 Training for IMI Tuning Remap Accreditation richtet sich an alle, die eine professionelle Qualifikation im Bereich Tuning erwerben m\u00f6chten. Au\u00dferdem lernen Sie den Umgang mit Tuning-Tools und Methoden zum Lesen und Schreiben eines Steuerger\u00e4ts. <\/p>\n<p>Wir haben schon vielen Fachleuten aus der Automobilindustrie geholfen, ihre Karriere- und Entwicklungsziele zu erreichen. Au\u00dferdem schulen wir moderne Fahrzeugtuningtechniken und elektronisches Fahrzeugtuning und Remapping auf dem Aftermarket. <\/p>\n<h4><strong>Wie wird der Test durchgef\u00fchrt?<\/strong><\/h4>\n<p>Sie k\u00f6nnen jetzt sowohl den Kurs als auch die Tests online absolvieren<\/p>\n<h4><strong>Was bekomme ich?<\/strong><\/h4>\n<p>Wenn Sie diesen Kurs erfolgreich abgeschlossen und die entsprechende Note erreicht haben, erhalten Sie Ihr offizielles Qualifikationszertifikat von der IMI.<\/p>\n<p>Wenn Sie au\u00dferdem auf der Suche nach Tuning-Tools und Remapping-Software sind, k\u00f6nnen Sie diese hier im Shop finden: <a href=\"https:\/\/www.remap101.co.uk\/de\/produkt-kategorie\/professionelle-tuning-tools-und-software\/\">Professionelle Tuning-Tools<\/a><\/p>\n<p>Alientech KESS3 Training f\u00fcr IMI Tuning Remap Akkreditierung nur von Remap101 und VIEZU<\/p>\n","protected":false},"excerpt":{"rendered":"<p>IMI-akkreditiertes Zertifikat f\u00fcr berufliche Errungenschaften KESS3 Training f\u00fcr die IMI Tuning Remap Akkreditierung &#8211; Was ist das f\u00fcr ein Kurs? Lernen Sie nicht nur, wie Sie ein Steuerger\u00e4t lesen und beschreiben, sondern auch die richtigen und sicheren Methoden und Best Practices daf\u00fcr. Au\u00dferdem erhalten Sie ein formelles IMI &#8211; Institute Of Motor Industry Zertifikat f\u00fcr [&hellip;]<\/p>\n","protected":false},"featured_media":58386,"comment_status":"open","ping_status":"closed","template":"","meta":{"_acf_changed":false},"product_brand":[19674,19681],"product_cat":[24393,24522,24692,14856,14883],"product_tag":[15778,15416,15780,15168,15170,15779],"class_list":{"0":"post-52582","1":"product","2":"type-product","3":"status-publish","4":"has-post-thumbnail","6":"product_brand-alientech","7":"product_brand-kess-3","8":"product_cat-alle-fahrzeug-tuning-schulungen","9":"product_cat-brand-tuning-training-de","10":"product_cat-online-tuning-schulungskurse","11":"product_cat-alientech-de","12":"product_cat-kess3-de","13":"product_tag-alientech-kess3-de","14":"product_tag-auserirdische-technologie","15":"product_tag-auserirdischer","16":"product_tag-kess-de","17":"product_tag-kess-3-de","18":"product_tag-kess3-sklave","20":"first","21":"instock","22":"taxable","23":"shipping-taxable","24":"purchasable","25":"product-type-simple"},"acf":[],"_links":{"self":[{"href":"https:\/\/www.remap101.co.uk\/de\/wp-json\/wp\/v2\/product\/52582","targetHints":{"allow":["GET"]}}],"collection":[{"href":"https:\/\/www.remap101.co.uk\/de\/wp-json\/wp\/v2\/product"}],"about":[{"href":"https:\/\/www.remap101.co.uk\/de\/wp-json\/wp\/v2\/types\/product"}],"replies":[{"embeddable":true,"href":"https:\/\/www.remap101.co.uk\/de\/wp-json\/wp\/v2\/comments?post=52582"}],"wp:featuredmedia":[{"embeddable":true,"href":"https:\/\/www.remap101.co.uk\/de\/wp-json\/wp\/v2\/media\/58386"}],"wp:attachment":[{"href":"https:\/\/www.remap101.co.uk\/de\/wp-json\/wp\/v2\/media?parent=52582"}],"wp:term":[{"taxonomy":"product_brand","embeddable":true,"href":"https:\/\/www.remap101.co.uk\/de\/wp-json\/wp\/v2\/product_brand?post=52582"},{"taxonomy":"product_cat","embeddable":true,"href":"https:\/\/www.remap101.co.uk\/de\/wp-json\/wp\/v2\/product_cat?post=52582"},{"taxonomy":"product_tag","embeddable":true,"href":"https:\/\/www.remap101.co.uk\/de\/wp-json\/wp\/v2\/product_tag?post=52582"}],"curies":[{"name":"wp","href":"https:\/\/api.w.org\/{rel}","templated":true}]}}