{"id":52598,"date":"2022-06-25T13:17:19","date_gmt":"2022-06-25T12:17:19","guid":{"rendered":"https:\/\/www.remap101.co.uk\/product\/evc-winols-benzin-tuning-modul-6-von-6b\/"},"modified":"2026-01-16T13:20:34","modified_gmt":"2026-01-16T13:20:34","slug":"online-evc-winols-gasoline-training-module-6-of-6b","status":"publish","type":"product","link":"https:\/\/www.remap101.co.uk\/de\/produkt\/online-evc-winols-gasoline-training-module-6-of-6b\/","title":{"rendered":"VTA1040: EVC WinOLS Benzin-Tuning-Modul 6 von 6b"},"content":{"rendered":"<h2>Online EVC WinOLS Benzin Schulung<\/h2>\n<h3>Online EVC WinOLS Benzin Training Modul 6 von 6b<\/h3>\n<p>Dieses Online-EVC WinOLS Benzin-Schulungsmodul 6 von 6b ist ein zweiteiliges Schulungsprogramm, bestehend aus:<\/p>\n<ol>\n<li>EVC WinOLS Benzin-Tuning-Modul 6 von 6a &#8211; <a href=\"https:\/\/www.remap101.co.uk\/de\/?post_type=sfwd-courses&amp;p=24664\">Zum Kauf ausw\u00e4hlen<\/a><\/li>\n<li>EVC WinOLS Benzin-Tuning Modul 6 von 6b &#8211; Dieser Kurs<\/li>\n<\/ol>\n<p><strong>Was Sie im Online-EVC WinOLS Benzin Training lernen werden: Modul 6 von 6b<\/strong><\/p>\n<ul>\n<li>So \u00e4ndern Sie die Daten in WinOLS<\/li>\n<li>Entdecken Sie die verschiedenen Methoden und Ans\u00e4tze zum \u00c4ndern von Daten in den Karten<\/li>\n<li>So duplizieren Sie \u00c4nderungen auf \u00e4hnliche Karten<\/li>\n<li>Die Bedeutung von Datenprotokollierung und Tests bei der erstmaligen Entwicklung einer Tuningdatei<\/li>\n<li>So speichern Sie \u00c4nderungen an einer Datei, um eine neue Version zu erstellen<\/li>\n<li>Abschlie\u00dfen einer Stufe-1-Abstimmung am Fahrzeug<\/li>\n<li>So exportieren Sie eine Datei aus WinOLS und mehr<\/li>\n<\/ul>\n<p><strong style=\"font-family: var(--global-body-font-family);\">Die Vorteile von Online-Schulungen mit Viezu<\/strong><\/p>\n<p>Nach dem Kauf k\u00f6nnen Sie sich jede dieser Schulungen bei Bedarf mehrmals ansehen. Sie k\u00f6nnen sich die Videos auch immer wieder ansehen, wenn Sie m\u00f6chten, so dass Sie sich ganz in die Materie vertiefen k\u00f6nnen.<\/p>\n<p>Einer der Vorteile der Remap101 EVC WinOLS Online-Schulungen ist, dass Sie selbst dann, wenn Sie etwas beim ersten Mal nicht ganz verstanden haben, nicht aufgeben m\u00fcssen. Sie k\u00f6nnen Themen in Ihrem eigenen Tempo wiederholen und wiederholen lassen. Au\u00dferdem haben Sie die M\u00f6glichkeit, Ihr Videotraining zu unterbrechen und neu zu starten. So haben Sie Zeit, sich Notizen zu machen und k\u00f6nnen dem Kurs folgen. Vielleicht interessiert es Sie, dass wir Ihnen auch die Originaldatei zur Verf\u00fcgung stellen, die Sie in der Schulung verwenden.<\/p>\n<p>ECU-Remapping und Remapping-Schulungen von der VIEZU Training Academy<\/p>\n<p>Dazu k\u00f6nnen Sie dem Trainer folgen.<\/p>\n<h3>EVC WinOLs Tuning und ECU-Remapping-Software<\/h3>\n<p>Sie m\u00fcssen die EVC WinOLS Software zwar nicht besitzen, um an diesem EVC WinOLS Benzin-Schulungskurs teilnehmen zu k\u00f6nnen, aber wir empfehlen es dringend. Der Besitz der EVC WinOLS Software wird Ihre Lernerfahrung verbessern und Ihnen mehr Sicherheit geben, wenn Sie die Software ge\u00f6ffnet und bei sich haben. Sie k\u00f6nnen das, was Sie lernen, in einer kontextbezogenen Umgebung live \u00fcben.<\/p>\n<p>Wenn Sie Original EVC WinOls Software kaufen m\u00f6chten, finden Sie diese in unserem Shop <a href=\"https:\/\/www.remap101.co.uk\/product\/winols-5-tuning-software-evc\/\">WinOls Software<\/a>.<\/p>\n<p>Online-Schulung zum EVC WinOLS Benzin-Tuning und -Remapping von Remap101.com<\/p>\n","protected":false},"excerpt":{"rendered":"<p>EVC WinOLS Benzin-Tuning-Schulung: Modul 6 von 6b; Die Lektion behandelt H<span style=\"font-family: var(--global-body-font-family);\">OW, um Wertgrenzen zu untersuchen, Hinweise zu mehr Leistung, wie man Beziehungen zwischen Karten erkennt und vieles mehr.<\/span><\/p>\n","protected":false},"featured_media":58206,"comment_status":"open","ping_status":"closed","template":"","meta":{"_acf_changed":false},"product_brand":[21146,19675],"product_cat":[24393,24532,24522,24403,24405,24692,24787],"product_tag":[15304,15305,15268,15822,15823,15819,15820,15212,15821],"class_list":{"0":"post-52598","1":"product","2":"type-product","3":"status-publish","4":"has-post-thumbnail","6":"product_brand-evc","7":"product_brand-winols","8":"product_cat-alle-fahrzeug-tuning-schulungen","9":"product_cat-benzin-tuning-training","10":"product_cat-brand-tuning-training-de","11":"product_cat-evc-winols-schulung","12":"product_cat-evc-schulung-zur-elektronischen-abstimmung","13":"product_cat-online-tuning-schulungskurse","14":"product_cat-software-tuning-training-de","15":"product_tag-benzin","16":"product_tag-benzin-de","17":"product_tag-evc-de","18":"product_tag-evc-benzin","19":"product_tag-evc-benzin-de","20":"product_tag-evc-online-de","21":"product_tag-online-de","22":"product_tag-winols-5-tuning-software-evc-de","23":"product_tag-winols-online-de","25":"first","26":"instock","27":"taxable","28":"shipping-taxable","29":"purchasable","30":"product-type-simple"},"acf":[],"_links":{"self":[{"href":"https:\/\/www.remap101.co.uk\/de\/wp-json\/wp\/v2\/product\/52598","targetHints":{"allow":["GET"]}}],"collection":[{"href":"https:\/\/www.remap101.co.uk\/de\/wp-json\/wp\/v2\/product"}],"about":[{"href":"https:\/\/www.remap101.co.uk\/de\/wp-json\/wp\/v2\/types\/product"}],"replies":[{"embeddable":true,"href":"https:\/\/www.remap101.co.uk\/de\/wp-json\/wp\/v2\/comments?post=52598"}],"wp:featuredmedia":[{"embeddable":true,"href":"https:\/\/www.remap101.co.uk\/de\/wp-json\/wp\/v2\/media\/58206"}],"wp:attachment":[{"href":"https:\/\/www.remap101.co.uk\/de\/wp-json\/wp\/v2\/media?parent=52598"}],"wp:term":[{"taxonomy":"product_brand","embeddable":true,"href":"https:\/\/www.remap101.co.uk\/de\/wp-json\/wp\/v2\/product_brand?post=52598"},{"taxonomy":"product_cat","embeddable":true,"href":"https:\/\/www.remap101.co.uk\/de\/wp-json\/wp\/v2\/product_cat?post=52598"},{"taxonomy":"product_tag","embeddable":true,"href":"https:\/\/www.remap101.co.uk\/de\/wp-json\/wp\/v2\/product_tag?post=52598"}],"curies":[{"name":"wp","href":"https:\/\/api.w.org\/{rel}","templated":true}]}}