{"id":52606,"date":"2022-06-24T16:29:54","date_gmt":"2022-06-24T15:29:54","guid":{"rendered":"https:\/\/www.remap101.co.uk\/product\/evc-winols-benzin-tuning-modul-6-von-6a\/"},"modified":"2026-01-15T10:36:26","modified_gmt":"2026-01-15T10:36:26","slug":"evc-winols-gasoline-tuning-module-6-of-6a","status":"publish","type":"product","link":"https:\/\/www.remap101.co.uk\/de\/produkt\/evc-winols-gasoline-tuning-module-6-of-6a\/","title":{"rendered":"VTA1039: EVC WinOLS Benzin-Tuning-Modul 6 von 6a"},"content":{"rendered":"<h2>Online EVC WinOLS Benzin Schulung<\/h2>\n<h3>EVC WinOLS Online-Schulung Tuning von Benzinmotoren Modul 6 von 6a<\/h3>\n<p>Dieses Online EVC WinOLS Gasoline Training Modul 6 von 6a ist ein zweiteiliges Trainingsprogramm, bestehend aus :<\/p>\n<ol>\n<li>EVC WinOLS Benzin-Tuning Modul 6 von 6a &#8211; Dieser Kurs<\/li>\n<li>EVC WinOLS Benzin Tuning Modul 6 von 6b &#8211; <a href=\"https:\/\/www.remap101.co.uk\/?post_type=product&amp;p=10767&amp;preview=true\">Select to purchase<\/a><\/li>\n<\/ol>\n<p><strong>Was Sie in der Online-Schulung EVC WinOLS Gasoline &#8211; Modul 6 von 6a lernen werden<\/strong><\/p>\n<ul>\n<li>So \u00e4ndern Sie die Daten in WinOLS<\/li>\n<li>Erkundung der verschiedenen Methoden und Ans\u00e4tze zur \u00c4nderung von Daten in den Karten<\/li>\n<li>Die Bedeutung von Datenprotokollierung und Tests bei der erstmaligen Entwicklung einer Tuningdatei<\/li>\n<li>So speichern Sie \u00c4nderungen an einer Datei, um eine neue Version zu erstellen und mehr<\/li>\n<\/ul>\n<p><strong>Die Vorteile von Online-Schulungen mit Viezu<\/strong><\/p>\n<p>Einmal gekauft, k\u00f6nnen Sie sich jede dieser Schulungen mehrmals ansehen. Sie k\u00f6nnen sich die Videos immer wieder ansehen, wann immer Sie wollen, \u00fcberall und jederzeit.<\/p>\n<p>Einer der Vorteile der Remap101 WinOLS Online-Schulungen ist, dass Sie Themen, die Sie beim ersten Mal nicht ganz verstanden haben, in Ihrem eigenen Tempo wiederholen und wiederholen k\u00f6nnen. Sie k\u00f6nnen Ihr Videotraining unterbrechen und neu starten. So haben Sie Zeit, sich Notizen zu machen. Wir stellen Ihnen auch die in der Schulung verwendete Originaldatei zur Verf\u00fcgung.<\/p>\n<p>ECU Remapping und Remap-Schulungen von der VIEZU Training Academy.<\/p>\n<h3>EVC WinOLs Tuning- und Remapping-Software<\/h3>\n<p>Sie m\u00fcssen die EVC WinOLS Software zwar nicht besitzen, um an diesem EVC WinOLS Petrol Training teilzunehmen, aber wir empfehlen es dringend. Der Besitz der WinOLS-Software wird Ihre Lernerfahrung verbessern und Ihnen mehr Sicherheit geben, wenn Sie die Software ge\u00f6ffnet und bei sich haben. Sie k\u00f6nnen das, was Sie lernen, in einer Live-Umgebung \u00fcben.<\/p>\n<p>Wenn Sie Original EVC WinOls Software kaufen m\u00f6chten, k\u00f6nnen Sie diese in unserem Shop ansehen und kaufen: <a href=\"https:\/\/www.remap101.co.uk\/product\/winols-5-tuning-software-evc\/\">WinOls Software<\/a>.<\/p>\n<p>Online-Schulung zum Tuning und Remapping von EVC WinOLS Benzin von Remap101.com<\/p>\n","protected":false},"excerpt":{"rendered":"<p>EVC WinOLS Benzin-Tuning-Schulung : Modul 6 von 6a; Die Lektion behandelt H<span style=\"font-family: var(--global-body-font-family);\">OW, um Wertgrenzen zu untersuchen, Hinweise zu mehr Leistung, wie man Beziehungen zwischen Karten erkennt und vieles mehr.<\/span><\/p>\n","protected":false},"featured_media":58136,"comment_status":"open","ping_status":"closed","template":"","meta":{"_acf_changed":false},"product_brand":[21146,19675],"product_cat":[24393,24532,24522,24403,24405,24692,24787],"product_tag":[15304,15305,15268,15822,15823,15819,15820,15212,15821],"class_list":{"0":"post-52606","1":"product","2":"type-product","3":"status-publish","4":"has-post-thumbnail","6":"product_brand-evc","7":"product_brand-winols","8":"product_cat-alle-fahrzeug-tuning-schulungen","9":"product_cat-benzin-tuning-training","10":"product_cat-brand-tuning-training-de","11":"product_cat-evc-winols-schulung","12":"product_cat-evc-schulung-zur-elektronischen-abstimmung","13":"product_cat-online-tuning-schulungskurse","14":"product_cat-software-tuning-training-de","15":"product_tag-benzin","16":"product_tag-benzin-de","17":"product_tag-evc-de","18":"product_tag-evc-benzin","19":"product_tag-evc-benzin-de","20":"product_tag-evc-online-de","21":"product_tag-online-de","22":"product_tag-winols-5-tuning-software-evc-de","23":"product_tag-winols-online-de","25":"first","26":"instock","27":"taxable","28":"shipping-taxable","29":"purchasable","30":"product-type-simple"},"acf":[],"_links":{"self":[{"href":"https:\/\/www.remap101.co.uk\/de\/wp-json\/wp\/v2\/product\/52606","targetHints":{"allow":["GET"]}}],"collection":[{"href":"https:\/\/www.remap101.co.uk\/de\/wp-json\/wp\/v2\/product"}],"about":[{"href":"https:\/\/www.remap101.co.uk\/de\/wp-json\/wp\/v2\/types\/product"}],"replies":[{"embeddable":true,"href":"https:\/\/www.remap101.co.uk\/de\/wp-json\/wp\/v2\/comments?post=52606"}],"wp:featuredmedia":[{"embeddable":true,"href":"https:\/\/www.remap101.co.uk\/de\/wp-json\/wp\/v2\/media\/58136"}],"wp:attachment":[{"href":"https:\/\/www.remap101.co.uk\/de\/wp-json\/wp\/v2\/media?parent=52606"}],"wp:term":[{"taxonomy":"product_brand","embeddable":true,"href":"https:\/\/www.remap101.co.uk\/de\/wp-json\/wp\/v2\/product_brand?post=52606"},{"taxonomy":"product_cat","embeddable":true,"href":"https:\/\/www.remap101.co.uk\/de\/wp-json\/wp\/v2\/product_cat?post=52606"},{"taxonomy":"product_tag","embeddable":true,"href":"https:\/\/www.remap101.co.uk\/de\/wp-json\/wp\/v2\/product_tag?post=52606"}],"curies":[{"name":"wp","href":"https:\/\/api.w.org\/{rel}","templated":true}]}}