{"id":52613,"date":"2022-06-20T16:18:55","date_gmt":"2022-06-20T15:18:55","guid":{"rendered":"https:\/\/www.remap101.co.uk\/product\/evc-winols-benzin-tuning-modul-5-von-6\/"},"modified":"2026-01-16T12:31:01","modified_gmt":"2026-01-16T12:31:01","slug":"evc-winols-gasoline-tuning-module-5-of-6","status":"publish","type":"product","link":"https:\/\/www.remap101.co.uk\/de\/produkt\/evc-winols-gasoline-tuning-module-5-of-6\/","title":{"rendered":"VTA1038: EVC WinOLS Benzin-Tuning-Modul 5 von 6"},"content":{"rendered":"<h2>Online EVC WinOLS Benzin Schulung<\/h2>\n<h3>Online EVC WinOLS Benzin-Schulung: Modul 5 von 6<\/h3>\n<p><strong>Was Sie in der Online-Schulung WinOLS Benzintuning &#8211; Modul 5 von 6 lernen werden:<\/strong><\/p>\n<ul>\n<li>Wie man die Beziehung zwischen verschiedenen Kartentypen versteht<\/li>\n<li>Verstehen Sie die Standardeinschr\u00e4nkungen innerhalb der Software<\/li>\n<li>So finden Sie heraus, wo die Standardsoftware eine h\u00f6here Ausgangsleistung unterst\u00fctzt &#8211; versteckte Hinweise, um mehr Leistung freizuschalten<\/li>\n<li>Wo sollten Sie bei der Identifizierung von Kennfeldern ausw\u00e4hlen, die zur Unterst\u00fctzung einer h\u00f6heren Ausgangsleistung erforderlich sind?<\/li>\n<li>Wie viel mehr kann den Schl\u00fcsselwerten hinzugef\u00fcgt werden, wenn die neuen &#8222;abgestimmten&#8220; Werte festgelegt werden?<\/li>\n<\/ul>\n<h3>Die Vorteile von Online-Schulungen mit Viezu<\/h3>\n<p>Nach dem Kauf kann jede dieser Schulungen mehrmals angesehen werden. Sie k\u00f6nnen sich die Videos immer wieder ansehen, wann immer Sie wollen, und sich so voll und ganz in die Materie vertiefen.<\/p>\n<p>Einer der Vorteile des Remap101 EVC WinOLS Online-Trainings besteht darin, dass Sie, selbst wenn Sie etwas beim ersten Mal nicht ganz verstanden haben, die Themen in Ihrem eigenen Tempo wiederholen k\u00f6nnen. Sie haben auch die M\u00f6glichkeit, Ihr Videotraining zu unterbrechen und neu zu starten. So haben Sie Zeit, sich Notizen zu machen und k\u00f6nnen dem Kurs besser folgen. Wir stellen Ihnen die in der Schulung verwendete Originaldatei zur Verf\u00fcgung.<\/p>\n<p>ECU Remapping und Remap-Schulungen von der VIEZU Training Academy.<\/p>\n<h3>EVC WinOLs Tuning-Software<\/h3>\n<p>Sie m\u00fcssen die EVC WinOLS Software nicht besitzen, um an dieser EVC WinOLS Benzinschulung teilnehmen zu k\u00f6nnen, aber wir empfehlen es dringend. Der Besitz der WinOLS Software wird Ihre Lernerfahrung verbessern und Ihnen mehr Sicherheit geben, wenn Sie die Software ge\u00f6ffnet und bei sich haben. Sie k\u00f6nnen das, was Sie lernen, in einer Live-\u00dcbungsumgebung \u00fcben.<\/p>\n<p>Wenn Sie Original EVC WinOls Software kaufen m\u00f6chten, k\u00f6nnen Sie diese in unserem Shop ansehen und kaufen: <a href=\"https:\/\/www.remap101.co.uk\/product\/winols-5-tuning-software-evc\/\">WinOls Software<\/a>.<\/p>\n<p>Online-EVC WinOLS Benzinschulung von Remap101.com<\/p>\n","protected":false},"excerpt":{"rendered":"<p>EVC WinOLS Benzin-Tuning-Schulung : Modul 5 von 6; Die Lektion behandelt H<span style=\"font-family: var(--global-body-font-family);\">OW, um Wertgrenzen zu untersuchen, Hinweise zu mehr Leistung, wie man Beziehungen zwischen Karten erkennt und vieles mehr.<\/span><\/p>\n","protected":false},"featured_media":58066,"comment_status":"open","ping_status":"closed","template":"","meta":{"_acf_changed":false},"product_brand":[21146,19675],"product_cat":[24393,24532,24522,24403,24405,24692,24787],"product_tag":[15304,15305,15268,15212],"class_list":{"0":"post-52613","1":"product","2":"type-product","3":"status-publish","4":"has-post-thumbnail","6":"product_brand-evc","7":"product_brand-winols","8":"product_cat-alle-fahrzeug-tuning-schulungen","9":"product_cat-benzin-tuning-training","10":"product_cat-brand-tuning-training-de","11":"product_cat-evc-winols-schulung","12":"product_cat-evc-schulung-zur-elektronischen-abstimmung","13":"product_cat-online-tuning-schulungskurse","14":"product_cat-software-tuning-training-de","15":"product_tag-benzin","16":"product_tag-benzin-de","17":"product_tag-evc-de","18":"product_tag-winols-5-tuning-software-evc-de","20":"first","21":"instock","22":"taxable","23":"shipping-taxable","24":"purchasable","25":"product-type-simple"},"acf":[],"_links":{"self":[{"href":"https:\/\/www.remap101.co.uk\/de\/wp-json\/wp\/v2\/product\/52613","targetHints":{"allow":["GET"]}}],"collection":[{"href":"https:\/\/www.remap101.co.uk\/de\/wp-json\/wp\/v2\/product"}],"about":[{"href":"https:\/\/www.remap101.co.uk\/de\/wp-json\/wp\/v2\/types\/product"}],"replies":[{"embeddable":true,"href":"https:\/\/www.remap101.co.uk\/de\/wp-json\/wp\/v2\/comments?post=52613"}],"wp:featuredmedia":[{"embeddable":true,"href":"https:\/\/www.remap101.co.uk\/de\/wp-json\/wp\/v2\/media\/58066"}],"wp:attachment":[{"href":"https:\/\/www.remap101.co.uk\/de\/wp-json\/wp\/v2\/media?parent=52613"}],"wp:term":[{"taxonomy":"product_brand","embeddable":true,"href":"https:\/\/www.remap101.co.uk\/de\/wp-json\/wp\/v2\/product_brand?post=52613"},{"taxonomy":"product_cat","embeddable":true,"href":"https:\/\/www.remap101.co.uk\/de\/wp-json\/wp\/v2\/product_cat?post=52613"},{"taxonomy":"product_tag","embeddable":true,"href":"https:\/\/www.remap101.co.uk\/de\/wp-json\/wp\/v2\/product_tag?post=52613"}],"curies":[{"name":"wp","href":"https:\/\/api.w.org\/{rel}","templated":true}]}}