{"id":109335,"date":"2026-01-28T16:37:17","date_gmt":"2026-01-28T16:37:17","guid":{"rendered":"https:\/\/www.remap101.co.uk\/?post_type=product&#038;p=109335"},"modified":"2026-02-11T10:45:09","modified_gmt":"2026-02-11T10:45:09","slug":"introduccion-a-winols-certificado-por-evc","status":"publish","type":"product","link":"https:\/\/www.remap101.co.uk\/es\/producto\/introduccion-a-winols-certificado-por-evc\/","title":{"rendered":"Curso presencial de 3 d\u00edas de Introducci\u00f3n a WinOLS certificado por EVC"},"content":{"rendered":"<h2>Curso presencial de 3 d\u00edas de Introducci\u00f3n a WinOLS certificado por EVC<\/h2>\n<p><strong data-start=\"82\" data-end=\"94\">Localizaci\u00f3n<\/strong>: VIEZU UK HQ, Warwickshire, Reino Unido<br \/>\n<strong data-start=\"113\" data-end=\"122\">Fechas<\/strong>: en 2026: Diesel &#8211; 24-26 marzo; 1-3 julio; 2-4 sept. Gasolina &#8211; 30 marzo &#8211; 1 abril; 6-8 julio; 5-7 oct. <br data-start=\"170\" data-end=\"173\" \/><strong data-start=\"173\" data-end=\"185\">Idioma<\/strong>: El curso se impartir\u00e1 en ingl\u00e9s<br data-start=\"222\" data-end=\"225\" \/><strong data-start=\"225\" data-end=\"234\">Nivel<\/strong>: Principiante \/ Nivel inicial<br data-start=\"244\" data-end=\"247\" \/><strong data-start=\"247\" data-end=\"266\">Enfoque en el tipo de combustible<\/strong>: Cursos para Gasolina y para Diesel<br data-start=\"281\" data-end=\"284\" \/><strong data-start=\"284\" data-end=\"302\">Enfoque del software<\/strong>: EVC WinOLS5<\/p>\n<p>&nbsp;<\/p>\n<p>Aprende a editar archivos reales con WinOLS5 de EVC con nuestros cursos oficiales de formaci\u00f3n presencial de 3 d\u00edas de Introducci\u00f3n a WinOLS, certificados por EVC.<\/p>\n<p>&nbsp;<\/p>\n<p>Tanto si acabas de iniciarte en el tuning como si est\u00e1s preparado para consolidar tus conocimientos de WinOLS de forma estructurada, este curso proporciona una formaci\u00f3n exhaustiva, organizada y profesional para los tuners que trabajan con diesel o gasolina.<\/p>\n<p>&nbsp;<\/p>\n<p class=\"\" data-start=\"413\" data-end=\"751\">El formador de estos eventos de formaci\u00f3n en tuning es <a href=\"https:\/\/www.remap101.co.uk\/es\/simon-white\/\">Simon White -director t\u00e9cnico y director gerente de Viezu Technologies-, un afinador y formador de tuning de renombre y con certificaci\u00f3n EVC, afincado en el Reino Unido<\/a>. Se trata de una formaci\u00f3n pr\u00e1ctica impartida por expertos en tuning del mundo real.<\/p>\n<p class=\"\" data-start=\"1153\" data-end=\"1593\">Estos cursos est\u00e1n dirigidos a principiantes. Te ofrecen una introducci\u00f3n completa y estructurada al concepto y la interfaz de usuario de WinOLS, y te proporcionan los conocimientos y la confianza necesarios para abordar una serie de proyectos pr\u00e1cticos de ajuste. Estos cursos te proporcionan una base s\u00f3lida para seguir desarrollando tus habilidades de ajuste de WinOLS con los cursos de formaci\u00f3n Intermedio y Avanzado de WinOLS de Viezu.<\/p>\n<p data-start=\"1153\" data-end=\"1593\">Si tienes alguna duda sobre formaci\u00f3n o alguna necesidad concreta, ponte en contacto con nosotros en <a href=\"mailto:info@viezu.com\">info@viezu.com<\/a> o en el +44 (0)1789 774444: podemos hablar de tus necesidades y ponerte en marcha.<\/p>\n<p data-start=\"1153\" data-end=\"1593\">Los grupos de nuestros cursos son reducidos, por lo que podemos adaptar el contenido a tus necesidades. Te animamos a que te pongas en contacto con el formador principal, Simon White, con antelaci\u00f3n para hablar de los temas espec\u00edficos que te gustar\u00eda tratar. Por ejemplo, si trabajas con veh\u00edculos o motores concretos, podemos incluirlos en nuestros proyectos de ejemplo del curso.<\/p>\n<p>&nbsp;<\/p>\n<p>&nbsp;<\/p>\n<p><b><span data-contrast=\"auto\">Resumen detallado del curso<\/span><\/b><\/p>\n<p>&nbsp;<\/p>\n<p><b><span data-contrast=\"auto\">Qu\u00e9 cubre:<\/span><\/b><\/p>\n<ul>\n<li>Una introducci\u00f3n completa y estructurada al concepto y la interfaz de WinOLS<\/li>\n<li><span data-contrast=\"auto\">L\u00f3gica y estructura de la ECU en las principales plataformas <\/span><\/li>\n<li><span data-contrast=\"auto\">Grupos de mapas clave<\/span><\/li>\n<li><span data-contrast=\"auto\">Identificar y agrupar mapas utilizando patrones y estructuras WinOLS<\/span><\/li>\n<li><span data-contrast=\"auto\">Lectura e interpretaci\u00f3n de los datos clave del banco de potencia y del registro<\/span><\/li>\n<li><span data-contrast=\"auto\">Comprender los principios de utilizaci\u00f3n de los archivos existentes en tu base de datos WinOLS:<\/span>\n<ul>\n<li><span data-contrast=\"auto\">Comparaci\u00f3n de archivos originales y tuneados<\/span><\/li>\n<li><span data-contrast=\"auto\">Adaptaci\u00f3n de melod\u00edas entre versiones de software similares<\/span><\/li>\n<li><span data-contrast=\"auto\">Gesti\u00f3n limpia de proyectos con mappacks, comentarios y versionado<\/span><\/li>\n<\/ul>\n<\/li>\n<\/ul>\n<p><b><span data-contrast=\"auto\">Aprender\u00e1s:<\/span><\/b><\/p>\n<ul>\n<li>C\u00f3mo navegar y utilizar eficazmente WinOLS con un buen nivel b\u00e1sico<\/li>\n<li><span data-contrast=\"auto\">C\u00f3mo calculan las ECU la carga, el combustible y la sincronizaci\u00f3n<\/span><\/li>\n<li><span data-contrast=\"auto\">C\u00f3mo identificar r\u00e1pidamente los mapas de ajuste del n\u00facleo<\/span><\/li>\n<li><span data-contrast=\"auto\">C\u00f3mo leer, interpretar y aplicar los datos clave del banco de potencia y del registro<\/span><\/li>\n<li><span data-contrast=\"auto\">C\u00f3mo reutilizar y adaptar calibraciones existentes mediante las funciones de importaci\u00f3n\/comparaci\u00f3n de WinOLS<\/span><\/li>\n<li><span data-contrast=\"auto\">C\u00f3mo construir estructuras de proyecto limpias y profesionales, listas para el trabajo de calibraci\u00f3n<\/span><\/li>\n<\/ul>\n<p>&nbsp;<\/p>\n<p><b><span data-contrast=\"auto\">Resultados de aprendizaje del curso<\/span><\/b><\/p>\n<p><strong>Al final de los 3 d\u00edas, ser\u00e1s capaz de: <\/strong><\/p>\n<ul>\n<li>Navega con confianza y utiliza eficazmente WinOLS<\/li>\n<li>Utiliza WinOLS en la pr\u00e1ctica para diversos proyectos de tuning<\/li>\n<li><span data-contrast=\"auto\">Identifica, comprende y ajusta con confianza los grupos de mapas de la ECU<\/span><\/li>\n<li><span data-contrast=\"auto\">Construye y organiza proyectos WinOLS de forma limpia y profesional<\/span><\/li>\n<li><span data-contrast=\"auto\">Leer, interpretar y aplicar los datos clave del banco de potencia\/registro<\/span><\/li>\n<li><span data-contrast=\"auto\">Realiza calibraciones completas, seguras y bien estructuradas<\/span><\/li>\n<\/ul>\n<p>&nbsp;<\/p>\n<p>&nbsp;<\/p>\n<p>&nbsp;<\/p>\n<p>&nbsp;<\/p>\n<h2>\u00bfPor qu\u00e9 hacer un curso de formaci\u00f3n WinOLS con Remap 101?<\/h2>\n<ul>\n<li>Sesiones presenciales estructuradas: aprende en persona con apoyo real de un tutor<\/li>\n<li>C\u00e9ntrate en la puesta a punto en el mundo real, no s\u00f3lo en los recorridos de software<\/li>\n<li>Realizado por calibradores profesionales, no por representantes de herramientas<\/li>\n<li>Grupos reducidos para garantizar una respuesta personalizada y una experiencia pr\u00e1ctica<\/li>\n<li>Aprende a utilizar WinOLS correctamente: como una herramienta profesional<\/li>\n<li>Certificaci\u00f3n oficial WinOLS de EVC y Certificado de la Academia T\u00e9cnica de Viezu expedidos al finalizar con \u00e9xito el curso<\/li>\n<\/ul>\n<h2><\/h2>\n<p>&nbsp;<\/p>\n<h2>C\u00f3mo reservar tu plaza en el curso de formaci\u00f3n WinOLS certificado por EVC<\/h2>\n<h3>Elige tu tipo de combustible<\/h3>\n<ul>\n<li>Diesel<\/li>\n<li>Gasolina<\/li>\n<\/ul>\n<h3>Elige tu fecha<\/h3>\n<p>Reserva tu Curso de Formaci\u00f3n en l\u00ednea, o ponte en contacto con el equipo de formaci\u00f3n para que te oriente.<\/p>\n<p>&nbsp;<\/p>\n<h2>\u00bfNo est\u00e1s seguro de qu\u00e9 curso de tuning te conviene?<\/h2>\n<p>Si no est\u00e1s seguro de qu\u00e9 Curso de Formaci\u00f3n te conviene m\u00e1s, estaremos encantados de ayudarte. Tanto si no est\u00e1s seguro del nivel que necesitas como si est\u00e1s preparado para progresar, nuestro equipo hablar\u00e1 contigo y te ayudar\u00e1: sin presiones, s\u00f3lo respuestas directas basadas en tu experiencia actual.<\/p>\n<p>Tel\u00e9fono: <a href=\"tel:+44%20(0)1789%20774444\">+44 (0)1789 774444<\/a> o Correo electr\u00f3nico: <a href=\"mailto:info@viezu.com\">info@viezu.com<\/a><\/p>\n","protected":false},"excerpt":{"rendered":"<div>\n<p>Formaci\u00f3n presencial de puesta a punto de WinOLS5 certificada por EVC en el Reino Unido. Duraci\u00f3n del curso: 3 d\u00edas. Elige el tipo de combustible y la fecha del curso, y reserva tu plaza a continuaci\u00f3n.<\/p>\n<\/div>\n<p>Puedes asegurar tu plaza con un dep\u00f3sito de 500 GBP. [Ver todos los <a href=\"https:\/\/www.remap101.co.uk\/es\/terms\/\">t\u00e9rminos y condiciones]<\/a><\/p>\n<p>&nbsp;<\/p>\n<p><strong>BENEFICIOS \u00daNICOS DE LA FORMACI\u00d3N VIEZU:<\/strong> despu\u00e9s del curso, seguimos ayud\u00e1ndote a hacer crecer tu negocio de tuning:<\/p>\n<ul>\n<li>apoyo continuo del equipo t\u00e9cnico de Viezu<\/li>\n<li>acceso a materiales de formaci\u00f3n actualizados y mappacks avanzados<\/li>\n<li>apoyo a proyectos personalizados con descuento de la red Viezu<\/li>\n<\/ul>\n<div>\n<div>\n<hr \/>\n<div>\n<div>\n<p><strong>Talk tuning: \u00fanete a nuestra comunidad online<\/strong><\/p>\n<\/div>\n<p>No esperes: ya puedes empezar a compartir conocimientos con tus colegas. Habla de tuning, remapeado y calibraci\u00f3n: \u00fanete a nuestra comunidad de afinadores profesionales con ideas afines en nuestro grupo de Facebook: el<strong> <a href=\"https:\/\/www.facebook.com\/groups\/guildoftuners\">Gremio de Afinadores<\/a><\/strong><\/p>\n<ul>\n<li>Seminarios web gratuitos y clases magistrales en l\u00ednea<\/li>\n<li>Lo \u00faltimo en tecnolog\u00eda de ajuste<\/li>\n<li>Mantente al d\u00eda: \u00faltimas actualizaciones de expertos en herramientas y software<\/li>\n<\/ul>\n<\/div>\n<\/div>\n<\/div>\n","protected":false},"featured_media":109498,"comment_status":"closed","ping_status":"closed","template":"","meta":{"_acf_changed":false},"product_brand":[21146,19675],"product_cat":[24422,24695,24609,24423,24612,24614,24616,24611,24618,24620,24610,24424,24617,24419,24619,24615,24613],"product_tag":[22453,15475,24622,24621,22461,22463,15227,19543],"class_list":{"0":"post-109335","1":"product","2":"type-product","3":"status-publish","4":"has-post-thumbnail","6":"product_brand-evc","7":"product_brand-winols","8":"product_cat-capacitacion-en-evc-winols-es","9":"product_cat-capacitacion-en-optimizacion-de-software","10":"product_cat-cursos-de-formacion-sobre-tuning-en-el-reino-unido","11":"product_cat-cursos-presenciales-de-formacion-en-tuning","12":"product_cat-entrenamiento-de-afinacion-para-principiantes","13":"product_cat-formacion-en-tuning","14":"product_cat-formacion-en-ajuste-de-embarcaciones","15":"product_cat-entrenamiento-de-tuning-por-nivel","16":"product_cat-entrenamiento-de-tuning-por-tipo-de-motor","17":"product_cat-formacion-en-afinacion-de-gasolina","18":"product_cat-formacion-en-brand-tuning","19":"product_cat-formacion-en-sintonizacion-electronica-evc","20":"product_cat-formacion-en-tuning-de-motos","21":"product_cat-formacion-en-tuning-de-todos-los-vehiculos","22":"product_cat-formacion-en-tuning-diesel","23":"product_cat-formacion-para-la-puesta-a-punto-de-tractores","24":"product_cat-formacion-tuning-por-tipo-de-vehiculo","25":"product_tag-aula-winols-de-la-evc","26":"product_tag-capacitacion-de-winols","27":"product_tag-evc-formacion-oficial-winols","28":"product_tag-formacion-certificada-evc","29":"product_tag-formacion-en-chip-tuning","30":"product_tag-formacion-presencial-de-puesta-a-punto","31":"product_tag-software-de-ajuste-winols-5-evc-es","32":"product_tag-winols","33":"product_shipping_class-no-se-requiere-envio","35":"first","36":"instock","37":"purchasable","38":"product-type-variable","39":"has-default-attributes"},"acf":[],"_links":{"self":[{"href":"https:\/\/www.remap101.co.uk\/es\/wp-json\/wp\/v2\/product\/109335","targetHints":{"allow":["GET"]}}],"collection":[{"href":"https:\/\/www.remap101.co.uk\/es\/wp-json\/wp\/v2\/product"}],"about":[{"href":"https:\/\/www.remap101.co.uk\/es\/wp-json\/wp\/v2\/types\/product"}],"replies":[{"embeddable":true,"href":"https:\/\/www.remap101.co.uk\/es\/wp-json\/wp\/v2\/comments?post=109335"}],"wp:featuredmedia":[{"embeddable":true,"href":"https:\/\/www.remap101.co.uk\/es\/wp-json\/wp\/v2\/media\/109498"}],"wp:attachment":[{"href":"https:\/\/www.remap101.co.uk\/es\/wp-json\/wp\/v2\/media?parent=109335"}],"wp:term":[{"taxonomy":"product_brand","embeddable":true,"href":"https:\/\/www.remap101.co.uk\/es\/wp-json\/wp\/v2\/product_brand?post=109335"},{"taxonomy":"product_cat","embeddable":true,"href":"https:\/\/www.remap101.co.uk\/es\/wp-json\/wp\/v2\/product_cat?post=109335"},{"taxonomy":"product_tag","embeddable":true,"href":"https:\/\/www.remap101.co.uk\/es\/wp-json\/wp\/v2\/product_tag?post=109335"}],"curies":[{"name":"wp","href":"https:\/\/api.w.org\/{rel}","templated":true}]}}