{"id":109875,"date":"2026-02-12T10:42:28","date_gmt":"2026-02-12T10:42:28","guid":{"rendered":"https:\/\/www.remap101.co.uk\/?post_type=product&#038;p=109875"},"modified":"2026-02-13T12:00:30","modified_gmt":"2026-02-13T12:00:30","slug":"curso-de-formacion-presencial-dimsport-race-evo-copy","status":"publish","type":"product","link":"https:\/\/www.remap101.co.uk\/es\/producto\/curso-de-formacion-presencial-dimsport-race-evo-copy\/","title":{"rendered":"Curso de formaci\u00f3n presencial Dimsport Race Evo (Copy)"},"content":{"rendered":"<h2>Cursos de formaci\u00f3n presencial Dimsport Race Evo &#8211; Diesel, Gasolina y Combinado<\/h2>\n<p>Domina la edici\u00f3n profesional de archivos y la recalibraci\u00f3n de la ECU mediante software de tuning &#8211; Cursos de formaci\u00f3n en el aula Race Evo de Dimsport.<\/p>\n<p>Race Evo de Dimsport (a veces todav\u00eda denominado Race2000 en contenidos antiguos) sigue siendo una de las plataformas de software de tuning m\u00e1s fiables y estructuradas del mercado. Construido en torno a interfaces gr\u00e1ficas limpias y una biblioteca de ECU compatibles, Race Evo ayuda a los sintonizadores a identificar, editar y personalizar r\u00e1pidamente los mapas de calibraci\u00f3n clave, con una s\u00f3lida base t\u00e9cnica y precisi\u00f3n visual. <\/p>\n<p>Pero como cualquier herramienta seria, la forma de utilizarla marca la diferencia.<\/p>\n<p>Nuestros cursos de formaci\u00f3n presencial Race Evo de Dimsport se imparten en ingl\u00e9s y est\u00e1n dise\u00f1ados para ayudar a los tuneadores que trabajan con diesel, gasolina o ambos tipos de combustible, tanto si acabas de empezar como si ya est\u00e1s tuneando con Race Evo y quieres ir m\u00e1s all\u00e1. Se trata de una formaci\u00f3n pr\u00e1ctica, dirigida por un tutor, dise\u00f1ada para ayudarte a afinar con claridad, confianza y plena conciencia comercial. <\/p>\n<h2>Niveles de cursos disponibles<\/h2>\n<p>Cada nivel del Curso de Formaci\u00f3n Presencial Dimsport Race Evo se basa en el anterior, garantizando que crecen conjuntamente tu destreza t\u00e9cnica y tu capacidad comercial:<\/p>\n<h3>Cursos de formaci\u00f3n para principiantes Dimsport Race Evo<\/h3>\n<p>Ideal si eres nuevo en el tuning o en Race Evo. Aprender\u00e1s: <\/p>\n<ul>\n<li>C\u00f3mo utilizar con confianza la interfaz del software Race Evo<\/li>\n<li>Estructura de archivos, reconocimiento de la ECU y ajuste seguro del mapa<\/li>\n<li>L\u00f3gica de ajuste de la fase 1 para veh\u00edculos di\u00e9sel o gasolina<\/li>\n<li>C\u00f3mo trabajar con la estructura de mapas guiada de Race Evo y utilizar los archivos de apoyo incorporados<\/li>\n<\/ul>\n<h3>Curso de formaci\u00f3n presencial intermedio Dimsport Race Evo<\/h3>\n<p>Perfecto si ya has afinado con Race Evo y quieres mejorar el control de los archivos. Aprender\u00e1s: <\/p>\n<ul>\n<li>Escalado de mapas, alineaci\u00f3n de ejes y edici\u00f3n manual<\/li>\n<li>Ajuste de funciones como pops y bangs o limitadores de popcorn<\/li>\n<li>Apoyo a los veh\u00edculos ligeramente modificados<\/li>\n<li>Soluci\u00f3n de problemas en el mundo real y perfeccionamiento de la l\u00f3gica en m\u00faltiples ECUs<\/li>\n<\/ul>\n<h3>Curso avanzado de formaci\u00f3n presencial Dimsport Race Evo<\/h3>\n<p>Creado para usuarios experimentados que apoyan veh\u00edculos modificados o estrategias personalizadas. Aprender\u00e1s: <\/p>\n<ul>\n<li>Edici\u00f3n avanzada de modelos de par y flujo de aire<\/li>\n<li>Escalado de inyectores, l\u00f3gica del turbo y soporte del sistema de combustible<\/li>\n<li>Reestructuraci\u00f3n l\u00f3gica para ECUs no compatibles o complejas<\/li>\n<li>Estrategias de ajuste comercial y gesti\u00f3n de emisiones fuera de carretera\/deportivas<\/li>\n<\/ul>\n<h2>\u00bfPor qu\u00e9 entrenar con Remap 101 en Dimsport Race Evo?<\/h2>\n<ul>\n<li>Tutores reales. Puesta a punto real. Aprende de profesionales que construyen archivos cada d\u00eda  <\/li>\n<li>Aprendizaje en el aula en grupos reducidos para una participaci\u00f3n y retroalimentaci\u00f3n reales<\/li>\n<li>Enfoque pr\u00e1ctico: construye y prueba archivos durante la formaci\u00f3n, no s\u00f3lo teor\u00eda<\/li>\n<li>Cursos di\u00e9sel, gasolina y combinados disponibles<\/li>\n<li>Certificado expedido por cada nivel completado<\/li>\n<li>Con el respaldo de VIEZU Technologies, una autoridad mundial en la ense\u00f1anza de la reprogramaci\u00f3n y el ajuste de la ECU.<\/li>\n<\/ul>\n<h2>C\u00f3mo matricularse en nuestro curso de formaci\u00f3n presencial Dimsport Race Evo:<\/h2>\n<h3>Elige tu tipo de combustible:<\/h3>\n<ul>\n<li>Diesel<\/li>\n<li>Gasolina<\/li>\n<li>Combinado Diesel y Gasolina<\/li>\n<\/ul>\n<h3>Elige tu nivel:<\/h3>\n<ul>\n<li>Principiante<\/li>\n<li>Intermedio<\/li>\n<li>Avanzado<\/li>\n<\/ul>\n<h3>Elige tu fecha:<\/h3>\n<p>Encuentra los pr\u00f3ximos  <a href=\"https:\/\/www.remap101.co.uk\/es\/event-software\/carrera-evo\/\">Cursos Dimsport Race Evo<\/a><\/p>\n<p>Reserva en l\u00ednea nuestro curso de formaci\u00f3n presencial Dimsport Race Evo, o ponte en contacto con nosotros para hablar sobre qu\u00e9 curso es el m\u00e1s adecuado para ti.<\/p>\n<h2>\u00bfNo est\u00e1s seguro de qu\u00e9 curso de tuning es el adecuado para ti?<\/h2>\n<p>No te preocupes: hemos ayudado a miles de tuners a empezar, y sabemos lo f\u00e1cil que es sobrestimar o subestimar d\u00f3nde est\u00e1s realmente. Ponte en contacto con nosotros y te ayudaremos a determinar el mejor punto de partida para tus objetivos y tu nivel de experiencia. <\/p>\n<p><strong>Tel:<\/strong> <a href=\"tel:+44%20(0)1789%20774444\">+44 (0)1789 774444<\/a><\/p>\n<p><strong>Correo electr\u00f3nico:<\/strong> <a href=\"mailto:info@viezu.com\">info@viezu.com<\/a><\/p>\n","protected":false},"excerpt":{"rendered":"<p>Construye archivos de gasolina de alto rendimiento con Race Evo de Dimsport. \u00a1Empieza hoy mismo tu curso de formaci\u00f3n presencial Race Evo de Dimsport! <\/p>\n","protected":false},"featured_media":109955,"comment_status":"closed","ping_status":"closed","template":"","meta":{"_acf_changed":false},"product_brand":[21155],"product_cat":[24609,24423,24612,24614,24616,24620,24617,24419,24619,24615],"product_tag":[22761,22760],"class_list":{"0":"post-109875","1":"product","2":"type-product","3":"status-publish","4":"has-post-thumbnail","6":"product_brand-dimsport","7":"product_cat-cursos-de-formacion-sobre-tuning-en-el-reino-unido","8":"product_cat-cursos-presenciales-de-formacion-en-tuning","9":"product_cat-entrenamiento-de-afinacion-para-principiantes","10":"product_cat-formacion-en-tuning","11":"product_cat-formacion-en-ajuste-de-embarcaciones","12":"product_cat-formacion-en-afinacion-de-gasolina","13":"product_cat-formacion-en-tuning-de-motos","14":"product_cat-formacion-en-tuning-de-todos-los-vehiculos","15":"product_cat-formacion-en-tuning-diesel","16":"product_cat-formacion-para-la-puesta-a-punto-de-tractores","17":"product_tag-aula-dimsport-race-evo","18":"product_tag-dimsport-race-evo-es","19":"product_shipping_class-no-se-requiere-envio","21":"first","22":"instock","23":"purchasable","24":"product-type-variable","25":"has-default-attributes"},"acf":[],"_links":{"self":[{"href":"https:\/\/www.remap101.co.uk\/es\/wp-json\/wp\/v2\/product\/109875","targetHints":{"allow":["GET"]}}],"collection":[{"href":"https:\/\/www.remap101.co.uk\/es\/wp-json\/wp\/v2\/product"}],"about":[{"href":"https:\/\/www.remap101.co.uk\/es\/wp-json\/wp\/v2\/types\/product"}],"replies":[{"embeddable":true,"href":"https:\/\/www.remap101.co.uk\/es\/wp-json\/wp\/v2\/comments?post=109875"}],"wp:featuredmedia":[{"embeddable":true,"href":"https:\/\/www.remap101.co.uk\/es\/wp-json\/wp\/v2\/media\/109955"}],"wp:attachment":[{"href":"https:\/\/www.remap101.co.uk\/es\/wp-json\/wp\/v2\/media?parent=109875"}],"wp:term":[{"taxonomy":"product_brand","embeddable":true,"href":"https:\/\/www.remap101.co.uk\/es\/wp-json\/wp\/v2\/product_brand?post=109875"},{"taxonomy":"product_cat","embeddable":true,"href":"https:\/\/www.remap101.co.uk\/es\/wp-json\/wp\/v2\/product_cat?post=109875"},{"taxonomy":"product_tag","embeddable":true,"href":"https:\/\/www.remap101.co.uk\/es\/wp-json\/wp\/v2\/product_tag?post=109875"}],"curies":[{"name":"wp","href":"https:\/\/api.w.org\/{rel}","templated":true}]}}