{"id":110182,"date":"2026-03-06T15:53:38","date_gmt":"2026-03-06T15:53:38","guid":{"rendered":"https:\/\/www.remap101.co.uk\/?post_type=product&#038;p=110182"},"modified":"2026-03-31T10:23:11","modified_gmt":"2026-03-31T09:23:11","slug":"vta1041-soluciones-dpf-bosch-edc17-con-evc-winols-copy","status":"publish","type":"product","link":"https:\/\/www.remap101.co.uk\/es\/producto\/vta1041-soluciones-dpf-bosch-edc17-con-evc-winols-copy\/","title":{"rendered":"VTA1089: Estallidos y explosiones con EVC WinOLS"},"content":{"rendered":"<h2>Afinaci\u00f3n avanzada para conseguir pops, bangs, burbles y otros efectos, utilizando EVC WinOLS5<\/h2>\n<p>Soluciones avanzadas para pops y bangs con el software WinOLS5 de EVC. Se trata de un curso de formaci\u00f3n en l\u00ednea \u00fanico, y tu formador experto es el director t\u00e9cnico y gerente de VIEZU, Simon White. <\/p>\n<p><strong>** Al comprar este curso de formaci\u00f3n por 199\u20ac+IVA, \u00a1obtienes acceso a Super Mappacks con un valor de 400\u20ac! **<\/strong><\/p>\n<p>Se trata de un paquete con una relaci\u00f3n calidad-precio fant\u00e1stica: un curso avanzado de formaci\u00f3n especializada, con un amplio conjunto de S\u00faper Paquetes de Mapas descargables, para un paquete de trabajo completo por s\u00f3lo 199 \u00a3 + IVA.<\/p>\n<h2 data-start=\"1018\" data-end=\"1040\"><\/h2>\n<h2 data-start=\"1018\" data-end=\"1040\">Resumen del curso<\/h2>\n<p data-start=\"1042\" data-end=\"1744\">Este curso intensivo online desmitifica la puesta a punto de los \u00abpops y bangs\u00bb centr\u00e1ndose en dos populares motores de gasolina: el MED 9.1.2 del Audi TTRS y el MG1CS024 del BMW X3M. Trabajando dentro de WinOLS, aprender\u00e1s a localizar y analizar los mapas principales que rigen el corte de combustible, la l\u00f3gica del modo de conducci\u00f3n y la sincronizaci\u00f3n del encendido. Ver\u00e1s c\u00f3mo adaptar el retardo de sobremarcha para mantener el flujo de combustible y conseguir un crujido controlado, y c\u00f3mo ajustar los mapas de encendido base, \u00f3ptimo y m\u00ednimo para que la combusti\u00f3n se desplace con seguridad hacia el escape. El curso tambi\u00e9n presenta los limitadores de la duraci\u00f3n del sonido y de la temperatura del catalizador espec\u00edficos del MG1, d\u00e1ndote las herramientas para crear una ac\u00fastica de sobremarcha deportiva sin comprometer la fiabilidad ni el cumplimiento de las normas de emisiones.   <\/p>\n<h4 data-start=\"1746\" data-end=\"1770\">Lo que aprender\u00e1s<\/h4>\n<ul data-start=\"1772\" data-end=\"3169\">\n<li data-section-id=\"7012dd\" data-start=\"1772\" data-end=\"1997\">\n<p data-start=\"1774\" data-end=\"1997\"><strong data-start=\"1774\" data-end=\"1809\">Identificaci\u00f3n y an\u00e1lisis de mapas<\/strong> &#8211; Utiliza los mappacks y las funciones de b\u00fasqueda de WinOLS para encontrar tablas de retardo de corte de combustible, mapas de sincronizaci\u00f3n del encendido (base, \u00f3ptimo y m\u00ednimo) y mapas de ajuste de sonido MG1CS024.<\/p>\n<\/li>\n<li data-section-id=\"1ovx0k6\" data-start=\"1998\" data-end=\"2242\">\n<p data-start=\"2000\" data-end=\"2242\"><strong data-start=\"2000\" data-end=\"2037\">Prolongar el retardo de corte de combustible por sobrecarga<\/strong> &#8211; Modifica los tiempos de retardo en el MED 9.1.2 para mantener activos los inyectores durante la deceleraci\u00f3n y generar crujidos, y aplica ajustes similares a los mapas de retardo del modo de conducci\u00f3n MG1CS024 para activar los crujidos s\u00f3lo en el modo deportivo.<\/p>\n<\/li>\n<li data-section-id=\"1h433cs\" data-start=\"2243\" data-end=\"2442\">\n<p data-start=\"2245\" data-end=\"2442\"><strong data-start=\"2245\" data-end=\"2281\">Zonas de activaci\u00f3n y modos de conducci\u00f3n<\/strong>: define ventanas espec\u00edficas de RPM\/carga para los chasquidos y explosiones y aprovecha los mapas de conmutaci\u00f3n de modos de conducci\u00f3n para activar o desactivar la sintonizaci\u00f3n del sonido en funci\u00f3n de la selecci\u00f3n del conductor.<\/p>\n<\/li>\n<li data-section-id=\"1sapvx7\" data-start=\"2443\" data-end=\"2642\">\n<p data-start=\"2445\" data-end=\"2642\"><strong data-start=\"2445\" data-end=\"2475\">Estrategias de sincronizaci\u00f3n del encendido<\/strong> &#8211; Retrasa la sincronizaci\u00f3n de forma consistente en los mapas base, \u00f3ptimo y m\u00ednimo entre 10 y 30 grados para desplazar la combusti\u00f3n hacia el escape y controlar el volumen y la frecuencia de los estallidos.<\/p>\n<\/li>\n<li data-section-id=\"1jzaiqb\" data-start=\"2643\" data-end=\"2959\">\n<p data-start=\"2645\" data-end=\"2959\"><strong data-start=\"2645\" data-end=\"2691\">Seguridad y protecci\u00f3n de la<\/strong> temperatura del catalizador &#8211; Comprende la funci\u00f3n de los limitadores de temperatura del catalizador en el MG1CS024 y aprende por qu\u00e9 estos l\u00edmites deben permanecer inalterados. Tambi\u00e9n explorar\u00e1s c\u00f3mo mantener el efecto confinado en rangos seguros de RPM para evitar sobrecargar el turbocompresor, las v\u00e1lvulas de escape y los catalizadores. <\/p>\n<\/li>\n<li data-section-id=\"1t3364o\" data-start=\"2960\" data-end=\"3169\">\n<p data-start=\"2962\" data-end=\"3169\"><strong data-start=\"2962\" data-end=\"2994\">Flujo de trabajo pr\u00e1ctico en WinOLS<\/strong> &#8211; Sigue cada paso con demostraciones grabadas en pantalla, desde cargar archivos originales y comparar l\u00edneas de base hasta guardar proyectos modificados y verificar tus cambios.<\/p>\n<\/li>\n<\/ul>\n<h4 data-start=\"3171\" data-end=\"3193\">Caracter\u00edsticas del curso<\/h4>\n<ul data-start=\"3195\" data-end=\"3778\">\n<li data-section-id=\"14n9ezt\" data-start=\"3195\" data-end=\"3305\">\n<p data-start=\"3197\" data-end=\"3305\"><strong data-start=\"3197\" data-end=\"3229\">Videotutoriales paso a paso<\/strong> con narraci\u00f3n clara y destacados en pantalla que muestran c\u00f3mo editar cada mapa.<\/p>\n<\/li>\n<li data-section-id=\"v9bvqv\" data-start=\"3306\" data-end=\"3451\">\n<p data-start=\"3308\" data-end=\"3451\"><strong data-start=\"3308\" data-end=\"3334\">Progresi\u00f3n estructurada<\/strong> a lo largo de cuatro lecciones, que comienza con el descubrimiento de mapas en MED 9.1.2 y culmina con el trabajo avanzado de ignici\u00f3n en MG1CS024.<\/p>\n<\/li>\n<li>En los materiales del curso se incluyen <strong>Super Mappacks <\/strong>para las dos ECUs tratadas en este curso. Esto te proporciona 2 supermappacks completos no s\u00f3lo para seguir este curso de formaci\u00f3n, sino para explorar y comprender las estrategias y estructuras de mapas m\u00e1s profundas de estas ECUs. <\/li>\n<li data-section-id=\"gg8bnx\" data-start=\"3452\" data-end=\"3554\">\n<p data-start=\"3454\" data-end=\"3554\"><strong data-start=\"3454\" data-end=\"3474\">Cuestionario interactivo<\/strong> al final del curso para reforzar los conceptos clave y poner a prueba tu comprensi\u00f3n.<\/p>\n<\/li>\n<li data-section-id=\"1roafd0\" data-start=\"3555\" data-end=\"3648\">\n<p data-start=\"3557\" data-end=\"3648\"><strong data-start=\"3557\" data-end=\"3586\">Certificado de finalizaci\u00f3n<\/strong> para validar tus reci\u00e9n adquiridas habilidades de ajuste de pops-and-bangs.<\/p>\n<\/li>\n<li data-section-id=\"72jxye\" data-start=\"3649\" data-end=\"3778\">\n<p data-start=\"3651\" data-end=\"3778\"><strong data-start=\"3651\" data-end=\"3670\">Acceso de por vida<\/strong>: estudia a tu propio ritmo, revisa las demostraciones siempre que lo necesites y guarda tu curso para futuras consultas.<\/p>\n<\/li>\n<\/ul>\n<h4 data-start=\"3780\" data-end=\"3798\">Perfecto para<\/h4>\n<ul data-start=\"3800\" data-end=\"4248\">\n<li data-section-id=\"14rd4a5\" data-start=\"3800\" data-end=\"3882\">\n<p data-start=\"3802\" data-end=\"3882\">Usuarios experimentados de WinOLS que quieran a\u00f1adir el ajuste de pops-and-bangs a su caja de herramientas.<\/p>\n<\/li>\n<li data-section-id=\"zbw7ex\" data-start=\"3883\" data-end=\"3991\">\n<p data-start=\"3885\" data-end=\"3991\">Remappers de ECU profesionales e ingenieros de calibraci\u00f3n que buscan crear estrategias de sonido de sobrecarrera a medida.<\/p>\n<\/li>\n<li data-section-id=\"s7aabw\" data-start=\"3992\" data-end=\"4124\">\n<p data-start=\"3994\" data-end=\"4124\">Redactores de archivos que trabajan con modernas unidades de control de motores de gasolina que necesitan una metodolog\u00eda fiable para obtener melod\u00edas seguras de crujidos \/ burbujas \/ estallidos y explosiones.<\/p>\n<\/li>\n<li data-section-id=\"1005i0t\" data-start=\"4125\" data-end=\"4248\">\n<p data-start=\"4127\" data-end=\"4248\">Cualquiera que desee mejorar sus conocimientos sobre el ajuste de la sincronizaci\u00f3n del encendido y la l\u00f3gica de la sintonizaci\u00f3n del sonido m\u00e1s all\u00e1 del nivel de principiante.<\/p>\n<\/li>\n<\/ul>\n<p data-start=\"4250\" data-end=\"4393\" data-is-last-node=\"\" data-is-only-node=\"\">Empieza hoy mismo y adquiere la confianza necesaria para producir estallidos y explosiones controlados que impresionen a los clientes, preservando al mismo tiempo la integridad del motor y del catalizador.<\/p>\n<h2><\/h2>\n<h2><strong>Crecimiento Personal y <\/strong><span style=\"font-size: 26px;\"><b>Oportunidades de Negocio<\/b><\/span><\/h2>\n<p>Es un placer para nosotros apoyarte en tu viaje de desarrollo de conocimientos y perfeccionamiento. Nuestros formadores se dedican a elevar los est\u00e1ndares en la industria del tuning y a crear un espacio para que aprendas y crezcas. Queremos que saques el m\u00e1ximo partido de esta sesi\u00f3n online de Formaci\u00f3n en Sintonizaci\u00f3n EVC WinOLS. Por ello, te sugerimos que consideres la posibilidad de seguir nuestros otros cursos y m\u00f3dulos de tuning online.   <\/p>\n<p><strong>Pero espera, se pone mejor&#8230;.<\/strong><\/p>\n<p>Cada sesi\u00f3n de formaci\u00f3n se puede ver varias veces y lo bueno de la formaci\u00f3n en l\u00ednea es que si no has entendido bien algo, puedes verlo una y otra vez hasta que lo domines. Y tambi\u00e9n puedes hacer una pausa y volver a empezar. As\u00ed tendr\u00e1s tiempo de tomar notas o incluso de practicar lo que acabas de ver.  <\/p>\n<h3><\/h3>\n<h3><strong>Software de ajuste EVC WinOLS<\/strong><\/h3>\n<p>No es necesario que poseas <a href=\"https:\/\/www.remap101.co.uk\/es\/?post_type=product&#038;p=85660\">el software EVC WinOLS<\/a> para realizar estos cursos, aunque no es lo ideal.<\/p>\n<p>Queremos que obtengas la mejor experiencia de formaci\u00f3n; deber\u00edas considerar la posibilidad de conseguir el software para participar activamente en la formaci\u00f3n y poder pasar a practicar lo aprendido antes de avanzar a otras sesiones. Si a\u00fan no tienes la versi\u00f3n completa del software de tuning EVC WinOLs, puedes verla aqu\u00ed en la tienda de tuning Remap 101 <a href=\"https:\/\/www.remap101.co.uk\/es\/categoria-producto\/herramientas-y-software-de-ajuste-profesional\/\">Software de tuning <\/a>  <\/p>\n<p>&nbsp;<\/p>\n<h3><strong>Archivos de ajuste  <\/strong><\/h3>\n<p>Mientras aprendes y desarrollas tus t\u00e9cnicas de \u00abpops and bangs\u00bb con EVC WinOLS, quiz\u00e1 te interese saber que VIEZU tambi\u00e9n ofrece archivos y software de reajuste listos para usar y cargar para la mayor\u00eda de los veh\u00edculos. Si necesitas un servicio de archivos de tuning, r\u00e1pido y abierto los 7 d\u00edas de la semana, env\u00eda un correo al equipo de asistencia a <a href=\"mailto:info@viezu.com\">info@viezu.com.<\/a> <\/p>\n<p>&nbsp;<\/p>\n","protected":false},"excerpt":{"rendered":"<h2>Afinaci\u00f3n avanzada para conseguir pops, bangs, burbles y otros efectos, utilizando EVC WinOLS5<\/h2>\n<p>Perfecciona tus conocimientos de tuning con este curso especializado en \u00abpops-and-bangs\u00bb para EVC WinOLS. En cuatro lecciones avanzadas aprender\u00e1s a identificar, modificar y sincronizar los mapas clave que controlan el retardo del corte de combustible y la sincronizaci\u00f3n del encendido en dos plataformas: Bosch MED 9.1.2 (Audi TTRS) y Bosch MG1CS024 (BMW X3M). Mediante videotutoriales paso a paso, descubrir\u00e1s c\u00f3mo activar los crujidos a demanda utilizando los controles del modo de conducci\u00f3n, ampliar el retardo de corte de combustible sin alterar los AFR y aplicar un retardo de encendido consistente respetando los l\u00edmites de temperatura del catalizador. Se incluye un cuestionario y un certificado de finalizaci\u00f3n, y puedes estudiar en cualquier momento con acceso de por vida.   <\/p>\n<p><strong>** Al comprar este curso de formaci\u00f3n por 199\u20ac+IVA, \u00a1obtienes Super Mappacks descargables con un valor de 400\u20ac! **  <\/strong><\/p>\n<p>Este curso incluye cuestionarios para poner a prueba tus conocimientos, y obtienes un certificado VIEZU de finalizaci\u00f3n si superas las pruebas del cuestionario.<\/p>\n<p>El tutor que presenta el curso lleva m\u00e1s de 15 a\u00f1os utilizando el software WinOLS de EVC y ha impartido cursos de escritura de mapas y sesiones de formaci\u00f3n de Master Tuning por todo el mundo, incluidos el Reino Unido, EE.UU. y China. As\u00ed como en Oriente Medio, Sud\u00e1frica y otros lugares internacionales con gran \u00e9xito. Ahora puedes participar en estos cursos de formaci\u00f3n sobre tuning y remapeado cuando te convenga. A un ritmo que te convenga y desde tu propia casa o taller. Aprende de primera mano de los expertos y haz crecer y reforzar tus habilidades de tuning, tu desarrollo personal y tus conocimientos de remapping.    <\/p>\n<h2><\/h2>\n","protected":false},"featured_media":110196,"comment_status":"open","ping_status":"closed","template":"","meta":{"_acf_changed":false},"product_brand":[21146,19675],"product_cat":[24422,24687,24614,24611,24620,24610,24424,24419,24613,24695,24699,24700],"product_tag":[24734,24732,24733,15320,15322,24731,24730,24729,22468],"class_list":{"0":"post-110182","1":"product","2":"type-product","3":"status-publish","4":"has-post-thumbnail","6":"product_brand-evc","7":"product_brand-winols","8":"product_cat-capacitacion-en-evc-winols-es","9":"product_cat-cursos-de-formacion-online-sobre-puesta-a-punto","10":"product_cat-formacion-en-tuning","11":"product_cat-entrenamiento-de-tuning-por-nivel","12":"product_cat-formacion-en-afinacion-de-gasolina","13":"product_cat-formacion-en-brand-tuning","14":"product_cat-formacion-en-sintonizacion-electronica-evc","15":"product_cat-formacion-en-tuning-de-todos-los-vehiculos","16":"product_cat-formacion-tuning-por-tipo-de-vehiculo","17":"product_cat-capacitacion-en-optimizacion-de-software","18":"product_cat-avanzado","19":"product_cat-intermedio","20":"product_tag-afinacion-del-sonido","21":"product_tag-burbujea","22":"product_tag-crepitaciones","23":"product_tag-evc-es","24":"product_tag-evc-winols-es","25":"product_tag-flequillo","26":"product_tag-pops-es","27":"product_tag-pops-y-flequillos","28":"product_tag-winols5-es","30":"first","31":"instock","32":"taxable","33":"shipping-taxable","34":"purchasable","35":"product-type-simple"},"acf":[],"_links":{"self":[{"href":"https:\/\/www.remap101.co.uk\/es\/wp-json\/wp\/v2\/product\/110182","targetHints":{"allow":["GET"]}}],"collection":[{"href":"https:\/\/www.remap101.co.uk\/es\/wp-json\/wp\/v2\/product"}],"about":[{"href":"https:\/\/www.remap101.co.uk\/es\/wp-json\/wp\/v2\/types\/product"}],"replies":[{"embeddable":true,"href":"https:\/\/www.remap101.co.uk\/es\/wp-json\/wp\/v2\/comments?post=110182"}],"wp:featuredmedia":[{"embeddable":true,"href":"https:\/\/www.remap101.co.uk\/es\/wp-json\/wp\/v2\/media\/110196"}],"wp:attachment":[{"href":"https:\/\/www.remap101.co.uk\/es\/wp-json\/wp\/v2\/media?parent=110182"}],"wp:term":[{"taxonomy":"product_brand","embeddable":true,"href":"https:\/\/www.remap101.co.uk\/es\/wp-json\/wp\/v2\/product_brand?post=110182"},{"taxonomy":"product_cat","embeddable":true,"href":"https:\/\/www.remap101.co.uk\/es\/wp-json\/wp\/v2\/product_cat?post=110182"},{"taxonomy":"product_tag","embeddable":true,"href":"https:\/\/www.remap101.co.uk\/es\/wp-json\/wp\/v2\/product_tag?post=110182"}],"curies":[{"name":"wp","href":"https:\/\/api.w.org\/{rel}","templated":true}]}}