{"id":110567,"date":"2025-08-19T17:04:41","date_gmt":"2025-08-19T16:04:41","guid":{"rendered":"https:\/\/www.remap101.co.uk\/product\/vta1082-alientech-ecm-titanium-3-0-diesel-tuning-online-course-module-4-of-4\/"},"modified":"2026-03-17T12:38:57","modified_gmt":"2026-03-17T12:38:57","slug":"vta1082-alientech-ecm-titanium-3-0-diesel-tuning-online-course-module-4-of-4","status":"publish","type":"product","link":"https:\/\/www.remap101.co.uk\/es\/producto\/vta1082-alientech-ecm-titanium-3-0-diesel-tuning-online-course-module-4-of-4\/","title":{"rendered":"VTA1082: Alientech ECM Titanium 3.0: Curso Online de Tuning Diesel &#8211; M\u00f3dulo 4 de 4"},"content":{"rendered":"<h3><strong>Aprende a remapear ECUs di\u00e9sel con confianza &#8211; con este curso de tuning di\u00e9sel Alientech ECM Titanium 3.0 &#8211; 100% online y a tu ritmo<\/strong><\/h3>\n<p>Este curso de tuning di\u00e9sel ECM <strong>Titanium 3.<\/strong> 0 de <strong>Alientech<\/strong> se basa en <strong>el software ECM Titanium 3.0 de Alientech<\/strong> y es ideal tanto para principiantes como para t\u00e9cnicos en activo. Seguir\u00e1s un itinerario de aprendizaje progresivo que comienza por lo b\u00e1sico y se va desarrollando hasta llegar a las habilidades de tuning del mundo real.<\/p>\n<h3><strong>\u2705 Lo que aprender\u00e1s &#8211; M\u00f3dulo 4 de 4<\/strong><\/h3>\n<ul>\n<li>C\u00f3mo editar los limitadores de par espec\u00edficos de cada marcha manteniendo la estrategia de la ECU<\/li>\n<li>Gesti\u00f3n de los limitadores de par por temperatura<\/li>\n<li>Por qu\u00e9 son importantes los mapas de par calculados para la supervisi\u00f3n y validaci\u00f3n del par<\/li>\n<li>C\u00f3mo elevar el limitador de cantidad de combustible para adaptarlo a tu nuevo objetivo de par motor<\/li>\n<li>C\u00f3mo modificar progresivamente los mapas de tiempo de inyecci\u00f3n<\/li>\n<li>Adaptaci\u00f3n de los limitadores de tiempo a los cambios de tiempo de la inyecci\u00f3n principal<\/li>\n<li>C\u00f3mo identificar y trabajar con los principales mapas de presi\u00f3n del turbo<\/li>\n<li>Aplicaci\u00f3n de ajustes progresivos y porcentuales<\/li>\n<li>C\u00f3mo adaptar los limitadores de presi\u00f3n del turbo a tus nuevos objetivos<\/li>\n<li>C\u00f3mo hacer aumentos controlados de la presi\u00f3n de los ra\u00edles<\/li>\n<li>Subir con seguridad los limitadores de velocidad reconocidos por la ECU dentro de los l\u00edmites del conductor<\/li>\n<\/ul>\n<h3><strong>\ud83d\udcd8 Caracter\u00edsticas del curso<\/strong><\/h3>\n<ul>\n<li>Videotutoriales, notas descargables y recorridos guiados por archivos<\/li>\n<li><strong>Estructura de aprendizaje progresivo<\/strong>: aumenta la confianza paso a paso<\/li>\n<li><strong>Test pr\u00e1ctico<\/strong> para comprobar tus conocimientos<\/li>\n<li><strong>Certificado de finalizaci\u00f3n<\/strong> incluido<\/li>\n<li>Acceso de por vida: aprende cuando y donde te venga bien<\/li>\n<\/ul>\n<h3><strong>\ud83d\udc68\u200d\ud83d\udd27 Perfecto para<\/strong><\/h3>\n<ul>\n<li>Sintonizadores de ECU di\u00e9sel nuevos o aspirantes a serlo<\/li>\n<li>Profesionales de talleres y reempaquetadores m\u00f3viles<\/li>\n<li>Usuarios existentes de ECM Titanium que buscan una formaci\u00f3n estructurada<\/li>\n<li>Cualquiera que busque expandirse en el tuning de rendimiento di\u00e9sel<\/li>\n<\/ul>\n<h3>\ud83c\udf93<strong>Aprende a sintonizar la ECU di\u00e9sel de la forma correcta: clara, profesional y lista para el mundo real.<\/strong><\/h3>\n","protected":false},"excerpt":{"rendered":"<p>En este Curso de Tuning Diesel Alientech ECM Titanium 3.0, aprende a remapear ECUs di\u00e9sel utilizando este curso online paso a paso. Desarrolla tus habilidades con lecciones guiadas, un cuestionario pr\u00e1ctico y obt\u00e9n un certificado de finalizaci\u00f3n, todo a tu propio ritmo.<\/p>\n","protected":false},"featured_media":77357,"comment_status":"closed","ping_status":"closed","template":"","meta":{"_acf_changed":false},"product_brand":[19674,19679],"product_cat":[24687,24428,24610,24419,24619,24695,14860],"product_tag":[22135,22134,22140,22141,22142,15287,22136,22139,22137,22138],"class_list":{"0":"post-110567","1":"product","2":"type-product","3":"status-publish","4":"has-post-thumbnail","6":"product_brand-alientech","7":"product_brand-ecm-titanium","8":"product_cat-cursos-de-formacion-online-sobre-puesta-a-punto","9":"product_cat-formacion-ecm-titanium","10":"product_cat-formacion-en-brand-tuning","11":"product_cat-formacion-en-tuning-de-todos-los-vehiculos","12":"product_cat-formacion-en-tuning-diesel","13":"product_cat-capacitacion-en-optimizacion-de-software","14":"product_cat-alientech-es","15":"product_tag-ajuste-del-motor-diesel-ecm","16":"product_tag-capacitacion-en-ecm","17":"product_tag-curso-de-formacion-sobre-diesel-ecm","18":"product_tag-curso-en-linea-de-ecm","19":"product_tag-curso-online-de-ajuste-de-motor-diesel-con-ecm-de-alientech","20":"product_tag-ecm-titanio","21":"product_tag-entrenamiento-en-tecnologia-alienigena","22":"product_tag-formacion-en-diesel-ecm-de-alientech","23":"product_tag-formacion-en-gestion-de-contenido-empresarial-de-alientech","24":"product_tag-formacion-en-linea-de-alientech","26":"first","27":"instock","28":"taxable","29":"shipping-taxable","30":"purchasable","31":"product-type-simple"},"acf":[],"_links":{"self":[{"href":"https:\/\/www.remap101.co.uk\/es\/wp-json\/wp\/v2\/product\/110567","targetHints":{"allow":["GET"]}}],"collection":[{"href":"https:\/\/www.remap101.co.uk\/es\/wp-json\/wp\/v2\/product"}],"about":[{"href":"https:\/\/www.remap101.co.uk\/es\/wp-json\/wp\/v2\/types\/product"}],"replies":[{"embeddable":true,"href":"https:\/\/www.remap101.co.uk\/es\/wp-json\/wp\/v2\/comments?post=110567"}],"wp:featuredmedia":[{"embeddable":true,"href":"https:\/\/www.remap101.co.uk\/es\/wp-json\/wp\/v2\/media\/77357"}],"wp:attachment":[{"href":"https:\/\/www.remap101.co.uk\/es\/wp-json\/wp\/v2\/media?parent=110567"}],"wp:term":[{"taxonomy":"product_brand","embeddable":true,"href":"https:\/\/www.remap101.co.uk\/es\/wp-json\/wp\/v2\/product_brand?post=110567"},{"taxonomy":"product_cat","embeddable":true,"href":"https:\/\/www.remap101.co.uk\/es\/wp-json\/wp\/v2\/product_cat?post=110567"},{"taxonomy":"product_tag","embeddable":true,"href":"https:\/\/www.remap101.co.uk\/es\/wp-json\/wp\/v2\/product_tag?post=110567"}],"curies":[{"name":"wp","href":"https:\/\/api.w.org\/{rel}","templated":true}]}}