{"id":51037,"date":"2021-09-30T14:46:38","date_gmt":"2021-09-30T13:46:38","guid":{"rendered":"https:\/\/www.remap101.co.uk\/product\/version-de-credito-del-software-alientech-ecm-titanium-3-0\/"},"modified":"2026-01-28T09:18:54","modified_gmt":"2026-01-28T09:18:54","slug":"alientech-ecm-titanium-software-credit-version","status":"publish","type":"product","link":"https:\/\/www.remap101.co.uk\/es\/producto\/alientech-ecm-titanium-software-credit-version\/","title":{"rendered":"Versi\u00f3n de cr\u00e9dito del software Alientech ECM Titanium 3.0"},"content":{"rendered":"<p>Versi\u00f3n de cr\u00e9dito del software Alientech ECM Titanium. Una aut\u00e9ntica versi\u00f3n de cr\u00e9dito del software de reprogramaci\u00f3n de ECU Alientech ECM Titanium 3.0. El ECM de cr\u00e9dito suele ser el primer software con el que empiezan los sintonizadores. Es agradable y f\u00e1cil de usar, pero al ser la versi\u00f3n de cr\u00e9dito, tambi\u00e9n es bastante m\u00e1s barata. As\u00ed que es un buen programa para empezar.    <\/p>\n<h2>Software Alientech ECM Titanium 3.0 &#8211; Cr\u00e9dito<\/h2>\n<h3>\u00bfCu\u00e1l es la diferencia entre el software ECM completo y la versi\u00f3n de cr\u00e9dito del software ECM Titanium 3.0 de Alientech?<\/h3>\n<p data-start=\"395\" data-end=\"685\">La diferencia clave radica en c\u00f3mo accedes a los recursos de tuning. La versi\u00f3n de cr\u00e9dito de ECM Titanium es un software de ajuste de la ECU de pago por uso, ideal para principiantes o sintonizadores que no ajustan con frecuencia. Tiene un coste inicial m\u00e1s bajo, pero tendr\u00e1s que comprar controladores y paquetes de mapas sobre la marcha.  <\/p>\n<p data-start=\"687\" data-end=\"882\">En cambio, el ECM Titanium Versi\u00f3n Completa viene totalmente cargado con todos los controladores y paquetes de mapas incluidos, lo que te permite tunear veh\u00edculos ilimitados sin costes adicionales una vez activado.<\/p>\n<p data-start=\"884\" data-end=\"1082\">\ud83d\udc49 <strong data-start=\"887\" data-end=\"932\">\u00bfEst\u00e1s empezando o afinas ocasionalmente?<\/strong> La Versi\u00f3n de Cr\u00e9dito podr\u00eda ser el punto de entrada perfecto.<br data-start=\"985\" data-end=\"988\">\ud83d\udc49 <strong data-start=\"991\" data-end=\"1030\">\u00bfPreparas<\/strong> tu <strong data-start=\"991\" data-end=\"1030\">coche con regularidad o profesionalmente?<\/strong> Elige la Versi\u00f3n Completa o Promocional para obtener el m\u00e1ximo valor.<\/p>\n<div id=\"attachment_15882\" style=\"width: 310px\" class=\"wp-caption aligncenter\"><img decoding=\"async\" aria-describedby=\"caption-attachment-15882\" class=\"wp-image-6027 size-medium\" src=\"https:\/\/www.remap101.co.uk\/wp-content\/uploads\/2021\/09\/alientech-ecm-software.jpg\" alt=\"Software Alientech ECM Titanium - Cr\u00e9dito\" width=\"300\" height=\"225\"><p id=\"caption-attachment-15882\" class=\"wp-caption-text\">Alientech ECM Software Dongle<\/p><\/div>\n<h2>Apoyo a la formaci\u00f3n<\/h2>\n<p>La academia de formaci\u00f3n tiene en stock todas las versiones del software ECM. Disponemos de sesiones de formaci\u00f3n y demostraci\u00f3n. Si necesitas ayuda para elegir el software adecuado, d\u00ednoslo. El equipo de asistencia t\u00e9cnica estar\u00e1 encantado de ayudarte con tus preguntas.   <\/p>\n<p>El software ECM Titanium Tuning es muy f\u00e1cil de usar y aprender. Y la academia de formaci\u00f3n tiene una gama completa de cursos de formaci\u00f3n ECM Alientech. Cubren tanto el tuning de motores de gasolina como diesel. Y todos los aspectos del uso del software para el tuning y el remapeado de la ecu. Incluyendo el ajuste de la caja de cambios, la clonaci\u00f3n y los servicios de ajuste de rendimiento y ahorro de combustible.    <\/p>\n<h2>\u00bfPor qu\u00e9 elegir la Academia T\u00e9cnica VIEZU?<\/h2>\n<p><span style=\"font-size: 16px;\">La Academia T\u00e9cnica VIEZU est\u00e1 a tu disposici\u00f3n para ayudarte con todas tus necesidades de formaci\u00f3n, herramientas de tuning y software.<\/span><\/p>\n<p>Echa un vistazo a nuestras <a href=\"https:\/\/www.remap101.co.uk\/es\/?post_type=sfwd-courses&#038;p=24629\">sesiones de formaci\u00f3n gratuitas de introducci\u00f3n a ECM<\/a> y a nuestros v\u00eddeos de recorridos y visitas guiadas en l\u00ednea: estamos aqu\u00ed para ayudarte.<\/p>\n<p>Y consulta la lista completa de cursos de formaci\u00f3n de Alientech, tanto presenciales como en l\u00ednea, aqu\u00ed : <a href=\"https:\/\/www.remap101.co.uk\/alientech-training\/learn-ecm-titanum\/\">Formaci\u00f3n VIEZU ECM<\/a><\/p>\n<div>\n<div>\n<h2>\u00danete a nuestra comunidad | <a href=\"https:\/\/www.facebook.com\/groups\/guildoftuners\" target=\"_blank\" rel=\"noopener\">Gremio de Afinadores<\/a><\/h2>\n<\/div>\n<ul>\n<li>\u00a1Incre\u00edbles seminarios web gratuitos!<\/li>\n<li>Lo \u00faltimo en tecnolog\u00eda de tuning<\/li>\n<li>Noticias frescas de Tool &amp; Software Wizards<\/li>\n<\/ul>\n<\/div>\n<p>&nbsp;<\/p>\n","protected":false},"excerpt":{"rendered":"<p>Versi\u00f3n de cr\u00e9dito del software Alientech ECM Titanium. Una aut\u00e9ntica versi\u00f3n de cr\u00e9dito del software de reprogramaci\u00f3n ECM Titanium 3.0 de Alientech. ECM Credit es a menudo el primer software con el que empiezan los sintonizadores. Es agradable y f\u00e1cil de usar, pero al ser la versi\u00f3n de cr\u00e9dito, tambi\u00e9n es bastante m\u00e1s barata. As\u00ed que es un buen programa para empezar.     <span style=\"font-family: var(--global-body-font-family); font-size: 16px;\">M\u00e1s informaci\u00f3n a continuaci\u00f3n.<\/span><\/p>\n","protected":false},"featured_media":54608,"comment_status":"open","ping_status":"closed","template":"","meta":{"_acf_changed":false},"product_brand":[],"product_cat":[22133,15035,15038,24629,24705],"product_tag":[15256,23152,23154,23153],"class_list":{"0":"post-51037","1":"product","2":"type-product","3":"status-publish","4":"has-post-thumbnail","6":"product_cat-ecm-titanio-es-2","7":"product_cat-herramientas-y-software-de-ajuste-profesional","8":"product_cat-tecnologia-alienigena","9":"product_cat-tienda","10":"product_cat-software-de-sintonizacion-profesional","11":"product_tag-alientech-ecm-titanium-software-es","12":"product_tag-version-de-credito","13":"product_tag-version-de-credito-del-software-alientech-ecm-titanium-3-0","14":"product_tag-version-del-credito-ecm","16":"first","17":"instock","18":"taxable","19":"shipping-taxable","20":"purchasable","21":"product-type-simple"},"acf":[],"_links":{"self":[{"href":"https:\/\/www.remap101.co.uk\/es\/wp-json\/wp\/v2\/product\/51037","targetHints":{"allow":["GET"]}}],"collection":[{"href":"https:\/\/www.remap101.co.uk\/es\/wp-json\/wp\/v2\/product"}],"about":[{"href":"https:\/\/www.remap101.co.uk\/es\/wp-json\/wp\/v2\/types\/product"}],"replies":[{"embeddable":true,"href":"https:\/\/www.remap101.co.uk\/es\/wp-json\/wp\/v2\/comments?post=51037"}],"wp:featuredmedia":[{"embeddable":true,"href":"https:\/\/www.remap101.co.uk\/es\/wp-json\/wp\/v2\/media\/54608"}],"wp:attachment":[{"href":"https:\/\/www.remap101.co.uk\/es\/wp-json\/wp\/v2\/media?parent=51037"}],"wp:term":[{"taxonomy":"product_brand","embeddable":true,"href":"https:\/\/www.remap101.co.uk\/es\/wp-json\/wp\/v2\/product_brand?post=51037"},{"taxonomy":"product_cat","embeddable":true,"href":"https:\/\/www.remap101.co.uk\/es\/wp-json\/wp\/v2\/product_cat?post=51037"},{"taxonomy":"product_tag","embeddable":true,"href":"https:\/\/www.remap101.co.uk\/es\/wp-json\/wp\/v2\/product_tag?post=51037"}],"curies":[{"name":"wp","href":"https:\/\/api.w.org\/{rel}","templated":true}]}}