{"id":51063,"date":"2022-01-06T15:07:08","date_gmt":"2022-01-06T15:07:08","guid":{"rendered":"https:\/\/www.remap101.co.uk\/product\/modulo-de-ajuste-de-gasolina-de-titanio-ecm-4-de-6\/"},"modified":"2026-01-07T12:27:43","modified_gmt":"2026-01-07T12:27:43","slug":"ecm-titanium-gasoline-tuning-module-4-of-6","status":"publish","type":"product","link":"https:\/\/www.remap101.co.uk\/es\/producto\/ecm-titanium-gasoline-tuning-module-4-of-6\/","title":{"rendered":"VTA1026: ECM Titanio Gasolina M\u00f3dulo de formaci\u00f3n 4 de 6"},"content":{"rendered":"<h2>ECM Gasolina de titanio | Capacitaci\u00f3n en l\u00ednea sobre gasolina M\u00f3dulo 4 de 6<\/h2>\n<p>ECM Gasolina de titanio | Capacitaci\u00f3n en gasolina Curso de capacitaci\u00f3n en l\u00ednea que cubra:<\/p>\n<ul>\n<li>Obtenga informaci\u00f3n sobre Lambda en el contexto de la reasignaci\u00f3n de ECU y c\u00f3mo realizar cambios\n<ul>\n<li>Qu\u00e9 es y c\u00f3mo hacer cambios en el Wastegate\n<ul>\n<li>Aprenda por qu\u00e9 y c\u00f3mo hay que cambiar la v\u00e1lvula de descarga<\/li>\n<\/ul>\n<\/li>\n<li>C\u00f3mo ajustar los mapas de chispas en un motor turbo de gasolina\n<ul>\n<li>Y as\u00ed, explora los mapas de Spark y aprende a modificarlos correctamente<\/li>\n<\/ul>\n<\/li>\n<li>Lo que lleva a subestimar los mapas disponibles para la modificaci\u00f3n en veh\u00edculos de gasolina\/gasolina. Aprender la l\u00f3gica y la estrategia en torno a por qu\u00e9 los modificar\u00edamos <\/li>\n<\/ul>\n<\/li>\n<\/ul>\n<p>Este m\u00f3dulo de formaci\u00f3n online ECM Titanium Gasolina es la 4\u00aa sesi\u00f3n de una serie de 6 sesiones de formaci\u00f3n online Alientech ECM Titanium Gasolina. Como tal, se recomienda que estos cursos se realicen en orden consecutivo para que te beneficies al m\u00e1ximo de la amplia transferencia de conocimientos. <\/p>\n<p>El Formador, por su dise\u00f1o, va construyendo sobre tus conocimientos de un m\u00f3dulo al siguiente. Por ello, los ejercicios pr\u00e1cticos que realizar\u00e1s del curso anterior te conducir\u00e1n a trav\u00e9s de los pasos clave para ser un Afinador competente. Por lo tanto, aunque ya est\u00e9s utilizando el software ECM Titanium de Alientech, empieza con la lecci\u00f3n introductoria. As\u00ed te asegurar\u00e1s de que puedes seguir c\u00f3modamente la l\u00f3gica y la estructura de las lecciones paso a paso.   <\/p>\n<h3><strong>Software de ajuste ECM de Alientech  <\/strong><\/h3>\n<p>En teor\u00eda, no es necesario que hayas adquirido el software de ajuste ECM Alientech para realizar estos cursos de formaci\u00f3n. Sin embargo, para obtener la mejor experiencia de aprendizaje y asegurarte de que sacas el m\u00e1ximo partido a los cursos de formaci\u00f3n Remap 101, te aconsejamos que realices la formaci\u00f3n con el software a mano. Te aconsejamos que realices la formaci\u00f3n con el software a mano.  <\/p>\n<p>Si dispones del software ECM, podr\u00e1s seguir activamente la formaci\u00f3n. Por tanto, podr\u00e1s participar en los ejercicios durante y despu\u00e9s de la formaci\u00f3n. Sabemos que sacar\u00e1s mucho m\u00e1s partido a la formaci\u00f3n si realizas el curso con el software. Por ello, te interesar\u00e1 saber que Remap 101 tiene en stock, suministra y forma sobre pr\u00e1cticamente todas las herramientas y software de tuning. Puedes ver la tienda de herramientas y software de tuning aqu\u00ed : <a href=\"https:\/\/www.remap101.co.uk\/es\/categoria-producto\/herramientas-y-software-de-ajuste-profesional\/\">Tienda<\/a>    <\/p>\n","protected":false},"excerpt":{"rendered":"<h2>ECM Titanio Gasolina\/Gasolina Tuning M\u00f3dulo de Capacitaci\u00f3n en l\u00ednea 4 de 6<\/h2>\n","protected":false},"featured_media":56740,"comment_status":"open","ping_status":"closed","template":"","meta":{"_acf_changed":false},"product_brand":[19674,19679],"product_cat":[24687,24428,24620,24610,24419,24695,14860],"product_tag":[15287,15288,15289,15285],"class_list":{"0":"post-51063","1":"product","2":"type-product","3":"status-publish","4":"has-post-thumbnail","6":"product_brand-alientech","7":"product_brand-ecm-titanium","8":"product_cat-cursos-de-formacion-online-sobre-puesta-a-punto","9":"product_cat-formacion-ecm-titanium","10":"product_cat-formacion-en-afinacion-de-gasolina","11":"product_cat-formacion-en-brand-tuning","12":"product_cat-formacion-en-tuning-de-todos-los-vehiculos","13":"product_cat-capacitacion-en-optimizacion-de-software","14":"product_cat-alientech-es","15":"product_tag-ecm-titanio","16":"product_tag-gasolina-es","17":"product_tag-gasolina-es-2","18":"product_tag-modulo-de-gestion-del-ciclo-de-vida","20":"first","21":"instock","22":"taxable","23":"shipping-taxable","24":"purchasable","25":"product-type-simple"},"acf":[],"_links":{"self":[{"href":"https:\/\/www.remap101.co.uk\/es\/wp-json\/wp\/v2\/product\/51063","targetHints":{"allow":["GET"]}}],"collection":[{"href":"https:\/\/www.remap101.co.uk\/es\/wp-json\/wp\/v2\/product"}],"about":[{"href":"https:\/\/www.remap101.co.uk\/es\/wp-json\/wp\/v2\/types\/product"}],"replies":[{"embeddable":true,"href":"https:\/\/www.remap101.co.uk\/es\/wp-json\/wp\/v2\/comments?post=51063"}],"wp:featuredmedia":[{"embeddable":true,"href":"https:\/\/www.remap101.co.uk\/es\/wp-json\/wp\/v2\/media\/56740"}],"wp:attachment":[{"href":"https:\/\/www.remap101.co.uk\/es\/wp-json\/wp\/v2\/media?parent=51063"}],"wp:term":[{"taxonomy":"product_brand","embeddable":true,"href":"https:\/\/www.remap101.co.uk\/es\/wp-json\/wp\/v2\/product_brand?post=51063"},{"taxonomy":"product_cat","embeddable":true,"href":"https:\/\/www.remap101.co.uk\/es\/wp-json\/wp\/v2\/product_cat?post=51063"},{"taxonomy":"product_tag","embeddable":true,"href":"https:\/\/www.remap101.co.uk\/es\/wp-json\/wp\/v2\/product_tag?post=51063"}],"curies":[{"name":"wp","href":"https:\/\/api.w.org\/{rel}","templated":true}]}}