{"id":51080,"date":"2022-01-05T13:49:41","date_gmt":"2022-01-05T13:49:41","guid":{"rendered":"https:\/\/www.remap101.co.uk\/product\/ecm-titanium-gasolina-tuning-modulo-de-capacitacion-3-de-6\/"},"modified":"2026-01-07T12:37:32","modified_gmt":"2026-01-07T12:37:32","slug":"ecm-titanium-gasoline-tuning-training-module-3-of-6","status":"publish","type":"product","link":"https:\/\/www.remap101.co.uk\/es\/producto\/ecm-titanium-gasoline-tuning-training-module-3-of-6\/","title":{"rendered":"VTA1025: Alientech ECM Titanio Gasolina &#8211; M\u00f3dulo 3 de 6"},"content":{"rendered":"<h2>Alientech ECM Titanio Gasolina &#8211; M\u00f3dulo 3 de 6<\/h2>\n<p>Entrenamiento de ajuste de gasolina de titanio ECM: Lo que se cubre:<\/p>\n<ul>\n<li><span style=\"font-family: var(--global-body-font-family);\">C\u00f3mo abordar el ajuste de gasolina en diferentes tipos de veh\u00edculos y c\u00f3mo transferir la l\u00f3gica de lecciones anteriores y aplicarla a esta lecci\u00f3n.<\/span><\/li>\n<li style=\"list-style-type: none;\">\n<ul>\n<li>\n<ul>\n<li>\u00bfQu\u00e9 configuraci\u00f3n aplica el fabricante del veh\u00edculo para el veh\u00edculo de gasolina?<\/li>\n<\/ul>\n<\/li>\n<li>Investigaci\u00f3n de archivos\n<ul>\n<li>\u00bfQu\u00e9 mapas clave comprobar?<\/li>\n<li>\u00bfQu\u00e9 hacen estos mapas clave y qu\u00e9 efecto tienen en el veh\u00edculo?<\/li>\n<li>Los beneficios de comprender estos mapas clave y,<\/li>\n<li>Las posibles mejoras disponibles<\/li>\n<li>C\u00f3mo identificar un aumento seguro y confiable para veh\u00edculos Gasolina Turbo<\/li>\n<\/ul>\n<\/li>\n<li>Y por lo tanto, siguiendo con la investigaci\u00f3n, hacer los cambios en los limitadores de solicitud y turbo para desbloquear el impulso adicional que el veh\u00edculo puede hacer de manera segura.<\/li>\n<\/ul>\n<\/li>\n<\/ul>\n<p>Este m\u00f3dulo es la 3\u00aa sesi\u00f3n de una serie de 6 sesiones de formaci\u00f3n online de Alientech ECM Titanium Gasoline Tuning. Debido a esto, los 6 m\u00f3dulos deben tomarse en orden consecutivo para que obtenga el mayor beneficio y conocimiento. Por lo tanto, cada sesi\u00f3n de formaci\u00f3n se basar\u00e1 en los conocimientos del curso anterior. Como tal, incluso, si ya est\u00e1 utilizando el software Alientech ECM Titanium. Sugerimos comenzar con una lecci\u00f3n introductoria para asegurarse de que pueda seguir c\u00f3modamente la l\u00f3gica y la estructura de las lecciones.    <\/p>\n<h3><strong>Software de ajuste ECM de Alientech  <\/strong><\/h3>\n<p>En teor\u00eda, no es necesario que hayas adquirido el software de ajuste ECM Alientech para realizar estos cursos de formaci\u00f3n. Sin embargo, para obtener la mejor experiencia de aprendizaje y asegurarte de que sacas el m\u00e1ximo partido a los cursos de formaci\u00f3n Remap 101, te aconsejamos que realices la formaci\u00f3n con el software a mano. Te aconsejamos que realices la formaci\u00f3n con el software a mano.  <\/p>\n<p>Si tienes el software ECM, podr\u00e1s seguir activamente la formaci\u00f3n. Y, por tanto, participa en los ejercicios durante y despu\u00e9s de la formaci\u00f3n. Seg\u00fan nuestra experiencia, la formaci\u00f3n refuerza y crea una base de conocimientos mucho mejor con el software utilizado junto con el curso . <\/p>\n<p>Remap 101 tiene stock, suministra y forma en casi todas las herramientas y software de tuning. Puedes ver la tienda de herramientas y software de tuning aqu\u00ed : <a href=\"https:\/\/www.remap101.co.uk\/es\/categoria-producto\/herramientas-y-software-de-ajuste-profesional\/\">Tienda<\/a><\/p>\n","protected":false},"excerpt":{"rendered":"<h2>Alientech ECM Titanio Gasolina &#8211; M\u00f3dulo 3 de 6<\/h2>\n","protected":false},"featured_media":56670,"comment_status":"open","ping_status":"closed","template":"","meta":{"_acf_changed":false},"product_brand":[19674,19679],"product_cat":[24687,24428,24620,24610,24419,24695,14860],"product_tag":[15287,15288,15289,15285],"class_list":{"0":"post-51080","1":"product","2":"type-product","3":"status-publish","4":"has-post-thumbnail","6":"product_brand-alientech","7":"product_brand-ecm-titanium","8":"product_cat-cursos-de-formacion-online-sobre-puesta-a-punto","9":"product_cat-formacion-ecm-titanium","10":"product_cat-formacion-en-afinacion-de-gasolina","11":"product_cat-formacion-en-brand-tuning","12":"product_cat-formacion-en-tuning-de-todos-los-vehiculos","13":"product_cat-capacitacion-en-optimizacion-de-software","14":"product_cat-alientech-es","15":"product_tag-ecm-titanio","16":"product_tag-gasolina-es","17":"product_tag-gasolina-es-2","18":"product_tag-modulo-de-gestion-del-ciclo-de-vida","20":"first","21":"instock","22":"taxable","23":"shipping-taxable","24":"product-type-simple"},"acf":[],"_links":{"self":[{"href":"https:\/\/www.remap101.co.uk\/es\/wp-json\/wp\/v2\/product\/51080","targetHints":{"allow":["GET"]}}],"collection":[{"href":"https:\/\/www.remap101.co.uk\/es\/wp-json\/wp\/v2\/product"}],"about":[{"href":"https:\/\/www.remap101.co.uk\/es\/wp-json\/wp\/v2\/types\/product"}],"replies":[{"embeddable":true,"href":"https:\/\/www.remap101.co.uk\/es\/wp-json\/wp\/v2\/comments?post=51080"}],"wp:featuredmedia":[{"embeddable":true,"href":"https:\/\/www.remap101.co.uk\/es\/wp-json\/wp\/v2\/media\/56670"}],"wp:attachment":[{"href":"https:\/\/www.remap101.co.uk\/es\/wp-json\/wp\/v2\/media?parent=51080"}],"wp:term":[{"taxonomy":"product_brand","embeddable":true,"href":"https:\/\/www.remap101.co.uk\/es\/wp-json\/wp\/v2\/product_brand?post=51080"},{"taxonomy":"product_cat","embeddable":true,"href":"https:\/\/www.remap101.co.uk\/es\/wp-json\/wp\/v2\/product_cat?post=51080"},{"taxonomy":"product_tag","embeddable":true,"href":"https:\/\/www.remap101.co.uk\/es\/wp-json\/wp\/v2\/product_tag?post=51080"}],"curies":[{"name":"wp","href":"https:\/\/api.w.org\/{rel}","templated":true}]}}