{"id":51088,"date":"2021-12-24T11:44:37","date_gmt":"2021-12-24T11:44:37","guid":{"rendered":"https:\/\/www.remap101.co.uk\/product\/ecm-titanium-gasolina-tuning-modulo-de-capacitacion-2-de-6\/"},"modified":"2025-12-08T06:41:10","modified_gmt":"2025-12-08T06:41:10","slug":"ecm-titanium-gasoline-tuning-module-2-of-6","status":"publish","type":"product","link":"https:\/\/www.remap101.co.uk\/es\/producto\/ecm-titanium-gasoline-tuning-module-2-of-6\/","title":{"rendered":"VTA1024: M\u00f3dulo de ajuste de gasolina ECM Titanium 2 de 6"},"content":{"rendered":"<h2>ECM Titanium Gasolina Tuning Online M\u00f3dulo de Capacitaci\u00f3n 2 de 6<\/h2>\n<p>Capacitaci\u00f3n en l\u00ednea de ajuste de gasolina de titanio ECM: lo que se cubre:<\/p>\n<ul>\n<li>Siguiendo con la investigaci\u00f3n, realizar los cambios en la solicitud y los limitadores turbo para desbloquear la presi\u00f3n de sobrealimentaci\u00f3n adicional<\/li>\n<li>\u00bfQu\u00e9 es Lambda y c\u00f3mo realizar cambios y convertir el valor Lambda en AFR?<\/li>\n<li>\u00bfQu\u00e9 es Wastegate y c\u00f3mo realizar cambios en \u00e9l?<\/li>\n<li>Ajuste de mapas de chispa en un turbo de gasolina<\/li>\n<\/ul>\n<p>Este m\u00f3dulo en la 2\u00aa sesi\u00f3n de una serie de 6 sesiones de formaci\u00f3n online de Alientech ECM Titanium Gasoline Tuning. Este conjunto de 6 cursos de formaci\u00f3n introductoria realmente debe tomarse en la secuencia prevista por el Formador, es decir, del 1 al 6. Como cada sesi\u00f3n de capacitaci\u00f3n se basar\u00e1 en la capacitaci\u00f3n y los temas del curso anterior; como tal, incluso si ya est\u00e1 utilizando el software ECM de Alientech. Sugerimos comenzar con una lecci\u00f3n introductoria. De esta manera, no hay lagunas en sus conocimientos, por lo que los siguientes cursos fluyen juntos y tienen sentido.    <\/p>\n<h3><strong>Software de ajuste ECM de Alientech  <\/strong><\/h3>\n<p>No es necesario que tengas el software de ajuste ECM Alientech para realizar los cursos de formaci\u00f3n. Sin embargo, para obtener la mejor experiencia de aprendizaje y asegurarte de que obtienes el mejor resultado de los cursos de formaci\u00f3n Remap 101, te aconsejamos que realices la formaci\u00f3n con el software ECM. Te recomendamos que realices la formaci\u00f3n con el software ECM.  <\/p>\n<p>Si dispones del software ECM, podr\u00e1s seguir activamente la formaci\u00f3n y participar en los ejercicios durante y despu\u00e9s de la misma. Seg\u00fan nuestra experiencia, la formaci\u00f3n se refuerza y crea una base de conocimientos mucho mejor si se utiliza el software junto con el curso de formaci\u00f3n . <\/p>\n<p>Remap 101 almacena, suministra y forma en pr\u00e1cticamente todas las herramientas y software de tuning &#8211; puedes ver la tienda de herramientas y software de tuning aqu\u00ed : <a href=\"https:\/\/www.remap101.co.uk\/es\/categoria-producto\/herramientas-y-software-de-ajuste-profesional\/\">Tienda <\/a> <\/p>\n<p>Y si no est\u00e1s seguro de qu\u00e9 herramientas o programas necesitas, el equipo de asistencia t\u00e9cnica estar\u00e1 encantado de aconsejarte.<\/p>\n","protected":false},"excerpt":{"rendered":"<h2>ECM Titanio Gasolina\/Gasolina Tuning M\u00f3dulo de Capacitaci\u00f3n en l\u00ednea 2 de 6<\/h2>\n<p>Entrenamiento de ajuste de gasolina de titanio ECM: Lo que se cubre:<\/p>\n<ul>\n<li>Siguiendo la investigaci\u00f3n, realizar los cambios en la solicitud y los limitadores de turbo para desbloquear el impulso adicional que el veh\u00edculo puede realizar de manera segura.<\/li>\n<li>\u00bfQu\u00e9 es Lambda y c\u00f3mo realizar cambios y convertir el valor Lambda en AFR?<\/li>\n<li>\u00bfQu\u00e9 es Wastegate y c\u00f3mo realizar cambios en \u00e9l?<\/li>\n<li>Ajuste de mapas de chispa en un turbo de gasolina<\/li>\n<\/ul>\n","protected":false},"featured_media":16332,"comment_status":"open","ping_status":"closed","template":"","meta":{"_acf_changed":false},"product_brand":[19674,19679],"product_cat":[24687,24428,24620,24610,24419,24695,14860],"product_tag":[15287,15288,15289,15285],"class_list":{"0":"post-51088","1":"product","2":"type-product","3":"status-publish","4":"has-post-thumbnail","6":"product_brand-alientech","7":"product_brand-ecm-titanium","8":"product_cat-cursos-de-formacion-online-sobre-puesta-a-punto","9":"product_cat-formacion-ecm-titanium","10":"product_cat-formacion-en-afinacion-de-gasolina","11":"product_cat-formacion-en-brand-tuning","12":"product_cat-formacion-en-tuning-de-todos-los-vehiculos","13":"product_cat-capacitacion-en-optimizacion-de-software","14":"product_cat-alientech-es","15":"product_tag-ecm-titanio","16":"product_tag-gasolina-es","17":"product_tag-gasolina-es-2","18":"product_tag-modulo-de-gestion-del-ciclo-de-vida","20":"first","21":"instock","22":"taxable","23":"shipping-taxable","24":"purchasable","25":"product-type-simple"},"acf":[],"_links":{"self":[{"href":"https:\/\/www.remap101.co.uk\/es\/wp-json\/wp\/v2\/product\/51088","targetHints":{"allow":["GET"]}}],"collection":[{"href":"https:\/\/www.remap101.co.uk\/es\/wp-json\/wp\/v2\/product"}],"about":[{"href":"https:\/\/www.remap101.co.uk\/es\/wp-json\/wp\/v2\/types\/product"}],"replies":[{"embeddable":true,"href":"https:\/\/www.remap101.co.uk\/es\/wp-json\/wp\/v2\/comments?post=51088"}],"wp:featuredmedia":[{"embeddable":true,"href":"https:\/\/www.remap101.co.uk\/es\/wp-json\/wp\/v2\/media\/16332"}],"wp:attachment":[{"href":"https:\/\/www.remap101.co.uk\/es\/wp-json\/wp\/v2\/media?parent=51088"}],"wp:term":[{"taxonomy":"product_brand","embeddable":true,"href":"https:\/\/www.remap101.co.uk\/es\/wp-json\/wp\/v2\/product_brand?post=51088"},{"taxonomy":"product_cat","embeddable":true,"href":"https:\/\/www.remap101.co.uk\/es\/wp-json\/wp\/v2\/product_cat?post=51088"},{"taxonomy":"product_tag","embeddable":true,"href":"https:\/\/www.remap101.co.uk\/es\/wp-json\/wp\/v2\/product_tag?post=51088"}],"curies":[{"name":"wp","href":"https:\/\/api.w.org\/{rel}","templated":true}]}}