{"id":51107,"date":"2021-12-22T13:30:09","date_gmt":"2021-12-22T13:30:09","guid":{"rendered":"https:\/\/www.remap101.co.uk\/product\/ecm-titanium-gasolina-tuning-modulo-de-capacitacion-1-de-6\/"},"modified":"2025-12-08T06:41:00","modified_gmt":"2025-12-08T06:41:00","slug":"ecm-titanium-gasoline-tuning-training-module-1-of-6","status":"publish","type":"product","link":"https:\/\/www.remap101.co.uk\/es\/producto\/ecm-titanium-gasoline-tuning-training-module-1-of-6\/","title":{"rendered":"VTA1023: Alientech ECM Titanio Gasolina &#8211; M\u00f3dulo 1 de 6"},"content":{"rendered":"<h3><strong>Alientech ECM Titanium Gasolina Tuning Online M\u00f3dulo 1 de 6<\/strong><\/h3>\n<p>Formaci\u00f3n ECM Titanium para el tuning de gasolina, este es el primero de los seis cursos online de formaci\u00f3n ECM de Alientech. En esta sesi\u00f3n te presentaremos el software ECM para el tuning de gasolina. <\/p>\n<p>Los tutores que participan en este curso online Alientech ECM Titanium Gasoline Tuning Training llevan afinando muchos a\u00f1os. Ofrecen apoyo a sintonizadores de todo el mundo con grandes redes de distribuidores e instaladores. Adem\u00e1s de impartir seminarios presenciales de formaci\u00f3n en tuning en todo el mundo. Aprende de estos expertos en tuning, que te ofrecer\u00e1n consejos pr\u00e1cticos que s\u00f3lo los expertos conocen y pocos comparten.   <\/p>\n<p>Se trata de un m\u00f3dulo de formaci\u00f3n completo, por favor, dedica 1 hora a realizar este curso y el test asociado al mismo.<\/p>\n<p>A trav\u00e9s de la serie de 6 cursos de tuning online, aprender\u00e1s a cargar archivos de software originales, identificar los mapas. Y realizar cambios en el archivo de software para conseguir resultados extraordinarios en el tuning. Proporcionando potencia, rendimiento y archivos de tuning personalizados.  <\/p>\n<p>La mejor forma de seguir las sesiones de formaci\u00f3n online Alientech ECM Titanium Gasoline Tuning es en orden, del 1 al 6. Cada m\u00f3dulo de formaci\u00f3n se basa en los conocimientos del curso anterior. As\u00ed que, aunque ya hayas utilizado el software de ajuste ECM en el pasado. Se aconseja empezar por la primera sesi\u00f3n, para que no haya lagunas en tu formaci\u00f3n. Y cada curso tiene sentido cuando hace referencia a la informaci\u00f3n de las sesiones de formaci\u00f3n anteriores.    <\/p>\n<h3><strong>Pero espera, se pone mejor&#8230;.<\/strong><\/h3>\n<p>Cada sesi\u00f3n de entrenamiento se puede ver varias veces. Como tal, una de las mejores cosas de la capacitaci\u00f3n en l\u00ednea es si no entendiste bien algo. Puedes verlo de nuevo, y una y otra vez hasta que lo domines. Y tambi\u00e9n puedes pausar y reiniciar. Por lo tanto, te da tiempo para tomar notas, o incluso practicar lo que acabas de ver    <\/p>\n<h3><strong>Software de ajuste ECM de Alientech  <\/strong><\/h3>\n<p>No es necesario utilizar o poseer el software de ajuste ECM Alientech para participar en estos cursos de formaci\u00f3n ECM en l\u00ednea. Sin embargo, queremos que tengas la mejor experiencia de aprendizaje. Y tambi\u00e9n que aproveches al m\u00e1ximo la formaci\u00f3n. Para ello, deber\u00e1s tener el software abierto e instalado. Esto no s\u00f3lo garantizar\u00e1 que puedas seguirlo, sino tambi\u00e9n, y esto es muy importante, que practiques lo que has visto y aprendido. Y as\u00ed reforzar\u00e1s el aprendizaje mientras a\u00fan est\u00e1 fresco.     <\/p>\n<p>Remap 101 almacena, suministra y forma en pr\u00e1cticamente todas las herramientas y software de tuning &#8211; puedes ver la tienda de herramientas y software aqu\u00ed : <a href=\"https:\/\/www.remap101.co.uk\/es\/categoria-producto\/herramientas-y-software-de-ajuste-profesional\/\">Tienda<\/a><\/p>\n","protected":false},"excerpt":{"rendered":"<h3><strong>Alientech ECM Titanium Gasolina Tuning Online M\u00f3dulo 1 de 6<\/strong><\/h3>\n<p>Formaci\u00f3n ECM Titanium para el tuning de gasolina, este es el primero de los seis cursos online de formaci\u00f3n ECM de Alientech. En esta sesi\u00f3n te presentaremos el software ECM para el tuning de gasolina. <\/p>\n<p>A trav\u00e9s de la serie de 6 cursos de tuning online, aprender\u00e1s a cargar archivos de software originales, identificar los mapas. Y realizar cambios en el archivo de software para conseguir resultados extraordinarios en el tuning. Proporcionando potencia, rendimiento y archivos de tuning personalizados.  <\/p>\n","protected":false},"featured_media":56610,"comment_status":"open","ping_status":"closed","template":"","meta":{"_acf_changed":false},"product_brand":[19674,19679],"product_cat":[24687,24428,24620,24610,24419,24695,14860],"product_tag":[15348,15256,15347,15287,15285],"class_list":{"0":"post-51107","1":"product","2":"type-product","3":"status-publish","4":"has-post-thumbnail","6":"product_brand-alientech","7":"product_brand-ecm-titanium","8":"product_cat-cursos-de-formacion-online-sobre-puesta-a-punto","9":"product_cat-formacion-ecm-titanium","10":"product_cat-formacion-en-afinacion-de-gasolina","11":"product_cat-formacion-en-brand-tuning","12":"product_cat-formacion-en-tuning-de-todos-los-vehiculos","13":"product_cat-capacitacion-en-optimizacion-de-software","14":"product_cat-alientech-es","15":"product_tag-alient-es","16":"product_tag-alientech-ecm-titanium-software-es","17":"product_tag-capacitacion-en-titanio-ecm-de-alientech","18":"product_tag-ecm-titanio","19":"product_tag-modulo-de-gestion-del-ciclo-de-vida","21":"first","22":"instock","23":"taxable","24":"shipping-taxable","25":"purchasable","26":"product-type-simple"},"acf":[],"_links":{"self":[{"href":"https:\/\/www.remap101.co.uk\/es\/wp-json\/wp\/v2\/product\/51107","targetHints":{"allow":["GET"]}}],"collection":[{"href":"https:\/\/www.remap101.co.uk\/es\/wp-json\/wp\/v2\/product"}],"about":[{"href":"https:\/\/www.remap101.co.uk\/es\/wp-json\/wp\/v2\/types\/product"}],"replies":[{"embeddable":true,"href":"https:\/\/www.remap101.co.uk\/es\/wp-json\/wp\/v2\/comments?post=51107"}],"wp:featuredmedia":[{"embeddable":true,"href":"https:\/\/www.remap101.co.uk\/es\/wp-json\/wp\/v2\/media\/56610"}],"wp:attachment":[{"href":"https:\/\/www.remap101.co.uk\/es\/wp-json\/wp\/v2\/media?parent=51107"}],"wp:term":[{"taxonomy":"product_brand","embeddable":true,"href":"https:\/\/www.remap101.co.uk\/es\/wp-json\/wp\/v2\/product_brand?post=51107"},{"taxonomy":"product_cat","embeddable":true,"href":"https:\/\/www.remap101.co.uk\/es\/wp-json\/wp\/v2\/product_cat?post=51107"},{"taxonomy":"product_tag","embeddable":true,"href":"https:\/\/www.remap101.co.uk\/es\/wp-json\/wp\/v2\/product_tag?post=51107"}],"curies":[{"name":"wp","href":"https:\/\/api.w.org\/{rel}","templated":true}]}}