{"id":51114,"date":"2021-12-17T13:29:59","date_gmt":"2021-12-17T13:29:59","guid":{"rendered":"https:\/\/www.remap101.co.uk\/product\/modulo-de-capacitacion-de-ajuste-diesel-evc-winols-5-de-6\/"},"modified":"2026-01-30T13:28:34","modified_gmt":"2026-01-30T13:28:34","slug":"evc-winols-diesel-tuning-module-5-of-6","status":"publish","type":"product","link":"https:\/\/www.remap101.co.uk\/es\/producto\/evc-winols-diesel-tuning-module-5-of-6\/","title":{"rendered":"VTA1022: M\u00f3dulo 5 de 6 de capacitaci\u00f3n sobre ajuste de motores di\u00e9sel de EVC WinOLS"},"content":{"rendered":"<h2>VTA1022: EVC WinOLS Diesel Tuning Formaci\u00f3n Online M\u00f3dulo 5 de 6<\/h2>\n<p>Capacitaci\u00f3n en l\u00ednea de WinOLS Diesel Tuning M\u00f3dulo 5 de 6. En este curso de formaci\u00f3n online aprender\u00e1s:<\/p>\n<ul>\n<li>Comprender las relaciones de datos entre los diferentes tipos de mapas en la ECU<\/li>\n<li>C\u00f3mo desarrollar una comprensi\u00f3n de los valores de stock actuales y las limitaciones de la ECU<\/li>\n<li>Descubre pistas ocultas dentro de las mesas y el eje para desbloquear m\u00e1s poder.<\/li>\n<li>As\u00ed como, seleccionar puntos de referencia comunes en los mapas<\/li>\n<li>Aumento del par motor por encima de los valores de serie<\/li>\n<\/ul>\n<p>El tutor de este curso lleva m\u00e1s de 15 a\u00f1os afinando con el software ECV WinOLs. Han participado en cursos y sesiones de formaci\u00f3n sobre mapas de ajuste maestro en todo el mundo. Y ahora, t\u00fa tambi\u00e9n puedes aprender de primera mano los conocimientos de los maestros del tuning, en la comodidad de tu propia casa.<\/p>\n<p>Es importante que saques el m\u00e1ximo partido de esta sesi\u00f3n de Formaci\u00f3n online sobre Ajuste Diesel EVC WinOLS. Por ello, te sugerimos que realices los m\u00f3dulos anteriores de la serie. Esto te ayudar\u00e1 a asegurarte de que comprendes completamente la l\u00f3gica y el flujo de los cursos. Este curso de formaci\u00f3n online es el 5\u00ba de la serie de cursos de formaci\u00f3n en sintonizaci\u00f3n WinOls Diesel.<\/p>\n<h3>El software de ajuste WinOLS de EVC<\/h3>\n<p>En teor\u00eda, puedes ver este curso de formaci\u00f3n WinOls en l\u00ednea sin tener el software WinOls de EVC. Sin embargo, no es lo ideal. Queremos que tengas la mejor experiencia de formaci\u00f3n. Y tambi\u00e9n la mejor relaci\u00f3n calidad-precio. Por lo tanto, te conviene tener el software contigo para poder participar activamente en la formaci\u00f3n. Y pasar a practicar lo que has visto. Antes de pasar a la siguiente sesi\u00f3n. Si a\u00fan no tienes la versi\u00f3n completa del software de tuning EVC WinOls, puedes verla aqu\u00ed en la tienda de tuning Remap 101 <a href=\"https:\/\/www.remap101.co.uk\/es\/categoria-producto\/herramientas-y-software-de-ajuste-profesional\/\">Software de tuning <\/a><\/p>\n","protected":false},"excerpt":{"rendered":"<p>VTA1022: EVC WinOLS Diesel Tuning Formaci\u00f3n Online M\u00f3dulo 5 de 6 Capacitaci\u00f3n en l\u00ednea de WinOLS Diesel Tuning M\u00f3dulo 5 de 6. En este curso de formaci\u00f3n online aprender\u00e1s: Comprender las relaciones de datos entre los diferentes tipos de mapas en la ECU C\u00f3mo desarrollar una comprensi\u00f3n de los valores de stock actuales y las [&hellip;]<\/p>\n","protected":false},"featured_media":56560,"comment_status":"open","ping_status":"closed","template":"","meta":{"_acf_changed":false},"product_brand":[21146,19675],"product_cat":[24422,24687,24611,24424,24419,24619,24613,24695],"product_tag":[15320,15322,15323],"class_list":{"0":"post-51114","1":"product","2":"type-product","3":"status-publish","4":"has-post-thumbnail","6":"product_brand-evc","7":"product_brand-winols","8":"product_cat-capacitacion-en-evc-winols-es","9":"product_cat-cursos-de-formacion-online-sobre-puesta-a-punto","10":"product_cat-entrenamiento-de-tuning-por-nivel","11":"product_cat-formacion-en-sintonizacion-electronica-evc","12":"product_cat-formacion-en-tuning-de-todos-los-vehiculos","13":"product_cat-formacion-en-tuning-diesel","14":"product_cat-formacion-tuning-por-tipo-de-vehiculo","15":"product_cat-capacitacion-en-optimizacion-de-software","16":"product_tag-evc-es","17":"product_tag-evc-winols-es","18":"product_tag-evc-winols-diesel-es","20":"first","21":"instock","22":"taxable","23":"shipping-taxable","24":"purchasable","25":"product-type-simple"},"acf":[],"_links":{"self":[{"href":"https:\/\/www.remap101.co.uk\/es\/wp-json\/wp\/v2\/product\/51114","targetHints":{"allow":["GET"]}}],"collection":[{"href":"https:\/\/www.remap101.co.uk\/es\/wp-json\/wp\/v2\/product"}],"about":[{"href":"https:\/\/www.remap101.co.uk\/es\/wp-json\/wp\/v2\/types\/product"}],"replies":[{"embeddable":true,"href":"https:\/\/www.remap101.co.uk\/es\/wp-json\/wp\/v2\/comments?post=51114"}],"wp:featuredmedia":[{"embeddable":true,"href":"https:\/\/www.remap101.co.uk\/es\/wp-json\/wp\/v2\/media\/56560"}],"wp:attachment":[{"href":"https:\/\/www.remap101.co.uk\/es\/wp-json\/wp\/v2\/media?parent=51114"}],"wp:term":[{"taxonomy":"product_brand","embeddable":true,"href":"https:\/\/www.remap101.co.uk\/es\/wp-json\/wp\/v2\/product_brand?post=51114"},{"taxonomy":"product_cat","embeddable":true,"href":"https:\/\/www.remap101.co.uk\/es\/wp-json\/wp\/v2\/product_cat?post=51114"},{"taxonomy":"product_tag","embeddable":true,"href":"https:\/\/www.remap101.co.uk\/es\/wp-json\/wp\/v2\/product_tag?post=51114"}],"curies":[{"name":"wp","href":"https:\/\/api.w.org\/{rel}","templated":true}]}}