{"id":51165,"date":"2022-03-10T15:52:25","date_gmt":"2022-03-10T15:52:25","guid":{"rendered":"https:\/\/www.remap101.co.uk\/product\/capacitacion-en-linea-de-ajuste-de-gasolina-evc-winols-modulo-4-de-6b\/"},"modified":"2026-01-16T11:22:11","modified_gmt":"2026-01-16T11:22:11","slug":"evc-winols-gasoline-tuning-training-online-module-4-of-6b","status":"publish","type":"product","link":"https:\/\/www.remap101.co.uk\/es\/producto\/evc-winols-gasoline-tuning-training-online-module-4-of-6b\/","title":{"rendered":"VTA1035: M\u00f3dulo de ajuste de gasolina WinOLS de EVC 4 de 6b"},"content":{"rendered":"<h2><strong>Formaci\u00f3n online en sintonizaci\u00f3n de veh\u00edculos de gasolina EVC WinOLS<\/strong><\/h2>\n<h3>EVC WinOLS Formaci\u00f3n Online Motores de Gasolina: M\u00f3dulo 4 de 6b<\/h3>\n<p>Este m\u00f3dulo online de formaci\u00f3n en tuning de gasolina WinOLS forma parte de la 4\u00aa secci\u00f3n del curso online Viezu Remap101 sobre tuning de motores de gasolina y reajuste de la ECU con WinOLS.<\/p>\n<p>Cada m\u00f3dulo se basa en el anterior. Desarrolla tus conocimientos y habilidades sobre WinOLS m\u00f3dulo a m\u00f3dulo, de forma estructurada. Aprender\u00e1s el formato de los archivos de sintonizaci\u00f3n y los mapas utilizados para sintonizar y calibrar la ECU del motor de gasolina.<\/p>\n<p>En este m\u00f3dulo, cubrimos los paquetes de mapas, la identificaci\u00f3n y etiquetado de datos, la comprensi\u00f3n del tama\u00f1o de los datos y mucho m\u00e1s.<\/p>\n<p>WinOLS es un software potente, pero puede ser dif\u00edcil de aprender. WinOLS no ofrece mucha orientaci\u00f3n al usuario. El usuario tiene que ser capaz de trabajar con datos en bruto. Por eso, los cursos de formaci\u00f3n en l\u00ednea Viezu Remap101 para WinOLS constan de m\u00e1s m\u00f3dulos que nuestros otros cursos en l\u00ednea para otros programas inform\u00e1ticos.<\/p>\n<p>Esta 4\u00aa secci\u00f3n de nuestro curso de gasolina WinOLS incluye 4 m\u00f3dulos: a, b, c, d. Los m\u00f3dulos se enumeran a continuaci\u00f3n.<\/p>\n<p>Estos 4 m\u00f3dulos juntos representan unas 5 horas de aprendizaje. Cada m\u00f3dulo supone aproximadamente una hora de aprendizaje.<\/p>\n<p>Hay cuestionarios en cada m\u00f3dulo, para que puedas poner a prueba tu aprendizaje.<\/p>\n<ol>\n<li><a href=\"https:\/\/www.remap101.co.uk\/es\/producto\/evc-winols-gasoline-tuning-training-online-module-4-of-6a\/?preview_id=9492&amp;preview_nonce=dd2e67b2f7&amp;_thumbnail_id=9185&amp;preview=true\">EVC WinOLS Gasolina Entrenamiento Online: M\u00f3dulo 4 de 6a &#8211; haga clic para comprar esta lecci\u00f3n<\/a><\/li>\n<li><strong>EVC WinOLS Formaci\u00f3n en l\u00ednea sobre gasolina: M\u00f3dulo 4 de 6b &#8211; esta lecci\u00f3n<\/strong><\/li>\n<li><a href=\"https:\/\/www.remap101.co.uk\/fr\/?post_type=sfwd-courses&amp;p=24515\">EVC WinOLS Gasolina Capacitaci\u00f3n en L\u00ednea: M\u00f3dulo 4 de 6c \u2013 haga clic para comprar esta lecci\u00f3n<\/a><\/li>\n<li><a href=\"https:\/\/www.remap101.co.uk\/es\/producto\/evc-winols-gasoline-tuning-training-online-module-4-of-6d\/?preview_id=9496&amp;preview_nonce=86e4c91d22&amp;_thumbnail_id=9185&amp;preview=true\">EVC WinOLS Gasolina Capacitaci\u00f3n en l\u00ednea: M\u00f3dulo 4 de 6d \u2013 haga clic para comprar esta lecci\u00f3n<\/a><\/li>\n<\/ol>\n<h3>Los beneficios de la capacitaci\u00f3n en l\u00ednea con Viezu<\/h3>\n<p>Una vez adquiridas, cada una de estas sesiones de formaci\u00f3n puede verse varias veces: tienes acceso de por vida. Mira y repasa los v\u00eddeos una y otra vez, como desees. Repasa temas concretos y refuerza tu aprendizaje.<\/p>\n<p>Una ventaja clave del aprendizaje en l\u00ednea de Viezu Remap101 EVC WinOLS es que puedes aprender a tu propio ritmo.<\/p>\n<p>Tienes la opci\u00f3n de pausar y reiniciar los v\u00eddeos. Esto significa que si te interrumpen, no importa: s\u00f3lo tienes que pausar y reiniciar m\u00e1s tarde, cuando est\u00e9s preparado.<\/p>\n<p>Te proporcionamos un Archivo Original que puedes utilizar para practicar. Puedes seguir con precisi\u00f3n lo que hace el formador, en tiempo real.<\/p>\n<h3>Software de ajuste EVC WinOLs<\/h3>\n<p>No es imprescindible disponer del software WinOLS de EVC para utilizar este Curso de Formaci\u00f3n WinOLS, pero te lo recomendamos encarecidamente. Tener el software WinOLS abierto y en funcionamiento mejorar\u00e1 tu experiencia de aprendizaje. Puedes practicar lo que vas aprendiendo a medida que avanzas.<\/p>\n<p>Si necesitas comprar software WinOls original de EVC, puedes verlo y comprarlo en nuestra tienda: <a href=\"https:\/\/www.remap101.co.uk\/product\/winols-5-tuning-software-evc\/\">Software WinOls<\/a>.<\/p>\n","protected":false},"excerpt":{"rendered":"<p>Capacitaci\u00f3n en l\u00ednea de gasolina EVC WinOLS: M\u00f3dulo 4 de 6b.<\/p>\n","protected":false},"featured_media":57470,"comment_status":"open","ping_status":"closed","template":"","meta":{"_acf_changed":false},"product_brand":[21146,19675],"product_cat":[24422,24687,24620,24610,24424,24419,24695],"product_tag":[15320,15288,15289,15227],"class_list":{"0":"post-51165","1":"product","2":"type-product","3":"status-publish","4":"has-post-thumbnail","6":"product_brand-evc","7":"product_brand-winols","8":"product_cat-capacitacion-en-evc-winols-es","9":"product_cat-cursos-de-formacion-online-sobre-puesta-a-punto","10":"product_cat-formacion-en-afinacion-de-gasolina","11":"product_cat-formacion-en-brand-tuning","12":"product_cat-formacion-en-sintonizacion-electronica-evc","13":"product_cat-formacion-en-tuning-de-todos-los-vehiculos","14":"product_cat-capacitacion-en-optimizacion-de-software","15":"product_tag-evc-es","16":"product_tag-gasolina-es","17":"product_tag-gasolina-es-2","18":"product_tag-software-de-ajuste-winols-5-evc-es","20":"first","21":"instock","22":"taxable","23":"shipping-taxable","24":"purchasable","25":"product-type-simple"},"acf":[],"_links":{"self":[{"href":"https:\/\/www.remap101.co.uk\/es\/wp-json\/wp\/v2\/product\/51165","targetHints":{"allow":["GET"]}}],"collection":[{"href":"https:\/\/www.remap101.co.uk\/es\/wp-json\/wp\/v2\/product"}],"about":[{"href":"https:\/\/www.remap101.co.uk\/es\/wp-json\/wp\/v2\/types\/product"}],"replies":[{"embeddable":true,"href":"https:\/\/www.remap101.co.uk\/es\/wp-json\/wp\/v2\/comments?post=51165"}],"wp:featuredmedia":[{"embeddable":true,"href":"https:\/\/www.remap101.co.uk\/es\/wp-json\/wp\/v2\/media\/57470"}],"wp:attachment":[{"href":"https:\/\/www.remap101.co.uk\/es\/wp-json\/wp\/v2\/media?parent=51165"}],"wp:term":[{"taxonomy":"product_brand","embeddable":true,"href":"https:\/\/www.remap101.co.uk\/es\/wp-json\/wp\/v2\/product_brand?post=51165"},{"taxonomy":"product_cat","embeddable":true,"href":"https:\/\/www.remap101.co.uk\/es\/wp-json\/wp\/v2\/product_cat?post=51165"},{"taxonomy":"product_tag","embeddable":true,"href":"https:\/\/www.remap101.co.uk\/es\/wp-json\/wp\/v2\/product_tag?post=51165"}],"curies":[{"name":"wp","href":"https:\/\/api.w.org\/{rel}","templated":true}]}}