{"id":51172,"date":"2022-03-08T12:42:50","date_gmt":"2022-03-08T12:42:50","guid":{"rendered":"https:\/\/www.remap101.co.uk\/product\/capacitacion-en-linea-de-ajuste-de-gasolina-evc-winols-modulo-4-de-6a\/"},"modified":"2026-01-16T10:25:43","modified_gmt":"2026-01-16T10:25:43","slug":"evc-winols-gasoline-tuning-training-online-module-4-of-6a","status":"publish","type":"product","link":"https:\/\/www.remap101.co.uk\/es\/producto\/evc-winols-gasoline-tuning-training-online-module-4-of-6a\/","title":{"rendered":"VTA1034: M\u00f3dulo de ajuste de gasolina WinOLS de EVC 4 de 6a"},"content":{"rendered":"<h2>Curso de formaci\u00f3n en l\u00ednea de sintonizaci\u00f3n de veh\u00edculos de gasolina EVC WinOLS<\/h2>\n<h3>EVC WinOLS Formaci\u00f3n Online para gasolina: M\u00f3dulo 4 de 6a<\/h3>\n<p>Formaci\u00f3n WinOLS de Ajuste de Gasolina y Remodelaci\u00f3n de la ECU. Este m\u00f3dulo de formaci\u00f3n en l\u00ednea WinOLS de EVC para el ajuste de motores de gasolina forma parte de la 4\u00aa secci\u00f3n del curso de formaci\u00f3n en l\u00ednea WinOLS de ajuste de motores de gasolina Viezu Remap101.<\/p>\n<p>Los cursos de formaci\u00f3n online Viezu Remap101 son modulares. Cada m\u00f3dulo se basa en el anterior. Los m\u00f3dulos construyen tus conocimientos y habilidades paso a paso.<\/p>\n<p>Los temas tratados incluyen el formato de los archivos y mapas de tuning, y la configuraci\u00f3n y funciones del software de la ECU.<\/p>\n<p>Este m\u00f3dulo trata de los mappacks, el reconocimiento y etiquetado de datos, la comprensi\u00f3n del tama\u00f1o de los datos y mucho m\u00e1s.<\/p>\n<p>WinOLS es dif\u00edcil de aprender. La interfaz de usuario es un lienzo en blanco. Hay pocas pistas, gu\u00edas o puntos de partida para el usuario. Por eso nuestros cursos de formaci\u00f3n online para WinOLS tienen m\u00e1s m\u00f3dulos que los cursos para otros programas inform\u00e1ticos.<\/p>\n<p>Hay 4 m\u00f3dulos en esta 4\u00aa secci\u00f3n de nuestro curso online de gasolina WinOLS. Los m\u00f3dulos son:<\/p>\n<ol>\n<li><strong>Formaci\u00f3n en l\u00ednea sobre WinOLS Gasolina: M\u00f3dulo 4 de 6a &#8211; este m\u00f3dulo<\/strong><\/li>\n<li><a href=\"https:\/\/www.remap101.co.uk\/es\/producto\/evc-winols-gasoline-tuning-training-online-module-4-of-6b\/\">EVC WinOLS Gasolina Training Online: M\u00f3dulo 4 de 6b \u2013 haga clic para comprar esta lecci\u00f3n<\/a><\/li>\n<li><a href=\"https:\/\/www.remap101.co.uk\/es\/?post_type=sfwd-courses&amp;p=24518\">Capacitaci\u00f3n en gasolina WinOLS en l\u00ednea: M\u00f3dulo 4 de 6c &#8211; haga clic para comprar esta lecci\u00f3n<\/a><\/li>\n<li><a href=\"https:\/\/www.remap101.co.uk\/es\/producto\/evc-winols-gasoline-tuning-training-online-module-4-of-6d\/?preview_id=9496&amp;preview_nonce=86e4c91d22&amp;_thumbnail_id=9185&amp;preview=true\">EVC WinOLS Gasolina Capacitaci\u00f3n en l\u00ednea: M\u00f3dulo 4 de 6d \u2013 haga clic para comprar esta lecci\u00f3n<\/a><\/li>\n<\/ol>\n<h3>Los beneficios de la capacitaci\u00f3n en l\u00ednea con Viezu<\/h3>\n<p>Una vez comprado, tienes acceso de por vida a estos m\u00f3dulos de formaci\u00f3n Viezu Remap101. Mira y repasa todo lo que quieras.<\/p>\n<p>Una ventaja clave del aprendizaje en l\u00ednea de Viezu Remap101 es que puedes aprender y perfeccionarte a tu propio ritmo. Si no entiendes algo, repasa de nuevo esa parte del v\u00eddeo. Repasa y repasa todo lo que quieras.<\/p>\n<p>Puedes pausar y reiniciar los v\u00eddeos, por lo que no tendr\u00e1s problemas si te interrumpen.<\/p>\n<p>Te proporcionamos un Fichero Original para que practiques. Puedes seguir lo que hace el formador y practicar t\u00fa mismo los procedimientos y t\u00e9cnicas. Se trata de un aprendizaje pr\u00e1ctico.<\/p>\n<h3>Software de ajuste EVC WinOLs<\/h3>\n<p>No es imprescindible tener el software WinOLS de EVC para participar en este curso WinOLS, pero te lo recomendamos encarecidamente.<\/p>\n<p>Tener el software WinOLS abierto y trabajando en tu propio PC mientras ves el v\u00eddeo de formaci\u00f3n mejorar\u00e1 tu experiencia de aprendizaje. Podr\u00e1s seguir lo que hace el formador. Esto aumentar\u00e1 tu confianza con el programa.<\/p>\n<p>Si necesitas adquirir software <a href=\"https:\/\/www.remap101.co.uk\/product\/winols-5-tuning-software-evc\/\">WinOls original de EVC, puedes verlo y comprarlo en nuestra tienda en l\u00ednea &#8211; Software WinOls<\/a>.<\/p>\n","protected":false},"excerpt":{"rendered":"<p>Capacitaci\u00f3n en ajuste de gasolina EVC WinOLS: M\u00f3dulo 4 de 6a; Esta lecci\u00f3n cubre<span style=\"font-family: var(--global-body-font-family);\">c\u00f3mo importar un &#8216;paquete de mapas&#8217;, <\/span>crear un perfil para el tipo de ECU y m\u00e1s.<\/p>\n","protected":false},"featured_media":57420,"comment_status":"open","ping_status":"closed","template":"","meta":{"_acf_changed":false},"product_brand":[21146,19675],"product_cat":[24422,24687,24620,24610,24424,24419,24695],"product_tag":[15320,23008,23009],"class_list":{"0":"post-51172","1":"product","2":"type-product","3":"status-publish","4":"has-post-thumbnail","6":"product_brand-evc","7":"product_brand-winols","8":"product_cat-capacitacion-en-evc-winols-es","9":"product_cat-cursos-de-formacion-online-sobre-puesta-a-punto","10":"product_cat-formacion-en-afinacion-de-gasolina","11":"product_cat-formacion-en-brand-tuning","12":"product_cat-formacion-en-sintonizacion-electronica-evc","13":"product_cat-formacion-en-tuning-de-todos-los-vehiculos","14":"product_cat-capacitacion-en-optimizacion-de-software","15":"product_tag-evc-es","16":"product_tag-gasolina-es-3","17":"product_tag-software-de-ajuste-winols-5-evc-es-2","19":"first","20":"instock","21":"taxable","22":"shipping-taxable","23":"purchasable","24":"product-type-simple"},"acf":[],"_links":{"self":[{"href":"https:\/\/www.remap101.co.uk\/es\/wp-json\/wp\/v2\/product\/51172","targetHints":{"allow":["GET"]}}],"collection":[{"href":"https:\/\/www.remap101.co.uk\/es\/wp-json\/wp\/v2\/product"}],"about":[{"href":"https:\/\/www.remap101.co.uk\/es\/wp-json\/wp\/v2\/types\/product"}],"replies":[{"embeddable":true,"href":"https:\/\/www.remap101.co.uk\/es\/wp-json\/wp\/v2\/comments?post=51172"}],"wp:featuredmedia":[{"embeddable":true,"href":"https:\/\/www.remap101.co.uk\/es\/wp-json\/wp\/v2\/media\/57420"}],"wp:attachment":[{"href":"https:\/\/www.remap101.co.uk\/es\/wp-json\/wp\/v2\/media?parent=51172"}],"wp:term":[{"taxonomy":"product_brand","embeddable":true,"href":"https:\/\/www.remap101.co.uk\/es\/wp-json\/wp\/v2\/product_brand?post=51172"},{"taxonomy":"product_cat","embeddable":true,"href":"https:\/\/www.remap101.co.uk\/es\/wp-json\/wp\/v2\/product_cat?post=51172"},{"taxonomy":"product_tag","embeddable":true,"href":"https:\/\/www.remap101.co.uk\/es\/wp-json\/wp\/v2\/product_tag?post=51172"}],"curies":[{"name":"wp","href":"https:\/\/api.w.org\/{rel}","templated":true}]}}