{"id":51181,"date":"2022-02-23T16:48:18","date_gmt":"2022-02-23T16:48:18","guid":{"rendered":"https:\/\/www.remap101.co.uk\/product\/capacitacion-en-linea-de-ajuste-de-gasolina-evc-winols-modulo-3-de-6\/"},"modified":"2026-01-16T10:15:32","modified_gmt":"2026-01-16T10:15:32","slug":"evc-winols-gasoline-tuning-training-online-module-3-of-6","status":"publish","type":"product","link":"https:\/\/www.remap101.co.uk\/es\/producto\/evc-winols-gasoline-tuning-training-online-module-3-of-6\/","title":{"rendered":"VTA1033: M\u00f3dulo de ajuste de gasolina EVC WinOLS 3 de 6"},"content":{"rendered":"<h2>Curso online de formaci\u00f3n en sintonizaci\u00f3n de motores de gasolina EVC WinOLS<\/h2>\n<h3>Formaci\u00f3n online de EVC WinOLS para ECUs de gasolina: M\u00f3dulo 3 de 6 &#8211; este m\u00f3dulo cubre los pasos necesarios para iniciar y gestionar un nuevo proyecto.<\/h3>\n<p>Este m\u00f3dulo de formaci\u00f3n de tuning y remapeado de gasolina EVC WinOLS es la tercera parte del curso de formaci\u00f3n online Viezu Remap101 WinOLS para el tuning de veh\u00edculos de gasolina.<\/p>\n<p>Los cursos de formaci\u00f3n online Viezu Remap101 son modulares. Cada m\u00f3dulo se basa en el anterior. Los m\u00f3dulos juntos forman un programa estructurado de aprendizaje. Desarrolla tus conocimientos y habilidades paso a paso.<\/p>\n<p>El contenido del curso de sintonizaci\u00f3n de gasolina WinOLS incluye el formato de los archivos de sintonizaci\u00f3n y los mapas que se utilizan para sintonizar y calibrar las ECU de gasolina, as\u00ed como la configuraci\u00f3n y las funciones.<\/p>\n<h3>Los beneficios de la capacitaci\u00f3n en l\u00ednea con Viezu<\/h3>\n<p>Una vez adquiridos, tendr\u00e1s acceso de por vida a estos m\u00f3dulos de formaci\u00f3n de Viezu Remap101. Puedes ver los v\u00eddeos de formaci\u00f3n un n\u00famero ilimitado de veces.<\/p>\n<p>Una ventaja clave del aprendizaje en l\u00ednea de Viezu Remap101 es que si no entiendes un concepto o una t\u00e9cnica a la primera, puedes volver a verlo y repasarlo. Puedes hacerlo tantas veces como desees. Aprende al ritmo que m\u00e1s te convenga.<\/p>\n<p>Puedes pausar y reiniciar los v\u00eddeos tanto como quieras. Esto te permite hacer frente a interrupciones, o tomarte un descanso. Tambi\u00e9n te da tiempo para probar una t\u00e9cnica o proceso, antes de pasar a la siguiente parte del v\u00eddeo.<\/p>\n<h3>Software de ajuste de WinOLs<\/h3>\n<p>Puedes realizar cualquiera de nuestros m\u00f3dulos de formaci\u00f3n WinOls sin el software. Sin embargo, tu experiencia de aprendizaje ser\u00e1 mucho mejor si tienes el software abierto, funcionando y contigo, en tu propio ordenador.<\/p>\n<p>Tener tu propio software significa que puedes practicar lo que has aprendido antes de pasar a la siguiente parte del curso de formaci\u00f3n. Refuerza tu aprendizaje y aumenta tu confianza con el software.<\/p>\n<p>Si a\u00fan no has comprado tu software <a href=\"https:\/\/www.remap101.co.uk\/product\/winols-5-tuning-software-evc\/\">WinOls original, puedes verlo y comprarlo en nuestra tienda online &#8211; WinOls Software<\/a>.<\/p>\n<p>&nbsp;<\/p>\n<p>Remodelaci\u00f3n de la ECU y formaci\u00f3n en remapping de la Academia de Formaci\u00f3n Viezu y Remap101.<\/p>\n","protected":false},"excerpt":{"rendered":"<p>Capacitaci\u00f3n en ajuste de gasolina EVC WinOLS: M\u00f3dulo 3 de 6; Esta lecci\u00f3n cubre los pasos necesarios para iniciar un nuevo proyecto y abrir un proyecto.<\/p>\n<p>Capacitaci\u00f3n en reasignaci\u00f3n y reasignaci\u00f3n de ECU de la Academia de Capacitaci\u00f3n VIEZU<\/p>\n","protected":false},"featured_media":57370,"comment_status":"open","ping_status":"closed","template":"","meta":{"_acf_changed":false},"product_brand":[21146,19675],"product_cat":[24422,24687,24620,24610,24424,24419,24695],"product_tag":[15320,15288,15289,15227],"class_list":{"0":"post-51181","1":"product","2":"type-product","3":"status-publish","4":"has-post-thumbnail","6":"product_brand-evc","7":"product_brand-winols","8":"product_cat-capacitacion-en-evc-winols-es","9":"product_cat-cursos-de-formacion-online-sobre-puesta-a-punto","10":"product_cat-formacion-en-afinacion-de-gasolina","11":"product_cat-formacion-en-brand-tuning","12":"product_cat-formacion-en-sintonizacion-electronica-evc","13":"product_cat-formacion-en-tuning-de-todos-los-vehiculos","14":"product_cat-capacitacion-en-optimizacion-de-software","15":"product_tag-evc-es","16":"product_tag-gasolina-es","17":"product_tag-gasolina-es-2","18":"product_tag-software-de-ajuste-winols-5-evc-es","20":"first","21":"instock","22":"taxable","23":"shipping-taxable","24":"purchasable","25":"product-type-simple"},"acf":[],"_links":{"self":[{"href":"https:\/\/www.remap101.co.uk\/es\/wp-json\/wp\/v2\/product\/51181","targetHints":{"allow":["GET"]}}],"collection":[{"href":"https:\/\/www.remap101.co.uk\/es\/wp-json\/wp\/v2\/product"}],"about":[{"href":"https:\/\/www.remap101.co.uk\/es\/wp-json\/wp\/v2\/types\/product"}],"replies":[{"embeddable":true,"href":"https:\/\/www.remap101.co.uk\/es\/wp-json\/wp\/v2\/comments?post=51181"}],"wp:featuredmedia":[{"embeddable":true,"href":"https:\/\/www.remap101.co.uk\/es\/wp-json\/wp\/v2\/media\/57370"}],"wp:attachment":[{"href":"https:\/\/www.remap101.co.uk\/es\/wp-json\/wp\/v2\/media?parent=51181"}],"wp:term":[{"taxonomy":"product_brand","embeddable":true,"href":"https:\/\/www.remap101.co.uk\/es\/wp-json\/wp\/v2\/product_brand?post=51181"},{"taxonomy":"product_cat","embeddable":true,"href":"https:\/\/www.remap101.co.uk\/es\/wp-json\/wp\/v2\/product_cat?post=51181"},{"taxonomy":"product_tag","embeddable":true,"href":"https:\/\/www.remap101.co.uk\/es\/wp-json\/wp\/v2\/product_tag?post=51181"}],"curies":[{"name":"wp","href":"https:\/\/api.w.org\/{rel}","templated":true}]}}