{"id":51250,"date":"2022-01-17T16:07:21","date_gmt":"2022-01-17T16:07:21","guid":{"rendered":"https:\/\/www.remap101.co.uk\/product\/modulo-de-capacitacion-de-ajuste-de-gasolina-evc-winols-1-de-6\/"},"modified":"2026-01-05T17:36:58","modified_gmt":"2026-01-05T17:36:58","slug":"evc-winols-gasoline-tuning-training-module-1-of-6","status":"publish","type":"product","link":"https:\/\/www.remap101.co.uk\/es\/producto\/evc-winols-gasoline-tuning-training-module-1-of-6\/","title":{"rendered":"VTA1031: M\u00f3dulo de ajuste de gasolina WinOLS de EVC 1 de 6"},"content":{"rendered":"<h2>Curso de Formaci\u00f3n en Sintonizaci\u00f3n de Gasolina EVC WinOLS<\/h2>\n<h3>Formaci\u00f3n en l\u00ednea sobre ajuste de motores de gasolina con EVC WinOLS: M\u00f3dulo 1 de 6 &#8211; inicio del trabajo de descarga, instalaci\u00f3n y configuraci\u00f3n de EVC WinOLS 5.<\/h3>\n<p>Este es el primer m\u00f3dulo del curso de formaci\u00f3n online Remap101 de la Academia de Formaci\u00f3n Viezu sobre afinaci\u00f3n de motores de gasolina y remapeado de la ECU mediante EVC WinOLS.<\/p>\n<p>Nuestros cursos de formaci\u00f3n online son modulares. Cada m\u00f3dulo se basa en el anterior. Juntos, los m\u00f3dulos de un curso forman un programa estructurado de aprendizaje.<\/p>\n<p>Obtendr\u00e1s los m\u00e1ximos beneficios y todo el valor del curso si realizas los m\u00f3dulos en el orden correcto, en secuencia.<\/p>\n<p>EVC WinOLS es un potente software de ajuste y reajuste. Sin embargo, es dif\u00edcil de aprender, para el nuevo usuario. Con WinOLS, trabajas con datos sin procesar. Esto te da mucho control manual, pero WinOLS no te ofrece puntos de partida f\u00e1ciles de usar ni orientaci\u00f3n como parte de su interfaz de usuario.<\/p>\n<p>El curso online Viezu Remap101 para WinOLS te llevar\u00e1 paso a paso por la instalaci\u00f3n, configuraci\u00f3n y uso del software, de forma estructurada. Como WinOLS es complejo, en nuestros cursos de WinOLS hay m\u00e1s m\u00f3dulos que en nuestros cursos para otras plataformas de software.<\/p>\n<p>Completar todos los m\u00f3dulos de este curso de formaci\u00f3n online te proporcionar\u00e1 un buen conocimiento de WinOLS y de c\u00f3mo se puede utilizar para aplicaciones pr\u00e1cticas en el ajuste, reajuste y calibraci\u00f3n de la ECU de motores de gasolina.<\/p>\n<p>Qu\u00e9 abarca este primer m\u00f3dulo:<\/p>\n<ol>\n<li>C\u00f3mo prepararse para el \u00e9xito de la escritura de mapas<\/li>\n<li>Lo que debe hacer antes de comenzar a usar el software<\/li>\n<li>Organizaci\u00f3n y configuraci\u00f3n de preferencias<\/li>\n<li>Recomendaciones para la configuraci\u00f3n<\/li>\n<li>Optimizaci\u00f3n de vistas y dise\u00f1os<\/li>\n<li>C\u00f3mo utilizar el software y qu\u00e9 evitar<\/li>\n<\/ol>\n<p>Por favor, dedica 1 hora a este m\u00f3dulo y al test\/prueba.<\/p>\n<p>En este primer m\u00f3dulo de EVC WinOLS Gasolina, aprender\u00e1s a descargar e instalar EVC WinOLS 5. Aprender\u00e1s a configurar el software y a configurar tus ajustes, antes de hacer tu primer proyecto y archivo de tuning.<\/p>\n<p>En este m\u00f3dulo, un archivo de software original base de un veh\u00edculo BMW es el ejemplo de formaci\u00f3n. Los principios de tuning tratados y las t\u00e9cnicas de uso del software WinOls son transferibles a la mayor\u00eda de las aplicaciones de tuning de motores de gasolina.<\/p>\n<p>No es imprescindible que dispongas de tu propio software WinOLS para realizar este curso de formaci\u00f3n. Sin embargo, tu experiencia de aprendizaje ser\u00e1 mucho mejor si tienes el software abierto y contigo en tu propio ordenador mientras trabajas con los m\u00f3dulos. As\u00ed tendr\u00e1s la oportunidad de practicar con el programa y probar por ti mismo los procesos y t\u00e9cnicas que has aprendido en el v\u00eddeo. As\u00ed reforzar\u00e1s tu aprendizaje.<\/p>\n<p>Si a\u00fan no has comprado tu software WinOLS original, puedes verlo y comprarlo en nuestra tienda online &#8211; <a href=\"https:\/\/www.remap101.co.uk\/product\/winols-5-tuning-software-evc\/\">WinOls Software<\/a>.<\/p>\n","protected":false},"excerpt":{"rendered":"<p>M\u00f3dulo de ajuste de gasolina EVC WinOLS 1 de 6; dos lecciones que cubren la descarga, instalaci\u00f3n y configuraci\u00f3n de EVC WinOLS5.<\/p>\n<p>Este es un m\u00f3dulo de capacitaci\u00f3n completo, permita 1 hora para tomar este curso y la prueba asociada con \u00e9l<\/p>\n","protected":false},"featured_media":57050,"comment_status":"open","ping_status":"closed","template":"","meta":{"_acf_changed":false},"product_brand":[21146,19675],"product_cat":[24422,24687,24612,24614,24620,24610,24424,24419,24695],"product_tag":[15320,15288,15289,15227],"class_list":{"0":"post-51250","1":"product","2":"type-product","3":"status-publish","4":"has-post-thumbnail","6":"product_brand-evc","7":"product_brand-winols","8":"product_cat-capacitacion-en-evc-winols-es","9":"product_cat-cursos-de-formacion-online-sobre-puesta-a-punto","10":"product_cat-entrenamiento-de-afinacion-para-principiantes","11":"product_cat-formacion-en-tuning","12":"product_cat-formacion-en-afinacion-de-gasolina","13":"product_cat-formacion-en-brand-tuning","14":"product_cat-formacion-en-sintonizacion-electronica-evc","15":"product_cat-formacion-en-tuning-de-todos-los-vehiculos","16":"product_cat-capacitacion-en-optimizacion-de-software","17":"product_tag-evc-es","18":"product_tag-gasolina-es","19":"product_tag-gasolina-es-2","20":"product_tag-software-de-ajuste-winols-5-evc-es","22":"first","23":"instock","24":"taxable","25":"shipping-taxable","26":"purchasable","27":"product-type-simple"},"acf":[],"_links":{"self":[{"href":"https:\/\/www.remap101.co.uk\/es\/wp-json\/wp\/v2\/product\/51250","targetHints":{"allow":["GET"]}}],"collection":[{"href":"https:\/\/www.remap101.co.uk\/es\/wp-json\/wp\/v2\/product"}],"about":[{"href":"https:\/\/www.remap101.co.uk\/es\/wp-json\/wp\/v2\/types\/product"}],"replies":[{"embeddable":true,"href":"https:\/\/www.remap101.co.uk\/es\/wp-json\/wp\/v2\/comments?post=51250"}],"wp:featuredmedia":[{"embeddable":true,"href":"https:\/\/www.remap101.co.uk\/es\/wp-json\/wp\/v2\/media\/57050"}],"wp:attachment":[{"href":"https:\/\/www.remap101.co.uk\/es\/wp-json\/wp\/v2\/media?parent=51250"}],"wp:term":[{"taxonomy":"product_brand","embeddable":true,"href":"https:\/\/www.remap101.co.uk\/es\/wp-json\/wp\/v2\/product_brand?post=51250"},{"taxonomy":"product_cat","embeddable":true,"href":"https:\/\/www.remap101.co.uk\/es\/wp-json\/wp\/v2\/product_cat?post=51250"},{"taxonomy":"product_tag","embeddable":true,"href":"https:\/\/www.remap101.co.uk\/es\/wp-json\/wp\/v2\/product_tag?post=51250"}],"curies":[{"name":"wp","href":"https:\/\/api.w.org\/{rel}","templated":true}]}}