{"id":51258,"date":"2022-01-14T16:47:28","date_gmt":"2022-01-14T16:47:28","guid":{"rendered":"https:\/\/www.remap101.co.uk\/product\/modulo-de-ajuste-de-gasolina-ecm-titanium-6-de-6\/"},"modified":"2026-01-07T12:27:59","modified_gmt":"2026-01-07T12:27:59","slug":"ecm-titanium-gasoline-tuning-module-6-of-6","status":"publish","type":"product","link":"https:\/\/www.remap101.co.uk\/es\/producto\/ecm-titanium-gasoline-tuning-module-6-of-6\/","title":{"rendered":"VTA1030: M\u00f3dulo de ajuste de gasolina ECM Titanium 6 de 6"},"content":{"rendered":"<h2>M\u00f3dulo de Ajuste de Gasolina ECM Titanium Online 6 de 6<\/h2>\n<p>ECM Titanium Petrol I Gasoline Training : Este curso es una continuaci\u00f3n directa del ECM Titanium Gasoline Tuning Module 5 of 6: Lesson One. Regrese y complete el M\u00f3dulo 5 de 6 de 6 de ajuste de gasolina de titanio ECM si a\u00fan no lo ha hecho. En este curso, la lecci\u00f3n contin\u00faa con la comparaci\u00f3n de diferentes tipos de mapas de veh\u00edculos de gasolina. Tenga en cuenta que los archivos de stock de los cuatro veh\u00edculos se incluyen en esta lecci\u00f3n para que pueda explorar la l\u00f3gica en su propio tiempo y a su propio ritmo de aprendizaje preferido.   <\/p>\n<h3><strong>En este curso nos centramos en los siguientes temas:<\/strong><\/h3>\n<ol>\n<li>Ajuste avanzado del mapa base de Spark<\/li>\n<li>\u00bfQu\u00e9 es Spark Advance a plena carga y c\u00f3mo realizar las modificaciones necesarias?<\/li>\n<li>Explorando modificaciones complementarias en veh\u00edculos de aspiraci\u00f3n natural (NA)<\/li>\n<li>Comparaci\u00f3n de diferentes veh\u00edculos NA y sus archivos de stock para comprender mejor la l\u00f3gica de las modificaciones aplicadas<\/li>\n<\/ol>\n<p>Este m\u00f3dulo online de Formaci\u00f3n ECM Titanium Gasolina I Gasolina es la 6\u00aa sesi\u00f3n de una serie de 6 sesiones online de Formaci\u00f3n Alientech ECM Titanium Gasolina Tuning. Te recomendamos que sigas todos los cursos en el orden correcto para obtener el m\u00e1ximo beneficio de tu inversi\u00f3n en el desarrollo de tus habilidades. Si sigues todos los cursos de la serie, ver\u00e1s que tus conocimientos y habilidades se van ampliando de un m\u00f3dulo a otro.  <\/p>\n<p>Con la capacidad de seguir los ejercicios pr\u00e1cticos obtendr\u00e1s los mejores resultados con el remap uno a uno &#8211; te guiaremos a trav\u00e9s de los pasos clave para ser un Afinador competente e incluso si ya est\u00e1s utilizando el Software Alientech ECM Titanium, comienza con la lecci\u00f3n introductoria y sigue c\u00f3modamente la l\u00f3gica y la estructura de las lecciones paso a paso, uno a uno.<\/p>\n<p><strong>Pero espera, se pone mejor&#8230;.<\/strong><\/p>\n<p>Cada sesi\u00f3n de entrenamiento se puede realizar varias veces. Como tal, una de las mejores cosas de la capacitaci\u00f3n en l\u00ednea es si no entendiste bien algo. Puedes verlo de nuevo, y una y otra vez hasta que lo domines. Y tambi\u00e9n puedes pausar y reiniciar. Por lo tanto, te da tiempo para tomar notas, o incluso practicar lo que acabas de ver    <\/p>\n<h3><strong>Software de ajuste ECM de Alientech  <\/strong><\/h3>\n<p>En teor\u00eda, no necesitas haber comprado ya el software de ajuste ECM Alientech para realizar este curso de formaci\u00f3n. Sin embargo, para obtener la mejor experiencia de aprendizaje. Y para asegurarte de que sacas el m\u00e1ximo partido a los cursos de formaci\u00f3n Remap 101. Te aconsejamos que realices la formaci\u00f3n con el software a mano.   <\/p>\n<p>Si tienes el software ECM, podr\u00e1s seguir activamente la formaci\u00f3n. Por tanto, podr\u00e1s participar en los ejercicios durante y despu\u00e9s de la formaci\u00f3n. Sabemos que sacar\u00e1s mucho m\u00e1s partido a la formaci\u00f3n si realizas el curso con el software. Tal vez te interese conocer el stock y el suministro de Remap 101. Adem\u00e1s de formarme en casi todas las herramientas y programas de tuning. Puedes ver la tienda de herramientas y software de tuning aqu\u00ed : <a href=\"https:\/\/www.remap101.co.uk\/es\/categoria-producto\/herramientas-y-software-de-ajuste-profesional\/\">Tienda<\/a><\/p>\n","protected":false},"excerpt":{"rendered":"<h2>Gasolina de titanio ECM | M\u00f3dulo de formaci\u00f3n en l\u00ednea de puesta a punto de gasolina 6 de 6<\/h2>\n","protected":false},"featured_media":56980,"comment_status":"open","ping_status":"closed","template":"","meta":{"_acf_changed":false},"product_brand":[19674,19679],"product_cat":[24687,24428,24620,24610,24419,24695,14860],"product_tag":[15347,15287,15288,15289,15285],"class_list":{"0":"post-51258","1":"product","2":"type-product","3":"status-publish","4":"has-post-thumbnail","6":"product_brand-alientech","7":"product_brand-ecm-titanium","8":"product_cat-cursos-de-formacion-online-sobre-puesta-a-punto","9":"product_cat-formacion-ecm-titanium","10":"product_cat-formacion-en-afinacion-de-gasolina","11":"product_cat-formacion-en-brand-tuning","12":"product_cat-formacion-en-tuning-de-todos-los-vehiculos","13":"product_cat-capacitacion-en-optimizacion-de-software","14":"product_cat-alientech-es","15":"product_tag-capacitacion-en-titanio-ecm-de-alientech","16":"product_tag-ecm-titanio","17":"product_tag-gasolina-es","18":"product_tag-gasolina-es-2","19":"product_tag-modulo-de-gestion-del-ciclo-de-vida","21":"first","22":"instock","23":"taxable","24":"shipping-taxable","25":"purchasable","26":"product-type-simple"},"acf":[],"_links":{"self":[{"href":"https:\/\/www.remap101.co.uk\/es\/wp-json\/wp\/v2\/product\/51258","targetHints":{"allow":["GET"]}}],"collection":[{"href":"https:\/\/www.remap101.co.uk\/es\/wp-json\/wp\/v2\/product"}],"about":[{"href":"https:\/\/www.remap101.co.uk\/es\/wp-json\/wp\/v2\/types\/product"}],"replies":[{"embeddable":true,"href":"https:\/\/www.remap101.co.uk\/es\/wp-json\/wp\/v2\/comments?post=51258"}],"wp:featuredmedia":[{"embeddable":true,"href":"https:\/\/www.remap101.co.uk\/es\/wp-json\/wp\/v2\/media\/56980"}],"wp:attachment":[{"href":"https:\/\/www.remap101.co.uk\/es\/wp-json\/wp\/v2\/media?parent=51258"}],"wp:term":[{"taxonomy":"product_brand","embeddable":true,"href":"https:\/\/www.remap101.co.uk\/es\/wp-json\/wp\/v2\/product_brand?post=51258"},{"taxonomy":"product_cat","embeddable":true,"href":"https:\/\/www.remap101.co.uk\/es\/wp-json\/wp\/v2\/product_cat?post=51258"},{"taxonomy":"product_tag","embeddable":true,"href":"https:\/\/www.remap101.co.uk\/es\/wp-json\/wp\/v2\/product_tag?post=51258"}],"curies":[{"name":"wp","href":"https:\/\/api.w.org\/{rel}","templated":true}]}}