{"id":51266,"date":"2022-01-14T16:43:03","date_gmt":"2022-01-14T16:43:03","guid":{"rendered":"https:\/\/www.remap101.co.uk\/product\/modulo-de-ajuste-de-gasolina-ecm-titanium-5-de-6\/"},"modified":"2026-01-07T12:52:37","modified_gmt":"2026-01-07T12:52:37","slug":"ecm-titanium-gasoline-tuning-module-5-of-6","status":"publish","type":"product","link":"https:\/\/www.remap101.co.uk\/es\/producto\/ecm-titanium-gasoline-tuning-module-5-of-6\/","title":{"rendered":"VTA1029: M\u00f3dulo de ajuste de gasolina ECM Titanium 5 de 6"},"content":{"rendered":"<h2>ECM Gasolina de titanio | Capacitaci\u00f3n en Gasolina en l\u00ednea M\u00f3dulo 5 de 6<\/h2>\n<p>ECM Gasolina de titanio | Capacitaci\u00f3n en gasolina Curso de capacitaci\u00f3n en l\u00ednea que cubra:<\/p>\n<ul>\n<li>Comprender los principios de la puesta a punto de los veh\u00edculos atmosf\u00e9ricos (NA) y,<\/li>\n<li>c\u00f3mo abordar la puesta a punto utilizando el software Alientech ECM Titanium<\/li>\n<li>El Entrenador te llevar\u00e1 a trav\u00e9s de varios tipos de veh\u00edculos diferentes para ayudarte a comparar los datos de los mapas.<\/li>\n<li>Para apoyar el desarrollo de sus conocimientos y hacer que el curso sea lo m\u00e1s interactivo posible para usted; El curso contiene los archivos originales que necesitar\u00e1s para poder seguir el curso junto con el formador.<\/li>\n<li>El entrenador cubrir\u00e1 los beneficios clave de ajustar un veh\u00edculo atmosf\u00e9rico y le mostrar\u00e1 los mapas clave que se pueden ajustar para desbloquear los aumentos de rendimiento en estos veh\u00edculos<\/li>\n<\/ul>\n<p>Este m\u00f3dulo de formaci\u00f3n online ECM Titanium Gasolina es la 5\u00aa sesi\u00f3n de una serie de 6 sesiones de formaci\u00f3n online Alientech ECM Titanium Gasolina. Te recomendamos que sigas todos los cursos en el orden correcto para obtener el m\u00e1ximo beneficio de tu inversi\u00f3n en el desarrollo de tus habilidades. <\/p>\n<p>Si sigues todos los cursos de la serie, ver\u00e1s que tus conocimientos y habilidades aumentan de un m\u00f3dulo a otro.<\/p>\n<p>Con e habilidad para seguir los ejercicios pr\u00e1cticos obtendr\u00e1s los mejores resultados con el remap uno a uno &#8211; te guiaremos a trav\u00e9s de los pasos clave para ser un Afinador competente e incluso si ya est\u00e1s utilizando el Software Alientech ECM Titanium, comienza con la lecci\u00f3n introductoria y sigue c\u00f3modamente la l\u00f3gica y la estructura de las lecciones paso a paso, uno a uno.<\/p>\n<p><strong>Pero espera, se pone mejor&#8230;.<\/strong><\/p>\n<p>Cada sesi\u00f3n de entrenamiento est\u00e1 disponible tantas veces como necesites. Como tal, una de las mejores cosas de la capacitaci\u00f3n en l\u00ednea es si no entendiste bien algo. Puedes verlo de nuevo, y una y otra vez hasta que lo domines. Y tambi\u00e9n puedes pausar y reiniciar. Por lo tanto, te da tiempo para tomar notas, o incluso practicar lo que acabas de ver    <\/p>\n<h3><strong>Software de ajuste ECM de Alientech  <\/strong><\/h3>\n<p>En teor\u00eda, no necesitas haber comprado ya el software de ajuste ECM Alientech para realizar este curso de formaci\u00f3n. Sin embargo, para obtener la mejor experiencia de aprendizaje. Y para asegurarte de que sacas el m\u00e1ximo partido a los cursos de formaci\u00f3n Remap 101. Te aconsejamos que realices la formaci\u00f3n con el software a mano.   <\/p>\n<p>Si tienes el software ECM, podr\u00e1s seguir activamente la formaci\u00f3n. Por tanto, podr\u00e1s participar en los ejercicios durante y despu\u00e9s de la formaci\u00f3n. Sabemos que sacar\u00e1s mucho m\u00e1s partido a la formaci\u00f3n si realizas el curso con el software. Como tal, te gustar\u00e1 saber que Remap 101 tiene en stock, suministra y forma en pr\u00e1cticamente todas las herramientas y software de tuning. Puedes ver la tienda de herramientas y software de tuning aqu\u00ed : <a href=\"https:\/\/www.remap101.co.uk\/es\/categoria-producto\/herramientas-y-software-de-ajuste-profesional\/\">Tienda<\/a><\/p>\n","protected":false},"excerpt":{"rendered":"<h2>ECM Titanio Gasolina\/Gasolina Tuning M\u00f3dulo de Capacitaci\u00f3n en l\u00ednea 5 de 6<\/h2>\n","protected":false},"featured_media":56910,"comment_status":"open","ping_status":"closed","template":"","meta":{"_acf_changed":false},"product_brand":[19674,19679],"product_cat":[24687,24428,24620,24610,24419,24695,14860],"product_tag":[15287,15288,15289,15285],"class_list":{"0":"post-51266","1":"product","2":"type-product","3":"status-publish","4":"has-post-thumbnail","6":"product_brand-alientech","7":"product_brand-ecm-titanium","8":"product_cat-cursos-de-formacion-online-sobre-puesta-a-punto","9":"product_cat-formacion-ecm-titanium","10":"product_cat-formacion-en-afinacion-de-gasolina","11":"product_cat-formacion-en-brand-tuning","12":"product_cat-formacion-en-tuning-de-todos-los-vehiculos","13":"product_cat-capacitacion-en-optimizacion-de-software","14":"product_cat-alientech-es","15":"product_tag-ecm-titanio","16":"product_tag-gasolina-es","17":"product_tag-gasolina-es-2","18":"product_tag-modulo-de-gestion-del-ciclo-de-vida","20":"first","21":"instock","22":"taxable","23":"shipping-taxable","24":"purchasable","25":"product-type-simple"},"acf":[],"_links":{"self":[{"href":"https:\/\/www.remap101.co.uk\/es\/wp-json\/wp\/v2\/product\/51266","targetHints":{"allow":["GET"]}}],"collection":[{"href":"https:\/\/www.remap101.co.uk\/es\/wp-json\/wp\/v2\/product"}],"about":[{"href":"https:\/\/www.remap101.co.uk\/es\/wp-json\/wp\/v2\/types\/product"}],"replies":[{"embeddable":true,"href":"https:\/\/www.remap101.co.uk\/es\/wp-json\/wp\/v2\/comments?post=51266"}],"wp:featuredmedia":[{"embeddable":true,"href":"https:\/\/www.remap101.co.uk\/es\/wp-json\/wp\/v2\/media\/56910"}],"wp:attachment":[{"href":"https:\/\/www.remap101.co.uk\/es\/wp-json\/wp\/v2\/media?parent=51266"}],"wp:term":[{"taxonomy":"product_brand","embeddable":true,"href":"https:\/\/www.remap101.co.uk\/es\/wp-json\/wp\/v2\/product_brand?post=51266"},{"taxonomy":"product_cat","embeddable":true,"href":"https:\/\/www.remap101.co.uk\/es\/wp-json\/wp\/v2\/product_cat?post=51266"},{"taxonomy":"product_tag","embeddable":true,"href":"https:\/\/www.remap101.co.uk\/es\/wp-json\/wp\/v2\/product_tag?post=51266"}],"curies":[{"name":"wp","href":"https:\/\/api.w.org\/{rel}","templated":true}]}}