{"id":51274,"date":"2022-01-11T14:37:58","date_gmt":"2022-01-11T14:37:58","guid":{"rendered":"https:\/\/www.remap101.co.uk\/product\/evc-winols-diesel-tuning-modulo-6-de-6b\/"},"modified":"2026-01-30T13:53:31","modified_gmt":"2026-01-30T13:53:31","slug":"evc-winols-diesel-tuning-module-6-of-6b","status":"publish","type":"product","link":"https:\/\/www.remap101.co.uk\/es\/producto\/evc-winols-diesel-tuning-module-6-of-6b\/","title":{"rendered":"VTA1028: M\u00f3dulo de Ajuste Diesel WinOLS de EVC 6 de 6b"},"content":{"rendered":"<h2>VTA1028: Curso online de formaci\u00f3n en sintonizaci\u00f3n di\u00e9sel WinOLS de EVC &#8211; M\u00f3dulo 6 de 6b<\/h2>\n<p>Este es el \u00faltimo m\u00f3dulo del curso de formaci\u00f3n en l\u00ednea Viezu Remap101 WinOLS de Ajuste de Motores Diesel.<\/p>\n<p>La 6\u00aa secci\u00f3n del curso se divide en 2 partes: a y b:<\/p>\n<ul>\n<li>Capacitaci\u00f3n en l\u00ednea de ajuste di\u00e9sel EVC WinOLS M\u00f3dulo 6 de 6a<\/li>\n<li><strong>M\u00f3dulo 6 de 6b de la formaci\u00f3n online EVC WinOLS Diesel Tuning (este m\u00f3dulo)<\/strong><\/li>\n<\/ul>\n<h3><strong>\u00bfQu\u00e9 hay en el m\u00f3dulo de ajuste EVC WinOLS Diesel 6 de 6b?<\/strong><\/h3>\n<ol>\n<li>Aprenda la importancia de controlar los cambios en mapas similares<\/li>\n<li>Aprende el arte y la habilidad de la \u00abCoherencia\u00bb en el contexto de hacer modificaciones en diferentes mapas<\/li>\n<li>Explora la Turbo Presi\u00f3n y el enfoque de la modificaci\u00f3n<\/li>\n<li>Inicio del \u00e1ngulo de inyecci\u00f3n y el enfoque de la modificaci\u00f3n<\/li>\n<li>Explora los diferentes enfoques para ajustar la presi\u00f3n de los rieles<\/li>\n<li>Comprender la solicitud de torsi\u00f3n y el planteamiento de la modificaci\u00f3n<\/li>\n<li>El arte y la habilidad de la \u00abcoherencia\u00bb revisados en relaci\u00f3n con el ajuste del limitador de engranajes<\/li>\n<li>Reasignar uno a uno &#8211; C\u00f3mo exportar un archivo<\/li>\n<\/ol>\n<p>El formador y presentador de este curso lleva m\u00e1s de 15 a\u00f1os utilizando WinOL para afinar y remapear veh\u00edculos. Ha impartido cursos de redacci\u00f3n de mapas de sintonizaci\u00f3n y sesiones de formaci\u00f3n en todo el mundo. Ahora puedes participar en estos cursos de formaci\u00f3n cuando te convenga, desde tu casa o negocio. Aprende directamente de los expertos. Desarrolla tus habilidades, conocimientos y desarrollo personal.<\/p>\n<h3><strong>Crecimiento personal<\/strong><\/h3>\n<p>La Academia de Formaci\u00f3n Viezu y Remap101 se dedican a elevar los est\u00e1ndares en la industria del tuning y a darte oportunidades para desarrollar tus conocimientos y habilidades y hacer crecer tu negocio de tuning.<\/p>\n<p>Para obtener los beneficios y todo el valor de este curso de formaci\u00f3n online, lo mejor es hacer los m\u00f3dulos en el orden correcto, en secuencia. Esto te permitir\u00e1 empezar por el principio, aprender la instalaci\u00f3n y configuraci\u00f3n adecuadas, aprender los conceptos b\u00e1sicos y, a partir de ah\u00ed, seguir avanzando.<\/p>\n<p>Este es el \u00faltimo m\u00f3dulo de este curso online, por lo que te beneficiar\u00e1s de haber realizado los m\u00f3dulos anteriores del curso.<\/p>\n<h3><strong>Acceso de por vida<\/strong><\/h3>\n<p>Tienes acceso de por vida a cada m\u00f3dulo despu\u00e9s de comprarlo. Puedes verlo tantas veces como quieras. M\u00edralo y rev\u00edsalo cuando quieras.<\/p>\n<p>Puedes pausar y reiniciar los v\u00eddeos de entrenamiento. Puedes hacerlo tantas veces como quieras. Esto significa que puedes tomarte un descanso si lo deseas. Adem\u00e1s, si te interrumpen, puedes pausar el v\u00eddeo y reiniciarlo m\u00e1s tarde, cuando est\u00e9s preparado.<\/p>\n<h3><strong>El software de ajuste WinOLS de EVC<\/strong><\/h3>\n<p>No es imprescindible que tengas tu propio software EVC WinOLS para completar estos m\u00f3dulos de formaci\u00f3n en l\u00ednea, sin embargo, tu experiencia de aprendizaje ser\u00e1 mucho mejor si tienes el software instalado y en funcionamiento en tu ordenador mientras sigues los v\u00eddeos de formaci\u00f3n.<\/p>\n<p>Esto significa que puedes practicar por tu cuenta los procesos y t\u00e9cnicas que has aprendido en el v\u00eddeo. Esto refuerza tu aprendizaje.<\/p>\n<p>Si a\u00fan no tienes la versi\u00f3n completa del software de tuning EVC WinOLS, puedes verla y comprarla en la tienda de tuning Remap 101 &#8211; <a href=\"https:\/\/www.remap101.co.uk\/es\/categoria-producto\/herramientas-y-software-de-ajuste-profesional\/\">Software de tuning.<\/a><\/p>\n","protected":false},"excerpt":{"rendered":"<p>VTA1028: Curso online de formaci\u00f3n en sintonizaci\u00f3n di\u00e9sel WinOLS de EVC &#8211; M\u00f3dulo 6 de 6b Este es el \u00faltimo m\u00f3dulo del curso de formaci\u00f3n en l\u00ednea Viezu Remap101 WinOLS de Ajuste de Motores Diesel. La 6\u00aa secci\u00f3n del curso se divide en 2 partes: a y b: Capacitaci\u00f3n en l\u00ednea de ajuste di\u00e9sel EVC [&hellip;]<\/p>\n","protected":false},"featured_media":56860,"comment_status":"open","ping_status":"closed","template":"","meta":{"_acf_changed":false},"product_brand":[21146,19675],"product_cat":[24422,24687,24611,24424,24419,24619,24613,24695],"product_tag":[15320,15322,15323],"class_list":{"0":"post-51274","1":"product","2":"type-product","3":"status-publish","4":"has-post-thumbnail","6":"product_brand-evc","7":"product_brand-winols","8":"product_cat-capacitacion-en-evc-winols-es","9":"product_cat-cursos-de-formacion-online-sobre-puesta-a-punto","10":"product_cat-entrenamiento-de-tuning-por-nivel","11":"product_cat-formacion-en-sintonizacion-electronica-evc","12":"product_cat-formacion-en-tuning-de-todos-los-vehiculos","13":"product_cat-formacion-en-tuning-diesel","14":"product_cat-formacion-tuning-por-tipo-de-vehiculo","15":"product_cat-capacitacion-en-optimizacion-de-software","16":"product_tag-evc-es","17":"product_tag-evc-winols-es","18":"product_tag-evc-winols-diesel-es","20":"first","21":"instock","22":"taxable","23":"shipping-taxable","24":"purchasable","25":"product-type-simple"},"acf":[],"_links":{"self":[{"href":"https:\/\/www.remap101.co.uk\/es\/wp-json\/wp\/v2\/product\/51274","targetHints":{"allow":["GET"]}}],"collection":[{"href":"https:\/\/www.remap101.co.uk\/es\/wp-json\/wp\/v2\/product"}],"about":[{"href":"https:\/\/www.remap101.co.uk\/es\/wp-json\/wp\/v2\/types\/product"}],"replies":[{"embeddable":true,"href":"https:\/\/www.remap101.co.uk\/es\/wp-json\/wp\/v2\/comments?post=51274"}],"wp:featuredmedia":[{"embeddable":true,"href":"https:\/\/www.remap101.co.uk\/es\/wp-json\/wp\/v2\/media\/56860"}],"wp:attachment":[{"href":"https:\/\/www.remap101.co.uk\/es\/wp-json\/wp\/v2\/media?parent=51274"}],"wp:term":[{"taxonomy":"product_brand","embeddable":true,"href":"https:\/\/www.remap101.co.uk\/es\/wp-json\/wp\/v2\/product_brand?post=51274"},{"taxonomy":"product_cat","embeddable":true,"href":"https:\/\/www.remap101.co.uk\/es\/wp-json\/wp\/v2\/product_cat?post=51274"},{"taxonomy":"product_tag","embeddable":true,"href":"https:\/\/www.remap101.co.uk\/es\/wp-json\/wp\/v2\/product_tag?post=51274"}],"curies":[{"name":"wp","href":"https:\/\/api.w.org\/{rel}","templated":true}]}}