{"id":51279,"date":"2021-11-17T14:32:11","date_gmt":"2021-11-17T14:32:11","guid":{"rendered":"https:\/\/www.remap101.co.uk\/product\/modulo-de-ajuste-diesel-evc-winols-4-de-6a\/"},"modified":"2026-01-20T13:48:39","modified_gmt":"2026-01-20T13:48:39","slug":"evc-winols-diesel-tuning-module-4-of-6a","status":"publish","type":"product","link":"https:\/\/www.remap101.co.uk\/es\/producto\/evc-winols-diesel-tuning-module-4-of-6a\/","title":{"rendered":"VTA1016: M\u00f3dulo de ajuste di\u00e9sel EVC WinOLS 4 de 6a"},"content":{"rendered":"<h2>VTA1016: Curso de formaci\u00f3n en l\u00ednea de sintonizaci\u00f3n de veh\u00edculos diesel EVC WinOLS 5 &#8211; M\u00f3dulo 4 de 6a<\/h2>\n<p>&nbsp;<\/p>\n<p>Esta es la 4\u00aa secci\u00f3n del Curso de Formaci\u00f3n Online Viezu Remap101 WinOLS Diesel Tuning.<\/p>\n<p>La 4\u00aa secci\u00f3n se divide en 2 m\u00f3dulos, que se enumeran a continuaci\u00f3n:<\/p>\n<ul>\n<li><span style=\"font-family: var(--global-body-font-family);\"><strong>EVC WinOLS Diesel Tuning Online M\u00f3dulo 4 de 6a<\/strong> <strong> (este m\u00f3dulo)<\/strong><\/span><\/li>\n<li>EVC WinOLS Diesel Tuning Online M\u00f3dulo 4 de 6b<\/li>\n<\/ul>\n<p>&nbsp;<\/p>\n<p>Debes disponer de 4 horas para completar estos 2 m\u00f3dulos.<\/p>\n<p>Al final de esta secci\u00f3n del curso, conocer\u00e1s el desarrollo de los Paquetes de Mapas.<\/p>\n<p>Estos m\u00f3dulos incluyen conocimientos detallados sobre la Gesti\u00f3n de Datos de Mapas. Aprender\u00e1s a identificar, etiquetar y convertir datos a formatos adecuados para su posterior manipulaci\u00f3n en la puesta a punto del veh\u00edculo &#8211; esencialmente convertir\u00bbdatos\u00bb en\u00bbinformaci\u00f3n\u00bb. Esto implicar\u00e1 cierto trabajo cuantitativo &#8211; por lo tanto, hemos suministrado materiales adicionales del curso para complementar tu estudio.<\/p>\n<p>Para obtener todos los beneficios y todo el valor de estos cursos online, debes hacer los m\u00f3dulos en secuencia. Esto te permitir\u00e1 desarrollar tus conocimientos y habilidades de forma l\u00f3gica y estructurada. Cada m\u00f3dulo se basa en los conocimientos del m\u00f3dulo anterior.<\/p>\n<p>Hay 8 m\u00f3dulos en total en este curso de formaci\u00f3n online Viezu Remap101 sobre el uso de WinOLS para el ajuste y la calibraci\u00f3n de la ECU di\u00e9sel.<\/p>\n<p>El software WinOLS es potente, pero puede ser dif\u00edcil de aprender: la interfaz de usuario es un \u00ablienzo en blanco\u00bb. Por eso nuestros cursos de formaci\u00f3n sobre WinOLS incluyen m\u00e1s m\u00f3dulos que nuestros cursos de formaci\u00f3n sobre otros paquetes de software.<\/p>\n<p>&nbsp;<\/p>\n<p>&nbsp;<\/p>\n<h3>Software EVC WinOLS 5<\/h3>\n<p>Tendr\u00e1s una mejor experiencia de aprendizaje en este curso online si tienes el software WinOLS funcionando en tu propio PC mientras sigues el curso. De este modo, podr\u00e1s practicar lo que acabas de aprender en el v\u00eddeo. Puedes seguir lo que el formador te va mostrando, a medida que avanzas. Se trata de un aprendizaje pr\u00e1ctico que te dar\u00e1 m\u00e1s confianza en el uso del software.<\/p>\n<p>Si a\u00fan no tienes la versi\u00f3n completa del software de tuning EVC WinOLS, puedes verla y comprarla aqu\u00ed en la tienda online de tuning &#8211; <a href=\"https:\/\/www.remap101.co.uk\/es\/categoria-producto\/herramientas-y-software-de-ajuste-profesional\/\">Software de tuning <\/a><\/p>\n<p>&nbsp;<\/p>\n","protected":false},"excerpt":{"rendered":"<p>Ahora vamos a tomar lo que has estudiado hasta ahora en <strong>los M\u00f3dulos 1 a 3 de Ajuste Diesel de EVC WinOLS<\/strong> 5 y a profundizar en la comprensi\u00f3n de los Datos de la ECU desde el punto de vista del Afinador de Veh\u00edculos que necesita utilizar, controlar y manipular los datos para alcanzar sus objetivos de ajuste. Para hacer un tema de esto, nos referiremos a esta secci\u00f3n como <strong>Convertir los \u00abDatos\u00bb en \u00abInformaci\u00f3n\u00bb <\/strong>desde el punto de vista del Afinador de Veh\u00edculos utilizando el Software EVC WinOLS 5.<\/p>\n<p>Continuaremos con el tema Definici\u00f3n de Datos de Mapa a lo largo de las pr\u00f3ximas 4 Lecciones. Prep\u00e1rate para dedicar al menos 4 horas a las dos partes de este m\u00f3dulo, de principio a fin del estudio, para cubrir este elemento de datos cartogr\u00e1ficos de tu formaci\u00f3n.<\/p>\n","protected":false},"featured_media":56340,"comment_status":"open","ping_status":"closed","template":"","meta":{"_acf_changed":false},"product_brand":[21146,19675],"product_cat":[24422,24687,24611,24424,24419,24619,24613,24695],"product_tag":[15363,15323],"class_list":{"0":"post-51279","1":"product","2":"type-product","3":"status-publish","4":"has-post-thumbnail","6":"product_brand-evc","7":"product_brand-winols","8":"product_cat-capacitacion-en-evc-winols-es","9":"product_cat-cursos-de-formacion-online-sobre-puesta-a-punto","10":"product_cat-entrenamiento-de-tuning-por-nivel","11":"product_cat-formacion-en-sintonizacion-electronica-evc","12":"product_cat-formacion-en-tuning-de-todos-los-vehiculos","13":"product_cat-formacion-en-tuning-diesel","14":"product_cat-formacion-tuning-por-tipo-de-vehiculo","15":"product_cat-capacitacion-en-optimizacion-de-software","16":"product_tag-diesel-es","17":"product_tag-evc-winols-diesel-es","19":"first","20":"instock","21":"taxable","22":"shipping-taxable","23":"purchasable","24":"product-type-simple"},"acf":[],"_links":{"self":[{"href":"https:\/\/www.remap101.co.uk\/es\/wp-json\/wp\/v2\/product\/51279","targetHints":{"allow":["GET"]}}],"collection":[{"href":"https:\/\/www.remap101.co.uk\/es\/wp-json\/wp\/v2\/product"}],"about":[{"href":"https:\/\/www.remap101.co.uk\/es\/wp-json\/wp\/v2\/types\/product"}],"replies":[{"embeddable":true,"href":"https:\/\/www.remap101.co.uk\/es\/wp-json\/wp\/v2\/comments?post=51279"}],"wp:featuredmedia":[{"embeddable":true,"href":"https:\/\/www.remap101.co.uk\/es\/wp-json\/wp\/v2\/media\/56340"}],"wp:attachment":[{"href":"https:\/\/www.remap101.co.uk\/es\/wp-json\/wp\/v2\/media?parent=51279"}],"wp:term":[{"taxonomy":"product_brand","embeddable":true,"href":"https:\/\/www.remap101.co.uk\/es\/wp-json\/wp\/v2\/product_brand?post=51279"},{"taxonomy":"product_cat","embeddable":true,"href":"https:\/\/www.remap101.co.uk\/es\/wp-json\/wp\/v2\/product_cat?post=51279"},{"taxonomy":"product_tag","embeddable":true,"href":"https:\/\/www.remap101.co.uk\/es\/wp-json\/wp\/v2\/product_tag?post=51279"}],"curies":[{"name":"wp","href":"https:\/\/api.w.org\/{rel}","templated":true}]}}