{"id":51295,"date":"2021-10-29T10:30:51","date_gmt":"2021-10-29T09:30:51","guid":{"rendered":"https:\/\/www.remap101.co.uk\/product\/evc-winols-diesel-tuning-modulo-2-de-6\/"},"modified":"2026-01-20T12:28:30","modified_gmt":"2026-01-20T12:28:30","slug":"evc-winols-diesel-tuning-module-2-of-6","status":"publish","type":"product","link":"https:\/\/www.remap101.co.uk\/es\/producto\/evc-winols-diesel-tuning-module-2-of-6\/","title":{"rendered":"VTA1014: EVC WinOLS Diesel Tuning M\u00f3dulo 2 de 6"},"content":{"rendered":"<h2>VTA1014: Curso de Formaci\u00f3n EVC WinOLS en Ajuste Diesel: M\u00f3dulo 2 de 6<\/h2>\n<p>Este m\u00f3dulo de formaci\u00f3n de WinOLS Diesel Tuning es el 2\u00ba m\u00f3dulo de formaci\u00f3n de nuestro Curso de Formaci\u00f3n Online Viezu Remap101 WinOLS Diesel Tuning.<\/p>\n<p>Para obtener el m\u00e1ximo beneficio y valor de nuestros cursos online, lo mejor es realizar los m\u00f3dulos en el orden correcto. Esto te permitir\u00e1 desarrollar tus conocimientos de forma l\u00f3gica. Empiezas con los fundamentos, y luego construyes a partir de ah\u00ed. Cada m\u00f3dulo se basa en los conocimientos del anterior.<\/p>\n<p>Hay 8 m\u00f3dulos en total en este curso de formaci\u00f3n online Viezu Remap101 sobre el uso de WinOLS para el ajuste y la calibraci\u00f3n de veh\u00edculos di\u00e9sel (algunos de los m\u00f3dulos tienen 2 partes: un m\u00f3dulo de la parte A y un m\u00f3dulo de la parte B).<\/p>\n<p>El software WinOLS es potente pero dif\u00edcil de aprender: la interfaz de usuario es un \u00ablienzo en blanco\u00bb. Por eso nuestros cursos de formaci\u00f3n sobre WinOLS incluyen un mayor n\u00famero de m\u00f3dulos que nuestros cursos de formaci\u00f3n sobre otros paquetes de software.<\/p>\n<p>En este m\u00f3dulo aprender\u00e1s a abrir correctamente un Proyecto dentro de EVC WinOLS 5. Aprender\u00e1s la terminolog\u00eda utilizada en el software. Aprender\u00e1s a navegar por tus proyectos de desarrollo y puesta a punto de archivos en WinOLS.<\/p>\n<p>Tambi\u00e9n aprender\u00e1s a abrir un proyecto existente, y las cosas que debes evitar al abrir un proyecto en curso.<\/p>\n<p>Esta formaci\u00f3n de tuning WinOLS para diesel tambi\u00e9n incluye un Archivo Original para el veh\u00edculo de ejemplo de la formaci\u00f3n, un BMW E9 320d. El archivo original est\u00e1 disponible para que lo descargues de forma gratuita para que puedas seguir y participar activamente de este curso con el formador.<\/p>\n<p>Necesitar\u00e1s al menos 1 hora para ver el contenido del curso. Entonces estar\u00e1s preparado para pasar al siguiente m\u00f3dulo del curso.<\/p>\n<p>Cuando compras los m\u00f3dulos de formaci\u00f3n online Viezu Remap101, obtienes acceso de por vida al m\u00f3dulo: puedes verlo, revisarlo y repasarlo tanto como quieras. Esto significa que puedes repasar temas concretos que te interesen y reforzar tu aprendizaje.<\/p>\n<p>&nbsp;<\/p>\n<p>&nbsp;<\/p>\n<h3>Software EVC WinOLS 5<\/h3>\n<p>Tendr\u00e1s una mejor experiencia de aprendizaje con este curso online si tienes el software WinOLS funcionando en tu propio port\u00e1til o PC mientras sigues el curso.<\/p>\n<p>De este modo, puedes practicar lo que acabas de aprender en el v\u00eddeo. Puedes seguir lo que el formador te va mostrando, a medida que avanzas. Se trata de un aprendizaje pr\u00e1ctico que te dar\u00e1 m\u00e1s confianza para realizar tu propia puesta a punto y calibraci\u00f3n de motores di\u00e9sel en el mundo real con WinOLS.<\/p>\n<p>Si a\u00fan no tienes la versi\u00f3n completa del software de tuning EVC WinOLS, puedes verla y comprarla aqu\u00ed en nuestra tienda de tuning online &#8211; <a href=\"https:\/\/www.remap101.co.uk\/es\/categoria-producto\/herramientas-y-software-de-ajuste-profesional\/\">Software de tuning<\/a><\/p>\n","protected":false},"excerpt":{"rendered":"<p>Esta es la segunda instalaci\u00f3n del m\u00f3dulo de ajuste di\u00e9sel EVC WinOLS. Hay seis m\u00f3dulos dentro de esta serie: los m\u00f3dulos ayudan al alumno proporcionando instrucciones detalladas sobre el uso de EVC WinOLS desde el principio hasta soluciones de ajuste avanzadas. En este m\u00f3dulo, la atenci\u00f3n se centra en los proyectos y la terminolog\u00eda utilizada dentro del software, por lo que el alumno desarrollar\u00e1 una comprensi\u00f3n segura de las funciones, teclas y caracter\u00edsticas dentro del software extremadamente excelente: EVC WinOLS.<\/p>\n","protected":false},"featured_media":56280,"comment_status":"open","ping_status":"closed","template":"","meta":{"_acf_changed":false},"product_brand":[21146,19675],"product_cat":[24422,24687,24611,24424,24419,24619,24613,24695],"product_tag":[15475,15322,15323,15476,23009],"class_list":{"0":"post-51295","1":"product","2":"type-product","3":"status-publish","4":"has-post-thumbnail","6":"product_brand-evc","7":"product_brand-winols","8":"product_cat-capacitacion-en-evc-winols-es","9":"product_cat-cursos-de-formacion-online-sobre-puesta-a-punto","10":"product_cat-entrenamiento-de-tuning-por-nivel","11":"product_cat-formacion-en-sintonizacion-electronica-evc","12":"product_cat-formacion-en-tuning-de-todos-los-vehiculos","13":"product_cat-formacion-en-tuning-diesel","14":"product_cat-formacion-tuning-por-tipo-de-vehiculo","15":"product_cat-capacitacion-en-optimizacion-de-software","16":"product_tag-capacitacion-de-winols","17":"product_tag-evc-winols-es","18":"product_tag-evc-winols-diesel-es","19":"product_tag-evc-winols-diesel-tuning-modulo-2-de-6","20":"product_tag-software-de-ajuste-winols-5-evc-es-2","22":"first","23":"instock","24":"taxable","25":"shipping-taxable","26":"purchasable","27":"product-type-simple"},"acf":[],"_links":{"self":[{"href":"https:\/\/www.remap101.co.uk\/es\/wp-json\/wp\/v2\/product\/51295","targetHints":{"allow":["GET"]}}],"collection":[{"href":"https:\/\/www.remap101.co.uk\/es\/wp-json\/wp\/v2\/product"}],"about":[{"href":"https:\/\/www.remap101.co.uk\/es\/wp-json\/wp\/v2\/types\/product"}],"replies":[{"embeddable":true,"href":"https:\/\/www.remap101.co.uk\/es\/wp-json\/wp\/v2\/comments?post=51295"}],"wp:featuredmedia":[{"embeddable":true,"href":"https:\/\/www.remap101.co.uk\/es\/wp-json\/wp\/v2\/media\/56280"}],"wp:attachment":[{"href":"https:\/\/www.remap101.co.uk\/es\/wp-json\/wp\/v2\/media?parent=51295"}],"wp:term":[{"taxonomy":"product_brand","embeddable":true,"href":"https:\/\/www.remap101.co.uk\/es\/wp-json\/wp\/v2\/product_brand?post=51295"},{"taxonomy":"product_cat","embeddable":true,"href":"https:\/\/www.remap101.co.uk\/es\/wp-json\/wp\/v2\/product_cat?post=51295"},{"taxonomy":"product_tag","embeddable":true,"href":"https:\/\/www.remap101.co.uk\/es\/wp-json\/wp\/v2\/product_tag?post=51295"}],"curies":[{"name":"wp","href":"https:\/\/api.w.org\/{rel}","templated":true}]}}