{"id":51327,"date":"2021-10-28T12:17:09","date_gmt":"2021-10-28T11:17:09","guid":{"rendered":"https:\/\/www.remap101.co.uk\/product\/modulo-de-capacitacion-de-ajuste-diesel-evc-winols-1-de-6\/"},"modified":"2026-01-07T14:45:47","modified_gmt":"2026-01-07T14:45:47","slug":"evc-winols-diesel-tuning-module-1-of-6","status":"publish","type":"product","link":"https:\/\/www.remap101.co.uk\/es\/producto\/evc-winols-diesel-tuning-module-1-of-6\/","title":{"rendered":"VTA1013: EVC WinOLS Diesel Tuning Formaci\u00f3n M\u00f3dulo 1 de 6"},"content":{"rendered":"<h2>VTA1013: Curso de formaci\u00f3n en sintonizaci\u00f3n de veh\u00edculos di\u00e9sel EVC WinOLS: M\u00f3dulo 1 de 6<\/h2>\n<p>\u00bfListo para iniciar tu viaje hacia el tuning di\u00e9sel profesional?<\/p>\n<p><strong>El curso de formaci\u00f3n online Viezu Remap101 en Tuning Diesel EVC WinOLS<\/strong> te ayudar\u00e1 a alcanzar tus objetivos comerciales y de tuning. Este 1er m\u00f3dulo del curso es tu primer paso esencial.<\/p>\n<p>Este m\u00f3dulo ofrece dos lecciones en profundidad que te guiar\u00e1n a trav\u00e9s de la descarga, instalaci\u00f3n y configuraci\u00f3n correcta del <strong>software<\/strong> l\u00edder del sector <strong>WinOLS 5<\/strong>, sentando una base s\u00f3lida para seguir aprendiendo sobre este software y su uso para la reprogramaci\u00f3n y ajuste de la ECU di\u00e9sel. Aprender\u00e1s la interfaz y las funciones b\u00e1sicas de WinOLS.<\/p>\n<p>Hay 8 m\u00f3dulos en total en este curso online sobre el uso de WinOLS para el tuning di\u00e9sel (algunos de los m\u00f3dulos tienen 2 partes: un m\u00f3dulo de la parte A y un m\u00f3dulo de la parte B).<\/p>\n<p>El software WinOLS es dif\u00edcil de aprender, por lo que nuestros cursos de formaci\u00f3n WinOLS incluyen un mayor n\u00famero de m\u00f3dulos que nuestros cursos para otras plataformas de software.<\/p>\n<p>Para sacar el m\u00e1ximo partido a nuestros cursos online, lo mejor es hacer los m\u00f3dulos en el orden correcto. Esto significa que puedes desarrollar tus conocimientos de forma estructurada. Cada m\u00f3dulo se basa en los conocimientos del anterior.<\/p>\n<h2>Aprende a tu ritmo &#8211; 100% online<\/h2>\n<p>Di adi\u00f3s a los horarios r\u00edgidos y a los costosos desplazamientos para asistir a cursos presenciales. Nuestros cursos en l\u00ednea te permiten aprender en cualquier momento y lugar. Tanto si est\u00e1s sintonizando a altas horas de la noche como a primera hora de la ma\u00f1ana, puedes pausar, rebobinar y revisar cada secci\u00f3n hasta que te sientas seguro y preparado para seguir adelante. Toma notas, sigue el curso con tu propio software y disfruta de un control total sobre tu aprendizaje.<\/p>\n<p>Cuando adquieres los m\u00f3dulos de formaci\u00f3n en l\u00ednea de Viezu Remap101, obtienes acceso de por vida: puedes ver, volver a ver y repasar todo lo que quieras, no hay l\u00edmites.<\/p>\n<h2>Aplicaci\u00f3n real con el software BMW ECU<\/h2>\n<p>Este curso no es s\u00f3lo teor\u00eda:<strong>trabajar\u00e1s de forma pr\u00e1ctica con un archivo de ECU original de BMW<\/strong>, lo que te proporcionar\u00e1 conocimientos pr\u00e1cticos que se traducen directamente en la puesta a punto en el mundo real. Las t\u00e9cnicas que se ense\u00f1an se aplican a una amplia gama de veh\u00edculos di\u00e9sel, por lo que tu aprendizaje ser\u00e1 transferible y tus conocimientos, comercializables.<\/p>\n<h2>Aumenta tus credenciales con un certificado de curso<\/h2>\n<p>Completa con \u00e9xito el m\u00f3dulo y la evaluaci\u00f3n para obtener un <strong>certificado de curso reconocido, un<\/strong>valioso a\u00f1adido a tu perfil profesional. Demuestra a tus clientes, empleadores o redes de tuning que te tomas en serio el tuning diesel y el desarrollo t\u00e9cnico.<\/p>\n<h2>Acceso asequible a la reprogramaci\u00f3n profesional de la ECU<\/h2>\n<p>Este primer m\u00f3dulo es una forma rentable de iniciar tu viaje en el mundo de la calibraci\u00f3n de ECU di\u00e9sel. Adquiere las habilidades y la confianza que necesitas para avanzar en este curso de formaci\u00f3n online, sin el elevado coste de los talleres presenciales.<\/p>\n<h2>Caracter\u00edsticas principales:<\/h2>\n<ul>\n<li>\u2705 2 lecciones de v\u00eddeo en l\u00ednea dirigidas por expertos en este m\u00f3dulo<\/li>\n<li>\u2705 Aprendizaje a tu ritmo: accede en cualquier momento y lugar<\/li>\n<li>\u2705 Aut\u00e9ntico archivo BMW Diesel ECU incluido<\/li>\n<li>\u2705 Adecuado para principiantes sin experiencia previa<\/li>\n<li>\u2705 Certificado del curso al finalizarlo<\/li>\n<li>\u2705 Introducci\u00f3n perfecta al software de ajuste WinOLS 5<\/li>\n<\/ul>\n<h2>\u00bfA qui\u00e9n va dirigido este curso?<\/h2>\n<p>Este curso es ideal para<\/p>\n<ul>\n<li>Aspirantes a sintonizadores diesel con poca o ninguna experiencia previa<\/li>\n<li>Propietarios de talleres que desean realizar el ajuste de la ECU en su propia empresa<\/li>\n<li>T\u00e9cnicos que pasan de herramientas gen\u00e9ricas de ajuste a plataformas de desarrollo profesional<\/li>\n<li>Cualquiera que se tome en serio el dominio de la reasignaci\u00f3n diesel con EVC WinOLS<\/li>\n<\/ul>\n<p>Matric\u00falate hoy en <strong>el M\u00f3dulo 1<\/strong> y abre la puerta a una carrera de alto rendimiento en el tuning de ECU di\u00e9sel. Aqu\u00ed comienza tu viaje.<\/p>\n<p><strong>\u27a1\ufe0f Empieza ahora y potencia tu potencial.<\/strong><\/p>\n<p>&nbsp;<\/p>\n<p>&nbsp;<\/p>\n<h3>Software EVC WinOLS 5<\/h3>\n<p>Tendr\u00e1s una mejor experiencia de aprendizaje si tienes el software WinOLS funcionando en tu propio port\u00e1til mientras sigues el curso.<\/p>\n<p>Esto significa que puedes practicar lo que acabas de aprender. Puedes seguir lo que el formador te va ense\u00f1ando a medida que avanzas. Esto te dar\u00e1 m\u00e1s confianza a la hora de hacer tus propios ajustes en el mundo real con WinOLS.<\/p>\n<p>Si a\u00fan no tienes la versi\u00f3n completa del software de tuning EVC WinOLS, puedes comprarla aqu\u00ed en nuestra tienda online de tuning &#8211; <a href=\"https:\/\/www.remap101.co.uk\/es\/categoria-producto\/herramientas-y-software-de-ajuste-profesional\/\">Software de tuning<\/a><\/p>\n","protected":false},"excerpt":{"rendered":"<p>EVC WinOLS Diesel Tuning M\u00f3dulo 1 de 6; dos lecciones que cubren la descarga, instalaci\u00f3n y configuraci\u00f3n de EVC WinOLS5.<\/p>\n<p>Cada sesi\u00f3n de entrenamiento se puede ver varias veces. Como tal, una de las mejores cosas de la capacitaci\u00f3n en l\u00ednea es si no entendiste bien algo. Puedes verlo de nuevo, y una y otra vez hasta que lo domines. Y tambi\u00e9n puedes pausar y reiniciar. Por lo tanto, te da tiempo para tomar notas, o incluso practicar lo que acabas de ver<\/p>\n<p>Se trata de un m\u00f3dulo de formaci\u00f3n completo, calcula 1 hora para realizar este curso y el test asociado al mismo<\/p>\n","protected":false},"featured_media":77367,"comment_status":"open","ping_status":"closed","template":"","meta":{"_acf_changed":false},"product_brand":[21146,19675],"product_cat":[24422,24687,24611,24424,24419,24619,24613,24695],"product_tag":[15320,15227],"class_list":{"0":"post-51327","1":"product","2":"type-product","3":"status-publish","4":"has-post-thumbnail","6":"product_brand-evc","7":"product_brand-winols","8":"product_cat-capacitacion-en-evc-winols-es","9":"product_cat-cursos-de-formacion-online-sobre-puesta-a-punto","10":"product_cat-entrenamiento-de-tuning-por-nivel","11":"product_cat-formacion-en-sintonizacion-electronica-evc","12":"product_cat-formacion-en-tuning-de-todos-los-vehiculos","13":"product_cat-formacion-en-tuning-diesel","14":"product_cat-formacion-tuning-por-tipo-de-vehiculo","15":"product_cat-capacitacion-en-optimizacion-de-software","16":"product_tag-evc-es","17":"product_tag-software-de-ajuste-winols-5-evc-es","19":"first","20":"instock","21":"taxable","22":"shipping-taxable","23":"purchasable","24":"product-type-simple"},"acf":[],"_links":{"self":[{"href":"https:\/\/www.remap101.co.uk\/es\/wp-json\/wp\/v2\/product\/51327","targetHints":{"allow":["GET"]}}],"collection":[{"href":"https:\/\/www.remap101.co.uk\/es\/wp-json\/wp\/v2\/product"}],"about":[{"href":"https:\/\/www.remap101.co.uk\/es\/wp-json\/wp\/v2\/types\/product"}],"replies":[{"embeddable":true,"href":"https:\/\/www.remap101.co.uk\/es\/wp-json\/wp\/v2\/comments?post=51327"}],"wp:featuredmedia":[{"embeddable":true,"href":"https:\/\/www.remap101.co.uk\/es\/wp-json\/wp\/v2\/media\/77367"}],"wp:attachment":[{"href":"https:\/\/www.remap101.co.uk\/es\/wp-json\/wp\/v2\/media?parent=51327"}],"wp:term":[{"taxonomy":"product_brand","embeddable":true,"href":"https:\/\/www.remap101.co.uk\/es\/wp-json\/wp\/v2\/product_brand?post=51327"},{"taxonomy":"product_cat","embeddable":true,"href":"https:\/\/www.remap101.co.uk\/es\/wp-json\/wp\/v2\/product_cat?post=51327"},{"taxonomy":"product_tag","embeddable":true,"href":"https:\/\/www.remap101.co.uk\/es\/wp-json\/wp\/v2\/product_tag?post=51327"}],"curies":[{"name":"wp","href":"https:\/\/api.w.org\/{rel}","templated":true}]}}