{"id":52577,"date":"2022-06-30T17:41:39","date_gmt":"2022-06-30T16:41:39","guid":{"rendered":"https:\/\/www.remap101.co.uk\/product\/capacitacion-kess3-para-la-acreditacion-de-imi-tuning-remap\/"},"modified":"2025-12-08T06:32:20","modified_gmt":"2025-12-08T06:32:20","slug":"how-to-read-and-write-an-ecu-kess3-training-for-imi-accreditation","status":"publish","type":"product","link":"https:\/\/www.remap101.co.uk\/es\/producto\/how-to-read-and-write-an-ecu-kess3-training-for-imi-accreditation\/","title":{"rendered":"VTA074: C\u00f3mo leer y escribir una ECU &#8211; KESS3 para la acreditaci\u00f3n IMI"},"content":{"rendered":"<h2><strong>Certificado de Logro Profesional Acreditado por IMI<\/strong><\/h2>\n<h4><strong>Capacitaci\u00f3n KESS3 para la acreditaci\u00f3n de IMI Tuning Remap &#8211; \u00bfQu\u00e9 es este curso?<\/strong><\/h4>\n<p>No se limite a aprender a leer y escribir en una ECU, aprenda los m\u00e9todos correctos y seguros y las mejores pr\u00e1cticas para hacerlo. As\u00ed como obtener un certificado formal IMI &#8211; Instituto de la Industria del Motor para la puesta a punto y la reasignaci\u00f3n de la ECU. <\/p>\n<h4><strong>C\u00f3mo leer y escribir la ECU de un veh\u00edculo utilizando el programa de equipos de ajuste del veh\u00edculo<\/strong><\/h4>\n<p>Viezu ha puesto a tu disposici\u00f3n este curso online para apoyar a todos los alumnos que deseen participar en el organismo profesional para personas del sector de la automoci\u00f3n: <a href=\"https:\/\/tide.theimi.org.uk\/\" target=\"_blank\" rel=\"noopener\">el Instituto de la Industria del Motor<\/a> (IMI).<\/p>\n<p>Este curso ofrece un valor excepcional para quienes deseen ampliar sus oportunidades empresariales y profesionales. Por tanto, \u00bfpor qu\u00e9 no destacar en el sector? <\/p>\n<h4><strong>\u00bfPor qu\u00e9 VIEZU ofrece este curso?<\/strong><\/h4>\n<p>VIEZU es un centro de formaci\u00f3n aprobado, que complementa a m\u00e1s de 600 centros que ofrecen cualificaciones, aprendizaje IMI y soluciones de desarrollo a los profesionales de la automoci\u00f3n.<\/p>\n<h4><strong>Obtener cualificaciones profesionales a trav\u00e9s de VIEZU, un Centro de Formaci\u00f3n Aprobado por IMI<\/strong><\/h4>\n<p>Ampl\u00eda tus conocimientos utilizando nuestra informaci\u00f3n t\u00e9cnica con confianza; el IMI garantiza los m\u00e1s altos niveles de aprendizaje y desarrollo.<\/p>\n<p>Los cursos del IMI se imparten a trav\u00e9s de centros homologados y socios especializados de todo el mundo. Por ello, VIEZU ofrece este servicio a los Afinadores Profesionales de Veh\u00edculos desde 2014. <\/p>\n<p>Al crear este curso en l\u00ednea, te ofrecemos la comodidad de ver seminarios web y aprender en l\u00ednea en tu propio tiempo.<\/p>\n<h4><strong>\u00bfA qui\u00e9n va dirigido?<\/strong><\/h4>\n<p>Este curso de formaci\u00f3n KESS3 para la acreditaci\u00f3n IMI Tuning Remap est\u00e1 dirigido a cualquier persona que desee obtener una cualificaci\u00f3n profesional en tuning. As\u00ed como el uso de herramientas de tuning y m\u00e9todos para leer y escribir en una ECU. <\/p>\n<p>Hemos ayudado a formar y apoyar a muchos profesionales de la industria del motor para que alcancen sus objetivos profesionales y de desarrollo. Tambi\u00e9n hemos impartido formaci\u00f3n sobre t\u00e9cnicas modernas de tuning de veh\u00edculos y sobre tuning y reajuste electr\u00f3nico de veh\u00edculos en el mercado posventa. <\/p>\n<h4><strong>\u00bfC\u00f3mo se realiza la prueba?<\/strong><\/h4>\n<p>Ahora puede completar tanto el curso como las pruebas en l\u00ednea<\/p>\n<h4><strong>\u00bfQu\u00e9 recibo?<\/strong><\/h4>\n<p>Una vez que hayas completado con \u00e9xito este curso y alcanzado la calificaci\u00f3n asociada, recibir\u00e1s tu certificado de cualificaci\u00f3n formal del IMI.<\/p>\n<p>Adem\u00e1s, si buscas herramientas de tuning y software de remapeo, puedes encontrarlo en la tienda aqu\u00ed: <a href=\"https:\/\/www.remap101.co.uk\/es\/categoria-producto\/herramientas-y-software-de-ajuste-profesional\/\">Herramientas profesionales de tuning<\/a><\/p>\n<p>Alientech KESS3 Formaci\u00f3n para IMI Tuning Remap Acreditaci\u00f3n s\u00f3lo de Remap101 y VIEZU<\/p>\n","protected":false},"excerpt":{"rendered":"<p>Certificado de Logro Profesional Acreditado por IMI Capacitaci\u00f3n KESS3 para la acreditaci\u00f3n de IMI Tuning Remap &#8211; \u00bfQu\u00e9 es este curso? No se limite a aprender a leer y escribir en una ECU, aprenda los m\u00e9todos correctos y seguros y las mejores pr\u00e1cticas para hacerlo. As\u00ed como obtener un certificado formal IMI &#8211; Instituto de [&hellip;]<\/p>\n","protected":false},"featured_media":58390,"comment_status":"open","ping_status":"closed","template":"","meta":{"_acf_changed":false},"product_brand":[19674,19681],"product_cat":[24687,24610,24419,14887,24694,14860],"product_tag":[15372,15772,15773,15774,15137,15139],"class_list":{"0":"post-52577","1":"product","2":"type-product","3":"status-publish","4":"has-post-thumbnail","6":"product_brand-alientech","7":"product_brand-kess-3","8":"product_cat-cursos-de-formacion-online-sobre-puesta-a-punto","9":"product_cat-formacion-en-brand-tuning","10":"product_cat-formacion-en-tuning-de-todos-los-vehiculos","11":"product_cat-kess3-es","12":"product_cat-formacion-en-herramientas-de-ajuste-de-hardware","13":"product_cat-alientech-es","14":"product_tag-alientech-es","15":"product_tag-alientech-kess3-es","16":"product_tag-esclavo-kess3","17":"product_tag-extranjero","18":"product_tag-kess-es","19":"product_tag-kess3-es-2","21":"first","22":"outofstock","23":"taxable","24":"shipping-taxable","25":"purchasable","26":"product-type-simple"},"acf":[],"_links":{"self":[{"href":"https:\/\/www.remap101.co.uk\/es\/wp-json\/wp\/v2\/product\/52577","targetHints":{"allow":["GET"]}}],"collection":[{"href":"https:\/\/www.remap101.co.uk\/es\/wp-json\/wp\/v2\/product"}],"about":[{"href":"https:\/\/www.remap101.co.uk\/es\/wp-json\/wp\/v2\/types\/product"}],"replies":[{"embeddable":true,"href":"https:\/\/www.remap101.co.uk\/es\/wp-json\/wp\/v2\/comments?post=52577"}],"wp:featuredmedia":[{"embeddable":true,"href":"https:\/\/www.remap101.co.uk\/es\/wp-json\/wp\/v2\/media\/58390"}],"wp:attachment":[{"href":"https:\/\/www.remap101.co.uk\/es\/wp-json\/wp\/v2\/media?parent=52577"}],"wp:term":[{"taxonomy":"product_brand","embeddable":true,"href":"https:\/\/www.remap101.co.uk\/es\/wp-json\/wp\/v2\/product_brand?post=52577"},{"taxonomy":"product_cat","embeddable":true,"href":"https:\/\/www.remap101.co.uk\/es\/wp-json\/wp\/v2\/product_cat?post=52577"},{"taxonomy":"product_tag","embeddable":true,"href":"https:\/\/www.remap101.co.uk\/es\/wp-json\/wp\/v2\/product_tag?post=52577"}],"curies":[{"name":"wp","href":"https:\/\/api.w.org\/{rel}","templated":true}]}}