{"id":52592,"date":"2022-06-25T13:17:19","date_gmt":"2022-06-25T12:17:19","guid":{"rendered":"https:\/\/www.remap101.co.uk\/product\/modulo-de-ajuste-de-gasolina-evc-winols-6-de-6b\/"},"modified":"2026-01-15T10:45:14","modified_gmt":"2026-01-15T10:45:14","slug":"online-evc-winols-gasoline-training-module-6-of-6b","status":"publish","type":"product","link":"https:\/\/www.remap101.co.uk\/es\/producto\/online-evc-winols-gasoline-training-module-6-of-6b\/","title":{"rendered":"VTA1040: M\u00f3dulo de ajuste de gasolina WinOLS de EVC 6 de 6b"},"content":{"rendered":"<h2>Capacitaci\u00f3n en l\u00ednea sobre gasolina EVC WinOLS<\/h2>\n<h3>M\u00f3dulo de capacitaci\u00f3n en l\u00ednea de gasolina EVC WinOLS 6 de 6b<\/h3>\n<p>Este m\u00f3dulo de capacitaci\u00f3n en l\u00ednea de gasolina EVC WinOLS 6 de 6b es un programa de capacitaci\u00f3n de dos partes que consta de:<\/p>\n<ol>\n<li>M\u00f3dulo de ajuste de gasolina EVC WinOLS 6 de 6a &#8211; <a href=\"https:\/\/www.remap101.co.uk\/es\/?post_type=sfwd-courses&amp;p=24656\">Seleccionar para comprar<\/a><\/li>\n<li>M\u00f3dulo 6 de 6b de ajuste de gasolina EVC WinOLS &#8211; Este curso<\/li>\n<\/ol>\n<p><strong>Lo que aprender\u00e1 en la capacitaci\u00f3n en l\u00ednea EVC WinOLS Gasoline : M\u00f3dulo 6 de 6b<\/strong><\/p>\n<ul>\n<li>C\u00f3mo modificar los datos en WinOLS<\/li>\n<li>Explora los diferentes m\u00e9todos y enfoques para modificar datos en los mapas.<\/li>\n<li>C\u00f3mo duplicar cambios en mapas similares<\/li>\n<li>La importancia del registro de datos y las pruebas al desarrollar un archivo de ajuste por primera vez<\/li>\n<li>C\u00f3mo guardar los cambios en un archivo para crear una nueva versi\u00f3n<\/li>\n<li>Completar una puesta a punto de la etapa 1 en el veh\u00edculo<\/li>\n<li>C\u00f3mo exportar un archivo desde WinOLS y m\u00e1s<\/li>\n<\/ul>\n<p><strong style=\"font-family: var(--global-body-font-family);\">Los beneficios de la capacitaci\u00f3n en l\u00ednea con Viezu<\/strong><\/p>\n<p>Una vez adquiridas, cada una de estas sesiones de formaci\u00f3n puede verse varias veces si lo necesitas. Tambi\u00e9n puedes volver a ver los v\u00eddeos, una y otra vez, seg\u00fan te convenga, lo que te permitir\u00e1 sumergirte por completo en el tema.<\/p>\n<p>Una de las ventajas de las sesiones de formaci\u00f3n online de Remap101 EVC WinOLS es que incluso si no has entendido algo del todo la primera vez. Puedes repasar y revisar temas a tu propio ritmo. Adem\u00e1s, tambi\u00e9n tendr\u00e1s la posibilidad de pausar y reiniciar tu entrenamiento en v\u00eddeo. As\u00ed tendr\u00e1s tiempo para tomar notas y podr\u00e1s seguir el curso. Quiz\u00e1 te interese saber que tambi\u00e9n te proporcionamos el Fichero Original que utilizas en la formaci\u00f3n.<\/p>\n<p>Reasignaci\u00f3n de ECU y capacitaci\u00f3n sobre reasignaci\u00f3n de la Academia de capacitaci\u00f3n VIEZU<\/p>\n<p>Por lo tanto, puede seguir junto con el entrenador.<\/p>\n<h3>Software de ajuste de EVC WinOL y reasignaci\u00f3n de ECU<\/h3>\n<p>Aunque no es necesario disponer del software EVC WinOLS para participar en este Curso de formaci\u00f3n en gasolina EVC WinOLS, te lo recomendamos encarecidamente. Disponer del software EVC WinOLS mejorar\u00e1 tu experiencia de aprendizaje y te proporcionar\u00e1 una mayor confianza cuando tengas el software abierto y contigo. Podr\u00e1s practicar lo que est\u00e1s aprendiendo en un entorno contextual en vivo.<\/p>\n<p>Si necesitas comprar software <a href=\"https:\/\/www.remap101.co.uk\/product\/winols-5-tuning-software-evc\/\">WinOls original de EVC, puedes verlo en nuestra tienda WinOls Software<\/a>.<\/p>\n<p>Capacitaci\u00f3n en l\u00ednea sobre ajuste y reasignaci\u00f3n de gasolina EVC WinOLS de Remap101.com<\/p>\n","protected":false},"excerpt":{"rendered":"<p>Capacitaci\u00f3n en ajuste de gasolina EVC WinOLS: M\u00f3dulo 6 de 6b; La lecci\u00f3n cubrir\u00e1<span style=\"font-family: var(--global-body-font-family);\">c\u00f3mo investigar las limitaciones de valor, las pistas para obtener m\u00e1s poder, c\u00f3mo identificar las relaciones entre los mapas y m\u00e1s.<\/span><\/p>\n","protected":false},"featured_media":58210,"comment_status":"open","ping_status":"closed","template":"","meta":{"_acf_changed":false},"product_brand":[21146,19675],"product_cat":[24422,24687,24620,24610,24424,24419,24695],"product_tag":[15805,15320,15804,15288,15289,15807,15808,15227,15806],"class_list":{"0":"post-52592","1":"product","2":"type-product","3":"status-publish","4":"has-post-thumbnail","6":"product_brand-evc","7":"product_brand-winols","8":"product_cat-capacitacion-en-evc-winols-es","9":"product_cat-cursos-de-formacion-online-sobre-puesta-a-punto","10":"product_cat-formacion-en-afinacion-de-gasolina","11":"product_cat-formacion-en-brand-tuning","12":"product_cat-formacion-en-sintonizacion-electronica-evc","13":"product_cat-formacion-en-tuning-de-todos-los-vehiculos","14":"product_cat-capacitacion-en-optimizacion-de-software","15":"product_tag-en-linea","16":"product_tag-evc-es","17":"product_tag-evc-en-linea","18":"product_tag-gasolina-es","19":"product_tag-gasolina-es-2","20":"product_tag-gasolina-evc-es","21":"product_tag-gasolina-evc-es-2","22":"product_tag-software-de-ajuste-winols-5-evc-es","23":"product_tag-winols-en-linea","25":"first","26":"instock","27":"taxable","28":"shipping-taxable","29":"purchasable","30":"product-type-simple"},"acf":[],"_links":{"self":[{"href":"https:\/\/www.remap101.co.uk\/es\/wp-json\/wp\/v2\/product\/52592","targetHints":{"allow":["GET"]}}],"collection":[{"href":"https:\/\/www.remap101.co.uk\/es\/wp-json\/wp\/v2\/product"}],"about":[{"href":"https:\/\/www.remap101.co.uk\/es\/wp-json\/wp\/v2\/types\/product"}],"replies":[{"embeddable":true,"href":"https:\/\/www.remap101.co.uk\/es\/wp-json\/wp\/v2\/comments?post=52592"}],"wp:featuredmedia":[{"embeddable":true,"href":"https:\/\/www.remap101.co.uk\/es\/wp-json\/wp\/v2\/media\/58210"}],"wp:attachment":[{"href":"https:\/\/www.remap101.co.uk\/es\/wp-json\/wp\/v2\/media?parent=52592"}],"wp:term":[{"taxonomy":"product_brand","embeddable":true,"href":"https:\/\/www.remap101.co.uk\/es\/wp-json\/wp\/v2\/product_brand?post=52592"},{"taxonomy":"product_cat","embeddable":true,"href":"https:\/\/www.remap101.co.uk\/es\/wp-json\/wp\/v2\/product_cat?post=52592"},{"taxonomy":"product_tag","embeddable":true,"href":"https:\/\/www.remap101.co.uk\/es\/wp-json\/wp\/v2\/product_tag?post=52592"}],"curies":[{"name":"wp","href":"https:\/\/api.w.org\/{rel}","templated":true}]}}