{"id":52601,"date":"2022-06-24T16:29:54","date_gmt":"2022-06-24T15:29:54","guid":{"rendered":"https:\/\/www.remap101.co.uk\/product\/modulo-de-ajuste-de-gasolina-evc-winols-6-de-6a\/"},"modified":"2026-01-15T10:43:38","modified_gmt":"2026-01-15T10:43:38","slug":"evc-winols-gasoline-tuning-module-6-of-6a","status":"publish","type":"product","link":"https:\/\/www.remap101.co.uk\/es\/producto\/evc-winols-gasoline-tuning-module-6-of-6a\/","title":{"rendered":"VTA1039: M\u00f3dulo de ajuste de gasolina WinOLS de EVC 6 de 6a"},"content":{"rendered":"<h2>Capacitaci\u00f3n en l\u00ednea sobre gasolina EVC WinOLS<\/h2>\n<h3>Online EVC WinOLS Gasoline Engine Tuning Training M\u00f3dulo 6 de 6a<\/h3>\n<p>Este m\u00f3dulo 6 de 6a de la Formaci\u00f3n Online EVC WinOLS Gasolina es un programa de formaci\u00f3n en dos partes que consta de :<\/p>\n<ol>\n<li>M\u00f3dulo 6 de 6a de ajuste de gasolina EVC WinOLS &#8211; Este curso<\/li>\n<li>M\u00f3dulo de ajuste de gasolina EVC WinOLS 6 de 6b &#8211; <a href=\"https:\/\/www.remap101.co.uk\/?post_type=product&amp;p=10767&amp;preview=true\">Seleccionar para comprar<\/a><\/li>\n<\/ol>\n<p><strong>Lo que aprender\u00e1s en la Formaci\u00f3n online EVC WinOLS Gasolina &#8211; M\u00f3dulo 6 de 6a<\/strong><\/p>\n<ul>\n<li>C\u00f3mo modificar los datos en WinOLS<\/li>\n<li>Exploraci\u00f3n de los diferentes m\u00e9todos y enfoques para modificar datos en los mapas.<\/li>\n<li>La importancia del registro de datos y las pruebas al desarrollar un archivo de ajuste por primera vez<\/li>\n<li>C\u00f3mo guardar cambios en un archivo para crear una nueva versi\u00f3n y m\u00e1s<\/li>\n<\/ul>\n<p><strong>Los beneficios de la capacitaci\u00f3n en l\u00ednea con Viezu<\/strong><\/p>\n<p>Una vez adquiridas, cada una de estas sesiones de formaci\u00f3n puede verse varias veces. Puedes ver los v\u00eddeos una y otra vez cuando te convenga, en cualquier momento y en cualquier lugar.<\/p>\n<p>Una de las ventajas de las sesiones de formaci\u00f3n en l\u00ednea de WinOLS de Remap101 es que, aunque no hayas entendido bien algo la primera vez, puedes repasar y volver a tratar los temas a tu propio ritmo. Puedes pausar y reiniciar tu formaci\u00f3n en v\u00eddeo. Esto te da tiempo para tomar notas. Tambi\u00e9n te proporcionamos el archivo original utilizado en la formaci\u00f3n.<\/p>\n<p>Remodelaci\u00f3n de la ECU y formaci\u00f3n en remapping de la Academia de Formaci\u00f3n VIEZU.<\/p>\n<h3>Software de ajuste y reasignaci\u00f3n de EVC WinOLs<\/h3>\n<p>Aunque no es necesario disponer del software WinOLS de EVC para realizar este curso de formaci\u00f3n en gasolina WinOLS de EVC, te lo recomendamos encarecidamente. Tener el software WinOLS mejorar\u00e1 tu experiencia de aprendizaje y te proporcionar\u00e1 una mayor confianza cuando tengas el software abierto y contigo. Podr\u00e1s practicar lo que est\u00e1s aprendiendo en un entorno real.<\/p>\n<p>Si necesitas adquirir software WinOls original de EVC, puedes verlo y comprarlo en nuestra tienda: <a href=\"https:\/\/www.remap101.co.uk\/product\/winols-5-tuning-software-evc\/\">Software WinOls<\/a>.<\/p>\n<p>Capacitaci\u00f3n en l\u00ednea de ajuste y reprogramaci\u00f3n de gasolina EVC WinOLS de Remap101.com<\/p>\n","protected":false},"excerpt":{"rendered":"<p>Capacitaci\u00f3n en ajuste de gasolina EVC WinOLS: M\u00f3dulo 6 de 6a; La lecci\u00f3n cubrir\u00e1<span style=\"font-family: var(--global-body-font-family);\">c\u00f3mo investigar las limitaciones de valor, las pistas para obtener m\u00e1s poder, c\u00f3mo identificar las relaciones entre los mapas y m\u00e1s.<\/span><\/p>\n","protected":false},"featured_media":58140,"comment_status":"open","ping_status":"closed","template":"","meta":{"_acf_changed":false},"product_brand":[21146,19675],"product_cat":[24422,24687,24620,24610,24424,24419,24695],"product_tag":[15805,15320,15804,15288,15289,15807,15808,15227,15806],"class_list":{"0":"post-52601","1":"product","2":"type-product","3":"status-publish","4":"has-post-thumbnail","6":"product_brand-evc","7":"product_brand-winols","8":"product_cat-capacitacion-en-evc-winols-es","9":"product_cat-cursos-de-formacion-online-sobre-puesta-a-punto","10":"product_cat-formacion-en-afinacion-de-gasolina","11":"product_cat-formacion-en-brand-tuning","12":"product_cat-formacion-en-sintonizacion-electronica-evc","13":"product_cat-formacion-en-tuning-de-todos-los-vehiculos","14":"product_cat-capacitacion-en-optimizacion-de-software","15":"product_tag-en-linea","16":"product_tag-evc-es","17":"product_tag-evc-en-linea","18":"product_tag-gasolina-es","19":"product_tag-gasolina-es-2","20":"product_tag-gasolina-evc-es","21":"product_tag-gasolina-evc-es-2","22":"product_tag-software-de-ajuste-winols-5-evc-es","23":"product_tag-winols-en-linea","25":"first","26":"instock","27":"taxable","28":"shipping-taxable","29":"purchasable","30":"product-type-simple"},"acf":[],"_links":{"self":[{"href":"https:\/\/www.remap101.co.uk\/es\/wp-json\/wp\/v2\/product\/52601","targetHints":{"allow":["GET"]}}],"collection":[{"href":"https:\/\/www.remap101.co.uk\/es\/wp-json\/wp\/v2\/product"}],"about":[{"href":"https:\/\/www.remap101.co.uk\/es\/wp-json\/wp\/v2\/types\/product"}],"replies":[{"embeddable":true,"href":"https:\/\/www.remap101.co.uk\/es\/wp-json\/wp\/v2\/comments?post=52601"}],"wp:featuredmedia":[{"embeddable":true,"href":"https:\/\/www.remap101.co.uk\/es\/wp-json\/wp\/v2\/media\/58140"}],"wp:attachment":[{"href":"https:\/\/www.remap101.co.uk\/es\/wp-json\/wp\/v2\/media?parent=52601"}],"wp:term":[{"taxonomy":"product_brand","embeddable":true,"href":"https:\/\/www.remap101.co.uk\/es\/wp-json\/wp\/v2\/product_brand?post=52601"},{"taxonomy":"product_cat","embeddable":true,"href":"https:\/\/www.remap101.co.uk\/es\/wp-json\/wp\/v2\/product_cat?post=52601"},{"taxonomy":"product_tag","embeddable":true,"href":"https:\/\/www.remap101.co.uk\/es\/wp-json\/wp\/v2\/product_tag?post=52601"}],"curies":[{"name":"wp","href":"https:\/\/api.w.org\/{rel}","templated":true}]}}