{"id":52609,"date":"2022-06-20T16:18:55","date_gmt":"2022-06-20T15:18:55","guid":{"rendered":"https:\/\/www.remap101.co.uk\/product\/ajuste-de-gasolina-evc-winols-modulo-5-de-6\/"},"modified":"2026-01-16T12:35:15","modified_gmt":"2026-01-16T12:35:15","slug":"evc-winols-gasoline-tuning-module-5-of-6","status":"publish","type":"product","link":"https:\/\/www.remap101.co.uk\/es\/producto\/evc-winols-gasoline-tuning-module-5-of-6\/","title":{"rendered":"VTA1038: M\u00f3dulo de ajuste de gasolina WinOLS de EVC 5 de 6"},"content":{"rendered":"<h2>Capacitaci\u00f3n en l\u00ednea sobre gasolina EVC WinOLS<\/h2>\n<h3>Formaci\u00f3n en l\u00ednea EVC WinOLS Gasolina: M\u00f3dulo 5 de 6<\/h3>\n<p><strong>Lo que aprender\u00e1s en el Curso online WinOLS de Ajuste de la Gasolina &#8211; M\u00f3dulo 5 de 6:<\/strong><\/p>\n<ul>\n<li>C\u00f3mo entender la relaci\u00f3n entre diferentes tipos de mapas<\/li>\n<li>Comprender las limitaciones est\u00e1ndar dentro del software<\/li>\n<li>C\u00f3mo explorar d\u00f3nde el software est\u00e1ndar admite una mayor potencia de salida: pistas ocultas para desbloquear m\u00e1s potencia<\/li>\n<li>D\u00f3nde seleccionar los puntos de referencia clave al identificar los mapas necesarios para soportar una mayor potencia de salida<\/li>\n<li>Cu\u00e1nto m\u00e1s se puede a\u00f1adir a los valores clave al finalizar los nuevos valores \u00abajustados\u00bb<\/li>\n<\/ul>\n<h3>Los beneficios de la capacitaci\u00f3n en l\u00ednea con Viezu<\/h3>\n<p>Una vez adquiridas, cada una de estas sesiones de formaci\u00f3n puede verse varias veces. Puedes ver los v\u00eddeos una y otra vez cuando te convenga, lo que te permitir\u00e1 sumergirte por completo en el tema.<\/p>\n<p>Una de las ventajas de las sesiones de formaci\u00f3n en l\u00ednea de Remap101 EVC WinOLS es que, aunque no hayas entendido algo del todo la primera vez, puedes repasar y revisar los temas a tu propio ritmo. Tambi\u00e9n tendr\u00e1s la posibilidad de pausar y reiniciar tu formaci\u00f3n en v\u00eddeo. Esto te da tiempo para tomar notas y para seguir mejor el curso. Te proporcionamos el archivo original utilizado en la formaci\u00f3n.<\/p>\n<p>Remodelaci\u00f3n de la ECU y formaci\u00f3n en remapping de la Academia de Formaci\u00f3n VIEZU.<\/p>\n<h3>Software de ajuste EVC WinOLs<\/h3>\n<p>Aunque no es necesario tener el software WinOLS de EVC para participar en este curso de formaci\u00f3n en gasolina WinOLS de EVC, te lo recomendamos encarecidamente. Disponer del software WinOLS mejorar\u00e1 tu experiencia de aprendizaje y te proporcionar\u00e1 una mayor confianza cuando tengas el software abierto y contigo. Podr\u00e1s practicar lo que est\u00e1s aprendiendo en un entorno de pr\u00e1cticas en vivo.<\/p>\n<p>Si necesitas adquirir software WinOls original de EVC, puedes verlo y comprarlo en nuestra tienda: <a href=\"https:\/\/www.remap101.co.uk\/product\/winols-5-tuning-software-evc\/\">Software WinOls<\/a>.<\/p>\n<p>Capacitaci\u00f3n en l\u00ednea sobre gasolina EVC WinOLS de Remap101.com<\/p>\n","protected":false},"excerpt":{"rendered":"<p>Capacitaci\u00f3n en ajuste de gasolina EVC WinOLS: M\u00f3dulo 5 de 6; La lecci\u00f3n cubrir\u00e1<span style=\"font-family: var(--global-body-font-family);\">c\u00f3mo investigar las limitaciones de valor, las pistas para obtener m\u00e1s poder, c\u00f3mo identificar las relaciones entre los mapas y m\u00e1s.<\/span><\/p>\n","protected":false},"featured_media":58070,"comment_status":"open","ping_status":"closed","template":"","meta":{"_acf_changed":false},"product_brand":[21146,19675],"product_cat":[24422,24687,24620,24610,24424,24419,24695],"product_tag":[15320,15288,15289,15227],"class_list":{"0":"post-52609","1":"product","2":"type-product","3":"status-publish","4":"has-post-thumbnail","6":"product_brand-evc","7":"product_brand-winols","8":"product_cat-capacitacion-en-evc-winols-es","9":"product_cat-cursos-de-formacion-online-sobre-puesta-a-punto","10":"product_cat-formacion-en-afinacion-de-gasolina","11":"product_cat-formacion-en-brand-tuning","12":"product_cat-formacion-en-sintonizacion-electronica-evc","13":"product_cat-formacion-en-tuning-de-todos-los-vehiculos","14":"product_cat-capacitacion-en-optimizacion-de-software","15":"product_tag-evc-es","16":"product_tag-gasolina-es","17":"product_tag-gasolina-es-2","18":"product_tag-software-de-ajuste-winols-5-evc-es","20":"first","21":"instock","22":"taxable","23":"shipping-taxable","24":"purchasable","25":"product-type-simple"},"acf":[],"_links":{"self":[{"href":"https:\/\/www.remap101.co.uk\/es\/wp-json\/wp\/v2\/product\/52609","targetHints":{"allow":["GET"]}}],"collection":[{"href":"https:\/\/www.remap101.co.uk\/es\/wp-json\/wp\/v2\/product"}],"about":[{"href":"https:\/\/www.remap101.co.uk\/es\/wp-json\/wp\/v2\/types\/product"}],"replies":[{"embeddable":true,"href":"https:\/\/www.remap101.co.uk\/es\/wp-json\/wp\/v2\/comments?post=52609"}],"wp:featuredmedia":[{"embeddable":true,"href":"https:\/\/www.remap101.co.uk\/es\/wp-json\/wp\/v2\/media\/58070"}],"wp:attachment":[{"href":"https:\/\/www.remap101.co.uk\/es\/wp-json\/wp\/v2\/media?parent=52609"}],"wp:term":[{"taxonomy":"product_brand","embeddable":true,"href":"https:\/\/www.remap101.co.uk\/es\/wp-json\/wp\/v2\/product_brand?post=52609"},{"taxonomy":"product_cat","embeddable":true,"href":"https:\/\/www.remap101.co.uk\/es\/wp-json\/wp\/v2\/product_cat?post=52609"},{"taxonomy":"product_tag","embeddable":true,"href":"https:\/\/www.remap101.co.uk\/es\/wp-json\/wp\/v2\/product_tag?post=52609"}],"curies":[{"name":"wp","href":"https:\/\/api.w.org\/{rel}","templated":true}]}}